{"id":279,"date":"2022-08-18T13:44:21","date_gmt":"2022-08-18T12:44:21","guid":{"rendered":"http:\/\/elsuperbeasto.com\/quelles-sont-les-meilleures-applications-de-sextage\/"},"modified":"2022-09-08T16:46:55","modified_gmt":"2022-09-08T15:46:55","slug":"quelles-sont-les-meilleures-applications-de-sextage","status":"publish","type":"page","link":"http:\/\/elsuperbeasto.com\/fr\/quelles-sont-les-meilleures-applications-de-sextage\/","title":{"rendered":"Quelles sont les meilleures applications de sextage ?"},"content":{"rendered":"<p>Tu sais ce qui se passe quand tu es excit\u00e9. Vous <a href=\"http:\/\/elsuperbeasto.com\/fr\/les-rencontres-en-ligne-sont-elles-sures\/\">envoyez un texto \u00e0 votre partenaire<\/a>, une photo sexy et peut-\u00eatre m\u00eame un rendez-vous. Mais parfois, les choses ne se passent pas comme pr\u00e9vu. Peut-\u00eatre qu&rsquo;il ne r\u00e9pond pas. Ou elle n&rsquo;est pas dans le coup. Et vous vous demandez si vous reverrez un jour votre partenaire.<\/p>\n<p>Mais gr\u00e2ce \u00e0 l&rsquo;internet, vous pouvez toujours sortir avec quelqu&rsquo;un d&rsquo;autre en attendant que votre partenaire <a href=\"http:\/\/www.nsadating.net\/fr\/jeux-porno-gratuits-pas-dinscription\/\">simulateur de sexe gratuit<\/a> se manifeste. Il existe des tonnes de sites de sexting gratuits o\u00f9 vous pouvez trouver des personnes qui cherchent \u00e0 discuter de mani\u00e8re cochonne par texto. Ces sites permettent de flirter facilement avec d&rsquo;autres personnes sans craindre de se faire prendre. Ils proposent \u00e9galement des fonctions telles que la webcam en direct, le sexe par webcam et le sexe par t\u00e9l\u00e9phone. Tout ce dont vous avez besoin est un smartphone et une connexion.<\/p>\n<p>Certains choix bien connus sont :<\/p>\n<ol>\n<li>Kik &#8211; Kik est l&rsquo;une des plus anciennes plateformes de rencontre sur le web. Il existe depuis 2005 et il est utilis\u00e9 par des millions de personnes dans le monde. Il est con\u00e7u sp\u00e9cifiquement pour les adolescents et les jeunes adultes, mais tout le monde peut l&rsquo;utiliser.<\/li>\n<li>Omegle &#8211; Si vous n&rsquo;avez jamais entendu parler d&rsquo;Omegle, c&rsquo;est probablement parce qu&rsquo;il n&rsquo;est pas tr\u00e8s connu. Ce site vous permet de vous connecter de mani\u00e8re al\u00e9atoire avec une autre personne. Tu peux parler \u00e0 qui tu veux, quel que soit son \u00e2ge. Gardez \u00e0 l&rsquo;esprit que la plupart des gens n&rsquo;ont pas envie de parler \u00e0 quelqu&rsquo;un qu&rsquo;ils ont rencontr\u00e9 en ligne.<\/li>\n<li>Chatroulette &#8211; Comme son nom l&rsquo;indique, Chatroulette vous permet de rencontrer des personnes au hasard et de commencer \u00e0 chatter avec elles. C&rsquo;est similaire \u00e0 Omegle, sauf qu&rsquo;au lieu de vous connecter avec des personnes que vous connaissez d\u00e9j\u00e0, vous vous connectez avec de parfaits inconnus.<\/li>\n<li>Scruff &#8211; Scruff est un peu diff\u00e9rent des autres sites de rencontre. Au lieu de vous mettre en relation avec des partenaires potentiels en fonction de vos pr\u00e9f\u00e9rences, il vous met en relation en fonction de votre localisation. Ainsi, si vous \u00eates \u00e0 New York et que vous rencontrez quelqu&rsquo;un \u00e0 proximit\u00e9, vous pouvez vous organiser pour sortir ensemble.<\/li>\n<\/ol>\n<h2>Notre application pr\u00e9f\u00e9r\u00e9e pour le sexting en ligne : Confide<\/h2>\n<p>Cette application gratuite, simple et facile \u00e0 utiliser, vous permet d&rsquo;envoyer des photos <a href=\"http:\/\/www.nosignupporngames.net\/fr\/meilleurs-jeux-de-sexe-vr\/\">jeu sexe vr<\/a> en priv\u00e9 par SMS. Vous n&rsquo;avez pas \u00e0 craindre d&rsquo;envoyer accidentellement quelque chose de trop os\u00e9, car il n&rsquo;y a pas d&rsquo;option de partage d&rsquo;images. La seule chose que vous pouvez faire est de supprimer les messages. Si vous voulez rester l\u00e9ger, essayez le \u00ab\u00a0mode flirt\u00a0\u00bb, qui vous permet d&rsquo;ajouter des \u00e9mojis \u00e0 vos messages.<\/p>\n<h2>Se brancher apr\u00e8s un sexting ? L&rsquo;AFF est votre meilleur choix<\/h2>\n<p>AdultFriendFinder, ou AFF, est l&rsquo;un des plus grands sites de chat sexuel gratuit. Si vous cherchez un endroit pour flirter, sortir avec quelqu&rsquo;un ou m\u00eame rencontrer quelqu&rsquo;un \u00e0 proximit\u00e9, cela vaut vraiment la peine d&rsquo;y aller.<\/p>\n<p>Il existe de nombreux moyens de communiquer avec d&rsquo;autres personnes sur le site, notamment la messagerie texte, l&rsquo;e-mail et la messagerie instantan\u00e9e. Vous pouvez \u00e9galement utiliser la fonction webcam pour discuter en vid\u00e9o avec d&rsquo;autres membres.<\/p>\n<p>Vous pouvez \u00e9galement choisir d&rsquo;aller dans une cat\u00e9gorie sp\u00e9cifique et de parcourir les profils en fonction de ce qui vous int\u00e9resse. Que vous souhaitiez rencontrer quelqu&rsquo;un pour une aventure rapide, juste pour sortir ou pour quelque chose d&rsquo;autre, AdultFriendFinder a une communaut\u00e9 pour tout le monde.<\/p>\n<h2>Nos conseils<\/h2>\n<p>Comme tout le reste, les sextos peuvent entra\u00eener des probl\u00e8mes. Vous ne devriez envoyer des nus qu&rsquo;aux personnes en qui vous avez confiance. Cela signifie que vous ne devez envoyer des nus que par SMS ou par e-mail. Ne t\u00e9l\u00e9chargez jamais de nus sur un site web ou un site de r\u00e9seau social. N&rsquo;envoyez pas de nus \u00e0 des inconnus ou \u00e0 des personnes que <a href=\"http:\/\/www.free-porn-games-no-email.com\/fr\/\">jeux porno sans inscription<\/a> vous ne connaissez pas personnellement.<\/p>\n<p>Lorsque vous commencez \u00e0 envoyer des sextos, il est courant de se sentir excit\u00e9. Mais il est important de fixer des limites d\u00e8s le d\u00e9part. Par exemple, vous devriez dire \u00e0 votre\/vos partenaire(s) que vous n&rsquo;enverrez pas de nus sans autorisation. Cela leur permet de savoir que vous respectez leur vie priv\u00e9e. De plus, vous devez faire savoir \u00e0 vos partenaires que vous n&rsquo;\u00eates int\u00e9ress\u00e9 que par les sextos. Vous ne devez pas attendre de votre partenaire qu&rsquo;il suive toutes vos demandes.<\/p>\n<p>N&rsquo;oubliez pas que le sexting n&rsquo;est pas un jeu. C&rsquo;est s\u00e9rieux. Et vous devez le traiter comme tel. Commencez \u00e0 vous envoyer des sextos tout de suite ! Vous vous amuserez plus que jamais.<\/p>\n","protected":false},"excerpt":{"rendered":"<p>Tu sais ce qui se passe quand tu es excit\u00e9. Vous envoyez un texto \u00e0 votre partenaire, une photo sexy et peut-\u00eatre m\u00eame un rendez-vous. Mais parfois, les choses ne se passent pas comme pr\u00e9vu. Peut-\u00eatre qu&rsquo;il ne r\u00e9pond pas.&hellip; <a href=\"http:\/\/elsuperbeasto.com\/fr\/quelles-sont-les-meilleures-applications-de-sextage\/\" class=\"more-link\">Continuer la lecture <span class=\"meta-nav\">&rarr;<\/span><\/a><\/p>\n","protected":false},"author":1,"featured_media":116,"parent":0,"menu_order":0,"comment_status":"closed","ping_status":"closed","template":"","meta":[],"yoast_head":"<!-- This site is optimized with the Yoast SEO plugin v17.7.1 - https:\/\/yoast.com\/wordpress\/plugins\/seo\/ -->\n<title>Quelles sont les meilleures applications de sextage ? - Quick Hookup<\/title>\n<meta name=\"robots\" content=\"index, follow, max-snippet:-1, max-image-preview:large, max-video-preview:-1\" \/>\n<link rel=\"canonical\" href=\"http:\/\/elsuperbeasto.com\/fr\/quelles-sont-les-meilleures-applications-de-sextage\/\" \/>\n<meta property=\"og:locale\" content=\"fr_FR\" \/>\n<meta property=\"og:type\" content=\"article\" \/>\n<meta property=\"og:title\" content=\"Quelles sont les meilleures applications de sextage ? - Quick Hookup\" \/>\n<meta property=\"og:description\" content=\"Tu sais ce qui se passe quand tu es excit\u00e9. Vous envoyez un texto \u00e0 votre partenaire, une photo sexy et peut-\u00eatre m\u00eame un rendez-vous. Mais parfois, les choses ne se passent pas comme pr\u00e9vu. Peut-\u00eatre qu&rsquo;il ne r\u00e9pond pas.&hellip; Continuer la lecture &rarr;\" \/>\n<meta property=\"og:url\" content=\"http:\/\/elsuperbeasto.com\/fr\/quelles-sont-les-meilleures-applications-de-sextage\/\" \/>\n<meta property=\"og:site_name\" content=\"Quick Hookup\" \/>\n<meta property=\"article:modified_time\" content=\"2022-09-08T15:46:55+00:00\" \/>\n<meta property=\"og:image\" content=\"https:\/\/elsuperbeasto.com\/wp-content\/uploads\/2022\/08\/online-dating-apps.jpeg\" \/>\n\t<meta property=\"og:image:width\" content=\"2256\" \/>\n\t<meta property=\"og:image:height\" content=\"1500\" \/>\n<meta name=\"twitter:card\" content=\"summary_large_image\" \/>\n<meta name=\"twitter:label1\" content=\"Dur\u00e9e de lecture estim\u00e9e\" \/>\n\t<meta name=\"twitter:data1\" content=\"4 minutes\" \/>\n<script type=\"application\/ld+json\" class=\"yoast-schema-graph\">{\"@context\":\"https:\/\/schema.org\",\"@graph\":[{\"@type\":\"WebSite\",\"@id\":\"https:\/\/elsuperbeasto.com\/#website\",\"url\":\"https:\/\/elsuperbeasto.com\/\",\"name\":\"Quick Hookup\",\"description\":\"Your Guide To Love\",\"potentialAction\":[{\"@type\":\"SearchAction\",\"target\":{\"@type\":\"EntryPoint\",\"urlTemplate\":\"https:\/\/elsuperbeasto.com\/?s={search_term_string}\"},\"query-input\":\"required name=search_term_string\"}],\"inLanguage\":\"fr-FR\"},{\"@type\":\"ImageObject\",\"@id\":\"http:\/\/elsuperbeasto.com\/fr\/quelles-sont-les-meilleures-applications-de-sextage\/#primaryimage\",\"inLanguage\":\"fr-FR\",\"url\":\"http:\/\/elsuperbeasto.com\/wp-content\/uploads\/2022\/08\/online-dating-apps.jpeg\",\"contentUrl\":\"http:\/\/elsuperbeasto.com\/wp-content\/uploads\/2022\/08\/online-dating-apps.jpeg\",\"width\":2256,\"height\":1500},{\"@type\":\"WebPage\",\"@id\":\"http:\/\/elsuperbeasto.com\/fr\/quelles-sont-les-meilleures-applications-de-sextage\/#webpage\",\"url\":\"http:\/\/elsuperbeasto.com\/fr\/quelles-sont-les-meilleures-applications-de-sextage\/\",\"name\":\"Quelles sont les meilleures applications de sextage ? - Quick Hookup\",\"isPartOf\":{\"@id\":\"https:\/\/elsuperbeasto.com\/#website\"},\"primaryImageOfPage\":{\"@id\":\"http:\/\/elsuperbeasto.com\/fr\/quelles-sont-les-meilleures-applications-de-sextage\/#primaryimage\"},\"datePublished\":\"2022-08-18T12:44:21+00:00\",\"dateModified\":\"2022-09-08T15:46:55+00:00\",\"breadcrumb\":{\"@id\":\"http:\/\/elsuperbeasto.com\/fr\/quelles-sont-les-meilleures-applications-de-sextage\/#breadcrumb\"},\"inLanguage\":\"fr-FR\",\"potentialAction\":[{\"@type\":\"ReadAction\",\"target\":[\"http:\/\/elsuperbeasto.com\/fr\/quelles-sont-les-meilleures-applications-de-sextage\/\"]}]},{\"@type\":\"BreadcrumbList\",\"@id\":\"http:\/\/elsuperbeasto.com\/fr\/quelles-sont-les-meilleures-applications-de-sextage\/#breadcrumb\",\"itemListElement\":[{\"@type\":\"ListItem\",\"position\":1,\"name\":\"Home\",\"item\":\"https:\/\/elsuperbeasto.com\/fr\/\"},{\"@type\":\"ListItem\",\"position\":2,\"name\":\"Quelles sont les meilleures applications de sextage ?\"}]}]}<\/script>\n<!-- \/ Yoast SEO plugin. -->","yoast_head_json":{"title":"Quelles sont les meilleures applications de sextage ? - Quick Hookup","robots":{"index":"index","follow":"follow","max-snippet":"max-snippet:-1","max-image-preview":"max-image-preview:large","max-video-preview":"max-video-preview:-1"},"canonical":"http:\/\/elsuperbeasto.com\/fr\/quelles-sont-les-meilleures-applications-de-sextage\/","og_locale":"fr_FR","og_type":"article","og_title":"Quelles sont les meilleures applications de sextage ? - Quick Hookup","og_description":"Tu sais ce qui se passe quand tu es excit\u00e9. Vous envoyez un texto \u00e0 votre partenaire, une photo sexy et peut-\u00eatre m\u00eame un rendez-vous. Mais parfois, les choses ne se passent pas comme pr\u00e9vu. Peut-\u00eatre qu&rsquo;il ne r\u00e9pond pas.&hellip; Continuer la lecture &rarr;","og_url":"http:\/\/elsuperbeasto.com\/fr\/quelles-sont-les-meilleures-applications-de-sextage\/","og_site_name":"Quick Hookup","article_modified_time":"2022-09-08T15:46:55+00:00","og_image":[{"width":2256,"height":1500,"url":"https:\/\/elsuperbeasto.com\/wp-content\/uploads\/2022\/08\/online-dating-apps.jpeg","type":"image\/jpeg"}],"twitter_card":"summary_large_image","twitter_misc":{"Dur\u00e9e de lecture estim\u00e9e":"4 minutes"},"schema":{"@context":"https:\/\/schema.org","@graph":[{"@type":"WebSite","@id":"https:\/\/elsuperbeasto.com\/#website","url":"https:\/\/elsuperbeasto.com\/","name":"Quick Hookup","description":"Your Guide To Love","potentialAction":[{"@type":"SearchAction","target":{"@type":"EntryPoint","urlTemplate":"https:\/\/elsuperbeasto.com\/?s={search_term_string}"},"query-input":"required name=search_term_string"}],"inLanguage":"fr-FR"},{"@type":"ImageObject","@id":"http:\/\/elsuperbeasto.com\/fr\/quelles-sont-les-meilleures-applications-de-sextage\/#primaryimage","inLanguage":"fr-FR","url":"http:\/\/elsuperbeasto.com\/wp-content\/uploads\/2022\/08\/online-dating-apps.jpeg","contentUrl":"http:\/\/elsuperbeasto.com\/wp-content\/uploads\/2022\/08\/online-dating-apps.jpeg","width":2256,"height":1500},{"@type":"WebPage","@id":"http:\/\/elsuperbeasto.com\/fr\/quelles-sont-les-meilleures-applications-de-sextage\/#webpage","url":"http:\/\/elsuperbeasto.com\/fr\/quelles-sont-les-meilleures-applications-de-sextage\/","name":"Quelles sont les meilleures applications de sextage ? - Quick Hookup","isPartOf":{"@id":"https:\/\/elsuperbeasto.com\/#website"},"primaryImageOfPage":{"@id":"http:\/\/elsuperbeasto.com\/fr\/quelles-sont-les-meilleures-applications-de-sextage\/#primaryimage"},"datePublished":"2022-08-18T12:44:21+00:00","dateModified":"2022-09-08T15:46:55+00:00","breadcrumb":{"@id":"http:\/\/elsuperbeasto.com\/fr\/quelles-sont-les-meilleures-applications-de-sextage\/#breadcrumb"},"inLanguage":"fr-FR","potentialAction":[{"@type":"ReadAction","target":["http:\/\/elsuperbeasto.com\/fr\/quelles-sont-les-meilleures-applications-de-sextage\/"]}]},{"@type":"BreadcrumbList","@id":"http:\/\/elsuperbeasto.com\/fr\/quelles-sont-les-meilleures-applications-de-sextage\/#breadcrumb","itemListElement":[{"@type":"ListItem","position":1,"name":"Home","item":"https:\/\/elsuperbeasto.com\/fr\/"},{"@type":"ListItem","position":2,"name":"Quelles sont les meilleures applications de sextage ?"}]}]}},"_links":{"self":[{"href":"http:\/\/elsuperbeasto.com\/fr\/wp-json\/wp\/v2\/pages\/279"}],"collection":[{"href":"http:\/\/elsuperbeasto.com\/fr\/wp-json\/wp\/v2\/pages"}],"about":[{"href":"http:\/\/elsuperbeasto.com\/fr\/wp-json\/wp\/v2\/types\/page"}],"author":[{"embeddable":true,"href":"http:\/\/elsuperbeasto.com\/fr\/wp-json\/wp\/v2\/users\/1"}],"replies":[{"embeddable":true,"href":"http:\/\/elsuperbeasto.com\/fr\/wp-json\/wp\/v2\/comments?post=279"}],"version-history":[{"count":1,"href":"http:\/\/elsuperbeasto.com\/fr\/wp-json\/wp\/v2\/pages\/279\/revisions"}],"predecessor-version":[{"id":405,"href":"http:\/\/elsuperbeasto.com\/fr\/wp-json\/wp\/v2\/pages\/279\/revisions\/405"}],"wp:featuredmedia":[{"embeddable":true,"href":"http:\/\/elsuperbeasto.com\/fr\/wp-json\/wp\/v2\/media\/116"}],"wp:attachment":[{"href":"http:\/\/elsuperbeasto.com\/fr\/wp-json\/wp\/v2\/media?parent=279"}],"curies":[{"name":"wp","href":"https:\/\/api.w.org\/{rel}","templated":true}]}}