{"id":262,"date":"2022-08-18T14:10:21","date_gmt":"2022-08-18T13:10:21","guid":{"rendered":"http:\/\/elsuperbeasto.com\/comment-fonctionnent-les-rencontres-nsa\/"},"modified":"2022-09-08T16:58:53","modified_gmt":"2022-09-08T15:58:53","slug":"comment-fonctionnent-les-rencontres-nsa","status":"publish","type":"page","link":"http:\/\/elsuperbeasto.com\/fr\/comment-fonctionnent-les-rencontres-nsa\/","title":{"rendered":"Comment fonctionnent les rencontres NSA ?"},"content":{"rendered":"<p>Beaucoup d&rsquo;hommes ont peur d&rsquo;aborder les femmes parce qu&rsquo;ils pensent qu&rsquo;ils auront l&rsquo;air d\u00e9sesp\u00e9r\u00e9 ou effrayant. Mais il n&rsquo;y a aucune raison de craindre d&rsquo;\u00eatre autoritaire ou agressif. Essayez simplement de traiter chaque femme comme si elle \u00e9tait sp\u00e9ciale. Si vous voulez sortir avec une femme qui veut sortir avec vous, vous n&rsquo;avez pas besoin de la convaincre <a href=\"https:\/\/www.hotsexychat.net\/fr\/jeux-porno-gratuits-sans-carte-de-credit\/\">jeux porn gratuits<\/a> de coucher avec vous. Vous devez juste trouver la bonne fa\u00e7on de le faire.<\/p>\n<p>&nbsp;<\/p>\n<h2>Et les applications de rencontre ?<\/h2>\n<p>Les aventures d&rsquo;un soir sont amusantes et excitantes, <a href=\"http:\/\/elsuperbeasto.com\/fr\/comment-rencontrer-des-celibataires-a-proximite\/\">mais il peut \u00eatre difficile de trouver des applications que vous souhaitez utiliser pour vous assurer que tout se passe bien<\/a>. Il existe de nombreuses applications qui pr\u00e9tendent aider les gens \u00e0 planifier leurs aventures d&rsquo;un soir, mais certaines ne fonctionnent pas tr\u00e8s bien et d&rsquo;autres sont tout simplement ennuyeuses. Nous avons compil\u00e9 une liste de nos applications pr\u00e9f\u00e9r\u00e9es pour les aventures d&rsquo;un soir, y compris celles qui vous permettent de planifier des rencontres, de trouver des prostitu\u00e9es \u00e0 proximit\u00e9 et m\u00eame de vous connecter avec des c\u00e9libataires locaux.<\/p>\n<p>Tu es c\u00e9libataire et tu es fatigu\u00e9e de sortir avec les m\u00eames gars ennuyeux chaque week-end ? Pensez-vous que vous m\u00e9ritez plus que du sexe occasionnel ? Si oui, alors vous \u00eates probablement int\u00e9ress\u00e9 par la rencontre d&rsquo;une femme pour des aventures d&rsquo;un soir.<\/p>\n<p>Il existe de nombreux sites web en ligne qui proposent des services de ce type. Cependant, la plupart d&rsquo;entre eux sont soit trop chers, soit ne tiennent pas leurs promesses.<\/p>\n<p>C&rsquo;est pourquoi j&rsquo;ai d\u00e9cid\u00e9 d&rsquo;\u00e9crire un article r\u00e9pertoriant les 10 meilleurs endroits <a href=\"https:\/\/p5.uk\/fr\/site-de-rencontre-trans\/\">rencontre trans gratuite<\/a> pour trouver une aventure d&rsquo;un soir. Nous esp\u00e9rons qu&rsquo;apr\u00e8s avoir lu cet article, vous apprendrez comment trouver facilement et rapidement une table de nuit.<\/p>\n<h3>Craigslist Personals<\/h3>\n<p>Craigslist est l&rsquo;un des plus anciens sites en ligne. Bien qu&rsquo;il ait consid\u00e9rablement \u00e9volu\u00e9 depuis sa cr\u00e9ation, il reste toujours populaire parmi les personnes \u00e0 la recherche d&rsquo;aventures d&rsquo;un soir.<\/p>\n<p>En fait, la Craigslist est l&rsquo;un des moyens les plus faciles de trouver une table de nuit en raison de sa simplicit\u00e9. Tout ce que vous avez \u00e0 faire, c&rsquo;est de rechercher des annonces li\u00e9es \u00e0 \u00ab\u00a0one night stands\u00a0\u00bb.<\/p>\n<p>Cependant, vous devrez peut-\u00eatre payer pour chaque annonce. Cela d\u00e9pend de la volont\u00e9 de la personne qui publie l&rsquo;annonce de vous faire payer ou non.<\/p>\n<h3>Adult Friend Finder<\/h3>\n<p>AdultFriendFinder.com est un autre site Web proposant des aventures <a href=\"https:\/\/www.jerkoffforme.com\/fr\/cameras-bdsm\/\">BDSM cams<\/a> d&rsquo;un soir. Bien qu&rsquo;il ne vous permette pas de rechercher des types de femmes sp\u00e9cifiques, il offre plusieurs fonctionnalit\u00e9s pour vous aider \u00e0 trouver exactement ce que vous recherchez.<\/p>\n<p>Par exemple, vous pouvez filtrer les r\u00e9sultats en fonction du lieu, du sexe, de l&rsquo;\u00e2ge, de l&rsquo;origine ethnique, du statut relationnel, de l&rsquo;orientation sexuelle, et bien plus encore.<\/p>\n<p>Il est \u00e9galement possible d&rsquo;envoyer des messages \u00e0 des partenaires potentiels par courrier \u00e9lectronique, messagerie instantan\u00e9e, appels t\u00e9l\u00e9phoniques et chat vid\u00e9o.<\/p>\n<h3>Ashley Madison<\/h3>\n<p>AshleyMadison.com est un site pour adultes qui permet aux utilisateurs de rechercher des aventures d&rsquo;un soir. En moyenne, les hommes d\u00e9pensent 50 dollars par mois sur Ashley Madison. Bien que le site ne soit pas particuli\u00e8rement convivial, il offre une grande vari\u00e9t\u00e9 de fonctionnalit\u00e9s. Par exemple, vous pouvez parcourir les profils, voir les photos, lire les avis et m\u00eame contacter directement les membres.<\/p>\n<p>Les aventures d&rsquo;un soir ne sont jamais bonnes pour les personnes impliqu\u00e9es. Si vous cherchez quelque chose de s\u00e9rieux, alors ne le faites pas. Si vous voulez \u00eatre trait\u00e9e comme une reine, alors traitez les autres comme des reines aussi. Ne couchez pas avec quelqu&rsquo;un juste parce qu&rsquo;il est sexy, sauf si vous \u00eates pr\u00eat \u00e0 lui accorder toute l&rsquo;attention qu&rsquo;il m\u00e9rite. Ashley Madison est la meilleure application de rencontre pour les aventures d&rsquo;un soir, car elle permet aux utilisateurs de trouver de nouveaux partenaires sexuels sur la base d&rsquo;int\u00e9r\u00eats communs. L&rsquo;application a \u00e9t\u00e9 t\u00e9l\u00e9charg\u00e9e plus de 200 millions de fois dans le monde, ce qui en fait la plus grande application mobile de rencontres. Les utilisateurs peuvent parcourir les correspondances potentielles en fonction de l&rsquo;\u00e2ge, du lieu, du sexe et d&rsquo;autres crit\u00e8res.<\/p>\n<h3>Quel est le meilleur moyen de trouver un coup d&rsquo;un soir ?<\/h3>\n<p>La meilleure fa\u00e7on de trouver une relation occasionnelle est de passer par des applications comme AFF ou Ashley Madison, qui permettent aux utilisateurs de glisser \u00e0 droite pour \u00ab\u00a0oui\u00a0\u00bb ou \u00e0 gauche pour \u00ab\u00a0non\u00a0\u00bb. Si quelqu&rsquo;un aime ce qu&rsquo;il voit, il peut envoyer un message pour l&rsquo;inviter \u00e0 sortir. Le sexe occasionnel est souvent d\u00e9crit comme \u00e9tant sans engagement, ce qui signifie que les deux parties conviennent de se rencontrer \u00e0 un moment donn\u00e9 dans le futur.<\/p>\n<h3>Comment trouver mon partenaire pour une nuit ?<\/h3>\n<p>Si vous voulez rencontrer quelqu&rsquo;un pour une nuit, essayez d&rsquo;utiliser Bumble. Cette application permet aux utilisateurs de glisser vers la droite ou la gauche pour indiquer s&rsquo;ils aiment ou n&rsquo;aiment pas une autre personne. L&rsquo;application dispose \u00e9galement de filtres de localisation qui permettent aux utilisateurs de rechercher d&rsquo;autres c\u00e9libataires \u00e0 proximit\u00e9.<\/p>\n","protected":false},"excerpt":{"rendered":"<p>Beaucoup d&rsquo;hommes ont peur d&rsquo;aborder les femmes parce qu&rsquo;ils pensent qu&rsquo;ils auront l&rsquo;air d\u00e9sesp\u00e9r\u00e9 ou effrayant. Mais il n&rsquo;y a aucune raison de craindre d&rsquo;\u00eatre autoritaire ou agressif. Essayez simplement de traiter chaque femme comme si elle \u00e9tait sp\u00e9ciale. Si&hellip; <a href=\"http:\/\/elsuperbeasto.com\/fr\/comment-fonctionnent-les-rencontres-nsa\/\" class=\"more-link\">Continuer la lecture <span class=\"meta-nav\">&rarr;<\/span><\/a><\/p>\n","protected":false},"author":1,"featured_media":186,"parent":0,"menu_order":0,"comment_status":"closed","ping_status":"closed","template":"","meta":[],"yoast_head":"<!-- This site is optimized with the Yoast SEO plugin v17.7.1 - https:\/\/yoast.com\/wordpress\/plugins\/seo\/ -->\n<title>Comment fonctionnent les rencontres NSA ? - Quick Hookup<\/title>\n<meta name=\"robots\" content=\"index, follow, max-snippet:-1, max-image-preview:large, max-video-preview:-1\" \/>\n<link rel=\"canonical\" href=\"http:\/\/elsuperbeasto.com\/fr\/comment-fonctionnent-les-rencontres-nsa\/\" \/>\n<meta property=\"og:locale\" content=\"fr_FR\" \/>\n<meta property=\"og:type\" content=\"article\" \/>\n<meta property=\"og:title\" content=\"Comment fonctionnent les rencontres NSA ? - Quick Hookup\" \/>\n<meta property=\"og:description\" content=\"Beaucoup d&rsquo;hommes ont peur d&rsquo;aborder les femmes parce qu&rsquo;ils pensent qu&rsquo;ils auront l&rsquo;air d\u00e9sesp\u00e9r\u00e9 ou effrayant. Mais il n&rsquo;y a aucune raison de craindre d&rsquo;\u00eatre autoritaire ou agressif. Essayez simplement de traiter chaque femme comme si elle \u00e9tait sp\u00e9ciale. Si&hellip; Continuer la lecture &rarr;\" \/>\n<meta property=\"og:url\" content=\"http:\/\/elsuperbeasto.com\/fr\/comment-fonctionnent-les-rencontres-nsa\/\" \/>\n<meta property=\"og:site_name\" content=\"Quick Hookup\" \/>\n<meta property=\"article:modified_time\" content=\"2022-09-08T15:58:53+00:00\" \/>\n<meta property=\"og:image\" content=\"https:\/\/elsuperbeasto.com\/wp-content\/uploads\/2022\/08\/find-lov.jpeg\" \/>\n\t<meta property=\"og:image:width\" content=\"2398\" \/>\n\t<meta property=\"og:image:height\" content=\"1500\" \/>\n<meta name=\"twitter:card\" content=\"summary_large_image\" \/>\n<meta name=\"twitter:label1\" content=\"Dur\u00e9e de lecture estim\u00e9e\" \/>\n\t<meta name=\"twitter:data1\" content=\"4 minutes\" \/>\n<script type=\"application\/ld+json\" class=\"yoast-schema-graph\">{\"@context\":\"https:\/\/schema.org\",\"@graph\":[{\"@type\":\"WebSite\",\"@id\":\"https:\/\/elsuperbeasto.com\/#website\",\"url\":\"https:\/\/elsuperbeasto.com\/\",\"name\":\"Quick Hookup\",\"description\":\"Your Guide To Love\",\"potentialAction\":[{\"@type\":\"SearchAction\",\"target\":{\"@type\":\"EntryPoint\",\"urlTemplate\":\"https:\/\/elsuperbeasto.com\/?s={search_term_string}\"},\"query-input\":\"required name=search_term_string\"}],\"inLanguage\":\"fr-FR\"},{\"@type\":\"ImageObject\",\"@id\":\"http:\/\/elsuperbeasto.com\/fr\/comment-fonctionnent-les-rencontres-nsa\/#primaryimage\",\"inLanguage\":\"fr-FR\",\"url\":\"http:\/\/elsuperbeasto.com\/wp-content\/uploads\/2022\/08\/find-lov.jpeg\",\"contentUrl\":\"http:\/\/elsuperbeasto.com\/wp-content\/uploads\/2022\/08\/find-lov.jpeg\",\"width\":2398,\"height\":1500},{\"@type\":\"WebPage\",\"@id\":\"http:\/\/elsuperbeasto.com\/fr\/comment-fonctionnent-les-rencontres-nsa\/#webpage\",\"url\":\"http:\/\/elsuperbeasto.com\/fr\/comment-fonctionnent-les-rencontres-nsa\/\",\"name\":\"Comment fonctionnent les rencontres NSA ? - Quick Hookup\",\"isPartOf\":{\"@id\":\"https:\/\/elsuperbeasto.com\/#website\"},\"primaryImageOfPage\":{\"@id\":\"http:\/\/elsuperbeasto.com\/fr\/comment-fonctionnent-les-rencontres-nsa\/#primaryimage\"},\"datePublished\":\"2022-08-18T13:10:21+00:00\",\"dateModified\":\"2022-09-08T15:58:53+00:00\",\"breadcrumb\":{\"@id\":\"http:\/\/elsuperbeasto.com\/fr\/comment-fonctionnent-les-rencontres-nsa\/#breadcrumb\"},\"inLanguage\":\"fr-FR\",\"potentialAction\":[{\"@type\":\"ReadAction\",\"target\":[\"http:\/\/elsuperbeasto.com\/fr\/comment-fonctionnent-les-rencontres-nsa\/\"]}]},{\"@type\":\"BreadcrumbList\",\"@id\":\"http:\/\/elsuperbeasto.com\/fr\/comment-fonctionnent-les-rencontres-nsa\/#breadcrumb\",\"itemListElement\":[{\"@type\":\"ListItem\",\"position\":1,\"name\":\"Home\",\"item\":\"https:\/\/elsuperbeasto.com\/fr\/\"},{\"@type\":\"ListItem\",\"position\":2,\"name\":\"Comment fonctionnent les rencontres NSA ?\"}]}]}<\/script>\n<!-- \/ Yoast SEO plugin. -->","yoast_head_json":{"title":"Comment fonctionnent les rencontres NSA ? - Quick Hookup","robots":{"index":"index","follow":"follow","max-snippet":"max-snippet:-1","max-image-preview":"max-image-preview:large","max-video-preview":"max-video-preview:-1"},"canonical":"http:\/\/elsuperbeasto.com\/fr\/comment-fonctionnent-les-rencontres-nsa\/","og_locale":"fr_FR","og_type":"article","og_title":"Comment fonctionnent les rencontres NSA ? - Quick Hookup","og_description":"Beaucoup d&rsquo;hommes ont peur d&rsquo;aborder les femmes parce qu&rsquo;ils pensent qu&rsquo;ils auront l&rsquo;air d\u00e9sesp\u00e9r\u00e9 ou effrayant. Mais il n&rsquo;y a aucune raison de craindre d&rsquo;\u00eatre autoritaire ou agressif. Essayez simplement de traiter chaque femme comme si elle \u00e9tait sp\u00e9ciale. Si&hellip; Continuer la lecture &rarr;","og_url":"http:\/\/elsuperbeasto.com\/fr\/comment-fonctionnent-les-rencontres-nsa\/","og_site_name":"Quick Hookup","article_modified_time":"2022-09-08T15:58:53+00:00","og_image":[{"width":2398,"height":1500,"url":"https:\/\/elsuperbeasto.com\/wp-content\/uploads\/2022\/08\/find-lov.jpeg","type":"image\/jpeg"}],"twitter_card":"summary_large_image","twitter_misc":{"Dur\u00e9e de lecture estim\u00e9e":"4 minutes"},"schema":{"@context":"https:\/\/schema.org","@graph":[{"@type":"WebSite","@id":"https:\/\/elsuperbeasto.com\/#website","url":"https:\/\/elsuperbeasto.com\/","name":"Quick Hookup","description":"Your Guide To Love","potentialAction":[{"@type":"SearchAction","target":{"@type":"EntryPoint","urlTemplate":"https:\/\/elsuperbeasto.com\/?s={search_term_string}"},"query-input":"required name=search_term_string"}],"inLanguage":"fr-FR"},{"@type":"ImageObject","@id":"http:\/\/elsuperbeasto.com\/fr\/comment-fonctionnent-les-rencontres-nsa\/#primaryimage","inLanguage":"fr-FR","url":"http:\/\/elsuperbeasto.com\/wp-content\/uploads\/2022\/08\/find-lov.jpeg","contentUrl":"http:\/\/elsuperbeasto.com\/wp-content\/uploads\/2022\/08\/find-lov.jpeg","width":2398,"height":1500},{"@type":"WebPage","@id":"http:\/\/elsuperbeasto.com\/fr\/comment-fonctionnent-les-rencontres-nsa\/#webpage","url":"http:\/\/elsuperbeasto.com\/fr\/comment-fonctionnent-les-rencontres-nsa\/","name":"Comment fonctionnent les rencontres NSA ? - Quick Hookup","isPartOf":{"@id":"https:\/\/elsuperbeasto.com\/#website"},"primaryImageOfPage":{"@id":"http:\/\/elsuperbeasto.com\/fr\/comment-fonctionnent-les-rencontres-nsa\/#primaryimage"},"datePublished":"2022-08-18T13:10:21+00:00","dateModified":"2022-09-08T15:58:53+00:00","breadcrumb":{"@id":"http:\/\/elsuperbeasto.com\/fr\/comment-fonctionnent-les-rencontres-nsa\/#breadcrumb"},"inLanguage":"fr-FR","potentialAction":[{"@type":"ReadAction","target":["http:\/\/elsuperbeasto.com\/fr\/comment-fonctionnent-les-rencontres-nsa\/"]}]},{"@type":"BreadcrumbList","@id":"http:\/\/elsuperbeasto.com\/fr\/comment-fonctionnent-les-rencontres-nsa\/#breadcrumb","itemListElement":[{"@type":"ListItem","position":1,"name":"Home","item":"https:\/\/elsuperbeasto.com\/fr\/"},{"@type":"ListItem","position":2,"name":"Comment fonctionnent les rencontres NSA ?"}]}]}},"_links":{"self":[{"href":"http:\/\/elsuperbeasto.com\/fr\/wp-json\/wp\/v2\/pages\/262"}],"collection":[{"href":"http:\/\/elsuperbeasto.com\/fr\/wp-json\/wp\/v2\/pages"}],"about":[{"href":"http:\/\/elsuperbeasto.com\/fr\/wp-json\/wp\/v2\/types\/page"}],"author":[{"embeddable":true,"href":"http:\/\/elsuperbeasto.com\/fr\/wp-json\/wp\/v2\/users\/1"}],"replies":[{"embeddable":true,"href":"http:\/\/elsuperbeasto.com\/fr\/wp-json\/wp\/v2\/comments?post=262"}],"version-history":[{"count":1,"href":"http:\/\/elsuperbeasto.com\/fr\/wp-json\/wp\/v2\/pages\/262\/revisions"}],"predecessor-version":[{"id":409,"href":"http:\/\/elsuperbeasto.com\/fr\/wp-json\/wp\/v2\/pages\/262\/revisions\/409"}],"wp:featuredmedia":[{"embeddable":true,"href":"http:\/\/elsuperbeasto.com\/fr\/wp-json\/wp\/v2\/media\/186"}],"wp:attachment":[{"href":"http:\/\/elsuperbeasto.com\/fr\/wp-json\/wp\/v2\/media?parent=262"}],"curies":[{"name":"wp","href":"https:\/\/api.w.org\/{rel}","templated":true}]}}