{"id":367,"date":"2022-08-18T13:05:43","date_gmt":"2022-08-18T12:05:43","guid":{"rendered":"http:\/\/elsuperbeasto.com\/parhaat-sovellukset-rakkauden-loytamiseen\/"},"modified":"2022-08-18T13:05:43","modified_gmt":"2022-08-18T12:05:43","slug":"parhaat-sovellukset-rakkauden-loytamiseen","status":"publish","type":"page","link":"http:\/\/elsuperbeasto.com\/fi\/parhaat-sovellukset-rakkauden-loytamiseen\/","title":{"rendered":"Parhaat sovellukset rakkauden l\u00f6yt\u00e4miseen"},"content":{"rendered":"<p>Siksi olemme tutkineet paljon parhaita deittisovelluksia ja l\u00f6yt\u00e4neet ne, jotka erottuvat muista. N\u00e4m\u00e4 eiv\u00e4t ole vain mielipiteit\u00e4mme &#8211; testasimme jokaisen niist\u00e4 itse ja l\u00f6ysimme muutamia todellisia voittajia.<\/p>\n<p>Etsitp\u00e4 sitten jotain vakavaa, rentoa tai jotain silt\u00e4 v\u00e4lilt\u00e4, meilt\u00e4 l\u00f6yd\u00e4t kaiken. Kerromme tarkalleen, mitk\u00e4 ominaisuudet tekev\u00e4t kustakin sovelluksesta erityisen, annamme rehellist\u00e4 palautetta hinnoista ja autamme sinua l\u00f6yt\u00e4m\u00e4\u00e4n sinulle parhaiten sopivan sovelluksen.<\/p>\n<p>Kun olet lukenut t\u00e4m\u00e4n oppaan, sinulla <a href=\"http:\/\/elsuperbeasto.com\/fi\/onko-nettideittailu-turvallista\/\">ei ole ep\u00e4ilyst\u00e4k\u00e4\u00e4n<\/a> siit\u00e4, mik\u00e4 niist\u00e4 sopii sinulle t\u00e4ydellisesti. Et tuhlaa aikaasi yritt\u00e4ess\u00e4si selvitt\u00e4\u00e4 asioita itse en\u00e4\u00e4; valitse vain paras deittisovellus suositustemme perusteella ja aloita ihmisten tapaaminen jo t\u00e4n\u00e4\u00e4n.<\/p>\n<p>Ennen kuin rekister\u00f6idyt mille tahansa verkkosivustolle, mieti tarkkaan, vastaako sivusto persoonallisuuttasi. Pid\u00e4tk\u00f6 enemm\u00e4n satunnaisesta seurustelusta vai sitoutuneesta suhteesta?<\/p>\n<h2>L\u00f6yd\u00e4 persoonallisuuteesi sopiva sivusto<\/h2>\n<p>Tykk\u00e4\u00e4tk\u00f6 keskustella tekstiviestill\u00e4 vai haluaisitko mieluummin keskustella kasvotusten? Pid\u00e4tk\u00f6 lyhyist\u00e4 viesteist\u00e4 vai pitkist\u00e4 s\u00e4hk\u00f6posteista? N\u00e4m\u00e4 kysymykset voivat auttaa rajaamaan hakua. Kun olet l\u00f6yt\u00e4nyt sinulle sopivan sivuston, rekister\u00f6idy ja aloita profiilien selaaminen.<\/p>\n<h2>Valitse sivusto kiinnostuksesi perusteella<\/h2>\n<p>Mieti, mist\u00e4 olet kiinnostunut. Jos etsit romanttista kumppania, et luultavasti halua liitty\u00e4 sivustolle, joka on tarkoitettu sinkuille, jotka etsiv\u00e4t yst\u00e4vyytt\u00e4. Samoin, jos etsit yst\u00e4v\u00e4\u00e4, et halua liitty\u00e4 deittisivustolle, joka keskittyy romantiikkaan.<\/p>\n<p>Valitse sen sijaan sivusto, joka vastaa kiinnostuksen kohteitasi. Jos esimerkiksi rakastat urheilua, sinun kannattaa liitty\u00e4 sivustoon, jossa j\u00e4senet voivat jakaa suosikkijoukkueensa, pelaajansa ja tapahtumansa. N\u00e4in l\u00f6yd\u00e4t helposti yhteensopivia kumppaneita, joilla on samanlaiset kiinnostuksen kohteet.<\/p>\n<h2>Liity useisiin sivustoihin ennen p\u00e4\u00e4t\u00f6ksen tekemist\u00e4<\/h2>\n<p>On t\u00e4rke\u00e4\u00e4 k\u00e4yd\u00e4 useilla deittisivustoilla ennen kuin p\u00e4\u00e4t\u00e4t valita yhden. N\u00e4in voit vertailla kunkin sivuston hyvi\u00e4 ja huonoja puolia. Jotkin sivustot tarjoavat esimerkiksi kehittyneit\u00e4 ominaisuuksia, kuten videokeskusteluja ja pikaviestej\u00e4. Toiset antavat j\u00e4senten ladata kuvia ja videoita. Toiset taas antavat sinun selata j\u00e4senprofiileja paljastamatta henkil\u00f6kohtaisia tietoja.<\/p>\n<h2>Harkitse yksityisyyskysymyksi\u00e4<\/h2>\n<p>Joillakin sivustoilla j\u00e4senet voivat pysy\u00e4 nimett\u00f6min\u00e4, kun taas toisilla sivustoilla j\u00e4senten on paljastettava henkil\u00f6llisyytens\u00e4. Kun pohdit yksityisyyskysymyksi\u00e4, muista, ett\u00e4 jotkin sivustot saattavat ker\u00e4t\u00e4 arkaluonteisia tietoja sinusta. Joillakin sivustoilla j\u00e4seni\u00e4 pyydet\u00e4\u00e4n esimerkiksi ilmoittamaan siviilis\u00e4\u00e4tyns\u00e4, uskonnollinen vakaumuksensa, ammattinsa ja koulutustasonsa. N\u00e4it\u00e4 tietoja voidaan k\u00e4ytt\u00e4\u00e4 mainosten kohdentamiseen sinulle. Muut sivustot saattavat pyyt\u00e4\u00e4 lis\u00e4tietoja, kuten pituutta, painoa, tuloja ja ik\u00e4\u00e4. Joillakin sivustoilla j\u00e4senet voivat valita, paljastavatko he henkil\u00f6llisyytens\u00e4, kun taas toisilla sivustoilla j\u00e4senten on paljastettava kaikki.<\/p>\n<h2>FAQ<\/h2>\n<h3>Mik\u00e4 on paras deittisivusto vakaviin suhteisiin?<\/h3>\n<p>Paras deittisivusto vakaviin suhteisiin on OkCupid.com. T\u00e4ll\u00e4 deittisivustolla on miljoonia k\u00e4ytt\u00e4ji\u00e4 ymp\u00e4ri maailmaa, ja he k\u00e4ytt\u00e4v\u00e4t sit\u00e4 l\u00f6yt\u00e4\u00e4kseen rakkauden. Ne tarjoavat ilmaisia viestej\u00e4, pikaviestej\u00e4, videokeskustelua ja muita ominaisuuksia, jotka auttavat sinua pit\u00e4m\u00e4\u00e4n yhteytt\u00e4 mahdollisiin treffeihin.<\/p>\n<p>OkCupid on ollut olemassa vuodesta 2004, ja miljoonat k\u00e4ytt\u00e4j\u00e4t ovat rekister\u00f6ityneet sinne ilmaiseksi. Sivuston avulla k\u00e4ytt\u00e4j\u00e4t voivat luoda profiilin, etsi\u00e4 muita j\u00e4seni\u00e4 esimerkiksi sijainnin, i\u00e4n, sukupuolen jne. perusteella ja l\u00e4hett\u00e4\u00e4 viestej\u00e4 toisilleen. K\u00e4ytt\u00e4j\u00e4t voivat my\u00f6s selata muiden treffej\u00e4 etsivien profiileja.<\/p>\n<h3>Mik\u00e4 on paras deittisovellus vuonna 2022?<\/h3>\n<p>Vuoden 2022 paras deittisovellus on Tinder Plus, jonka avulla k\u00e4ytt\u00e4j\u00e4t voivat l\u00e4hett\u00e4\u00e4 rajattomasti viestej\u00e4 muille k\u00e4ytt\u00e4jille. T\u00e4m\u00e4 ominaisuus on ollut k\u00e4ytett\u00e4viss\u00e4 vuodesta 2016, mutta vasta nyt siit\u00e4 on tulossa suosittu. My\u00f6s muut sovellukset, kuten Happn, Bumble ja OkCupid, tarjoavat vastaavia ominaisuuksia.<\/p>\n","protected":false},"excerpt":{"rendered":"<p>Siksi olemme tutkineet paljon parhaita deittisovelluksia ja l\u00f6yt\u00e4neet ne, jotka erottuvat muista. N\u00e4m\u00e4 eiv\u00e4t ole vain mielipiteit\u00e4mme &#8211; testasimme jokaisen niist\u00e4 itse ja l\u00f6ysimme muutamia todellisia voittajia. Etsitp\u00e4 sitten jotain vakavaa, rentoa tai jotain silt\u00e4 v\u00e4lilt\u00e4, meilt\u00e4 l\u00f6yd\u00e4t kaiken. Kerromme&hellip; <a href=\"http:\/\/elsuperbeasto.com\/fi\/parhaat-sovellukset-rakkauden-loytamiseen\/\" class=\"more-link\">Continue Reading <span class=\"meta-nav\">&rarr;<\/span><\/a><\/p>\n","protected":false},"author":1,"featured_media":143,"parent":0,"menu_order":0,"comment_status":"closed","ping_status":"closed","template":"","meta":[],"yoast_head":"<!-- This site is optimized with the Yoast SEO plugin v17.7.1 - https:\/\/yoast.com\/wordpress\/plugins\/seo\/ -->\n<title>Parhaat sovellukset rakkauden l\u00f6yt\u00e4miseen - Quick Hookup<\/title>\n<meta name=\"robots\" content=\"index, follow, max-snippet:-1, max-image-preview:large, max-video-preview:-1\" \/>\n<link rel=\"canonical\" href=\"http:\/\/elsuperbeasto.com\/fi\/parhaat-sovellukset-rakkauden-loytamiseen\/\" \/>\n<meta property=\"og:locale\" content=\"fi_FI\" \/>\n<meta property=\"og:type\" content=\"article\" \/>\n<meta property=\"og:title\" content=\"Parhaat sovellukset rakkauden l\u00f6yt\u00e4miseen - Quick Hookup\" \/>\n<meta property=\"og:description\" content=\"Siksi olemme tutkineet paljon parhaita deittisovelluksia ja l\u00f6yt\u00e4neet ne, jotka erottuvat muista. N\u00e4m\u00e4 eiv\u00e4t ole vain mielipiteit\u00e4mme &#8211; testasimme jokaisen niist\u00e4 itse ja l\u00f6ysimme muutamia todellisia voittajia. Etsitp\u00e4 sitten jotain vakavaa, rentoa tai jotain silt\u00e4 v\u00e4lilt\u00e4, meilt\u00e4 l\u00f6yd\u00e4t kaiken. Kerromme&hellip; Continue Reading &rarr;\" \/>\n<meta property=\"og:url\" content=\"http:\/\/elsuperbeasto.com\/fi\/parhaat-sovellukset-rakkauden-loytamiseen\/\" \/>\n<meta property=\"og:site_name\" content=\"Quick Hookup\" \/>\n<meta property=\"og:image\" content=\"http:\/\/elsuperbeasto.com\/wp-content\/uploads\/2022\/08\/love-balloons.jpeg\" \/>\n\t<meta property=\"og:image:width\" content=\"1000\" \/>\n\t<meta property=\"og:image:height\" content=\"1500\" \/>\n<meta name=\"twitter:card\" content=\"summary_large_image\" \/>\n<meta name=\"twitter:label1\" content=\"Arvioitu lukuaika\" \/>\n\t<meta name=\"twitter:data1\" content=\"3 minuuttia\" \/>\n<script type=\"application\/ld+json\" class=\"yoast-schema-graph\">{\"@context\":\"https:\/\/schema.org\",\"@graph\":[{\"@type\":\"WebSite\",\"@id\":\"https:\/\/elsuperbeasto.com\/#website\",\"url\":\"https:\/\/elsuperbeasto.com\/\",\"name\":\"Quick Hookup\",\"description\":\"Your Guide To Love\",\"potentialAction\":[{\"@type\":\"SearchAction\",\"target\":{\"@type\":\"EntryPoint\",\"urlTemplate\":\"https:\/\/elsuperbeasto.com\/?s={search_term_string}\"},\"query-input\":\"required name=search_term_string\"}],\"inLanguage\":\"fi\"},{\"@type\":\"ImageObject\",\"@id\":\"http:\/\/elsuperbeasto.com\/fi\/parhaat-sovellukset-rakkauden-loytamiseen\/#primaryimage\",\"inLanguage\":\"fi\",\"url\":\"http:\/\/elsuperbeasto.com\/wp-content\/uploads\/2022\/08\/love-balloons.jpeg\",\"contentUrl\":\"http:\/\/elsuperbeasto.com\/wp-content\/uploads\/2022\/08\/love-balloons.jpeg\",\"width\":1000,\"height\":1500},{\"@type\":\"WebPage\",\"@id\":\"http:\/\/elsuperbeasto.com\/fi\/parhaat-sovellukset-rakkauden-loytamiseen\/#webpage\",\"url\":\"http:\/\/elsuperbeasto.com\/fi\/parhaat-sovellukset-rakkauden-loytamiseen\/\",\"name\":\"Parhaat sovellukset rakkauden l\\u00f6yt\\u00e4miseen - Quick Hookup\",\"isPartOf\":{\"@id\":\"https:\/\/elsuperbeasto.com\/#website\"},\"primaryImageOfPage\":{\"@id\":\"http:\/\/elsuperbeasto.com\/fi\/parhaat-sovellukset-rakkauden-loytamiseen\/#primaryimage\"},\"datePublished\":\"2022-08-18T12:05:43+00:00\",\"dateModified\":\"2022-08-18T12:05:43+00:00\",\"breadcrumb\":{\"@id\":\"http:\/\/elsuperbeasto.com\/fi\/parhaat-sovellukset-rakkauden-loytamiseen\/#breadcrumb\"},\"inLanguage\":\"fi\",\"potentialAction\":[{\"@type\":\"ReadAction\",\"target\":[\"http:\/\/elsuperbeasto.com\/fi\/parhaat-sovellukset-rakkauden-loytamiseen\/\"]}]},{\"@type\":\"BreadcrumbList\",\"@id\":\"http:\/\/elsuperbeasto.com\/fi\/parhaat-sovellukset-rakkauden-loytamiseen\/#breadcrumb\",\"itemListElement\":[{\"@type\":\"ListItem\",\"position\":1,\"name\":\"Home\",\"item\":\"https:\/\/elsuperbeasto.com\/fi\/\"},{\"@type\":\"ListItem\",\"position\":2,\"name\":\"Parhaat sovellukset rakkauden l\\u00f6yt\\u00e4miseen\"}]}]}<\/script>\n<!-- \/ Yoast SEO plugin. -->","yoast_head_json":{"title":"Parhaat sovellukset rakkauden l\u00f6yt\u00e4miseen - Quick Hookup","robots":{"index":"index","follow":"follow","max-snippet":"max-snippet:-1","max-image-preview":"max-image-preview:large","max-video-preview":"max-video-preview:-1"},"canonical":"http:\/\/elsuperbeasto.com\/fi\/parhaat-sovellukset-rakkauden-loytamiseen\/","og_locale":"fi_FI","og_type":"article","og_title":"Parhaat sovellukset rakkauden l\u00f6yt\u00e4miseen - Quick Hookup","og_description":"Siksi olemme tutkineet paljon parhaita deittisovelluksia ja l\u00f6yt\u00e4neet ne, jotka erottuvat muista. N\u00e4m\u00e4 eiv\u00e4t ole vain mielipiteit\u00e4mme &#8211; testasimme jokaisen niist\u00e4 itse ja l\u00f6ysimme muutamia todellisia voittajia. Etsitp\u00e4 sitten jotain vakavaa, rentoa tai jotain silt\u00e4 v\u00e4lilt\u00e4, meilt\u00e4 l\u00f6yd\u00e4t kaiken. Kerromme&hellip; Continue Reading &rarr;","og_url":"http:\/\/elsuperbeasto.com\/fi\/parhaat-sovellukset-rakkauden-loytamiseen\/","og_site_name":"Quick Hookup","og_image":[{"width":1000,"height":1500,"url":"http:\/\/elsuperbeasto.com\/wp-content\/uploads\/2022\/08\/love-balloons.jpeg","type":"image\/jpeg"}],"twitter_card":"summary_large_image","twitter_misc":{"Arvioitu lukuaika":"3 minuuttia"},"schema":{"@context":"https:\/\/schema.org","@graph":[{"@type":"WebSite","@id":"https:\/\/elsuperbeasto.com\/#website","url":"https:\/\/elsuperbeasto.com\/","name":"Quick Hookup","description":"Your Guide To Love","potentialAction":[{"@type":"SearchAction","target":{"@type":"EntryPoint","urlTemplate":"https:\/\/elsuperbeasto.com\/?s={search_term_string}"},"query-input":"required name=search_term_string"}],"inLanguage":"fi"},{"@type":"ImageObject","@id":"http:\/\/elsuperbeasto.com\/fi\/parhaat-sovellukset-rakkauden-loytamiseen\/#primaryimage","inLanguage":"fi","url":"http:\/\/elsuperbeasto.com\/wp-content\/uploads\/2022\/08\/love-balloons.jpeg","contentUrl":"http:\/\/elsuperbeasto.com\/wp-content\/uploads\/2022\/08\/love-balloons.jpeg","width":1000,"height":1500},{"@type":"WebPage","@id":"http:\/\/elsuperbeasto.com\/fi\/parhaat-sovellukset-rakkauden-loytamiseen\/#webpage","url":"http:\/\/elsuperbeasto.com\/fi\/parhaat-sovellukset-rakkauden-loytamiseen\/","name":"Parhaat sovellukset rakkauden l\u00f6yt\u00e4miseen - Quick Hookup","isPartOf":{"@id":"https:\/\/elsuperbeasto.com\/#website"},"primaryImageOfPage":{"@id":"http:\/\/elsuperbeasto.com\/fi\/parhaat-sovellukset-rakkauden-loytamiseen\/#primaryimage"},"datePublished":"2022-08-18T12:05:43+00:00","dateModified":"2022-08-18T12:05:43+00:00","breadcrumb":{"@id":"http:\/\/elsuperbeasto.com\/fi\/parhaat-sovellukset-rakkauden-loytamiseen\/#breadcrumb"},"inLanguage":"fi","potentialAction":[{"@type":"ReadAction","target":["http:\/\/elsuperbeasto.com\/fi\/parhaat-sovellukset-rakkauden-loytamiseen\/"]}]},{"@type":"BreadcrumbList","@id":"http:\/\/elsuperbeasto.com\/fi\/parhaat-sovellukset-rakkauden-loytamiseen\/#breadcrumb","itemListElement":[{"@type":"ListItem","position":1,"name":"Home","item":"https:\/\/elsuperbeasto.com\/fi\/"},{"@type":"ListItem","position":2,"name":"Parhaat sovellukset rakkauden l\u00f6yt\u00e4miseen"}]}]}},"_links":{"self":[{"href":"http:\/\/elsuperbeasto.com\/fi\/wp-json\/wp\/v2\/pages\/367"}],"collection":[{"href":"http:\/\/elsuperbeasto.com\/fi\/wp-json\/wp\/v2\/pages"}],"about":[{"href":"http:\/\/elsuperbeasto.com\/fi\/wp-json\/wp\/v2\/types\/page"}],"author":[{"embeddable":true,"href":"http:\/\/elsuperbeasto.com\/fi\/wp-json\/wp\/v2\/users\/1"}],"replies":[{"embeddable":true,"href":"http:\/\/elsuperbeasto.com\/fi\/wp-json\/wp\/v2\/comments?post=367"}],"version-history":[{"count":0,"href":"http:\/\/elsuperbeasto.com\/fi\/wp-json\/wp\/v2\/pages\/367\/revisions"}],"wp:featuredmedia":[{"embeddable":true,"href":"http:\/\/elsuperbeasto.com\/fi\/wp-json\/wp\/v2\/media\/143"}],"wp:attachment":[{"href":"http:\/\/elsuperbeasto.com\/fi\/wp-json\/wp\/v2\/media?parent=367"}],"curies":[{"name":"wp","href":"https:\/\/api.w.org\/{rel}","templated":true}]}}