{"id":351,"date":"2022-08-18T13:12:48","date_gmt":"2022-08-18T12:12:48","guid":{"rendered":"http:\/\/elsuperbeasto.com\/onko-nettideittailu-turvallista\/"},"modified":"2022-08-18T13:12:48","modified_gmt":"2022-08-18T12:12:48","slug":"onko-nettideittailu-turvallista","status":"publish","type":"page","link":"http:\/\/elsuperbeasto.com\/fi\/onko-nettideittailu-turvallista\/","title":{"rendered":"Onko nettideittailu turvallista?"},"content":{"rendered":"<p>Nettideittailu on hyv\u00e4 tapa tavata uusia ihmisi\u00e4, mutta siihen liittyy my\u00f6s riskej\u00e4. Yksi n\u00e4ist\u00e4 riskeist\u00e4 on joutua huijatuksi v\u00e4\u00e4r\u00e4n henkil\u00f6n toimesta. Tuoreessa tutkimuksessa havaittiin, ett\u00e4 nelj\u00e4sosaan naisista oli ottanut yhteytt\u00e4 joku, joka v\u00e4itti olevansa kiinnostunut tapaamisesta, mutta osoittautui my\u00f6hemmin huijariksi.<\/p>\n<p>Yleisin syy siihen, miksi ihmiset joutuvat huijausten uhreiksi deittisovelluksissa, on huonot viestint\u00e4taidot. Chatbotit on suunniteltu j\u00e4ljittelem\u00e4\u00e4n ihmisten v\u00e4list\u00e4 keskustelua, mutta ne eiv\u00e4t aina onnistu siin\u00e4 hyvin. Heill\u00e4 on taipumus k\u00e4ytt\u00e4\u00e4 kaunokirjallista kielt\u00e4, mik\u00e4 tekee heist\u00e4 helppoja kohteita huijareille.<\/p>\n<p>Jos haluat luoda <a href=\"http:\/\/elsuperbeasto.com\/fi\/mitka-ovat-parhaat-sexting-sovellukset\/\">todellisen yhteyden johonkuhun<\/a>, sinun kannattaa v\u00e4ltt\u00e4\u00e4 puhumasta liikaa itsest\u00e4si. Ihmiset puhuvat mielell\u00e4\u00e4n itsest\u00e4\u00e4n, mutta yleens\u00e4 he tekev\u00e4t sen mieluummin puhelimessa tai henkil\u00f6kohtaisesti. Nettideittailu on viel\u00e4 suhteellisen uutta, joten ette tied\u00e4, kuinka hyvin kommunikoitte toistenne kanssa, ennen kuin olette tavanneet henkil\u00f6kohtaisesti.<\/p>\n<h2>Mit\u00e4 pit\u00e4\u00e4 varoa?<\/h2>\n<p>Henkil\u00f6n k\u00e4ytt\u00e4ytymist\u00e4 tarkkailemalla voi p\u00e4\u00e4tell\u00e4, onko h\u00e4n botti vai huijari. Yleens\u00e4 botti l\u00e4hett\u00e4\u00e4 viestej\u00e4 nopeasti, kun taas huijarilla kest\u00e4\u00e4 kauemmin vastata. Saatat huomata, ett\u00e4 monet ihmiset n\u00e4ytt\u00e4v\u00e4t vastaavan viesteihisi sekunneissa, vaikka he eiv\u00e4t ole vastanneet mihink\u00e4\u00e4n aiempiin viesteihisi. T\u00e4t\u00e4 kutsutaan &#8221;roskapostitukseksi&#8221;. Botit eiv\u00e4t v\u00e4ltt\u00e4m\u00e4tt\u00e4 l\u00e4het\u00e4 roskapostia; se voi vain tarkoittaa, ett\u00e4 ne vastaanottavat monia viestej\u00e4 ja vastaavat niihin kaikkiin kerralla.<\/p>\n<p>Toinen asia, jota kannattaa varoa, ovat varhaiset rakkaudentunnustukset. Jotkut ihmiset sanovat jotain tyyliin: &#8221;Mielest\u00e4ni olemme t\u00e4ydellisi\u00e4 yhdess\u00e4&#8221; tai &#8221;Olen hulluna sinuun&#8221;. T\u00e4llaisia kommentteja k\u00e4ytet\u00e4\u00e4n yleens\u00e4 vakuuttamaan sinut luottokorttitietojesi luovuttamisesta. Huijarit yritt\u00e4v\u00e4t usein houkutella sinut antamaan henkil\u00f6kohtaisia tietoja sanomalla jotain mukavaa. Ole varovainen kaikkien niiden kanssa, jotka vaikuttavat liian innostuneilta tapaamisestasi.<\/p>\n<h2>Ent\u00e4 maksulliset deittisovellukset?<\/h2>\n<p>Suurin osa online-deittisivustoista on ilmaisia, mutta monet vaativat maksua. Jotkin tarjoavat p\u00e4\u00e4syn tiettyihin ominaisuuksiin ilmaiseksi, kun taas toiset eiv\u00e4t anna sinun k\u00e4ytt\u00e4\u00e4 n\u00e4it\u00e4 ominaisuuksia, ellet maksa. Olemme koonneet listan suosituimmista deittisivustoista ja siit\u00e4, kuinka paljon liittyminen maksaa.<\/p>\n<h2>Ent\u00e4 arvostelut?<\/h2>\n<p>Verkkoarvosteluilla on valtava merkitys siin\u00e4, miten kuluttajat tekev\u00e4t ostop\u00e4\u00e4t\u00f6ksi\u00e4. Jos ihmiset luottavat toisten mielipiteisiin, he k\u00e4ytt\u00e4v\u00e4t n\u00e4it\u00e4 luotettuja mielipiteit\u00e4 ostostensa ohjaamiseen. Valitettavasti nyky\u00e4\u00e4n on liikaa v\u00e4\u00e4rennettyj\u00e4 arvosteluja.<\/p>\n<p>Tuoreen tutkimuksen mukaan yli puolet Amazonin arvosteluista on maksettujen arvostelijoiden kirjoittamia. Ja jotkut online-deittiyritykset, kuten Match Group Inc., eHarmony Inc. ja OkCupid LLC, maksavat ihmisille siit\u00e4, ett\u00e4 he kirjoittavat ylist\u00e4vi\u00e4 arvosteluja tuotteistaan. N\u00e4m\u00e4 arvostelut sis\u00e4lt\u00e4v\u00e4t usein v\u00e4\u00e4ri\u00e4 tietoja, kuten liioiteltuja v\u00e4itteit\u00e4 tuotteen ominaisuuksista ja hy\u00f6dyist\u00e4.<\/p>\n","protected":false},"excerpt":{"rendered":"<p>Nettideittailu on hyv\u00e4 tapa tavata uusia ihmisi\u00e4, mutta siihen liittyy my\u00f6s riskej\u00e4. Yksi n\u00e4ist\u00e4 riskeist\u00e4 on joutua huijatuksi v\u00e4\u00e4r\u00e4n henkil\u00f6n toimesta. Tuoreessa tutkimuksessa havaittiin, ett\u00e4 nelj\u00e4sosaan naisista oli ottanut yhteytt\u00e4 joku, joka v\u00e4itti olevansa kiinnostunut tapaamisesta, mutta osoittautui my\u00f6hemmin huijariksi.&hellip; <a href=\"http:\/\/elsuperbeasto.com\/fi\/onko-nettideittailu-turvallista\/\" class=\"more-link\">Continue Reading <span class=\"meta-nav\">&rarr;<\/span><\/a><\/p>\n","protected":false},"author":1,"featured_media":129,"parent":0,"menu_order":0,"comment_status":"closed","ping_status":"closed","template":"","meta":[],"yoast_head":"<!-- This site is optimized with the Yoast SEO plugin v17.7.1 - https:\/\/yoast.com\/wordpress\/plugins\/seo\/ -->\n<title>Onko nettideittailu turvallista? - Quick Hookup<\/title>\n<meta name=\"robots\" content=\"index, follow, max-snippet:-1, max-image-preview:large, max-video-preview:-1\" \/>\n<link rel=\"canonical\" href=\"http:\/\/elsuperbeasto.com\/fi\/onko-nettideittailu-turvallista\/\" \/>\n<meta property=\"og:locale\" content=\"fi_FI\" \/>\n<meta property=\"og:type\" content=\"article\" \/>\n<meta property=\"og:title\" content=\"Onko nettideittailu turvallista? - Quick Hookup\" \/>\n<meta property=\"og:description\" content=\"Nettideittailu on hyv\u00e4 tapa tavata uusia ihmisi\u00e4, mutta siihen liittyy my\u00f6s riskej\u00e4. Yksi n\u00e4ist\u00e4 riskeist\u00e4 on joutua huijatuksi v\u00e4\u00e4r\u00e4n henkil\u00f6n toimesta. Tuoreessa tutkimuksessa havaittiin, ett\u00e4 nelj\u00e4sosaan naisista oli ottanut yhteytt\u00e4 joku, joka v\u00e4itti olevansa kiinnostunut tapaamisesta, mutta osoittautui my\u00f6hemmin huijariksi.&hellip; Continue Reading &rarr;\" \/>\n<meta property=\"og:url\" content=\"http:\/\/elsuperbeasto.com\/fi\/onko-nettideittailu-turvallista\/\" \/>\n<meta property=\"og:site_name\" content=\"Quick Hookup\" \/>\n<meta property=\"og:image\" content=\"https:\/\/elsuperbeasto.com\/wp-content\/uploads\/2022\/08\/dates.jpeg\" \/>\n\t<meta property=\"og:image:width\" content=\"2250\" \/>\n\t<meta property=\"og:image:height\" content=\"1500\" \/>\n<meta name=\"twitter:card\" content=\"summary_large_image\" \/>\n<meta name=\"twitter:label1\" content=\"Arvioitu lukuaika\" \/>\n\t<meta name=\"twitter:data1\" content=\"2 minuuttia\" \/>\n<script type=\"application\/ld+json\" class=\"yoast-schema-graph\">{\"@context\":\"https:\/\/schema.org\",\"@graph\":[{\"@type\":\"WebSite\",\"@id\":\"https:\/\/elsuperbeasto.com\/#website\",\"url\":\"https:\/\/elsuperbeasto.com\/\",\"name\":\"Quick Hookup\",\"description\":\"Your Guide To Love\",\"potentialAction\":[{\"@type\":\"SearchAction\",\"target\":{\"@type\":\"EntryPoint\",\"urlTemplate\":\"https:\/\/elsuperbeasto.com\/?s={search_term_string}\"},\"query-input\":\"required name=search_term_string\"}],\"inLanguage\":\"fi\"},{\"@type\":\"ImageObject\",\"@id\":\"http:\/\/elsuperbeasto.com\/fi\/onko-nettideittailu-turvallista\/#primaryimage\",\"inLanguage\":\"fi\",\"url\":\"http:\/\/elsuperbeasto.com\/wp-content\/uploads\/2022\/08\/dates.jpeg\",\"contentUrl\":\"http:\/\/elsuperbeasto.com\/wp-content\/uploads\/2022\/08\/dates.jpeg\",\"width\":2250,\"height\":1500},{\"@type\":\"WebPage\",\"@id\":\"http:\/\/elsuperbeasto.com\/fi\/onko-nettideittailu-turvallista\/#webpage\",\"url\":\"http:\/\/elsuperbeasto.com\/fi\/onko-nettideittailu-turvallista\/\",\"name\":\"Onko nettideittailu turvallista? - Quick Hookup\",\"isPartOf\":{\"@id\":\"https:\/\/elsuperbeasto.com\/#website\"},\"primaryImageOfPage\":{\"@id\":\"http:\/\/elsuperbeasto.com\/fi\/onko-nettideittailu-turvallista\/#primaryimage\"},\"datePublished\":\"2022-08-18T12:12:48+00:00\",\"dateModified\":\"2022-08-18T12:12:48+00:00\",\"breadcrumb\":{\"@id\":\"http:\/\/elsuperbeasto.com\/fi\/onko-nettideittailu-turvallista\/#breadcrumb\"},\"inLanguage\":\"fi\",\"potentialAction\":[{\"@type\":\"ReadAction\",\"target\":[\"http:\/\/elsuperbeasto.com\/fi\/onko-nettideittailu-turvallista\/\"]}]},{\"@type\":\"BreadcrumbList\",\"@id\":\"http:\/\/elsuperbeasto.com\/fi\/onko-nettideittailu-turvallista\/#breadcrumb\",\"itemListElement\":[{\"@type\":\"ListItem\",\"position\":1,\"name\":\"Home\",\"item\":\"https:\/\/elsuperbeasto.com\/fi\/\"},{\"@type\":\"ListItem\",\"position\":2,\"name\":\"Onko nettideittailu turvallista?\"}]}]}<\/script>\n<!-- \/ Yoast SEO plugin. -->","yoast_head_json":{"title":"Onko nettideittailu turvallista? - Quick Hookup","robots":{"index":"index","follow":"follow","max-snippet":"max-snippet:-1","max-image-preview":"max-image-preview:large","max-video-preview":"max-video-preview:-1"},"canonical":"http:\/\/elsuperbeasto.com\/fi\/onko-nettideittailu-turvallista\/","og_locale":"fi_FI","og_type":"article","og_title":"Onko nettideittailu turvallista? - Quick Hookup","og_description":"Nettideittailu on hyv\u00e4 tapa tavata uusia ihmisi\u00e4, mutta siihen liittyy my\u00f6s riskej\u00e4. Yksi n\u00e4ist\u00e4 riskeist\u00e4 on joutua huijatuksi v\u00e4\u00e4r\u00e4n henkil\u00f6n toimesta. Tuoreessa tutkimuksessa havaittiin, ett\u00e4 nelj\u00e4sosaan naisista oli ottanut yhteytt\u00e4 joku, joka v\u00e4itti olevansa kiinnostunut tapaamisesta, mutta osoittautui my\u00f6hemmin huijariksi.&hellip; Continue Reading &rarr;","og_url":"http:\/\/elsuperbeasto.com\/fi\/onko-nettideittailu-turvallista\/","og_site_name":"Quick Hookup","og_image":[{"width":2250,"height":1500,"url":"https:\/\/elsuperbeasto.com\/wp-content\/uploads\/2022\/08\/dates.jpeg","type":"image\/jpeg"}],"twitter_card":"summary_large_image","twitter_misc":{"Arvioitu lukuaika":"2 minuuttia"},"schema":{"@context":"https:\/\/schema.org","@graph":[{"@type":"WebSite","@id":"https:\/\/elsuperbeasto.com\/#website","url":"https:\/\/elsuperbeasto.com\/","name":"Quick Hookup","description":"Your Guide To Love","potentialAction":[{"@type":"SearchAction","target":{"@type":"EntryPoint","urlTemplate":"https:\/\/elsuperbeasto.com\/?s={search_term_string}"},"query-input":"required name=search_term_string"}],"inLanguage":"fi"},{"@type":"ImageObject","@id":"http:\/\/elsuperbeasto.com\/fi\/onko-nettideittailu-turvallista\/#primaryimage","inLanguage":"fi","url":"http:\/\/elsuperbeasto.com\/wp-content\/uploads\/2022\/08\/dates.jpeg","contentUrl":"http:\/\/elsuperbeasto.com\/wp-content\/uploads\/2022\/08\/dates.jpeg","width":2250,"height":1500},{"@type":"WebPage","@id":"http:\/\/elsuperbeasto.com\/fi\/onko-nettideittailu-turvallista\/#webpage","url":"http:\/\/elsuperbeasto.com\/fi\/onko-nettideittailu-turvallista\/","name":"Onko nettideittailu turvallista? - Quick Hookup","isPartOf":{"@id":"https:\/\/elsuperbeasto.com\/#website"},"primaryImageOfPage":{"@id":"http:\/\/elsuperbeasto.com\/fi\/onko-nettideittailu-turvallista\/#primaryimage"},"datePublished":"2022-08-18T12:12:48+00:00","dateModified":"2022-08-18T12:12:48+00:00","breadcrumb":{"@id":"http:\/\/elsuperbeasto.com\/fi\/onko-nettideittailu-turvallista\/#breadcrumb"},"inLanguage":"fi","potentialAction":[{"@type":"ReadAction","target":["http:\/\/elsuperbeasto.com\/fi\/onko-nettideittailu-turvallista\/"]}]},{"@type":"BreadcrumbList","@id":"http:\/\/elsuperbeasto.com\/fi\/onko-nettideittailu-turvallista\/#breadcrumb","itemListElement":[{"@type":"ListItem","position":1,"name":"Home","item":"https:\/\/elsuperbeasto.com\/fi\/"},{"@type":"ListItem","position":2,"name":"Onko nettideittailu turvallista?"}]}]}},"_links":{"self":[{"href":"http:\/\/elsuperbeasto.com\/fi\/wp-json\/wp\/v2\/pages\/351"}],"collection":[{"href":"http:\/\/elsuperbeasto.com\/fi\/wp-json\/wp\/v2\/pages"}],"about":[{"href":"http:\/\/elsuperbeasto.com\/fi\/wp-json\/wp\/v2\/types\/page"}],"author":[{"embeddable":true,"href":"http:\/\/elsuperbeasto.com\/fi\/wp-json\/wp\/v2\/users\/1"}],"replies":[{"embeddable":true,"href":"http:\/\/elsuperbeasto.com\/fi\/wp-json\/wp\/v2\/comments?post=351"}],"version-history":[{"count":0,"href":"http:\/\/elsuperbeasto.com\/fi\/wp-json\/wp\/v2\/pages\/351\/revisions"}],"wp:featuredmedia":[{"embeddable":true,"href":"http:\/\/elsuperbeasto.com\/fi\/wp-json\/wp\/v2\/media\/129"}],"wp:attachment":[{"href":"http:\/\/elsuperbeasto.com\/fi\/wp-json\/wp\/v2\/media?parent=351"}],"curies":[{"name":"wp","href":"https:\/\/api.w.org\/{rel}","templated":true}]}}