{"id":329,"date":"2022-08-18T13:22:34","date_gmt":"2022-08-18T12:22:34","guid":{"rendered":"http:\/\/elsuperbeasto.com\/miten-paivamaaran-paikalliset-naiset\/"},"modified":"2022-08-18T13:22:34","modified_gmt":"2022-08-18T12:22:34","slug":"miten-paivamaaran-paikalliset-naiset","status":"publish","type":"page","link":"http:\/\/elsuperbeasto.com\/fi\/miten-paivamaaran-paikalliset-naiset\/","title":{"rendered":"Miten p\u00e4iv\u00e4m\u00e4\u00e4r\u00e4n paikalliset naiset"},"content":{"rendered":"<p>Oletko kyll\u00e4stynyt deittailemaan tytt\u00f6j\u00e4 kaukaa? Haluatko l\u00f6yt\u00e4\u00e4 tytt\u00f6yst\u00e4v\u00e4n l\u00e4hemp\u00e4\u00e4 kotia?<\/p>\n<p>T\u00e4ss\u00e4 artikkelissa, me kattaa 3 vinkkej\u00e4, joiden avulla voit l\u00f6yt\u00e4\u00e4 paikallisen tyt\u00f6n dating.<\/p>\n<h2>Etsi paikallisia naisia verkossa<\/h2>\n<p>T\u00e4rkeimm\u00e4t asiat ensin. Jos haluat l\u00f6yt\u00e4\u00e4 paikallisen naisen treffeille, sinun on l\u00f6ydett\u00e4v\u00e4 h\u00e4net ensin netist\u00e4. On olemassa paljon sivustoja, joiden avulla voit etsi\u00e4 naimattomia naisia sijainnin perusteella. N\u00e4ihin sivustoihin kuuluvat Match.com, eHarmony, PlentyofFish, OkCupid, Zoosk ja muut.<\/p>\n<p>Nettideittailusta on tullut viime aikoina eritt\u00e4in suosittua. Sen avulla voit olla yhteydess\u00e4 tuhansiin mahdollisiin vastineisiin poistumatta kotoa. \u00c4l\u00e4 siis j\u00e4t\u00e4 k\u00e4ytt\u00e4m\u00e4tt\u00e4 t\u00e4t\u00e4 tilaisuutta l\u00f6yt\u00e4\u00e4 paikallinen nainen.<\/p>\n<h2>Tapaa yst\u00e4vi\u00e4, jotka asuvat l\u00e4hell\u00e4<\/h2>\n<p>T\u00e4m\u00e4 vinkki toimii parhaiten suurissa kaupungeissa asuville. Jos asut kuitenkin jossain pienemm\u00e4ss\u00e4 paikassa, saatat silti l\u00f6yt\u00e4\u00e4 paikallisen tyt\u00f6n treffeille. Tapaa yst\u00e4vi\u00e4, jotka asuvat l\u00e4hell\u00e4. T\u00e4m\u00e4 antaa teille tekosyyn hengailla yhdess\u00e4 ja puhua kiinnostuksen kohteistanne.<\/p>\n<p>On helpompi <a href=\"http:\/\/elsuperbeasto.com\/fi\/parhaat-sovellukset-rakkauden-loytamiseen\/\">aloittaa keskustelu<\/a>, kun hengailet yst\u00e4vien kanssa. Lis\u00e4ksi t\u00f6rm\u00e4\u00e4t luultavasti my\u00f6s s\u00f6p\u00f6ihin poikiin!<\/p>\n<h2>Liity itse\u00e4si kiinnostaviin ryhmiin<\/h2>\n<p>Liity itse\u00e4si kiinnostaviin ryhmiin. Liity esimerkiksi urheiluryhm\u00e4\u00e4n, kirjakerhoon tai muuhun sinua kiinnostavaan ryhm\u00e4\u00e4n. Kun liityt t\u00e4m\u00e4ntyyppisiin ryhmiin, p\u00e4\u00e4set tutustumaan koko joukkoon mielenkiintoisia ihmisi\u00e4. Ja koska useimmat n\u00e4ist\u00e4 ryhmist\u00e4 keskittyv\u00e4t johonkin sinua kiinnostavaan aiheeseen, sinun on helpompi keskustella heid\u00e4n kanssaan kuin satunnaisten tuntemattomien kanssa.<\/p>\n<p>Lis\u00e4ksi n\u00e4ihin ryhmiin liittyminen antaa sinulle mahdollisuuden harjoitella keskustelutaitojasi. Opit kysym\u00e4\u00e4n kysymyksi\u00e4, kuuntelemaan paremmin ja puhumaan itsevarmasti.<\/p>\n<h2>FAQ<\/h2>\n<p>Noudattamalla n\u00e4it\u00e4 <a href=\"http:\/\/elsuperbeasto.com\/fi\/4-vinkkeja-pysya-turvassa-online-dating\/\">kolmea vinkki\u00e4<\/a>, voit l\u00f6yt\u00e4\u00e4 tyt\u00f6n seurustelua varten ennemmin kuin my\u00f6hemmin.<\/p>\n<h3>Mit\u00e4 ei sitoumuksia tarkoittaa dating?<\/h3>\n<p>No Strings Attached tarkoittaa, ett\u00e4 sinun ei tarvitse huolehtia mist\u00e4\u00e4n pitk\u00e4aikaisista sitoumuksista. Jos haluat seurustella jonkun kanssa huvin vuoksi, niin siit\u00e4 vain! Jos kuitenkin haluat seurustella jonkun kanssa vakavasti, sinun on oltava valmis sitoutumaan. Jos haluat v\u00e4ltt\u00e4\u00e4 joutumasta suhteeseen, jossa molemmat osapuolet tuntevat olevansa velvollisia olemaan yhdess\u00e4 ikuisesti, kokeile seurustella jonkun kanssa, jolla ei ole mit\u00e4\u00e4n odotuksia siit\u00e4, kuinka kauan heid\u00e4n pit\u00e4isi olla yhdess\u00e4. N\u00e4in sinun ei tarvitse huolehtia eroamisesta, kun asiat eiv\u00e4t en\u00e4\u00e4 toimi.<\/p>\n<h3>Voiko sitoutumattomuus muuttua rakkaudeksi?<\/h3>\n<p>Kyll\u00e4, on mahdollista, ett\u00e4 sitoutumattomuus muuttuu rakkaudeksi. Se vaatii kuitenkin molemmilta osapuolilta jonkin verran ponnisteluja. Ensimm\u00e4inen askel on olla rehellinen siit\u00e4, mit\u00e4 haluat. Jos et tied\u00e4, mit\u00e4 haluat, se selvi\u00e4\u00e4 vasta, kun yrit\u00e4t. Kun olette selvitt\u00e4neet, mit\u00e4 haluatte, teid\u00e4n on kommunikoitava selke\u00e4sti ja rehellisesti toistenne kanssa. Lopuksi sinun on annettava itsesi esille ja kerrottava muille, milt\u00e4 sinusta tuntuu.<\/p>\n<h3>Mik\u00e4 on NSA-suhde?<\/h3>\n<p>NSA-suhde on sit\u00e4, ett\u00e4 joku harrastaa seksi\u00e4 toisen henkil\u00f6n kanssa, jonka kanssa h\u00e4n ei halua olla intiimiss\u00e4 suhteessa. T\u00e4m\u00e4 tapahtuu yleens\u00e4 kahden toisensa hyvin tuntevan ihmisen, kuten ty\u00f6tovereiden, perheenj\u00e4senten tai l\u00e4heisten yst\u00e4vien v\u00e4lill\u00e4. Termi\u00e4 k\u00e4ytettiin ensimm\u00e4isen kerran 1970-luvulla, ja se viittaa Kansalliseen turvallisuusvirastoon.<\/p>\n","protected":false},"excerpt":{"rendered":"<p>Oletko kyll\u00e4stynyt deittailemaan tytt\u00f6j\u00e4 kaukaa? Haluatko l\u00f6yt\u00e4\u00e4 tytt\u00f6yst\u00e4v\u00e4n l\u00e4hemp\u00e4\u00e4 kotia? T\u00e4ss\u00e4 artikkelissa, me kattaa 3 vinkkej\u00e4, joiden avulla voit l\u00f6yt\u00e4\u00e4 paikallisen tyt\u00f6n dating. Etsi paikallisia naisia verkossa T\u00e4rkeimm\u00e4t asiat ensin. Jos haluat l\u00f6yt\u00e4\u00e4 paikallisen naisen treffeille, sinun on l\u00f6ydett\u00e4v\u00e4 h\u00e4net&hellip; <a href=\"http:\/\/elsuperbeasto.com\/fi\/miten-paivamaaran-paikalliset-naiset\/\" class=\"more-link\">Continue Reading <span class=\"meta-nav\">&rarr;<\/span><\/a><\/p>\n","protected":false},"author":1,"featured_media":157,"parent":0,"menu_order":0,"comment_status":"closed","ping_status":"closed","template":"","meta":[],"yoast_head":"<!-- This site is optimized with the Yoast SEO plugin v17.7.1 - https:\/\/yoast.com\/wordpress\/plugins\/seo\/ -->\n<title>Miten p\u00e4iv\u00e4m\u00e4\u00e4r\u00e4n paikalliset naiset - Quick Hookup<\/title>\n<meta name=\"robots\" content=\"index, follow, max-snippet:-1, max-image-preview:large, max-video-preview:-1\" \/>\n<link rel=\"canonical\" href=\"http:\/\/elsuperbeasto.com\/fi\/miten-paivamaaran-paikalliset-naiset\/\" \/>\n<meta property=\"og:locale\" content=\"fi_FI\" \/>\n<meta property=\"og:type\" content=\"article\" \/>\n<meta property=\"og:title\" content=\"Miten p\u00e4iv\u00e4m\u00e4\u00e4r\u00e4n paikalliset naiset - Quick Hookup\" \/>\n<meta property=\"og:description\" content=\"Oletko kyll\u00e4stynyt deittailemaan tytt\u00f6j\u00e4 kaukaa? Haluatko l\u00f6yt\u00e4\u00e4 tytt\u00f6yst\u00e4v\u00e4n l\u00e4hemp\u00e4\u00e4 kotia? T\u00e4ss\u00e4 artikkelissa, me kattaa 3 vinkkej\u00e4, joiden avulla voit l\u00f6yt\u00e4\u00e4 paikallisen tyt\u00f6n dating. Etsi paikallisia naisia verkossa T\u00e4rkeimm\u00e4t asiat ensin. Jos haluat l\u00f6yt\u00e4\u00e4 paikallisen naisen treffeille, sinun on l\u00f6ydett\u00e4v\u00e4 h\u00e4net&hellip; Continue Reading &rarr;\" \/>\n<meta property=\"og:url\" content=\"http:\/\/elsuperbeasto.com\/fi\/miten-paivamaaran-paikalliset-naiset\/\" \/>\n<meta property=\"og:site_name\" content=\"Quick Hookup\" \/>\n<meta property=\"og:image\" content=\"http:\/\/elsuperbeasto.com\/wp-content\/uploads\/2022\/08\/sexy-time.jpeg\" \/>\n\t<meta property=\"og:image:width\" content=\"1001\" \/>\n\t<meta property=\"og:image:height\" content=\"1500\" \/>\n<meta name=\"twitter:card\" content=\"summary_large_image\" \/>\n<meta name=\"twitter:label1\" content=\"Arvioitu lukuaika\" \/>\n\t<meta name=\"twitter:data1\" content=\"2 minuuttia\" \/>\n<script type=\"application\/ld+json\" class=\"yoast-schema-graph\">{\"@context\":\"https:\/\/schema.org\",\"@graph\":[{\"@type\":\"WebSite\",\"@id\":\"https:\/\/elsuperbeasto.com\/#website\",\"url\":\"https:\/\/elsuperbeasto.com\/\",\"name\":\"Quick Hookup\",\"description\":\"Your Guide To Love\",\"potentialAction\":[{\"@type\":\"SearchAction\",\"target\":{\"@type\":\"EntryPoint\",\"urlTemplate\":\"https:\/\/elsuperbeasto.com\/?s={search_term_string}\"},\"query-input\":\"required name=search_term_string\"}],\"inLanguage\":\"fi\"},{\"@type\":\"ImageObject\",\"@id\":\"http:\/\/elsuperbeasto.com\/fi\/miten-paivamaaran-paikalliset-naiset\/#primaryimage\",\"inLanguage\":\"fi\",\"url\":\"http:\/\/elsuperbeasto.com\/wp-content\/uploads\/2022\/08\/sexy-time.jpeg\",\"contentUrl\":\"http:\/\/elsuperbeasto.com\/wp-content\/uploads\/2022\/08\/sexy-time.jpeg\",\"width\":1001,\"height\":1500},{\"@type\":\"WebPage\",\"@id\":\"http:\/\/elsuperbeasto.com\/fi\/miten-paivamaaran-paikalliset-naiset\/#webpage\",\"url\":\"http:\/\/elsuperbeasto.com\/fi\/miten-paivamaaran-paikalliset-naiset\/\",\"name\":\"Miten p\\u00e4iv\\u00e4m\\u00e4\\u00e4r\\u00e4n paikalliset naiset - Quick Hookup\",\"isPartOf\":{\"@id\":\"https:\/\/elsuperbeasto.com\/#website\"},\"primaryImageOfPage\":{\"@id\":\"http:\/\/elsuperbeasto.com\/fi\/miten-paivamaaran-paikalliset-naiset\/#primaryimage\"},\"datePublished\":\"2022-08-18T12:22:34+00:00\",\"dateModified\":\"2022-08-18T12:22:34+00:00\",\"breadcrumb\":{\"@id\":\"http:\/\/elsuperbeasto.com\/fi\/miten-paivamaaran-paikalliset-naiset\/#breadcrumb\"},\"inLanguage\":\"fi\",\"potentialAction\":[{\"@type\":\"ReadAction\",\"target\":[\"http:\/\/elsuperbeasto.com\/fi\/miten-paivamaaran-paikalliset-naiset\/\"]}]},{\"@type\":\"BreadcrumbList\",\"@id\":\"http:\/\/elsuperbeasto.com\/fi\/miten-paivamaaran-paikalliset-naiset\/#breadcrumb\",\"itemListElement\":[{\"@type\":\"ListItem\",\"position\":1,\"name\":\"Home\",\"item\":\"https:\/\/elsuperbeasto.com\/fi\/\"},{\"@type\":\"ListItem\",\"position\":2,\"name\":\"Miten p\\u00e4iv\\u00e4m\\u00e4\\u00e4r\\u00e4n paikalliset naiset\"}]}]}<\/script>\n<!-- \/ Yoast SEO plugin. -->","yoast_head_json":{"title":"Miten p\u00e4iv\u00e4m\u00e4\u00e4r\u00e4n paikalliset naiset - Quick Hookup","robots":{"index":"index","follow":"follow","max-snippet":"max-snippet:-1","max-image-preview":"max-image-preview:large","max-video-preview":"max-video-preview:-1"},"canonical":"http:\/\/elsuperbeasto.com\/fi\/miten-paivamaaran-paikalliset-naiset\/","og_locale":"fi_FI","og_type":"article","og_title":"Miten p\u00e4iv\u00e4m\u00e4\u00e4r\u00e4n paikalliset naiset - Quick Hookup","og_description":"Oletko kyll\u00e4stynyt deittailemaan tytt\u00f6j\u00e4 kaukaa? Haluatko l\u00f6yt\u00e4\u00e4 tytt\u00f6yst\u00e4v\u00e4n l\u00e4hemp\u00e4\u00e4 kotia? T\u00e4ss\u00e4 artikkelissa, me kattaa 3 vinkkej\u00e4, joiden avulla voit l\u00f6yt\u00e4\u00e4 paikallisen tyt\u00f6n dating. Etsi paikallisia naisia verkossa T\u00e4rkeimm\u00e4t asiat ensin. Jos haluat l\u00f6yt\u00e4\u00e4 paikallisen naisen treffeille, sinun on l\u00f6ydett\u00e4v\u00e4 h\u00e4net&hellip; Continue Reading &rarr;","og_url":"http:\/\/elsuperbeasto.com\/fi\/miten-paivamaaran-paikalliset-naiset\/","og_site_name":"Quick Hookup","og_image":[{"width":1001,"height":1500,"url":"http:\/\/elsuperbeasto.com\/wp-content\/uploads\/2022\/08\/sexy-time.jpeg","type":"image\/jpeg"}],"twitter_card":"summary_large_image","twitter_misc":{"Arvioitu lukuaika":"2 minuuttia"},"schema":{"@context":"https:\/\/schema.org","@graph":[{"@type":"WebSite","@id":"https:\/\/elsuperbeasto.com\/#website","url":"https:\/\/elsuperbeasto.com\/","name":"Quick Hookup","description":"Your Guide To Love","potentialAction":[{"@type":"SearchAction","target":{"@type":"EntryPoint","urlTemplate":"https:\/\/elsuperbeasto.com\/?s={search_term_string}"},"query-input":"required name=search_term_string"}],"inLanguage":"fi"},{"@type":"ImageObject","@id":"http:\/\/elsuperbeasto.com\/fi\/miten-paivamaaran-paikalliset-naiset\/#primaryimage","inLanguage":"fi","url":"http:\/\/elsuperbeasto.com\/wp-content\/uploads\/2022\/08\/sexy-time.jpeg","contentUrl":"http:\/\/elsuperbeasto.com\/wp-content\/uploads\/2022\/08\/sexy-time.jpeg","width":1001,"height":1500},{"@type":"WebPage","@id":"http:\/\/elsuperbeasto.com\/fi\/miten-paivamaaran-paikalliset-naiset\/#webpage","url":"http:\/\/elsuperbeasto.com\/fi\/miten-paivamaaran-paikalliset-naiset\/","name":"Miten p\u00e4iv\u00e4m\u00e4\u00e4r\u00e4n paikalliset naiset - Quick Hookup","isPartOf":{"@id":"https:\/\/elsuperbeasto.com\/#website"},"primaryImageOfPage":{"@id":"http:\/\/elsuperbeasto.com\/fi\/miten-paivamaaran-paikalliset-naiset\/#primaryimage"},"datePublished":"2022-08-18T12:22:34+00:00","dateModified":"2022-08-18T12:22:34+00:00","breadcrumb":{"@id":"http:\/\/elsuperbeasto.com\/fi\/miten-paivamaaran-paikalliset-naiset\/#breadcrumb"},"inLanguage":"fi","potentialAction":[{"@type":"ReadAction","target":["http:\/\/elsuperbeasto.com\/fi\/miten-paivamaaran-paikalliset-naiset\/"]}]},{"@type":"BreadcrumbList","@id":"http:\/\/elsuperbeasto.com\/fi\/miten-paivamaaran-paikalliset-naiset\/#breadcrumb","itemListElement":[{"@type":"ListItem","position":1,"name":"Home","item":"https:\/\/elsuperbeasto.com\/fi\/"},{"@type":"ListItem","position":2,"name":"Miten p\u00e4iv\u00e4m\u00e4\u00e4r\u00e4n paikalliset naiset"}]}]}},"_links":{"self":[{"href":"http:\/\/elsuperbeasto.com\/fi\/wp-json\/wp\/v2\/pages\/329"}],"collection":[{"href":"http:\/\/elsuperbeasto.com\/fi\/wp-json\/wp\/v2\/pages"}],"about":[{"href":"http:\/\/elsuperbeasto.com\/fi\/wp-json\/wp\/v2\/types\/page"}],"author":[{"embeddable":true,"href":"http:\/\/elsuperbeasto.com\/fi\/wp-json\/wp\/v2\/users\/1"}],"replies":[{"embeddable":true,"href":"http:\/\/elsuperbeasto.com\/fi\/wp-json\/wp\/v2\/comments?post=329"}],"version-history":[{"count":0,"href":"http:\/\/elsuperbeasto.com\/fi\/wp-json\/wp\/v2\/pages\/329\/revisions"}],"wp:featuredmedia":[{"embeddable":true,"href":"http:\/\/elsuperbeasto.com\/fi\/wp-json\/wp\/v2\/media\/157"}],"wp:attachment":[{"href":"http:\/\/elsuperbeasto.com\/fi\/wp-json\/wp\/v2\/media?parent=329"}],"curies":[{"name":"wp","href":"https:\/\/api.w.org\/{rel}","templated":true}]}}