{"id":308,"date":"2022-08-18T13:39:07","date_gmt":"2022-08-18T12:39:07","guid":{"rendered":"http:\/\/elsuperbeasto.com\/dating-a-mature-milf\/"},"modified":"2022-08-18T13:39:07","modified_gmt":"2022-08-18T12:39:07","slug":"dating-a-mature-milf","status":"publish","type":"page","link":"http:\/\/elsuperbeasto.com\/fi\/dating-a-mature-milf\/","title":{"rendered":"Dating A Mature Milf?"},"content":{"rendered":"<p>Kyps\u00e4t sinkut etsiv\u00e4t rakkautta ja romantiikkaa. Jos haluat l\u00f6yt\u00e4\u00e4 heid\u00e4t, sinun on oltava k\u00e4rsiv\u00e4llinen ja odotettava, ett\u00e4 he tulevat luoksesi. Paras tapa tavata aikuisia sinkkuja on deittisivustojen, kuten Match.com, eHarmony, OkCupid jne., kautta. On useita paikkoja, joissa voit l\u00f6yt\u00e4\u00e4 vanhempia naisia, jotka etsiv\u00e4t seksi\u00e4. Paras paikka aloittaa on Craigslist.com. T\u00e4ll\u00e4 sivustolla on tuhansia p\u00e4ivitt\u00e4in l\u00e4hetettyj\u00e4 mainoksia kaikkialta maailmasta. Toinen hyv\u00e4 vaihtoehto on Backpage.com. T\u00e4ll\u00e4 sivustolla on my\u00f6s miljoonia luetteloita saattajista ja aikuisten palveluista.<\/p>\n<p>T\u00e4m\u00e4n luvun odotetaan kasvavan edelleen, kun yh\u00e4 useammat aikuiset tulevat toimeen teknologian kanssa ja tuntevat olonsa turvalliseksi ilmaistessaan itse\u00e4\u00e4n verkossa. T\u00e4m\u00e4n seurauksena internetiss\u00e4 on monia aikuisten deittisivustoja. N\u00e4iden sivustojen avulla kyps\u00e4t aikuiset voivat tavata ja olla vuorovaikutuksessa muiden j\u00e4senten kanssa yhteisten kiinnostuksen kohteiden perusteella. Uusien ihmisten tapaamisen lis\u00e4ksi n\u00e4m\u00e4 sivustot tarjoavat k\u00e4ytt\u00e4jille p\u00e4\u00e4syn eksklusiiviseen sis\u00e4lt\u00f6\u00f6n ja ty\u00f6kaluihin, jotka on suunniteltu parantamaan viestint\u00e4\u00e4 ja luomaan kest\u00e4vi\u00e4 suhteita. Vaikka kyps\u00e4 dating sivustoja vaihtelevat suuresti kannalta j\u00e4senmaksut, k\u00e4ytt\u00f6liittym\u00e4, ja yleinen laatu, Seuraavat ovat joitakin alkuun kyps\u00e4 dating sivustoja t\u00e4ll\u00e4 hetkell\u00e4 saatavilla verkossa.<\/p>\n<h2>Parhaat valintamme:<\/h2>\n<p>On olemassa <a href=\"http:\/\/elsuperbeasto.com\/fi\/miten-nsa-hookups-toimivat\/\">useita sivustoja<\/a>, jotka tarjoavat vanhempi dating sivustoja, kuten Senior Matchmaker, Senior People Meet, ja SeniorsMeet. N\u00e4ill\u00e4 sivustoilla k\u00e4ytt\u00e4j\u00e4t voivat etsi\u00e4 muita j\u00e4seni\u00e4 i\u00e4n, sijainnin, kiinnostuksen kohteiden ja harrastusten perusteella.<\/p>\n<p>Haluamme kuitenkin antaa sinulle joitakin vaihtoehtoja suosituille vaihtoehdoille.<\/p>\n<h3>YourTango<\/h3>\n<p>YourTango on ilmainen online dating foorumi, joka palvelee ensisijaisesti nuoria aikuisia. T\u00e4m\u00e4 tarkoittaa, ett\u00e4 YourTango on keskittynyt yhdist\u00e4m\u00e4\u00e4n parikymppisi\u00e4 ja kolmekymppisi\u00e4 sinkkuja.<\/p>\n<p>Se on samanlainen kuin muutkin kyps\u00e4t aikuisten treffisivustot, sill\u00e4 se ei vaadi maksullista tilausta rekister\u00f6ity\u00e4kseen. Sill\u00e4 on kuitenkin pieni valikoima premium-ominaisuuksia, jotka maksavat 9,99 dollaria kuukaudessa. Sen p\u00e4\u00e4paino on pitk\u00e4kestoisten yhteyksien luomisessa k\u00e4ytt\u00e4jien v\u00e4lille. T\u00e4t\u00e4 varten se tarjoaa eritt\u00e4in vuorovaikutteisen kokemuksen, jossa k\u00e4ytt\u00e4j\u00e4t voivat ilmaista itse\u00e4\u00e4n vapaasti.<\/p>\n<p>K\u00e4ytt\u00e4j\u00e4t voivat julkaista artikkeleita, videoita ja kuvia profiilisivuillaan. He voivat my\u00f6s j\u00e4tt\u00e4\u00e4 kommentteja muiden j\u00e4senten kirjoituksiin. Saatavana sek\u00e4 iOS- ett\u00e4 Android-laitteille.<\/p>\n<h3>Zoosk<\/h3>\n<p>Zoosk on ilmainen online dating sivusto, joka palvelee ensisijaisesti yhden ammattilaisen. T\u00e4m\u00e4 tarkoittaa, ett\u00e4 Zoosk on suunnattu kypsille aikuisille, jotka haluavat seurustella oman alansa sis\u00e4ll\u00e4. Se on samanlainen kuin muutkin kyps\u00e4t deittisivustot, sill\u00e4 se ei vaadi maksua rekister\u00f6itymisest\u00e4. kuitenkin, toisin kuin muut kyps\u00e4t dating sivustot, Zoosk veloittaa kuukausimaksun palkkio tilej\u00e4. Perustili sis\u00e4lt\u00e4\u00e4 rajoittamattoman m\u00e4\u00e4r\u00e4n viestej\u00e4 ja selausominaisuuksia. Premium-j\u00e4senyydet sis\u00e4lt\u00e4v\u00e4t p\u00e4\u00e4syn lis\u00e4ominaisuuksiin, kuten parannettuihin haku- ja katseluvaihtoehtoihin.<\/p>\n<h3>ChristianMingle<\/h3>\n<p>ChristianMingle on johtava kyps\u00e4 dating sivusto, joka katalysoi yksinomaan kristittyj\u00e4. Vaikka t\u00e4m\u00e4 saattaa ensi silm\u00e4yksell\u00e4 vaikuttaa rajoittavalta, t\u00e4m\u00e4 sovellus itse asiassa rohkaisee k\u00e4ytt\u00e4ji\u00e4 laajentamaan n\u00e4k\u00f6alojaan uskonnollisen vakaumuksensa ulkopuolelle. Siihen on t\u00e4ysin ilmainen liitty\u00e4, ja se tarjoaa k\u00e4ytt\u00e4jille kattavan luettelon ominaisuuksista. K\u00e4ytt\u00e4j\u00e4t voivat esimerkiksi lukea yksityiskohtaisia el\u00e4m\u00e4kertoja, katsella valokuvia, lis\u00e4t\u00e4 suosikkeja ja arvioida j\u00e4seni\u00e4.<\/p>\n<p>He voivat my\u00f6s l\u00e4hett\u00e4\u00e4 kysymyksi\u00e4 ja pyyt\u00e4\u00e4 neuvoja muilta j\u00e4senilt\u00e4. Lis\u00e4ksi se tarjoaa yksityisviestitoiminnon, jonka avulla k\u00e4ytt\u00e4j\u00e4t voivat keskustella yksityisesti aiheista ilman pelkoa tuomitsemisesta. Voit kokeilla tarjouksia premium-tilauksen, joka sis\u00e4lt\u00e4\u00e4 p\u00e4\u00e4syn yksinoikeudella sis\u00e4lt\u00f6\u00f6n ja ominaisuuksiin.<\/p>\n<h3>Tulitikku<\/h3>\n<p>Vaikka Match.com on markkinoiden vanhin aikuisten deittisivusto, se on edelleen yksi suosituimmista. T\u00e4m\u00e4 sivusto perustettiin vuonna 1995, ja sill\u00e4 on nyt yli 11 miljoonaa aktiivista j\u00e4sent\u00e4 maailmanlaajuisesti.<\/p>\n<p>Sit\u00e4 pidet\u00e4\u00e4n yhten\u00e4 parhaista kypsist\u00e4 deittisivustoista, koska se tarjoaa k\u00e4ytt\u00e4jille monenlaisia ominaisuuksia ja palveluja. K\u00e4ytt\u00e4j\u00e4t voivat esimerkiksi etsi\u00e4 mahdollisia kumppaneita i\u00e4n, sukupuolen, el\u00e4m\u00e4ntavan, uran, uskonnon ja etnisen alkuper\u00e4n perusteella. Lis\u00e4ksi se tarjoaa j\u00e4senille mahdollisuuden jakaa valokuvia ja videoita, saada henkil\u00f6kohtaisia suosituksia ja olla yhteydess\u00e4 sosiaalisen median verkostojen kautta.<\/p>\n<h2>P\u00e4\u00e4telm\u00e4<\/h2>\n<p>\u00c4l\u00e4 k\u00e4yt\u00e4 aikaasi MILFien etsimiseen, ellet ole valmis antamaan heille kaikkea, mit\u00e4 he haluavat. Aina l\u00f6ytyy joku muu, joka haluaa kohdella heit\u00e4 kuin seksijumalattaria, joka he todella ovat.<\/p>\n","protected":false},"excerpt":{"rendered":"<p>Kyps\u00e4t sinkut etsiv\u00e4t rakkautta ja romantiikkaa. Jos haluat l\u00f6yt\u00e4\u00e4 heid\u00e4t, sinun on oltava k\u00e4rsiv\u00e4llinen ja odotettava, ett\u00e4 he tulevat luoksesi. Paras tapa tavata aikuisia sinkkuja on deittisivustojen, kuten Match.com, eHarmony, OkCupid jne., kautta. On useita paikkoja, joissa voit l\u00f6yt\u00e4\u00e4 vanhempia&hellip; <a href=\"http:\/\/elsuperbeasto.com\/fi\/dating-a-mature-milf\/\" class=\"more-link\">Continue Reading <span class=\"meta-nav\">&rarr;<\/span><\/a><\/p>\n","protected":false},"author":1,"featured_media":199,"parent":0,"menu_order":0,"comment_status":"closed","ping_status":"closed","template":"","meta":[],"yoast_head":"<!-- This site is optimized with the Yoast SEO plugin v17.7.1 - https:\/\/yoast.com\/wordpress\/plugins\/seo\/ -->\n<title>Dating A Mature Milf? - Quick Hookup<\/title>\n<meta name=\"robots\" content=\"index, follow, max-snippet:-1, max-image-preview:large, max-video-preview:-1\" \/>\n<link rel=\"canonical\" href=\"http:\/\/elsuperbeasto.com\/fi\/dating-a-mature-milf\/\" \/>\n<meta property=\"og:locale\" content=\"fi_FI\" \/>\n<meta property=\"og:type\" content=\"article\" \/>\n<meta property=\"og:title\" content=\"Dating A Mature Milf? - Quick Hookup\" \/>\n<meta property=\"og:description\" content=\"Kyps\u00e4t sinkut etsiv\u00e4t rakkautta ja romantiikkaa. Jos haluat l\u00f6yt\u00e4\u00e4 heid\u00e4t, sinun on oltava k\u00e4rsiv\u00e4llinen ja odotettava, ett\u00e4 he tulevat luoksesi. Paras tapa tavata aikuisia sinkkuja on deittisivustojen, kuten Match.com, eHarmony, OkCupid jne., kautta. On useita paikkoja, joissa voit l\u00f6yt\u00e4\u00e4 vanhempia&hellip; Continue Reading &rarr;\" \/>\n<meta property=\"og:url\" content=\"http:\/\/elsuperbeasto.com\/fi\/dating-a-mature-milf\/\" \/>\n<meta property=\"og:site_name\" content=\"Quick Hookup\" \/>\n<meta property=\"og:image\" content=\"https:\/\/elsuperbeasto.com\/wp-content\/uploads\/2022\/08\/be-mine.jpeg\" \/>\n\t<meta property=\"og:image:width\" content=\"2250\" \/>\n\t<meta property=\"og:image:height\" content=\"1500\" \/>\n<meta name=\"twitter:card\" content=\"summary_large_image\" \/>\n<meta name=\"twitter:label1\" content=\"Arvioitu lukuaika\" \/>\n\t<meta name=\"twitter:data1\" content=\"3 minuuttia\" \/>\n<script type=\"application\/ld+json\" class=\"yoast-schema-graph\">{\"@context\":\"https:\/\/schema.org\",\"@graph\":[{\"@type\":\"WebSite\",\"@id\":\"https:\/\/elsuperbeasto.com\/#website\",\"url\":\"https:\/\/elsuperbeasto.com\/\",\"name\":\"Quick Hookup\",\"description\":\"Your Guide To Love\",\"potentialAction\":[{\"@type\":\"SearchAction\",\"target\":{\"@type\":\"EntryPoint\",\"urlTemplate\":\"https:\/\/elsuperbeasto.com\/?s={search_term_string}\"},\"query-input\":\"required name=search_term_string\"}],\"inLanguage\":\"fi\"},{\"@type\":\"ImageObject\",\"@id\":\"http:\/\/elsuperbeasto.com\/fi\/dating-a-mature-milf\/#primaryimage\",\"inLanguage\":\"fi\",\"url\":\"http:\/\/elsuperbeasto.com\/wp-content\/uploads\/2022\/08\/be-mine.jpeg\",\"contentUrl\":\"http:\/\/elsuperbeasto.com\/wp-content\/uploads\/2022\/08\/be-mine.jpeg\",\"width\":2250,\"height\":1500},{\"@type\":\"WebPage\",\"@id\":\"http:\/\/elsuperbeasto.com\/fi\/dating-a-mature-milf\/#webpage\",\"url\":\"http:\/\/elsuperbeasto.com\/fi\/dating-a-mature-milf\/\",\"name\":\"Dating A Mature Milf? - Quick Hookup\",\"isPartOf\":{\"@id\":\"https:\/\/elsuperbeasto.com\/#website\"},\"primaryImageOfPage\":{\"@id\":\"http:\/\/elsuperbeasto.com\/fi\/dating-a-mature-milf\/#primaryimage\"},\"datePublished\":\"2022-08-18T12:39:07+00:00\",\"dateModified\":\"2022-08-18T12:39:07+00:00\",\"breadcrumb\":{\"@id\":\"http:\/\/elsuperbeasto.com\/fi\/dating-a-mature-milf\/#breadcrumb\"},\"inLanguage\":\"fi\",\"potentialAction\":[{\"@type\":\"ReadAction\",\"target\":[\"http:\/\/elsuperbeasto.com\/fi\/dating-a-mature-milf\/\"]}]},{\"@type\":\"BreadcrumbList\",\"@id\":\"http:\/\/elsuperbeasto.com\/fi\/dating-a-mature-milf\/#breadcrumb\",\"itemListElement\":[{\"@type\":\"ListItem\",\"position\":1,\"name\":\"Home\",\"item\":\"https:\/\/elsuperbeasto.com\/fi\/\"},{\"@type\":\"ListItem\",\"position\":2,\"name\":\"Dating A Mature Milf?\"}]}]}<\/script>\n<!-- \/ Yoast SEO plugin. -->","yoast_head_json":{"title":"Dating A Mature Milf? - Quick Hookup","robots":{"index":"index","follow":"follow","max-snippet":"max-snippet:-1","max-image-preview":"max-image-preview:large","max-video-preview":"max-video-preview:-1"},"canonical":"http:\/\/elsuperbeasto.com\/fi\/dating-a-mature-milf\/","og_locale":"fi_FI","og_type":"article","og_title":"Dating A Mature Milf? - Quick Hookup","og_description":"Kyps\u00e4t sinkut etsiv\u00e4t rakkautta ja romantiikkaa. Jos haluat l\u00f6yt\u00e4\u00e4 heid\u00e4t, sinun on oltava k\u00e4rsiv\u00e4llinen ja odotettava, ett\u00e4 he tulevat luoksesi. Paras tapa tavata aikuisia sinkkuja on deittisivustojen, kuten Match.com, eHarmony, OkCupid jne., kautta. On useita paikkoja, joissa voit l\u00f6yt\u00e4\u00e4 vanhempia&hellip; Continue Reading &rarr;","og_url":"http:\/\/elsuperbeasto.com\/fi\/dating-a-mature-milf\/","og_site_name":"Quick Hookup","og_image":[{"width":2250,"height":1500,"url":"https:\/\/elsuperbeasto.com\/wp-content\/uploads\/2022\/08\/be-mine.jpeg","type":"image\/jpeg"}],"twitter_card":"summary_large_image","twitter_misc":{"Arvioitu lukuaika":"3 minuuttia"},"schema":{"@context":"https:\/\/schema.org","@graph":[{"@type":"WebSite","@id":"https:\/\/elsuperbeasto.com\/#website","url":"https:\/\/elsuperbeasto.com\/","name":"Quick Hookup","description":"Your Guide To Love","potentialAction":[{"@type":"SearchAction","target":{"@type":"EntryPoint","urlTemplate":"https:\/\/elsuperbeasto.com\/?s={search_term_string}"},"query-input":"required name=search_term_string"}],"inLanguage":"fi"},{"@type":"ImageObject","@id":"http:\/\/elsuperbeasto.com\/fi\/dating-a-mature-milf\/#primaryimage","inLanguage":"fi","url":"http:\/\/elsuperbeasto.com\/wp-content\/uploads\/2022\/08\/be-mine.jpeg","contentUrl":"http:\/\/elsuperbeasto.com\/wp-content\/uploads\/2022\/08\/be-mine.jpeg","width":2250,"height":1500},{"@type":"WebPage","@id":"http:\/\/elsuperbeasto.com\/fi\/dating-a-mature-milf\/#webpage","url":"http:\/\/elsuperbeasto.com\/fi\/dating-a-mature-milf\/","name":"Dating A Mature Milf? - Quick Hookup","isPartOf":{"@id":"https:\/\/elsuperbeasto.com\/#website"},"primaryImageOfPage":{"@id":"http:\/\/elsuperbeasto.com\/fi\/dating-a-mature-milf\/#primaryimage"},"datePublished":"2022-08-18T12:39:07+00:00","dateModified":"2022-08-18T12:39:07+00:00","breadcrumb":{"@id":"http:\/\/elsuperbeasto.com\/fi\/dating-a-mature-milf\/#breadcrumb"},"inLanguage":"fi","potentialAction":[{"@type":"ReadAction","target":["http:\/\/elsuperbeasto.com\/fi\/dating-a-mature-milf\/"]}]},{"@type":"BreadcrumbList","@id":"http:\/\/elsuperbeasto.com\/fi\/dating-a-mature-milf\/#breadcrumb","itemListElement":[{"@type":"ListItem","position":1,"name":"Home","item":"https:\/\/elsuperbeasto.com\/fi\/"},{"@type":"ListItem","position":2,"name":"Dating A Mature Milf?"}]}]}},"_links":{"self":[{"href":"http:\/\/elsuperbeasto.com\/fi\/wp-json\/wp\/v2\/pages\/308"}],"collection":[{"href":"http:\/\/elsuperbeasto.com\/fi\/wp-json\/wp\/v2\/pages"}],"about":[{"href":"http:\/\/elsuperbeasto.com\/fi\/wp-json\/wp\/v2\/types\/page"}],"author":[{"embeddable":true,"href":"http:\/\/elsuperbeasto.com\/fi\/wp-json\/wp\/v2\/users\/1"}],"replies":[{"embeddable":true,"href":"http:\/\/elsuperbeasto.com\/fi\/wp-json\/wp\/v2\/comments?post=308"}],"version-history":[{"count":0,"href":"http:\/\/elsuperbeasto.com\/fi\/wp-json\/wp\/v2\/pages\/308\/revisions"}],"wp:featuredmedia":[{"embeddable":true,"href":"http:\/\/elsuperbeasto.com\/fi\/wp-json\/wp\/v2\/media\/199"}],"wp:attachment":[{"href":"http:\/\/elsuperbeasto.com\/fi\/wp-json\/wp\/v2\/media?parent=308"}],"curies":[{"name":"wp","href":"https:\/\/api.w.org\/{rel}","templated":true}]}}