{"id":291,"date":"2022-08-18T13:39:47","date_gmt":"2022-08-18T12:39:47","guid":{"rendered":"http:\/\/elsuperbeasto.com\/mummi-dating-sovellukset\/"},"modified":"2022-08-18T13:39:47","modified_gmt":"2022-08-18T12:39:47","slug":"mummi-dating-sovellukset","status":"publish","type":"page","link":"http:\/\/elsuperbeasto.com\/fi\/mummi-dating-sovellukset\/","title":{"rendered":"Mummi dating sovellukset"},"content":{"rendered":"<p>Granny dating sivustot tarjoavat vanhemmille naisille mahdollisuuden <a href=\"http:\/\/elsuperbeasto.com\/fi\/dating-a-mature-milf\/\">tavata nuorempia miehi\u00e4, jotka haluavat seurustella heid\u00e4n kanssaan<\/a>. Sivusto on ollut toiminnassa vuodesta 2006, ja sill\u00e4 on t\u00e4ll\u00e4 hetkell\u00e4 l\u00e4hes miljoona j\u00e4sent\u00e4 eri puolilta maailmaa. Maksuja ei perit\u00e4, ja k\u00e4ytt\u00e4j\u00e4t voivat selata profiileja i\u00e4n, sijainnin, kiinnostuksen kohteiden ja seksuaalisten mieltymysten perusteella.<\/p>\n<p>Jos haluat naida paikallista mummoa, mene h\u00e4nen kotiinsa. H\u00e4n on hyvin innoissaan, kun h\u00e4n n\u00e4kee sinut ovellaan. Pyyd\u00e4 sitten lupaa p\u00e4\u00e4st\u00e4 h\u00e4nen kotiinsa. Kun h\u00e4n antaa sinulle luvan, sinun on alettava suudella h\u00e4nt\u00e4 kaikkialle h\u00e4nen kasvoilleen, kaulalleen, rinnoilleen ja pillulleen. Sen j\u00e4lkeen sinun pit\u00e4isi ty\u00f6nt\u00e4\u00e4 kyrp\u00e4si hitaasti h\u00e4nen em\u00e4ttimeens\u00e4, kunnes ejakuloit h\u00e4nen sis\u00e4\u00e4ns\u00e4.<\/p>\n<h2>Match.com<\/h2>\n<p>Match.com on Pohjois-Amerikan suurin deittisivusto. Match.comilla on yli 10 miljoonaa rekister\u00f6itynytt\u00e4 k\u00e4ytt\u00e4j\u00e4\u00e4, ja se tarjoaa laajan valikoiman palveluja ja resursseja, jotka auttavat k\u00e4ytt\u00e4ji\u00e4 l\u00f6yt\u00e4m\u00e4\u00e4n rakkauden. Match.com antaa k\u00e4ytt\u00e4jien etsi\u00e4 mahdollisia kumppaneita sijainnin, yhteisten kiinnostuksen kohteiden, harrastusten, ammatin, uskonnon ja koulutuksen perusteella. K\u00e4ytt\u00e4j\u00e4t voivat my\u00f6s asettaa sukupuolta, etnist\u00e4 alkuper\u00e4\u00e4, parisuhdetta ja seksuaalista suuntautumista koskevia asetuksia.<\/p>\n<p>K\u00e4ytt\u00e4j\u00e4t voivat selata profiileja, l\u00e4hett\u00e4\u00e4 vinkkej\u00e4, katsella valokuvia ja osallistua live-chatteihin web-kameran v\u00e4lityksell\u00e4. J\u00e4senet voivat my\u00f6s vaihtaa s\u00e4hk\u00f6posteja ja pikaviestej\u00e4, sopia virtuaalikokouksia ja pyyt\u00e4\u00e4 puheluita. Se on ilmainen ja tarjoaa vankan mobiilisovelluksen iPhone-, Android-, BlackBerry-, Windows Phone- ja iPad-laitteille.<\/p>\n<h2>eHarmony<\/h2>\n<p>eHarmony on toinen johtava kyps\u00e4 dating sivusto, joka palvelee yksinomaan kypsille aikuisille. Toisin kuin perinteiset matchmaking-palvelut, eHarmony ei peri k\u00e4ytt\u00e4jilt\u00e4 mit\u00e4\u00e4n maksuja. Sen sijaan se nojaa yksinomaan j\u00e4sentilauksista saataviin mainostuloihin. Se v\u00e4itt\u00e4\u00e4 k\u00e4ytt\u00e4v\u00e4ns\u00e4 tieteellist\u00e4 matching-j\u00e4rjestelm\u00e4\u00e4, jonka avulla se yhdist\u00e4\u00e4 k\u00e4ytt\u00e4ji\u00e4 yhteensopivuustekij\u00f6iden, kuten persoonallisuuden piirteiden, arvojen ja el\u00e4m\u00e4ntyylien perusteella. J\u00e4senet voivat luoda profiilin, joka kuvaa heid\u00e4n henkil\u00f6kohtaisia ominaisuuksiaan, mieltymyksi\u00e4\u00e4n, vastenmielisyyksi\u00e4\u00e4n ja tapojaan. Sen j\u00e4lkeen he voivat k\u00e4ytt\u00e4\u00e4 sivuston kehittynytt\u00e4 hakukonetta rajaamaan mahdollisia vastineita tiettyjen kriteerien mukaan. Kun k\u00e4ytt\u00e4j\u00e4 l\u00f6yt\u00e4\u00e4 sopivan ehdokkaan, h\u00e4n voi aloittaa yhteydenoton ja aloittaa s\u00e4hk\u00f6postien ja pikaviestien vaihdon. Molemmat osapuolet voivat valita, jatkavatko ne henkil\u00f6kohtaiseen tapaamiseen.<\/p>\n<h2>POF<\/h2>\n<p>PlentyofFish on ilmainen online-deittisivusto, joka on suunnattu ensisijaisesti kypsille aikuisille. Sivusto on tunnettu siit\u00e4, ett\u00e4 se on hyvin osallistava ja hyv\u00e4ksyy monenlaisia ihmisi\u00e4. Toisin kuin muut kyps\u00e4t dating sivustot, Se ei vaadi k\u00e4ytt\u00e4ji\u00e4 maksamaan tilausmaksua. Sen sijaan se tuottaa tuloja mainonnan avulla. Se tarjoaa useita eri viestint\u00e4tapoja, kuten s\u00e4hk\u00f6postin, pikaviestinn\u00e4n, \u00e4\u00e4nikeskustelun ja videokeskustelun. Sen mobiilisovellukset ovat saatavilla iOS\/Android-k\u00e4ytt\u00f6j\u00e4rjestelmille.<\/p>\n<h2>OkCupid<\/h2>\n<p>OkCupid on ilmainen online-deittipalvelu, joka keskittyy ensisijaisesti l\u00f6yt\u00e4m\u00e4\u00e4n yhteensopivia kumppaneita rento dating. Sivustolla on yli 12 miljoonaa k\u00e4vij\u00e4\u00e4 kuukaudessa, ja k\u00e4ytt\u00e4jien on helppo selata tuhansia profiileja ja kommunikoida muiden kanssa s\u00e4hk\u00f6postitse, tekstiviesteill\u00e4 ja videokeskusteluilla.<\/p>\n<p>OkCupidissa k\u00e4ytt\u00e4j\u00e4t voivat ladata kuvia, kirjoittaa itsest\u00e4\u00e4n ja kuvata, mit\u00e4 he etsiv\u00e4t kumppanilta. Muut k\u00e4ytt\u00e4j\u00e4t voivat vastata heid\u00e4n viesteihins\u00e4 ja n\u00e4hd\u00e4, sopivatko he heid\u00e4n ihannetyyppiins\u00e4. Se on ilmainen eik\u00e4 vaadi rekister\u00f6itymist\u00e4. Se tarjoaa my\u00f6s vankan mobiilisovelluksen, joka toimii useilla alustoilla.<\/p>\n<h2>Puuman l\u00f6yt\u00e4minen sinulle<\/h2>\n<p>Puumat ja nuoremmat kaverit viihtyv\u00e4t t\u00e4ss\u00e4 deittisovelluksessa. Sovelluksessa on monia ominaisuuksia, jotka auttavat k\u00e4ytt\u00e4ji\u00e4 yhteydenpidossa. Voit esimerkiksi n\u00e4hd\u00e4 yst\u00e4viesi hetki\u00e4 ja viestej\u00e4. Voit my\u00f6s l\u00e4hett\u00e4\u00e4 viestej\u00e4 ja jakaa valokuvia. Ja on paljon muitakin vaihtoehtoja. Suurin osa t\u00e4m\u00e4n deittisovelluksen miehist\u00e4 on kuitenkin sinua vanhempia.<\/p>\n<p>Sinun pit\u00e4isi olla valmis tapaamaan mummoseksikumppanisi milloin tahansa rentoa hauskanpitoa varten.<\/p>\n","protected":false},"excerpt":{"rendered":"<p>Granny dating sivustot tarjoavat vanhemmille naisille mahdollisuuden tavata nuorempia miehi\u00e4, jotka haluavat seurustella heid\u00e4n kanssaan. Sivusto on ollut toiminnassa vuodesta 2006, ja sill\u00e4 on t\u00e4ll\u00e4 hetkell\u00e4 l\u00e4hes miljoona j\u00e4sent\u00e4 eri puolilta maailmaa. Maksuja ei perit\u00e4, ja k\u00e4ytt\u00e4j\u00e4t voivat selata profiileja&hellip; <a href=\"http:\/\/elsuperbeasto.com\/fi\/mummi-dating-sovellukset\/\" class=\"more-link\">Continue Reading <span class=\"meta-nav\">&rarr;<\/span><\/a><\/p>\n","protected":false},"author":1,"featured_media":227,"parent":0,"menu_order":0,"comment_status":"closed","ping_status":"closed","template":"","meta":[],"yoast_head":"<!-- This site is optimized with the Yoast SEO plugin v17.7.1 - https:\/\/yoast.com\/wordpress\/plugins\/seo\/ -->\n<title>Mummi dating sovellukset - Quick Hookup<\/title>\n<meta name=\"robots\" content=\"index, follow, max-snippet:-1, max-image-preview:large, max-video-preview:-1\" \/>\n<link rel=\"canonical\" href=\"http:\/\/elsuperbeasto.com\/fi\/mummi-dating-sovellukset\/\" \/>\n<meta property=\"og:locale\" content=\"fi_FI\" \/>\n<meta property=\"og:type\" content=\"article\" \/>\n<meta property=\"og:title\" content=\"Mummi dating sovellukset - Quick Hookup\" \/>\n<meta property=\"og:description\" content=\"Granny dating sivustot tarjoavat vanhemmille naisille mahdollisuuden tavata nuorempia miehi\u00e4, jotka haluavat seurustella heid\u00e4n kanssaan. Sivusto on ollut toiminnassa vuodesta 2006, ja sill\u00e4 on t\u00e4ll\u00e4 hetkell\u00e4 l\u00e4hes miljoona j\u00e4sent\u00e4 eri puolilta maailmaa. Maksuja ei perit\u00e4, ja k\u00e4ytt\u00e4j\u00e4t voivat selata profiileja&hellip; Continue Reading &rarr;\" \/>\n<meta property=\"og:url\" content=\"http:\/\/elsuperbeasto.com\/fi\/mummi-dating-sovellukset\/\" \/>\n<meta property=\"og:site_name\" content=\"Quick Hookup\" \/>\n<meta name=\"twitter:card\" content=\"summary_large_image\" \/>\n<meta name=\"twitter:image\" content=\"http:\/\/elsuperbeasto.com\/wp-content\/uploads\/2022\/08\/find-sex-on-apps.webp\" \/>\n<meta name=\"twitter:label1\" content=\"Arvioitu lukuaika\" \/>\n\t<meta name=\"twitter:data1\" content=\"3 minuuttia\" \/>\n<script type=\"application\/ld+json\" class=\"yoast-schema-graph\">{\"@context\":\"https:\/\/schema.org\",\"@graph\":[{\"@type\":\"WebSite\",\"@id\":\"https:\/\/elsuperbeasto.com\/#website\",\"url\":\"https:\/\/elsuperbeasto.com\/\",\"name\":\"Quick Hookup\",\"description\":\"Your Guide To Love\",\"potentialAction\":[{\"@type\":\"SearchAction\",\"target\":{\"@type\":\"EntryPoint\",\"urlTemplate\":\"https:\/\/elsuperbeasto.com\/?s={search_term_string}\"},\"query-input\":\"required name=search_term_string\"}],\"inLanguage\":\"fi\"},{\"@type\":\"ImageObject\",\"@id\":\"http:\/\/elsuperbeasto.com\/fi\/mummi-dating-sovellukset\/#primaryimage\",\"inLanguage\":\"fi\",\"url\":\"http:\/\/elsuperbeasto.com\/wp-content\/uploads\/2022\/08\/find-sex-on-apps.webp\",\"contentUrl\":\"http:\/\/elsuperbeasto.com\/wp-content\/uploads\/2022\/08\/find-sex-on-apps.webp\",\"width\":1125,\"height\":750},{\"@type\":\"WebPage\",\"@id\":\"http:\/\/elsuperbeasto.com\/fi\/mummi-dating-sovellukset\/#webpage\",\"url\":\"http:\/\/elsuperbeasto.com\/fi\/mummi-dating-sovellukset\/\",\"name\":\"Mummi dating sovellukset - Quick Hookup\",\"isPartOf\":{\"@id\":\"https:\/\/elsuperbeasto.com\/#website\"},\"primaryImageOfPage\":{\"@id\":\"http:\/\/elsuperbeasto.com\/fi\/mummi-dating-sovellukset\/#primaryimage\"},\"datePublished\":\"2022-08-18T12:39:47+00:00\",\"dateModified\":\"2022-08-18T12:39:47+00:00\",\"breadcrumb\":{\"@id\":\"http:\/\/elsuperbeasto.com\/fi\/mummi-dating-sovellukset\/#breadcrumb\"},\"inLanguage\":\"fi\",\"potentialAction\":[{\"@type\":\"ReadAction\",\"target\":[\"http:\/\/elsuperbeasto.com\/fi\/mummi-dating-sovellukset\/\"]}]},{\"@type\":\"BreadcrumbList\",\"@id\":\"http:\/\/elsuperbeasto.com\/fi\/mummi-dating-sovellukset\/#breadcrumb\",\"itemListElement\":[{\"@type\":\"ListItem\",\"position\":1,\"name\":\"Home\",\"item\":\"https:\/\/elsuperbeasto.com\/fi\/\"},{\"@type\":\"ListItem\",\"position\":2,\"name\":\"Mummi dating sovellukset\"}]}]}<\/script>\n<!-- \/ Yoast SEO plugin. -->","yoast_head_json":{"title":"Mummi dating sovellukset - Quick Hookup","robots":{"index":"index","follow":"follow","max-snippet":"max-snippet:-1","max-image-preview":"max-image-preview:large","max-video-preview":"max-video-preview:-1"},"canonical":"http:\/\/elsuperbeasto.com\/fi\/mummi-dating-sovellukset\/","og_locale":"fi_FI","og_type":"article","og_title":"Mummi dating sovellukset - Quick Hookup","og_description":"Granny dating sivustot tarjoavat vanhemmille naisille mahdollisuuden tavata nuorempia miehi\u00e4, jotka haluavat seurustella heid\u00e4n kanssaan. Sivusto on ollut toiminnassa vuodesta 2006, ja sill\u00e4 on t\u00e4ll\u00e4 hetkell\u00e4 l\u00e4hes miljoona j\u00e4sent\u00e4 eri puolilta maailmaa. Maksuja ei perit\u00e4, ja k\u00e4ytt\u00e4j\u00e4t voivat selata profiileja&hellip; Continue Reading &rarr;","og_url":"http:\/\/elsuperbeasto.com\/fi\/mummi-dating-sovellukset\/","og_site_name":"Quick Hookup","twitter_card":"summary_large_image","twitter_image":"http:\/\/elsuperbeasto.com\/wp-content\/uploads\/2022\/08\/find-sex-on-apps.webp","twitter_misc":{"Arvioitu lukuaika":"3 minuuttia"},"schema":{"@context":"https:\/\/schema.org","@graph":[{"@type":"WebSite","@id":"https:\/\/elsuperbeasto.com\/#website","url":"https:\/\/elsuperbeasto.com\/","name":"Quick Hookup","description":"Your Guide To Love","potentialAction":[{"@type":"SearchAction","target":{"@type":"EntryPoint","urlTemplate":"https:\/\/elsuperbeasto.com\/?s={search_term_string}"},"query-input":"required name=search_term_string"}],"inLanguage":"fi"},{"@type":"ImageObject","@id":"http:\/\/elsuperbeasto.com\/fi\/mummi-dating-sovellukset\/#primaryimage","inLanguage":"fi","url":"http:\/\/elsuperbeasto.com\/wp-content\/uploads\/2022\/08\/find-sex-on-apps.webp","contentUrl":"http:\/\/elsuperbeasto.com\/wp-content\/uploads\/2022\/08\/find-sex-on-apps.webp","width":1125,"height":750},{"@type":"WebPage","@id":"http:\/\/elsuperbeasto.com\/fi\/mummi-dating-sovellukset\/#webpage","url":"http:\/\/elsuperbeasto.com\/fi\/mummi-dating-sovellukset\/","name":"Mummi dating sovellukset - Quick Hookup","isPartOf":{"@id":"https:\/\/elsuperbeasto.com\/#website"},"primaryImageOfPage":{"@id":"http:\/\/elsuperbeasto.com\/fi\/mummi-dating-sovellukset\/#primaryimage"},"datePublished":"2022-08-18T12:39:47+00:00","dateModified":"2022-08-18T12:39:47+00:00","breadcrumb":{"@id":"http:\/\/elsuperbeasto.com\/fi\/mummi-dating-sovellukset\/#breadcrumb"},"inLanguage":"fi","potentialAction":[{"@type":"ReadAction","target":["http:\/\/elsuperbeasto.com\/fi\/mummi-dating-sovellukset\/"]}]},{"@type":"BreadcrumbList","@id":"http:\/\/elsuperbeasto.com\/fi\/mummi-dating-sovellukset\/#breadcrumb","itemListElement":[{"@type":"ListItem","position":1,"name":"Home","item":"https:\/\/elsuperbeasto.com\/fi\/"},{"@type":"ListItem","position":2,"name":"Mummi dating sovellukset"}]}]}},"_links":{"self":[{"href":"http:\/\/elsuperbeasto.com\/fi\/wp-json\/wp\/v2\/pages\/291"}],"collection":[{"href":"http:\/\/elsuperbeasto.com\/fi\/wp-json\/wp\/v2\/pages"}],"about":[{"href":"http:\/\/elsuperbeasto.com\/fi\/wp-json\/wp\/v2\/types\/page"}],"author":[{"embeddable":true,"href":"http:\/\/elsuperbeasto.com\/fi\/wp-json\/wp\/v2\/users\/1"}],"replies":[{"embeddable":true,"href":"http:\/\/elsuperbeasto.com\/fi\/wp-json\/wp\/v2\/comments?post=291"}],"version-history":[{"count":0,"href":"http:\/\/elsuperbeasto.com\/fi\/wp-json\/wp\/v2\/pages\/291\/revisions"}],"wp:featuredmedia":[{"embeddable":true,"href":"http:\/\/elsuperbeasto.com\/fi\/wp-json\/wp\/v2\/media\/227"}],"wp:attachment":[{"href":"http:\/\/elsuperbeasto.com\/fi\/wp-json\/wp\/v2\/media?parent=291"}],"curies":[{"name":"wp","href":"https:\/\/api.w.org\/{rel}","templated":true}]}}