{"id":282,"date":"2022-08-18T13:49:33","date_gmt":"2022-08-18T12:49:33","guid":{"rendered":"http:\/\/elsuperbeasto.com\/miten-tavata-lahistolla-singles\/"},"modified":"2022-08-18T13:49:33","modified_gmt":"2022-08-18T12:49:33","slug":"miten-tavata-lahistolla-singles","status":"publish","type":"page","link":"http:\/\/elsuperbeasto.com\/fi\/miten-tavata-lahistolla-singles\/","title":{"rendered":"Miten tavata l\u00e4hist\u00f6ll\u00e4 Singles"},"content":{"rendered":"<p>On olemassa monenlaisia ihmisi\u00e4, jotka etsiv\u00e4t rakkautta. Jotkut haluavat <a href=\"http:\/\/elsuperbeasto.com\/fi\/miten-paivamaaran-paikalliset-naiset\/\">seurustella jonkun oman uskontonsa, etnisyytens\u00e4, ik\u00e4ryhm\u00e4ns\u00e4<\/a> jne. edustajan kanssa, kun taas toiset haluavat vain l\u00f6yt\u00e4\u00e4 jonkun, jolla on samanlaiset kiinnostuksen kohteet. Jos olet yksi niist\u00e4 ihmisist\u00e4, jotka haluavat tavata jonkun erityisen, t\u00e4ss\u00e4 on muutamia hyvi\u00e4 vaihtoehtoja l\u00f6yt\u00e4\u00e4 samanhenkisi\u00e4 sinkkuja.<\/p>\n<h2>Neuvomme<\/h2>\n<p>Nettideittailusta on tullut yksi suosituimmista tavoista tavata mahdollisia romanttisia kumppaneita.<\/p>\n<p>Kun miljoonat sinkkumiehet ja -naiset k\u00e4ytt\u00e4v\u00e4t kuukausittain online-deittisivustoja, ei ole ihme, ett\u00e4 yh\u00e4 useammat parit k\u00e4ytt\u00e4v\u00e4t online-deittailua l\u00f6yt\u00e4\u00e4kseen sielunkumppaninsa. Suosiostaan huolimatta nettideittailuun liittyy kuitenkin edelleen paljon riskej\u00e4. Voi esimerkiksi olla vaikea sanoa, onko kiinnostunut henkil\u00f6 todella tosissaan suhteesta kanssasi.<\/p>\n<h3>K\u00e4yt\u00e4 ilmaisia kokeiluja ennen maksamista<\/h3>\n<p>Monet ihmiset ajattelevat, ett\u00e4 online-deittipalveluista maksaminen on v\u00e4ltt\u00e4m\u00e4t\u00f6n osa prosessia. T\u00e4m\u00e4 ei kuitenkaan ole totta. On paljon ilmaisia online-deittisivustoja, joilla voit rekister\u00f6ity\u00e4 ja selata profiileja ilman rahaa. Lis\u00e4ksi voit usein saada vastauksia kiinnostuksen kohteidesi, sijaintisi ja harrastustesi perusteella.<\/p>\n<h3>Tied\u00e4 mit\u00e4 haluat ennen kuin rekister\u00f6idyt mille tahansa sivustolle<\/h3>\n<p>Ennen kuin rekister\u00f6idyt mille tahansa sivustolle, mieti rauhassa, mit\u00e4 haluat kumppaniltasi. Asuuko h\u00e4n esimerkiksi l\u00e4hell\u00e4si? Jakaako h\u00e4n arvosi ja uskomuksesi? Onko teill\u00e4 samanlaisia tavoitteita el\u00e4m\u00e4ss\u00e4? N\u00e4m\u00e4 kysymykset auttavat sinua rajaamaan hakuasi ja antavat sinulle paremman k\u00e4sityksen siit\u00e4, mit\u00e4 etsit.<\/p>\n<h3>Ole rehellinen itsellesi<\/h3>\n<p>Muista lopuksi, ett\u00e4 rehellisyys on avainasemassa. Vaikka kuinka paljon luottaisit johonkuhun, \u00e4l\u00e4 koskaan valehtele itsellesi. Jos olet ep\u00e4varma jostakin asiasta, sano se sen sijaan, ett\u00e4 teeskentelet, ett\u00e4 kaikki on hyvin. N\u00e4in v\u00e4lt\u00e4t ajan tuhlaamisen huonoon otteluun ja s\u00e4\u00e4styt my\u00f6hemmin syyllisyydentunteelta.<\/p>\n<h2>Haluatko l\u00f6yt\u00e4\u00e4 treffit huomaamattomasti?<\/h2>\n<p>Ashley Madison on yksi suosituimmista deittisivustoista. Yli 30 miljoonaa j\u00e4sent\u00e4 ymp\u00e4ri maailmaa, joten ei ole ihme, miksi. Jos etsit huomaamatonta suhdetta, t\u00e4m\u00e4 voi olla t\u00e4ydellinen paikka sinulle. Sivustolla on paljon erilaisia tapoja l\u00f6yt\u00e4\u00e4 seksikumppaneita, kuten profiilien selaaminen, viestien l\u00e4hett\u00e4minen, chattailu verkossa ja jopa puhelinseksi. Vaikka se saattaa tuntua huijaamiselta, monet ihmiset todella nauttivat siit\u00e4, ett\u00e4 tapaavat jonkun, jonka kanssa he ovat jutelleet verkossa.<\/p>\n<h2>Ei sidottuja ehtoja<\/h2>\n<p>NoStringsAttached on ilmainen deittisovellus, joka keskittyy tarjoamaan aikuisille turvallisen ymp\u00e4rist\u00f6n, jossa he voivat harrastaa seksi\u00e4 ilman huolta kiinnij\u00e4\u00e4misest\u00e4. Jos olet koskaan ollut utelias kokeilemaan seksitekstiviestint\u00e4\u00e4, t\u00e4m\u00e4 on oikea paikka tehd\u00e4 se. T\u00e4m\u00e4 sovellus on suunniteltu erityisesti niille, jotka haluavat satunnaisia tapaamisia, joihin molemmat osapuolet suostuvat. Etsitp\u00e4 sitten jotain perverssi\u00e4 tai haluat vain n\u00e4hd\u00e4, milt\u00e4 tuntuu l\u00e4hett\u00e4\u00e4 alastonkuvia toiselle, NSA on t\u00e4ydellinen paikka aloittaa.<\/p>\n<p>Itse sovellus on hyvin helppok\u00e4ytt\u00f6inen. Sinua pyydet\u00e4\u00e4n t\u00e4ytt\u00e4m\u00e4\u00e4n lyhyt kyselylomake, jossa kysyt\u00e4\u00e4n esimerkiksi, kuinka vanha olet, etsitk\u00f6 seurustelusuhteita vai suhteita jne. Kun olet vastannut kysymyksiin, voit selata profiileja mieltymystesi mukaan. Voit valita kolmesta eri kategoriasta: &#8221;hetero&#8221;, &#8221;homo&#8221; ja &#8221;lesbo&#8221;. Kukin luokka sis\u00e4lt\u00e4\u00e4 alaryhmi\u00e4, joiden avulla voit rajata hakuja edelleen.<\/p>\n","protected":false},"excerpt":{"rendered":"<p>On olemassa monenlaisia ihmisi\u00e4, jotka etsiv\u00e4t rakkautta. Jotkut haluavat seurustella jonkun oman uskontonsa, etnisyytens\u00e4, ik\u00e4ryhm\u00e4ns\u00e4 jne. edustajan kanssa, kun taas toiset haluavat vain l\u00f6yt\u00e4\u00e4 jonkun, jolla on samanlaiset kiinnostuksen kohteet. Jos olet yksi niist\u00e4 ihmisist\u00e4, jotka haluavat tavata jonkun erityisen,&hellip; <a href=\"http:\/\/elsuperbeasto.com\/fi\/miten-tavata-lahistolla-singles\/\" class=\"more-link\">Continue Reading <span class=\"meta-nav\">&rarr;<\/span><\/a><\/p>\n","protected":false},"author":1,"featured_media":171,"parent":0,"menu_order":0,"comment_status":"closed","ping_status":"closed","template":"","meta":[],"yoast_head":"<!-- This site is optimized with the Yoast SEO plugin v17.7.1 - https:\/\/yoast.com\/wordpress\/plugins\/seo\/ -->\n<title>Miten tavata l\u00e4hist\u00f6ll\u00e4 Singles - Quick Hookup<\/title>\n<meta name=\"robots\" content=\"index, follow, max-snippet:-1, max-image-preview:large, max-video-preview:-1\" \/>\n<link rel=\"canonical\" href=\"http:\/\/elsuperbeasto.com\/fi\/miten-tavata-lahistolla-singles\/\" \/>\n<meta property=\"og:locale\" content=\"fi_FI\" \/>\n<meta property=\"og:type\" content=\"article\" \/>\n<meta property=\"og:title\" content=\"Miten tavata l\u00e4hist\u00f6ll\u00e4 Singles - Quick Hookup\" \/>\n<meta property=\"og:description\" content=\"On olemassa monenlaisia ihmisi\u00e4, jotka etsiv\u00e4t rakkautta. Jotkut haluavat seurustella jonkun oman uskontonsa, etnisyytens\u00e4, ik\u00e4ryhm\u00e4ns\u00e4 jne. edustajan kanssa, kun taas toiset haluavat vain l\u00f6yt\u00e4\u00e4 jonkun, jolla on samanlaiset kiinnostuksen kohteet. Jos olet yksi niist\u00e4 ihmisist\u00e4, jotka haluavat tavata jonkun erityisen,&hellip; Continue Reading &rarr;\" \/>\n<meta property=\"og:url\" content=\"http:\/\/elsuperbeasto.com\/fi\/miten-tavata-lahistolla-singles\/\" \/>\n<meta property=\"og:site_name\" content=\"Quick Hookup\" \/>\n<meta property=\"og:image\" content=\"http:\/\/elsuperbeasto.com\/wp-content\/uploads\/2022\/08\/love-apps.jpeg\" \/>\n\t<meta property=\"og:image:width\" content=\"1000\" \/>\n\t<meta property=\"og:image:height\" content=\"1500\" \/>\n<meta name=\"twitter:card\" content=\"summary_large_image\" \/>\n<meta name=\"twitter:label1\" content=\"Arvioitu lukuaika\" \/>\n\t<meta name=\"twitter:data1\" content=\"2 minuuttia\" \/>\n<script type=\"application\/ld+json\" class=\"yoast-schema-graph\">{\"@context\":\"https:\/\/schema.org\",\"@graph\":[{\"@type\":\"WebSite\",\"@id\":\"https:\/\/elsuperbeasto.com\/#website\",\"url\":\"https:\/\/elsuperbeasto.com\/\",\"name\":\"Quick Hookup\",\"description\":\"Your Guide To Love\",\"potentialAction\":[{\"@type\":\"SearchAction\",\"target\":{\"@type\":\"EntryPoint\",\"urlTemplate\":\"https:\/\/elsuperbeasto.com\/?s={search_term_string}\"},\"query-input\":\"required name=search_term_string\"}],\"inLanguage\":\"fi\"},{\"@type\":\"ImageObject\",\"@id\":\"http:\/\/elsuperbeasto.com\/fi\/miten-tavata-lahistolla-singles\/#primaryimage\",\"inLanguage\":\"fi\",\"url\":\"http:\/\/elsuperbeasto.com\/wp-content\/uploads\/2022\/08\/love-apps.jpeg\",\"contentUrl\":\"http:\/\/elsuperbeasto.com\/wp-content\/uploads\/2022\/08\/love-apps.jpeg\",\"width\":1000,\"height\":1500},{\"@type\":\"WebPage\",\"@id\":\"http:\/\/elsuperbeasto.com\/fi\/miten-tavata-lahistolla-singles\/#webpage\",\"url\":\"http:\/\/elsuperbeasto.com\/fi\/miten-tavata-lahistolla-singles\/\",\"name\":\"Miten tavata l\\u00e4hist\\u00f6ll\\u00e4 Singles - Quick Hookup\",\"isPartOf\":{\"@id\":\"https:\/\/elsuperbeasto.com\/#website\"},\"primaryImageOfPage\":{\"@id\":\"http:\/\/elsuperbeasto.com\/fi\/miten-tavata-lahistolla-singles\/#primaryimage\"},\"datePublished\":\"2022-08-18T12:49:33+00:00\",\"dateModified\":\"2022-08-18T12:49:33+00:00\",\"breadcrumb\":{\"@id\":\"http:\/\/elsuperbeasto.com\/fi\/miten-tavata-lahistolla-singles\/#breadcrumb\"},\"inLanguage\":\"fi\",\"potentialAction\":[{\"@type\":\"ReadAction\",\"target\":[\"http:\/\/elsuperbeasto.com\/fi\/miten-tavata-lahistolla-singles\/\"]}]},{\"@type\":\"BreadcrumbList\",\"@id\":\"http:\/\/elsuperbeasto.com\/fi\/miten-tavata-lahistolla-singles\/#breadcrumb\",\"itemListElement\":[{\"@type\":\"ListItem\",\"position\":1,\"name\":\"Home\",\"item\":\"https:\/\/elsuperbeasto.com\/fi\/\"},{\"@type\":\"ListItem\",\"position\":2,\"name\":\"Miten tavata l\\u00e4hist\\u00f6ll\\u00e4 Singles\"}]}]}<\/script>\n<!-- \/ Yoast SEO plugin. -->","yoast_head_json":{"title":"Miten tavata l\u00e4hist\u00f6ll\u00e4 Singles - Quick Hookup","robots":{"index":"index","follow":"follow","max-snippet":"max-snippet:-1","max-image-preview":"max-image-preview:large","max-video-preview":"max-video-preview:-1"},"canonical":"http:\/\/elsuperbeasto.com\/fi\/miten-tavata-lahistolla-singles\/","og_locale":"fi_FI","og_type":"article","og_title":"Miten tavata l\u00e4hist\u00f6ll\u00e4 Singles - Quick Hookup","og_description":"On olemassa monenlaisia ihmisi\u00e4, jotka etsiv\u00e4t rakkautta. Jotkut haluavat seurustella jonkun oman uskontonsa, etnisyytens\u00e4, ik\u00e4ryhm\u00e4ns\u00e4 jne. edustajan kanssa, kun taas toiset haluavat vain l\u00f6yt\u00e4\u00e4 jonkun, jolla on samanlaiset kiinnostuksen kohteet. Jos olet yksi niist\u00e4 ihmisist\u00e4, jotka haluavat tavata jonkun erityisen,&hellip; Continue Reading &rarr;","og_url":"http:\/\/elsuperbeasto.com\/fi\/miten-tavata-lahistolla-singles\/","og_site_name":"Quick Hookup","og_image":[{"width":1000,"height":1500,"url":"http:\/\/elsuperbeasto.com\/wp-content\/uploads\/2022\/08\/love-apps.jpeg","type":"image\/jpeg"}],"twitter_card":"summary_large_image","twitter_misc":{"Arvioitu lukuaika":"2 minuuttia"},"schema":{"@context":"https:\/\/schema.org","@graph":[{"@type":"WebSite","@id":"https:\/\/elsuperbeasto.com\/#website","url":"https:\/\/elsuperbeasto.com\/","name":"Quick Hookup","description":"Your Guide To Love","potentialAction":[{"@type":"SearchAction","target":{"@type":"EntryPoint","urlTemplate":"https:\/\/elsuperbeasto.com\/?s={search_term_string}"},"query-input":"required name=search_term_string"}],"inLanguage":"fi"},{"@type":"ImageObject","@id":"http:\/\/elsuperbeasto.com\/fi\/miten-tavata-lahistolla-singles\/#primaryimage","inLanguage":"fi","url":"http:\/\/elsuperbeasto.com\/wp-content\/uploads\/2022\/08\/love-apps.jpeg","contentUrl":"http:\/\/elsuperbeasto.com\/wp-content\/uploads\/2022\/08\/love-apps.jpeg","width":1000,"height":1500},{"@type":"WebPage","@id":"http:\/\/elsuperbeasto.com\/fi\/miten-tavata-lahistolla-singles\/#webpage","url":"http:\/\/elsuperbeasto.com\/fi\/miten-tavata-lahistolla-singles\/","name":"Miten tavata l\u00e4hist\u00f6ll\u00e4 Singles - Quick Hookup","isPartOf":{"@id":"https:\/\/elsuperbeasto.com\/#website"},"primaryImageOfPage":{"@id":"http:\/\/elsuperbeasto.com\/fi\/miten-tavata-lahistolla-singles\/#primaryimage"},"datePublished":"2022-08-18T12:49:33+00:00","dateModified":"2022-08-18T12:49:33+00:00","breadcrumb":{"@id":"http:\/\/elsuperbeasto.com\/fi\/miten-tavata-lahistolla-singles\/#breadcrumb"},"inLanguage":"fi","potentialAction":[{"@type":"ReadAction","target":["http:\/\/elsuperbeasto.com\/fi\/miten-tavata-lahistolla-singles\/"]}]},{"@type":"BreadcrumbList","@id":"http:\/\/elsuperbeasto.com\/fi\/miten-tavata-lahistolla-singles\/#breadcrumb","itemListElement":[{"@type":"ListItem","position":1,"name":"Home","item":"https:\/\/elsuperbeasto.com\/fi\/"},{"@type":"ListItem","position":2,"name":"Miten tavata l\u00e4hist\u00f6ll\u00e4 Singles"}]}]}},"_links":{"self":[{"href":"http:\/\/elsuperbeasto.com\/fi\/wp-json\/wp\/v2\/pages\/282"}],"collection":[{"href":"http:\/\/elsuperbeasto.com\/fi\/wp-json\/wp\/v2\/pages"}],"about":[{"href":"http:\/\/elsuperbeasto.com\/fi\/wp-json\/wp\/v2\/types\/page"}],"author":[{"embeddable":true,"href":"http:\/\/elsuperbeasto.com\/fi\/wp-json\/wp\/v2\/users\/1"}],"replies":[{"embeddable":true,"href":"http:\/\/elsuperbeasto.com\/fi\/wp-json\/wp\/v2\/comments?post=282"}],"version-history":[{"count":0,"href":"http:\/\/elsuperbeasto.com\/fi\/wp-json\/wp\/v2\/pages\/282\/revisions"}],"wp:featuredmedia":[{"embeddable":true,"href":"http:\/\/elsuperbeasto.com\/fi\/wp-json\/wp\/v2\/media\/171"}],"wp:attachment":[{"href":"http:\/\/elsuperbeasto.com\/fi\/wp-json\/wp\/v2\/media?parent=282"}],"curies":[{"name":"wp","href":"https:\/\/api.w.org\/{rel}","templated":true}]}}