{"id":275,"date":"2022-08-18T13:44:21","date_gmt":"2022-08-18T12:44:21","guid":{"rendered":"http:\/\/elsuperbeasto.com\/mitka-ovat-parhaat-sexting-sovellukset\/"},"modified":"2022-08-18T13:44:21","modified_gmt":"2022-08-18T12:44:21","slug":"mitka-ovat-parhaat-sexting-sovellukset","status":"publish","type":"page","link":"http:\/\/elsuperbeasto.com\/fi\/mitka-ovat-parhaat-sexting-sovellukset\/","title":{"rendered":"Mitk\u00e4 ovat parhaat Sexting-sovellukset?"},"content":{"rendered":"<p>Tied\u00e4t mit\u00e4 tapahtuu, kun olet kiimainen.  <a href=\"http:\/\/elsuperbeasto.com\/fi\/onko-nettideittailu-turvallista\/\">L\u00e4het\u00e4t kumppanillesi tekstiviestin<\/a>, l\u00e4het\u00e4t h\u00e4nelle seksikk\u00e4\u00e4n kuvan, ehk\u00e4 jopa sovit treffit. Mutta joskus asiat eiv\u00e4t suju aivan suunnitelmien mukaan. Ehk\u00e4 h\u00e4n ei vastaa. Tai h\u00e4n ei ole kiinnostunut siit\u00e4. J\u00e4\u00e4t miettim\u00e4\u00e4n, n\u00e4etk\u00f6 kumppaniasi en\u00e4\u00e4 koskaan.<\/p>\n<p>Internetin ansiosta voit kuitenkin edelleen seurustella jonkun muun kanssa sill\u00e4 aikaa, kun odotat kumppaniasi. On olemassa lukuisia ilmaisia seksisivustoja, joilla voit l\u00f6yt\u00e4\u00e4 ihmisi\u00e4, jotka haluavat keskustella likaisesta tekstiviestist\u00e4. N\u00e4ill\u00e4 sivustoilla on helppo flirttailla muiden kanssa ilman huolta kiinnij\u00e4\u00e4misest\u00e4. Ne tarjoavat my\u00f6s ominaisuuksia, kuten live cammingia, webcam-seksi\u00e4 ja puhelinseksi\u00e4. Tarvitset vain \u00e4lypuhelimen ja yhteyden.<\/p>\n<p>Joitakin tunnettuja vaihtoehtoja ovat:<\/p>\n<ol>\n<li>Kik &#8211; Kik on yksi vanhimmista deittipalveluista verkossa. Se on ollut k\u00e4yt\u00f6ss\u00e4 vuodesta 2005, ja miljoonat ihmiset ymp\u00e4ri maailmaa k\u00e4ytt\u00e4v\u00e4t sit\u00e4. Se on suunniteltu erityisesti teini-ik\u00e4isille ja nuorille aikuisille, mutta kuka tahansa voi k\u00e4ytt\u00e4\u00e4 sit\u00e4.<\/li>\n<li>Omegle &#8211; Jos et ole koskaan kuullut Omeglesta, se johtuu luultavasti siit\u00e4, ett\u00e4 se ei ole kovin tunnettu. T\u00e4ll\u00e4 sivustolla voit ottaa satunnaisesti yhteyden toiseen henkil\u00f6\u00f6n. Voit puhua kenelle tahansa, riippumatta siit\u00e4, kuinka vanha h\u00e4n on. Pid\u00e4 vain mieless\u00e4, ett\u00e4 useimmat ihmiset eiv\u00e4t ole kiinnostuneita puhumaan jonkun verkossa tapaamansa henkil\u00f6n kanssa.<\/li>\n<li>Chatroulette &#8211; Kuten nimest\u00e4 voi p\u00e4\u00e4tell\u00e4, Chatrouletten avulla voit tavata satunnaisia ihmisi\u00e4 ja aloittaa keskustelun heid\u00e4n kanssaan. Se on samanlainen kuin Omegle, paitsi ett\u00e4 sen sijaan, ett\u00e4 olisit yhteydess\u00e4 jo tuttuihin ihmisiin, olet yhteydess\u00e4 t\u00e4ysin tuntemattomiin ihmisiin.<\/li>\n<li>Scruff &#8211; Scruff eroaa hieman muista deittisivustoista. Sen sijaan, ett\u00e4 se etsii sinulle mahdollisia treffej\u00e4 mieltymystesi perusteella, se etsii sinua sijaintisi perusteella. Jos siis olet New Yorkissa ja l\u00f6yd\u00e4t jonkun l\u00e4hist\u00f6ll\u00e4 asuvan henkil\u00f6n, voitte sopia, ett\u00e4 hengailette yhdess\u00e4.<\/li>\n<\/ol>\n<h2>Suosikkisovelluksemme verkossa tapahtuvaan sextingiin: Confide<\/h2>\n<p>T\u00e4m\u00e4 ilmainen sovellus on yksinkertainen ja helppok\u00e4ytt\u00f6inen, ja sen avulla voit l\u00e4hett\u00e4\u00e4 kuvia yksityisesti tekstiviestill\u00e4. Sinun ei tarvitse huolehtia siit\u00e4, ett\u00e4 l\u00e4het\u00e4t vahingossa jotain liian rivoa, koska kuvien jakamiseen ei ole vaihtoehtoja. Ainoa asia, jonka voit tehd\u00e4, on poistaa viestej\u00e4. Jos haluat pit\u00e4\u00e4 asiat kevyesti, kokeile &#8221;flirtti-tilaa&#8221;, jossa voit lis\u00e4t\u00e4 tekstiviesteihisi hymi\u00f6it\u00e4.<\/p>\n<h2>Sextingin j\u00e4lkeen koukkuun? AFF on paras valintasi<\/h2>\n<p>AdultFriendFinder eli AFF on yksi suurimmista ilmaisista seksikeskustelusivustoista. Jos etsit paikkaa, jossa voit flirttailla, treffailla tai jopa seurustella jonkun l\u00e4hist\u00f6ll\u00e4 asuvan kanssa, kannattaa ehdottomasti tutustua.<\/p>\n<p>Sivustolla on lukuisia eri tapoja kommunikoida muiden kanssa, kuten tekstiviestit, s\u00e4hk\u00f6postit ja pikaviestit. Voit my\u00f6s k\u00e4ytt\u00e4\u00e4 webkameraominaisuutta videokeskusteluun muiden j\u00e4senten kanssa.<\/p>\n<p>Voit my\u00f6s valita tietyn kategorian ja selata profiileja sen perusteella, mik\u00e4 sinua kiinnostaa. Halusitpa sitten tavata jonkun nopeaa seurustelua, vain hengailla tai jotain muuta, AdultFriendFinderill\u00e4 on yhteis\u00f6 kaikille.<\/p>\n<h2>Neuvomme<\/h2>\n<p>Aivan kuten kaikki muukin, sexting voi johtaa ongelmiin. Alastonkuvia kannattaa l\u00e4hett\u00e4\u00e4 vain ihmisille, joihin luotat. T\u00e4m\u00e4 tarkoittaa, ett\u00e4 alastonkuvia kannattaa l\u00e4hett\u00e4\u00e4 vain tekstiviestill\u00e4 tai s\u00e4hk\u00f6postilla. \u00c4l\u00e4 koskaan lataa alastonkuvia verkkosivustolle tai sosiaaliseen verkostoon. \u00c4l\u00e4 l\u00e4het\u00e4 alastonkuvia tuntemattomille tai ihmisille, joita et tunne henkil\u00f6kohtaisesti.<\/p>\n<p>Kun aloitat ensimm\u00e4isen kerran sextingin, on tavallista, ett\u00e4 olet innoissasi. On kuitenkin t\u00e4rke\u00e4\u00e4 asettaa rajat jo varhaisessa vaiheessa. Kerro esimerkiksi kumppanillesi tai kumppaneillesi, ettet l\u00e4het\u00e4 alastonkuvia ilman lupaa. N\u00e4in he tiet\u00e4v\u00e4t, ett\u00e4 kunnioitat heid\u00e4n yksityisyytt\u00e4\u00e4n. Lis\u00e4ksi sinun pit\u00e4isi kertoa kumppaneillesi, ett\u00e4 olet kiinnostunut vain seksiseurustelusta. Sinun ei pit\u00e4isi odottaa, ett\u00e4 kumppanisi noudattaa jokaista pyynt\u00f6\u00e4si.<\/p>\n<p>Muista, ett\u00e4 sexting ei ole peli\u00e4. Se on vakavaa. Ja sinun pit\u00e4isi kohdella sit\u00e4 sellaisena. Aloita sexting heti! Nautit itsest\u00e4si enemm\u00e4n kuin koskaan ennen.<\/p>\n","protected":false},"excerpt":{"rendered":"<p>Tied\u00e4t mit\u00e4 tapahtuu, kun olet kiimainen. L\u00e4het\u00e4t kumppanillesi tekstiviestin, l\u00e4het\u00e4t h\u00e4nelle seksikk\u00e4\u00e4n kuvan, ehk\u00e4 jopa sovit treffit. Mutta joskus asiat eiv\u00e4t suju aivan suunnitelmien mukaan. Ehk\u00e4 h\u00e4n ei vastaa. Tai h\u00e4n ei ole kiinnostunut siit\u00e4. J\u00e4\u00e4t miettim\u00e4\u00e4n, n\u00e4etk\u00f6 kumppaniasi en\u00e4\u00e4&hellip; <a href=\"http:\/\/elsuperbeasto.com\/fi\/mitka-ovat-parhaat-sexting-sovellukset\/\" class=\"more-link\">Continue Reading <span class=\"meta-nav\">&rarr;<\/span><\/a><\/p>\n","protected":false},"author":1,"featured_media":115,"parent":0,"menu_order":0,"comment_status":"closed","ping_status":"closed","template":"","meta":[],"yoast_head":"<!-- This site is optimized with the Yoast SEO plugin v17.7.1 - https:\/\/yoast.com\/wordpress\/plugins\/seo\/ -->\n<title>Mitk\u00e4 ovat parhaat Sexting-sovellukset? - Quick Hookup<\/title>\n<meta name=\"robots\" content=\"index, follow, max-snippet:-1, max-image-preview:large, max-video-preview:-1\" \/>\n<link rel=\"canonical\" href=\"http:\/\/elsuperbeasto.com\/fi\/mitka-ovat-parhaat-sexting-sovellukset\/\" \/>\n<meta property=\"og:locale\" content=\"fi_FI\" \/>\n<meta property=\"og:type\" content=\"article\" \/>\n<meta property=\"og:title\" content=\"Mitk\u00e4 ovat parhaat Sexting-sovellukset? - Quick Hookup\" \/>\n<meta property=\"og:description\" content=\"Tied\u00e4t mit\u00e4 tapahtuu, kun olet kiimainen. L\u00e4het\u00e4t kumppanillesi tekstiviestin, l\u00e4het\u00e4t h\u00e4nelle seksikk\u00e4\u00e4n kuvan, ehk\u00e4 jopa sovit treffit. Mutta joskus asiat eiv\u00e4t suju aivan suunnitelmien mukaan. Ehk\u00e4 h\u00e4n ei vastaa. Tai h\u00e4n ei ole kiinnostunut siit\u00e4. J\u00e4\u00e4t miettim\u00e4\u00e4n, n\u00e4etk\u00f6 kumppaniasi en\u00e4\u00e4&hellip; Continue Reading &rarr;\" \/>\n<meta property=\"og:url\" content=\"http:\/\/elsuperbeasto.com\/fi\/mitka-ovat-parhaat-sexting-sovellukset\/\" \/>\n<meta property=\"og:site_name\" content=\"Quick Hookup\" \/>\n<meta property=\"og:image\" content=\"http:\/\/elsuperbeasto.com\/wp-content\/uploads\/2022\/08\/online-dating-apps.jpeg\" \/>\n\t<meta property=\"og:image:width\" content=\"2256\" \/>\n\t<meta property=\"og:image:height\" content=\"1500\" \/>\n<meta name=\"twitter:card\" content=\"summary_large_image\" \/>\n<meta name=\"twitter:label1\" content=\"Arvioitu lukuaika\" \/>\n\t<meta name=\"twitter:data1\" content=\"3 minuuttia\" \/>\n<script type=\"application\/ld+json\" class=\"yoast-schema-graph\">{\"@context\":\"https:\/\/schema.org\",\"@graph\":[{\"@type\":\"WebSite\",\"@id\":\"https:\/\/elsuperbeasto.com\/#website\",\"url\":\"https:\/\/elsuperbeasto.com\/\",\"name\":\"Quick Hookup\",\"description\":\"Your Guide To Love\",\"potentialAction\":[{\"@type\":\"SearchAction\",\"target\":{\"@type\":\"EntryPoint\",\"urlTemplate\":\"https:\/\/elsuperbeasto.com\/?s={search_term_string}\"},\"query-input\":\"required name=search_term_string\"}],\"inLanguage\":\"fi\"},{\"@type\":\"ImageObject\",\"@id\":\"http:\/\/elsuperbeasto.com\/fi\/mitka-ovat-parhaat-sexting-sovellukset\/#primaryimage\",\"inLanguage\":\"fi\",\"url\":\"http:\/\/elsuperbeasto.com\/wp-content\/uploads\/2022\/08\/online-dating-apps.jpeg\",\"contentUrl\":\"http:\/\/elsuperbeasto.com\/wp-content\/uploads\/2022\/08\/online-dating-apps.jpeg\",\"width\":2256,\"height\":1500},{\"@type\":\"WebPage\",\"@id\":\"http:\/\/elsuperbeasto.com\/fi\/mitka-ovat-parhaat-sexting-sovellukset\/#webpage\",\"url\":\"http:\/\/elsuperbeasto.com\/fi\/mitka-ovat-parhaat-sexting-sovellukset\/\",\"name\":\"Mitk\\u00e4 ovat parhaat Sexting-sovellukset? - Quick Hookup\",\"isPartOf\":{\"@id\":\"https:\/\/elsuperbeasto.com\/#website\"},\"primaryImageOfPage\":{\"@id\":\"http:\/\/elsuperbeasto.com\/fi\/mitka-ovat-parhaat-sexting-sovellukset\/#primaryimage\"},\"datePublished\":\"2022-08-18T12:44:21+00:00\",\"dateModified\":\"2022-08-18T12:44:21+00:00\",\"breadcrumb\":{\"@id\":\"http:\/\/elsuperbeasto.com\/fi\/mitka-ovat-parhaat-sexting-sovellukset\/#breadcrumb\"},\"inLanguage\":\"fi\",\"potentialAction\":[{\"@type\":\"ReadAction\",\"target\":[\"http:\/\/elsuperbeasto.com\/fi\/mitka-ovat-parhaat-sexting-sovellukset\/\"]}]},{\"@type\":\"BreadcrumbList\",\"@id\":\"http:\/\/elsuperbeasto.com\/fi\/mitka-ovat-parhaat-sexting-sovellukset\/#breadcrumb\",\"itemListElement\":[{\"@type\":\"ListItem\",\"position\":1,\"name\":\"Home\",\"item\":\"https:\/\/elsuperbeasto.com\/fi\/\"},{\"@type\":\"ListItem\",\"position\":2,\"name\":\"Mitk\\u00e4 ovat parhaat Sexting-sovellukset?\"}]}]}<\/script>\n<!-- \/ Yoast SEO plugin. -->","yoast_head_json":{"title":"Mitk\u00e4 ovat parhaat Sexting-sovellukset? - Quick Hookup","robots":{"index":"index","follow":"follow","max-snippet":"max-snippet:-1","max-image-preview":"max-image-preview:large","max-video-preview":"max-video-preview:-1"},"canonical":"http:\/\/elsuperbeasto.com\/fi\/mitka-ovat-parhaat-sexting-sovellukset\/","og_locale":"fi_FI","og_type":"article","og_title":"Mitk\u00e4 ovat parhaat Sexting-sovellukset? - Quick Hookup","og_description":"Tied\u00e4t mit\u00e4 tapahtuu, kun olet kiimainen. L\u00e4het\u00e4t kumppanillesi tekstiviestin, l\u00e4het\u00e4t h\u00e4nelle seksikk\u00e4\u00e4n kuvan, ehk\u00e4 jopa sovit treffit. Mutta joskus asiat eiv\u00e4t suju aivan suunnitelmien mukaan. Ehk\u00e4 h\u00e4n ei vastaa. Tai h\u00e4n ei ole kiinnostunut siit\u00e4. J\u00e4\u00e4t miettim\u00e4\u00e4n, n\u00e4etk\u00f6 kumppaniasi en\u00e4\u00e4&hellip; Continue Reading &rarr;","og_url":"http:\/\/elsuperbeasto.com\/fi\/mitka-ovat-parhaat-sexting-sovellukset\/","og_site_name":"Quick Hookup","og_image":[{"width":2256,"height":1500,"url":"http:\/\/elsuperbeasto.com\/wp-content\/uploads\/2022\/08\/online-dating-apps.jpeg","type":"image\/jpeg"}],"twitter_card":"summary_large_image","twitter_misc":{"Arvioitu lukuaika":"3 minuuttia"},"schema":{"@context":"https:\/\/schema.org","@graph":[{"@type":"WebSite","@id":"https:\/\/elsuperbeasto.com\/#website","url":"https:\/\/elsuperbeasto.com\/","name":"Quick Hookup","description":"Your Guide To Love","potentialAction":[{"@type":"SearchAction","target":{"@type":"EntryPoint","urlTemplate":"https:\/\/elsuperbeasto.com\/?s={search_term_string}"},"query-input":"required name=search_term_string"}],"inLanguage":"fi"},{"@type":"ImageObject","@id":"http:\/\/elsuperbeasto.com\/fi\/mitka-ovat-parhaat-sexting-sovellukset\/#primaryimage","inLanguage":"fi","url":"http:\/\/elsuperbeasto.com\/wp-content\/uploads\/2022\/08\/online-dating-apps.jpeg","contentUrl":"http:\/\/elsuperbeasto.com\/wp-content\/uploads\/2022\/08\/online-dating-apps.jpeg","width":2256,"height":1500},{"@type":"WebPage","@id":"http:\/\/elsuperbeasto.com\/fi\/mitka-ovat-parhaat-sexting-sovellukset\/#webpage","url":"http:\/\/elsuperbeasto.com\/fi\/mitka-ovat-parhaat-sexting-sovellukset\/","name":"Mitk\u00e4 ovat parhaat Sexting-sovellukset? - Quick Hookup","isPartOf":{"@id":"https:\/\/elsuperbeasto.com\/#website"},"primaryImageOfPage":{"@id":"http:\/\/elsuperbeasto.com\/fi\/mitka-ovat-parhaat-sexting-sovellukset\/#primaryimage"},"datePublished":"2022-08-18T12:44:21+00:00","dateModified":"2022-08-18T12:44:21+00:00","breadcrumb":{"@id":"http:\/\/elsuperbeasto.com\/fi\/mitka-ovat-parhaat-sexting-sovellukset\/#breadcrumb"},"inLanguage":"fi","potentialAction":[{"@type":"ReadAction","target":["http:\/\/elsuperbeasto.com\/fi\/mitka-ovat-parhaat-sexting-sovellukset\/"]}]},{"@type":"BreadcrumbList","@id":"http:\/\/elsuperbeasto.com\/fi\/mitka-ovat-parhaat-sexting-sovellukset\/#breadcrumb","itemListElement":[{"@type":"ListItem","position":1,"name":"Home","item":"https:\/\/elsuperbeasto.com\/fi\/"},{"@type":"ListItem","position":2,"name":"Mitk\u00e4 ovat parhaat Sexting-sovellukset?"}]}]}},"_links":{"self":[{"href":"http:\/\/elsuperbeasto.com\/fi\/wp-json\/wp\/v2\/pages\/275"}],"collection":[{"href":"http:\/\/elsuperbeasto.com\/fi\/wp-json\/wp\/v2\/pages"}],"about":[{"href":"http:\/\/elsuperbeasto.com\/fi\/wp-json\/wp\/v2\/types\/page"}],"author":[{"embeddable":true,"href":"http:\/\/elsuperbeasto.com\/fi\/wp-json\/wp\/v2\/users\/1"}],"replies":[{"embeddable":true,"href":"http:\/\/elsuperbeasto.com\/fi\/wp-json\/wp\/v2\/comments?post=275"}],"version-history":[{"count":0,"href":"http:\/\/elsuperbeasto.com\/fi\/wp-json\/wp\/v2\/pages\/275\/revisions"}],"wp:featuredmedia":[{"embeddable":true,"href":"http:\/\/elsuperbeasto.com\/fi\/wp-json\/wp\/v2\/media\/115"}],"wp:attachment":[{"href":"http:\/\/elsuperbeasto.com\/fi\/wp-json\/wp\/v2\/media?parent=275"}],"curies":[{"name":"wp","href":"https:\/\/api.w.org\/{rel}","templated":true}]}}