{"id":256,"date":"2022-08-18T14:10:21","date_gmt":"2022-08-18T13:10:21","guid":{"rendered":"http:\/\/elsuperbeasto.com\/miten-nsa-hookups-toimivat\/"},"modified":"2022-08-18T14:10:21","modified_gmt":"2022-08-18T13:10:21","slug":"miten-nsa-hookups-toimivat","status":"publish","type":"page","link":"http:\/\/elsuperbeasto.com\/fi\/miten-nsa-hookups-toimivat\/","title":{"rendered":"Miten NSA Hookups toimivat?"},"content":{"rendered":"<p>Monet miehet pelk\u00e4\u00e4v\u00e4t l\u00e4hesty\u00e4 naisia, koska he luulevat, ett\u00e4 se saa heid\u00e4t vaikuttamaan ep\u00e4toivoiselta tai karmivalta. Mutta ei ole mit\u00e4\u00e4n syyt\u00e4 pel\u00e4t\u00e4, ett\u00e4 olisit p\u00e4\u00e4llek\u00e4yv\u00e4 tai aggressiivinen &#8211; yrit\u00e4 vain kohdella jokaista naista kuin h\u00e4n olisi erityinen. Jos haluat seurustella naisen kanssa, joka haluaa seurustella, sinun ei tarvitse suostutella h\u00e4nt\u00e4 makaamaan kanssasi. Sinun on vain l\u00f6ydett\u00e4v\u00e4 oikea tapa tehd\u00e4 se.<\/p>\n<p>&nbsp;<\/p>\n<h2>Ent\u00e4 deittisovellukset?<\/h2>\n<p>Yhden y\u00f6n jutut ovat hauskoja ja j\u00e4nnitt\u00e4vi\u00e4, <a href=\"http:\/\/elsuperbeasto.com\/fi\/miten-tavata-lahistolla-singles\/\">mutta voi olla vaikeaa l\u00f6yt\u00e4\u00e4 sovelluksia, joita haluat k\u00e4ytt\u00e4\u00e4 varmistaaksesi, ett\u00e4 kaikki sujuu ongelmitta<\/a>. On olemassa paljon sovelluksia, jotka v\u00e4itt\u00e4v\u00e4t auttavansa ihmisi\u00e4 suunnittelemaan yhden illan juttuja, mutta jotkut eiv\u00e4t toimi kovin hyvin ja toiset ovat vain \u00e4rsytt\u00e4vi\u00e4. Olemme koonneet listan suosikkisovelluksistamme yhden illan juttuja varten, mukaan lukien sovellukset, joiden avulla voit ajoittaa tapaamisia, l\u00f6yt\u00e4\u00e4 l\u00e4hell\u00e4 olevia seurustelukumppaneita ja jopa muodostaa yhteyden paikallisiin sinkkuihin.<\/p>\n<p>Oletko sinkku ja kyll\u00e4stynyt tapailemaan samoja tylsi\u00e4 tyyppej\u00e4 joka viikonloppu? Luuletko ansaitsevasi muutakin kuin satunnaista seksi\u00e4? Jos vastaus on kyll\u00e4, olet luultavasti kiinnostunut tapaamaan naista yhden y\u00f6n juttujen takia.<\/p>\n<p>Verkossa on paljon sivustoja, jotka tarjoavat t\u00e4llaisia palveluja. Useimmat niist\u00e4 ovat kuitenkin joko liian kalliita tai eiv\u00e4t tuota.<\/p>\n<p>Siksi p\u00e4\u00e4tin kirjoittaa artikkelin, jossa luetellaan 10 parasta paikkaa, joista l\u00f6yt\u00e4\u00e4 yhden y\u00f6n juttuja. Toivottavasti t\u00e4m\u00e4n artikkelin luettuasi opit l\u00f6yt\u00e4m\u00e4\u00e4n yhden y\u00f6p\u00f6yd\u00e4n helposti ja nopeasti.<\/p>\n<h3>Craigslist Personals<\/h3>\n<p>Craigslist on yksi vanhimmista sivustoista verkossa. Vaikka se on muuttunut huomattavasti luomisensa j\u00e4lkeen, se on edelleen suosittu yhden y\u00f6n juttuja etsivien keskuudessa.<\/p>\n<p>Itse asiassa Craigslist on yksi helpoimmista tavoista l\u00f6yt\u00e4\u00e4 yksi y\u00f6p\u00f6yt\u00e4 sen yksinkertaisuuden vuoksi. Sinun tarvitsee vain etsi\u00e4 mainoksia, jotka liittyv\u00e4t &#8221;yhden y\u00f6n juttuihin&#8221;.<\/p>\n<p>Saatat kuitenkin joutua maksamaan jokaisesta mainoksesta. T\u00e4m\u00e4 riippuu siit\u00e4, haluaako ilmoitusta julkaiseva henkil\u00f6 veloittaa sinua vai ei.<\/p>\n<h3>Aikuisten yst\u00e4vien etsij\u00e4<\/h3>\n<p>AdultFriendFinder.com on toinen sivusto, joka tarjoaa yhden y\u00f6n juttuja. Vaikka sen avulla et voi etsi\u00e4 tietyntyyppisi\u00e4 naisia, se tarjoaa useita ominaisuuksia, jotka auttavat sinua l\u00f6yt\u00e4m\u00e4\u00e4n juuri etsim\u00e4si.<\/p>\n<p>Voit esimerkiksi suodattaa tuloksia sijainnin, sukupuolen, i\u00e4n, etnisen alkuper\u00e4n, parisuhdetilanteen, seksuaalisen suuntautumisen ja paljon muuta perusteella.<\/p>\n<p>Mahdollisille kumppaneille voi my\u00f6s l\u00e4hett\u00e4\u00e4 viestej\u00e4 s\u00e4hk\u00f6postitse, pikaviesteill\u00e4, puheluilla ja videokeskusteluilla.<\/p>\n<h3>Ashley Madison<\/h3>\n<p>AshleyMadison.com on aikuisten sivusto, jonka avulla k\u00e4ytt\u00e4j\u00e4t voivat etsi\u00e4 yhden y\u00f6n juttuja. Miehet k\u00e4ytt\u00e4v\u00e4t Ashley Madisonissa keskim\u00e4\u00e4rin 50 dollaria kuukaudessa. Vaikka verkkosivusto ei ole erityisen k\u00e4ytt\u00e4j\u00e4yst\u00e4v\u00e4llinen, se tarjoaa laajan valikoiman ominaisuuksia. Voit esimerkiksi selata profiileja, katsella kuvia, lukea arvosteluja ja jopa ottaa suoraan yhteytt\u00e4 j\u00e4seniin.<\/p>\n<p>Yhden y\u00f6n jutut eiv\u00e4t koskaan ole hyv\u00e4ksi kenellek\u00e4\u00e4n osapuolelle. Jos etsit jotain vakavaa, \u00e4l\u00e4 tee sit\u00e4. Jos haluat, ett\u00e4 sinua kohdellaan kuin kuningatarta, kohtele my\u00f6s muita kuin kuningattaria. \u00c4l\u00e4 makaa jonkun kanssa vain siksi, ett\u00e4 h\u00e4n on seksik\u00e4s, ellet ole valmis antamaan h\u00e4nelle kaikkea ansaitsemaansa huomiota. Ashley Madison on paras deittisovellus yhden illan juttuihin, koska sen avulla k\u00e4ytt\u00e4j\u00e4t voivat l\u00f6yt\u00e4\u00e4 uusia seksikumppaneita yhteisten kiinnostuksen kohteiden perusteella. Sovellusta on ladattu maailmanlaajuisesti yli 200 miljoonaa kertaa, mik\u00e4 tekee siit\u00e4 suurimman mobiilideittisovelluksen. K\u00e4ytt\u00e4j\u00e4t voivat selata mahdollisia kumppaneita i\u00e4n, sijainnin, sukupuolen ja muiden kriteerien perusteella.<\/p>\n<h3>Mik\u00e4 on paras tapa l\u00f6yt\u00e4\u00e4 yhden illan juttu?<\/h3>\n<p>Paras tapa l\u00f6yt\u00e4\u00e4 rento seurustelu on AFF:n tai Ashley Madisonin kaltaisten sovellusten avulla, joissa k\u00e4ytt\u00e4j\u00e4t voivat pyyhk\u00e4ist\u00e4 oikealle &#8221;kyll\u00e4&#8221; tai vasemmalle &#8221;ei&#8221;. Jos joku pit\u00e4\u00e4 n\u00e4kem\u00e4st\u00e4\u00e4n, h\u00e4n voi l\u00e4hett\u00e4\u00e4 viestin ja pyyt\u00e4\u00e4 h\u00e4nt\u00e4 ulos. Satunnaista seksi\u00e4 kuvataan usein siten, ett\u00e4 siihen ei liity mit\u00e4\u00e4n ehtoja, eli molemmat osapuolet sopivat tapaavansa joskus tulevaisuudessa.<\/p>\n<h3>Miten l\u00f6yd\u00e4n kumppanin yhdeksi y\u00f6ksi?<\/h3>\n<p>Jos haluat tavata jonkun yhden y\u00f6n ajan, kokeile Bumblea. T\u00e4m\u00e4n sovelluksen avulla k\u00e4ytt\u00e4j\u00e4t voivat pyyhk\u00e4ist\u00e4 oikealle tai vasemmalle osoittaakseen, pit\u00e4v\u00e4tk\u00f6 vai eiv\u00e4tk\u00f6 pid\u00e4 toisesta henkil\u00f6st\u00e4. Sovelluksessa on my\u00f6s sijaintisuodattimet, joiden avulla k\u00e4ytt\u00e4j\u00e4t voivat etsi\u00e4 muita sinkkuja l\u00e4hist\u00f6ll\u00e4.<\/p>\n","protected":false},"excerpt":{"rendered":"<p>Monet miehet pelk\u00e4\u00e4v\u00e4t l\u00e4hesty\u00e4 naisia, koska he luulevat, ett\u00e4 se saa heid\u00e4t vaikuttamaan ep\u00e4toivoiselta tai karmivalta. Mutta ei ole mit\u00e4\u00e4n syyt\u00e4 pel\u00e4t\u00e4, ett\u00e4 olisit p\u00e4\u00e4llek\u00e4yv\u00e4 tai aggressiivinen &#8211; yrit\u00e4 vain kohdella jokaista naista kuin h\u00e4n olisi erityinen. Jos haluat seurustella&hellip; <a href=\"http:\/\/elsuperbeasto.com\/fi\/miten-nsa-hookups-toimivat\/\" class=\"more-link\">Continue Reading <span class=\"meta-nav\">&rarr;<\/span><\/a><\/p>\n","protected":false},"author":1,"featured_media":185,"parent":0,"menu_order":0,"comment_status":"closed","ping_status":"closed","template":"","meta":[],"yoast_head":"<!-- This site is optimized with the Yoast SEO plugin v17.7.1 - https:\/\/yoast.com\/wordpress\/plugins\/seo\/ -->\n<title>Miten NSA Hookups toimivat? - Quick Hookup<\/title>\n<meta name=\"robots\" content=\"index, follow, max-snippet:-1, max-image-preview:large, max-video-preview:-1\" \/>\n<link rel=\"canonical\" href=\"http:\/\/elsuperbeasto.com\/fi\/miten-nsa-hookups-toimivat\/\" \/>\n<meta property=\"og:locale\" content=\"fi_FI\" \/>\n<meta property=\"og:type\" content=\"article\" \/>\n<meta property=\"og:title\" content=\"Miten NSA Hookups toimivat? - Quick Hookup\" \/>\n<meta property=\"og:description\" content=\"Monet miehet pelk\u00e4\u00e4v\u00e4t l\u00e4hesty\u00e4 naisia, koska he luulevat, ett\u00e4 se saa heid\u00e4t vaikuttamaan ep\u00e4toivoiselta tai karmivalta. Mutta ei ole mit\u00e4\u00e4n syyt\u00e4 pel\u00e4t\u00e4, ett\u00e4 olisit p\u00e4\u00e4llek\u00e4yv\u00e4 tai aggressiivinen &#8211; yrit\u00e4 vain kohdella jokaista naista kuin h\u00e4n olisi erityinen. Jos haluat seurustella&hellip; Continue Reading &rarr;\" \/>\n<meta property=\"og:url\" content=\"http:\/\/elsuperbeasto.com\/fi\/miten-nsa-hookups-toimivat\/\" \/>\n<meta property=\"og:site_name\" content=\"Quick Hookup\" \/>\n<meta property=\"og:image\" content=\"http:\/\/elsuperbeasto.com\/wp-content\/uploads\/2022\/08\/find-lov.jpeg\" \/>\n\t<meta property=\"og:image:width\" content=\"2398\" \/>\n\t<meta property=\"og:image:height\" content=\"1500\" \/>\n<meta name=\"twitter:card\" content=\"summary_large_image\" \/>\n<meta name=\"twitter:label1\" content=\"Arvioitu lukuaika\" \/>\n\t<meta name=\"twitter:data1\" content=\"3 minuuttia\" \/>\n<script type=\"application\/ld+json\" class=\"yoast-schema-graph\">{\"@context\":\"https:\/\/schema.org\",\"@graph\":[{\"@type\":\"WebSite\",\"@id\":\"https:\/\/elsuperbeasto.com\/#website\",\"url\":\"https:\/\/elsuperbeasto.com\/\",\"name\":\"Quick Hookup\",\"description\":\"Your Guide To Love\",\"potentialAction\":[{\"@type\":\"SearchAction\",\"target\":{\"@type\":\"EntryPoint\",\"urlTemplate\":\"https:\/\/elsuperbeasto.com\/?s={search_term_string}\"},\"query-input\":\"required name=search_term_string\"}],\"inLanguage\":\"fi\"},{\"@type\":\"ImageObject\",\"@id\":\"http:\/\/elsuperbeasto.com\/fi\/miten-nsa-hookups-toimivat\/#primaryimage\",\"inLanguage\":\"fi\",\"url\":\"http:\/\/elsuperbeasto.com\/wp-content\/uploads\/2022\/08\/find-lov.jpeg\",\"contentUrl\":\"http:\/\/elsuperbeasto.com\/wp-content\/uploads\/2022\/08\/find-lov.jpeg\",\"width\":2398,\"height\":1500},{\"@type\":\"WebPage\",\"@id\":\"http:\/\/elsuperbeasto.com\/fi\/miten-nsa-hookups-toimivat\/#webpage\",\"url\":\"http:\/\/elsuperbeasto.com\/fi\/miten-nsa-hookups-toimivat\/\",\"name\":\"Miten NSA Hookups toimivat? - Quick Hookup\",\"isPartOf\":{\"@id\":\"https:\/\/elsuperbeasto.com\/#website\"},\"primaryImageOfPage\":{\"@id\":\"http:\/\/elsuperbeasto.com\/fi\/miten-nsa-hookups-toimivat\/#primaryimage\"},\"datePublished\":\"2022-08-18T13:10:21+00:00\",\"dateModified\":\"2022-08-18T13:10:21+00:00\",\"breadcrumb\":{\"@id\":\"http:\/\/elsuperbeasto.com\/fi\/miten-nsa-hookups-toimivat\/#breadcrumb\"},\"inLanguage\":\"fi\",\"potentialAction\":[{\"@type\":\"ReadAction\",\"target\":[\"http:\/\/elsuperbeasto.com\/fi\/miten-nsa-hookups-toimivat\/\"]}]},{\"@type\":\"BreadcrumbList\",\"@id\":\"http:\/\/elsuperbeasto.com\/fi\/miten-nsa-hookups-toimivat\/#breadcrumb\",\"itemListElement\":[{\"@type\":\"ListItem\",\"position\":1,\"name\":\"Home\",\"item\":\"https:\/\/elsuperbeasto.com\/fi\/\"},{\"@type\":\"ListItem\",\"position\":2,\"name\":\"Miten NSA Hookups toimivat?\"}]}]}<\/script>\n<!-- \/ Yoast SEO plugin. -->","yoast_head_json":{"title":"Miten NSA Hookups toimivat? - Quick Hookup","robots":{"index":"index","follow":"follow","max-snippet":"max-snippet:-1","max-image-preview":"max-image-preview:large","max-video-preview":"max-video-preview:-1"},"canonical":"http:\/\/elsuperbeasto.com\/fi\/miten-nsa-hookups-toimivat\/","og_locale":"fi_FI","og_type":"article","og_title":"Miten NSA Hookups toimivat? - Quick Hookup","og_description":"Monet miehet pelk\u00e4\u00e4v\u00e4t l\u00e4hesty\u00e4 naisia, koska he luulevat, ett\u00e4 se saa heid\u00e4t vaikuttamaan ep\u00e4toivoiselta tai karmivalta. Mutta ei ole mit\u00e4\u00e4n syyt\u00e4 pel\u00e4t\u00e4, ett\u00e4 olisit p\u00e4\u00e4llek\u00e4yv\u00e4 tai aggressiivinen &#8211; yrit\u00e4 vain kohdella jokaista naista kuin h\u00e4n olisi erityinen. Jos haluat seurustella&hellip; Continue Reading &rarr;","og_url":"http:\/\/elsuperbeasto.com\/fi\/miten-nsa-hookups-toimivat\/","og_site_name":"Quick Hookup","og_image":[{"width":2398,"height":1500,"url":"http:\/\/elsuperbeasto.com\/wp-content\/uploads\/2022\/08\/find-lov.jpeg","type":"image\/jpeg"}],"twitter_card":"summary_large_image","twitter_misc":{"Arvioitu lukuaika":"3 minuuttia"},"schema":{"@context":"https:\/\/schema.org","@graph":[{"@type":"WebSite","@id":"https:\/\/elsuperbeasto.com\/#website","url":"https:\/\/elsuperbeasto.com\/","name":"Quick Hookup","description":"Your Guide To Love","potentialAction":[{"@type":"SearchAction","target":{"@type":"EntryPoint","urlTemplate":"https:\/\/elsuperbeasto.com\/?s={search_term_string}"},"query-input":"required name=search_term_string"}],"inLanguage":"fi"},{"@type":"ImageObject","@id":"http:\/\/elsuperbeasto.com\/fi\/miten-nsa-hookups-toimivat\/#primaryimage","inLanguage":"fi","url":"http:\/\/elsuperbeasto.com\/wp-content\/uploads\/2022\/08\/find-lov.jpeg","contentUrl":"http:\/\/elsuperbeasto.com\/wp-content\/uploads\/2022\/08\/find-lov.jpeg","width":2398,"height":1500},{"@type":"WebPage","@id":"http:\/\/elsuperbeasto.com\/fi\/miten-nsa-hookups-toimivat\/#webpage","url":"http:\/\/elsuperbeasto.com\/fi\/miten-nsa-hookups-toimivat\/","name":"Miten NSA Hookups toimivat? - Quick Hookup","isPartOf":{"@id":"https:\/\/elsuperbeasto.com\/#website"},"primaryImageOfPage":{"@id":"http:\/\/elsuperbeasto.com\/fi\/miten-nsa-hookups-toimivat\/#primaryimage"},"datePublished":"2022-08-18T13:10:21+00:00","dateModified":"2022-08-18T13:10:21+00:00","breadcrumb":{"@id":"http:\/\/elsuperbeasto.com\/fi\/miten-nsa-hookups-toimivat\/#breadcrumb"},"inLanguage":"fi","potentialAction":[{"@type":"ReadAction","target":["http:\/\/elsuperbeasto.com\/fi\/miten-nsa-hookups-toimivat\/"]}]},{"@type":"BreadcrumbList","@id":"http:\/\/elsuperbeasto.com\/fi\/miten-nsa-hookups-toimivat\/#breadcrumb","itemListElement":[{"@type":"ListItem","position":1,"name":"Home","item":"https:\/\/elsuperbeasto.com\/fi\/"},{"@type":"ListItem","position":2,"name":"Miten NSA Hookups toimivat?"}]}]}},"_links":{"self":[{"href":"http:\/\/elsuperbeasto.com\/fi\/wp-json\/wp\/v2\/pages\/256"}],"collection":[{"href":"http:\/\/elsuperbeasto.com\/fi\/wp-json\/wp\/v2\/pages"}],"about":[{"href":"http:\/\/elsuperbeasto.com\/fi\/wp-json\/wp\/v2\/types\/page"}],"author":[{"embeddable":true,"href":"http:\/\/elsuperbeasto.com\/fi\/wp-json\/wp\/v2\/users\/1"}],"replies":[{"embeddable":true,"href":"http:\/\/elsuperbeasto.com\/fi\/wp-json\/wp\/v2\/comments?post=256"}],"version-history":[{"count":0,"href":"http:\/\/elsuperbeasto.com\/fi\/wp-json\/wp\/v2\/pages\/256\/revisions"}],"wp:featuredmedia":[{"embeddable":true,"href":"http:\/\/elsuperbeasto.com\/fi\/wp-json\/wp\/v2\/media\/185"}],"wp:attachment":[{"href":"http:\/\/elsuperbeasto.com\/fi\/wp-json\/wp\/v2\/media?parent=256"}],"curies":[{"name":"wp","href":"https:\/\/api.w.org\/{rel}","templated":true}]}}