{"id":375,"date":"2022-08-18T13:05:43","date_gmt":"2022-08-18T12:05:43","guid":{"rendered":"http:\/\/elsuperbeasto.com\/las-mejores-aplicaciones-para-encontrar-el-amor\/"},"modified":"2022-08-18T13:05:43","modified_gmt":"2022-08-18T12:05:43","slug":"las-mejores-aplicaciones-para-encontrar-el-amor","status":"publish","type":"page","link":"http:\/\/elsuperbeasto.com\/es\/las-mejores-aplicaciones-para-encontrar-el-amor\/","title":{"rendered":"Las mejores aplicaciones para encontrar el amor"},"content":{"rendered":"<p>Por eso hemos investigado mucho sobre las mejores aplicaciones de citas y hemos encontrado las que destacan por encima del resto. No se trata s\u00f3lo de nuestras opiniones, sino que hemos probado cada uno de ellos por nosotros mismos y hemos dado con algunos verdaderos ganadores.<\/p>\n<p>As\u00ed que, tanto si busca algo serio, como informal, o algo intermedio, le tenemos cubierto. Te diremos exactamente qu\u00e9 caracter\u00edsticas hacen que cada aplicaci\u00f3n sea especial, te daremos una opini\u00f3n sincera sobre los precios y te ayudaremos a encontrar la que mejor se adapte a ti.<\/p>\n<p>Despu\u00e9s de leer esta gu\u00eda, <a href=\"http:\/\/elsuperbeasto.com\/es\/son-seguras-las-citas-en-linea\/\">no tendr\u00e1s ninguna duda<\/a> de cu\u00e1l es la opci\u00f3n perfecta para ti. Ya no perder\u00e1s el tiempo tratando de averiguar las cosas por ti mismo; simplemente elige la mejor aplicaci\u00f3n de citas basada en nuestras recomendaciones y empieza a conocer gente hoy mismo.<\/p>\n<p>Antes de inscribirse en cualquier sitio web, piense detenidamente si el sitio se ajusta a su personalidad. \u00bfPrefieres las citas casuales o una relaci\u00f3n comprometida?<\/p>\n<h2>Encuentre un sitio que se adapte a su personalidad<\/h2>\n<p>\u00bfTe gusta chatear por mensaje de texto o prefieres hacerlo cara a cara? \u00bfPrefieres los mensajes cortos o los largos? Estas preguntas pueden ayudarle a acotar su b\u00fasqueda. Una vez que hayas encontrado un sitio que te parezca adecuado, reg\u00edstrate y empieza a buscar perfiles.<\/p>\n<h2>Elija un sitio en funci\u00f3n de sus intereses<\/h2>\n<p>Piensa en lo que te interesa. Si est\u00e1s buscando una pareja rom\u00e1ntica, probablemente no quieras unirte a un sitio que atiende a solteros que buscan amistad. Del mismo modo, si buscas un amigo, no querr\u00e1s unirte a un sitio de citas que se centre en el romance.<\/p>\n<p>En su lugar, seleccione un sitio que atraiga sus intereses. Por ejemplo, si te gustan los deportes, deber\u00edas unirte a un sitio que permita a sus miembros compartir sus equipos, jugadores y eventos favoritos. De este modo, podr\u00e1 encontrar f\u00e1cilmente parejas compatibles que compartan intereses similares.<\/p>\n<h2>\u00danase a varios sitios antes de tomar una decisi\u00f3n<\/h2>\n<p>Es importante visitar varios sitios de citas antes de decidirse por uno. Esto le da la oportunidad de comparar los pros y los contras de cada sitio. Por ejemplo, algunos sitios ofrecen funciones avanzadas como chats de v\u00eddeo y mensajer\u00eda instant\u00e1nea. Otros permiten a los miembros subir fotos y v\u00eddeos. Y otros le permiten navegar por los perfiles de los miembros sin revelar sus datos personales.<\/p>\n<h2>Considere las cuestiones de privacidad<\/h2>\n<p>Algunos sitios permiten que los miembros permanezcan en el anonimato, mientras que otros requieren que los miembros revelen sus identidades. Al considerar las cuestiones de privacidad, recuerde que algunos sitios pueden recoger informaci\u00f3n sensible sobre usted. Por ejemplo, algunos sitios piden a los miembros que revelen su estado civil, sus creencias religiosas, su ocupaci\u00f3n y su nivel de estudios. Estos datos pueden ser utilizados para dirigirle anuncios. Otros sitios pueden solicitar informaci\u00f3n adicional como su altura, peso, ingresos y edad. Mientras que algunos sitios permiten a los miembros elegir si quieren revelar su identidad, otros requieren que los miembros revelen todo.<\/p>\n<h2>PREGUNTAS FRECUENTES<\/h2>\n<h3>\u00bfCu\u00e1l es el mejor sitio de citas para relaciones serias?<\/h3>\n<p>El mejor sitio web de citas para relaciones serias es OkCupid.com. Este sitio web de citas cuenta con millones de usuarios de todo el mundo, que lo utilizan para encontrar el amor. Ofrecen mensajer\u00eda gratuita, mensajes instant\u00e1neos, videochat y otras funciones que te ayudan a conectar con posibles citas.<\/p>\n<p>OkCupid existe desde 2004 y cuenta con millones de usuarios que se registran gratuitamente. El sitio permite a los usuarios crear un perfil, buscar a otros miembros en funci\u00f3n de criterios como la ubicaci\u00f3n, la edad, el sexo, etc., y luego enviarse mensajes. Los usuarios tambi\u00e9n pueden consultar los perfiles de otras personas que buscan citas.<\/p>\n<h3>\u00bfCu\u00e1l es la mejor aplicaci\u00f3n de citas en 2022?<\/h3>\n<p>La mejor app de citas para 2022 ser\u00e1 Tinder Plus, que permite enviar mensajes ilimitados a otros usuarios. Esta funci\u00f3n est\u00e1 disponible desde 2016, pero solo ahora se est\u00e1 popularizando. Otras aplicaciones como Happn, Bumble y OkCupid tambi\u00e9n ofrecen caracter\u00edsticas similares.<\/p>\n","protected":false},"excerpt":{"rendered":"<p>Por eso hemos investigado mucho sobre las mejores aplicaciones de citas y hemos encontrado las que destacan por encima del resto. No se trata s\u00f3lo de nuestras opiniones, sino que hemos probado cada uno de ellos por nosotros mismos y&hellip; <a href=\"http:\/\/elsuperbeasto.com\/es\/las-mejores-aplicaciones-para-encontrar-el-amor\/\" class=\"more-link\">Continuar leyendo <span class=\"meta-nav\">&rarr;<\/span><\/a><\/p>\n","protected":false},"author":1,"featured_media":151,"parent":0,"menu_order":0,"comment_status":"closed","ping_status":"closed","template":"","meta":[],"yoast_head":"<!-- This site is optimized with the Yoast SEO plugin v17.7.1 - https:\/\/yoast.com\/wordpress\/plugins\/seo\/ -->\n<title>Las mejores aplicaciones para encontrar el amor - Quick Hookup<\/title>\n<meta name=\"robots\" content=\"index, follow, max-snippet:-1, max-image-preview:large, max-video-preview:-1\" \/>\n<link rel=\"canonical\" href=\"http:\/\/elsuperbeasto.com\/es\/las-mejores-aplicaciones-para-encontrar-el-amor\/\" \/>\n<meta property=\"og:locale\" content=\"es_ES\" \/>\n<meta property=\"og:type\" content=\"article\" \/>\n<meta property=\"og:title\" content=\"Las mejores aplicaciones para encontrar el amor - Quick Hookup\" \/>\n<meta property=\"og:description\" content=\"Por eso hemos investigado mucho sobre las mejores aplicaciones de citas y hemos encontrado las que destacan por encima del resto. No se trata s\u00f3lo de nuestras opiniones, sino que hemos probado cada uno de ellos por nosotros mismos y&hellip; Continuar leyendo &rarr;\" \/>\n<meta property=\"og:url\" content=\"http:\/\/elsuperbeasto.com\/es\/las-mejores-aplicaciones-para-encontrar-el-amor\/\" \/>\n<meta property=\"og:site_name\" content=\"Quick Hookup\" \/>\n<meta property=\"og:image\" content=\"http:\/\/elsuperbeasto.com\/wp-content\/uploads\/2022\/08\/love-balloons.jpeg\" \/>\n\t<meta property=\"og:image:width\" content=\"1000\" \/>\n\t<meta property=\"og:image:height\" content=\"1500\" \/>\n<meta name=\"twitter:card\" content=\"summary_large_image\" \/>\n<meta name=\"twitter:label1\" content=\"Tiempo de lectura\" \/>\n\t<meta name=\"twitter:data1\" content=\"4 minutos\" \/>\n<script type=\"application\/ld+json\" class=\"yoast-schema-graph\">{\"@context\":\"https:\/\/schema.org\",\"@graph\":[{\"@type\":\"WebSite\",\"@id\":\"https:\/\/elsuperbeasto.com\/#website\",\"url\":\"https:\/\/elsuperbeasto.com\/\",\"name\":\"Quick Hookup\",\"description\":\"Your Guide To Love\",\"potentialAction\":[{\"@type\":\"SearchAction\",\"target\":{\"@type\":\"EntryPoint\",\"urlTemplate\":\"https:\/\/elsuperbeasto.com\/?s={search_term_string}\"},\"query-input\":\"required name=search_term_string\"}],\"inLanguage\":\"es\"},{\"@type\":\"ImageObject\",\"@id\":\"http:\/\/elsuperbeasto.com\/es\/las-mejores-aplicaciones-para-encontrar-el-amor\/#primaryimage\",\"inLanguage\":\"es\",\"url\":\"http:\/\/elsuperbeasto.com\/wp-content\/uploads\/2022\/08\/love-balloons.jpeg\",\"contentUrl\":\"http:\/\/elsuperbeasto.com\/wp-content\/uploads\/2022\/08\/love-balloons.jpeg\",\"width\":1000,\"height\":1500},{\"@type\":\"WebPage\",\"@id\":\"http:\/\/elsuperbeasto.com\/es\/las-mejores-aplicaciones-para-encontrar-el-amor\/#webpage\",\"url\":\"http:\/\/elsuperbeasto.com\/es\/las-mejores-aplicaciones-para-encontrar-el-amor\/\",\"name\":\"Las mejores aplicaciones para encontrar el amor - Quick Hookup\",\"isPartOf\":{\"@id\":\"https:\/\/elsuperbeasto.com\/#website\"},\"primaryImageOfPage\":{\"@id\":\"http:\/\/elsuperbeasto.com\/es\/las-mejores-aplicaciones-para-encontrar-el-amor\/#primaryimage\"},\"datePublished\":\"2022-08-18T12:05:43+00:00\",\"dateModified\":\"2022-08-18T12:05:43+00:00\",\"breadcrumb\":{\"@id\":\"http:\/\/elsuperbeasto.com\/es\/las-mejores-aplicaciones-para-encontrar-el-amor\/#breadcrumb\"},\"inLanguage\":\"es\",\"potentialAction\":[{\"@type\":\"ReadAction\",\"target\":[\"http:\/\/elsuperbeasto.com\/es\/las-mejores-aplicaciones-para-encontrar-el-amor\/\"]}]},{\"@type\":\"BreadcrumbList\",\"@id\":\"http:\/\/elsuperbeasto.com\/es\/las-mejores-aplicaciones-para-encontrar-el-amor\/#breadcrumb\",\"itemListElement\":[{\"@type\":\"ListItem\",\"position\":1,\"name\":\"Home\",\"item\":\"https:\/\/elsuperbeasto.com\/es\/\"},{\"@type\":\"ListItem\",\"position\":2,\"name\":\"Las mejores aplicaciones para encontrar el amor\"}]}]}<\/script>\n<!-- \/ Yoast SEO plugin. -->","yoast_head_json":{"title":"Las mejores aplicaciones para encontrar el amor - Quick Hookup","robots":{"index":"index","follow":"follow","max-snippet":"max-snippet:-1","max-image-preview":"max-image-preview:large","max-video-preview":"max-video-preview:-1"},"canonical":"http:\/\/elsuperbeasto.com\/es\/las-mejores-aplicaciones-para-encontrar-el-amor\/","og_locale":"es_ES","og_type":"article","og_title":"Las mejores aplicaciones para encontrar el amor - Quick Hookup","og_description":"Por eso hemos investigado mucho sobre las mejores aplicaciones de citas y hemos encontrado las que destacan por encima del resto. No se trata s\u00f3lo de nuestras opiniones, sino que hemos probado cada uno de ellos por nosotros mismos y&hellip; Continuar leyendo &rarr;","og_url":"http:\/\/elsuperbeasto.com\/es\/las-mejores-aplicaciones-para-encontrar-el-amor\/","og_site_name":"Quick Hookup","og_image":[{"width":1000,"height":1500,"url":"http:\/\/elsuperbeasto.com\/wp-content\/uploads\/2022\/08\/love-balloons.jpeg","type":"image\/jpeg"}],"twitter_card":"summary_large_image","twitter_misc":{"Tiempo de lectura":"4 minutos"},"schema":{"@context":"https:\/\/schema.org","@graph":[{"@type":"WebSite","@id":"https:\/\/elsuperbeasto.com\/#website","url":"https:\/\/elsuperbeasto.com\/","name":"Quick Hookup","description":"Your Guide To Love","potentialAction":[{"@type":"SearchAction","target":{"@type":"EntryPoint","urlTemplate":"https:\/\/elsuperbeasto.com\/?s={search_term_string}"},"query-input":"required name=search_term_string"}],"inLanguage":"es"},{"@type":"ImageObject","@id":"http:\/\/elsuperbeasto.com\/es\/las-mejores-aplicaciones-para-encontrar-el-amor\/#primaryimage","inLanguage":"es","url":"http:\/\/elsuperbeasto.com\/wp-content\/uploads\/2022\/08\/love-balloons.jpeg","contentUrl":"http:\/\/elsuperbeasto.com\/wp-content\/uploads\/2022\/08\/love-balloons.jpeg","width":1000,"height":1500},{"@type":"WebPage","@id":"http:\/\/elsuperbeasto.com\/es\/las-mejores-aplicaciones-para-encontrar-el-amor\/#webpage","url":"http:\/\/elsuperbeasto.com\/es\/las-mejores-aplicaciones-para-encontrar-el-amor\/","name":"Las mejores aplicaciones para encontrar el amor - Quick Hookup","isPartOf":{"@id":"https:\/\/elsuperbeasto.com\/#website"},"primaryImageOfPage":{"@id":"http:\/\/elsuperbeasto.com\/es\/las-mejores-aplicaciones-para-encontrar-el-amor\/#primaryimage"},"datePublished":"2022-08-18T12:05:43+00:00","dateModified":"2022-08-18T12:05:43+00:00","breadcrumb":{"@id":"http:\/\/elsuperbeasto.com\/es\/las-mejores-aplicaciones-para-encontrar-el-amor\/#breadcrumb"},"inLanguage":"es","potentialAction":[{"@type":"ReadAction","target":["http:\/\/elsuperbeasto.com\/es\/las-mejores-aplicaciones-para-encontrar-el-amor\/"]}]},{"@type":"BreadcrumbList","@id":"http:\/\/elsuperbeasto.com\/es\/las-mejores-aplicaciones-para-encontrar-el-amor\/#breadcrumb","itemListElement":[{"@type":"ListItem","position":1,"name":"Home","item":"https:\/\/elsuperbeasto.com\/es\/"},{"@type":"ListItem","position":2,"name":"Las mejores aplicaciones para encontrar el amor"}]}]}},"_links":{"self":[{"href":"http:\/\/elsuperbeasto.com\/es\/wp-json\/wp\/v2\/pages\/375"}],"collection":[{"href":"http:\/\/elsuperbeasto.com\/es\/wp-json\/wp\/v2\/pages"}],"about":[{"href":"http:\/\/elsuperbeasto.com\/es\/wp-json\/wp\/v2\/types\/page"}],"author":[{"embeddable":true,"href":"http:\/\/elsuperbeasto.com\/es\/wp-json\/wp\/v2\/users\/1"}],"replies":[{"embeddable":true,"href":"http:\/\/elsuperbeasto.com\/es\/wp-json\/wp\/v2\/comments?post=375"}],"version-history":[{"count":0,"href":"http:\/\/elsuperbeasto.com\/es\/wp-json\/wp\/v2\/pages\/375\/revisions"}],"wp:featuredmedia":[{"embeddable":true,"href":"http:\/\/elsuperbeasto.com\/es\/wp-json\/wp\/v2\/media\/151"}],"wp:attachment":[{"href":"http:\/\/elsuperbeasto.com\/es\/wp-json\/wp\/v2\/media?parent=375"}],"curies":[{"name":"wp","href":"https:\/\/api.w.org\/{rel}","templated":true}]}}