{"id":360,"date":"2022-08-18T13:12:48","date_gmt":"2022-08-18T12:12:48","guid":{"rendered":"http:\/\/elsuperbeasto.com\/son-seguras-las-citas-en-linea\/"},"modified":"2022-08-18T13:12:48","modified_gmt":"2022-08-18T12:12:48","slug":"son-seguras-las-citas-en-linea","status":"publish","type":"page","link":"http:\/\/elsuperbeasto.com\/es\/son-seguras-las-citas-en-linea\/","title":{"rendered":"\u00bfSon seguras las citas en l\u00ednea?"},"content":{"rendered":"<p>Las citas en l\u00ednea son una forma estupenda de conocer gente nueva, pero conllevan algunos riesgos. Uno de esos riesgos es ser estafado por una persona falsa. Seg\u00fan un estudio reciente, una cuarta parte de las mujeres han sido contactadas por alguien que dec\u00eda estar interesado en quedar con ellas, pero que luego result\u00f3 ser un estafador.<\/p>\n<p>La raz\u00f3n m\u00e1s com\u00fan por la que las personas son v\u00edctimas de estafas en las aplicaciones de citas es la falta de habilidades de comunicaci\u00f3n. Los chatbots est\u00e1n dise\u00f1ados para imitar la conversaci\u00f3n humana, pero no siempre hacen un buen trabajo. Suelen utilizar un lenguaje florido, lo que les convierte en blanco f\u00e1cil para los estafadores.<\/p>\n<p>Si quieres establecer una <a href=\"http:\/\/elsuperbeasto.com\/es\/cuales-son-las-mejores-aplicaciones-de-sexting\/\">conexi\u00f3n real con alguien<\/a>, deber\u00e1s evitar hablar demasiado de ti mismo. A la gente le gusta hablar de s\u00ed misma, pero suele sentirse m\u00e1s c\u00f3moda haci\u00e9ndolo por tel\u00e9fono o en persona. Las citas online son todav\u00eda relativamente nuevas, as\u00ed que no sabr\u00e1s lo bien que os comunic\u00e1is hasta que os conozc\u00e1is en persona.<\/p>\n<h2>\u00bfQu\u00e9 hay que tener en cuenta?<\/h2>\n<p>Puedes saber si una persona es un bot o un estafador observando su comportamiento. En general, un bot enviar\u00e1 mensajes r\u00e1pidamente, mientras que un estafador tardar\u00e1 m\u00e1s en responder. Puede que notes que mucha gente parece responder a tus mensajes en cuesti\u00f3n de segundos, aunque no hayan respondido a ninguno de tus mensajes anteriores. Esto se llama \u00abspam\u00bb. Los bots no son necesariamente spamming; podr\u00eda significar simplemente que est\u00e1n recibiendo muchos mensajes y respondiendo a todos a la vez.<\/p>\n<p>Otra cosa que hay que tener en cuenta son las declaraciones de amor tempranas. Algunas personas dir\u00e1n algo parecido a \u00abcreo que somos perfectos juntos\u00bb o \u00abestoy loco por ti\u00bb. Este tipo de comentarios suelen utilizarse para convencerle de que entregue los datos de su tarjeta de cr\u00e9dito. Los estafadores a menudo intentan enga\u00f1arle para que facilite informaci\u00f3n personal dici\u00e9ndole algo agradable. Desconf\u00eda de cualquiera que parezca demasiado entusiasmado por quedar contigo.<\/p>\n<h2>\u00bfQu\u00e9 pasa con las aplicaciones de citas de pago?<\/h2>\n<p>La mayor\u00eda de los sitios de citas en l\u00ednea son gratuitos, pero hay muchos que requieren un pago. Algunos ofrecen acceso a determinadas funciones de forma gratuita, mientras que otros no permiten utilizarlas a menos que se pague. Hemos recopilado una lista de los sitios de citas m\u00e1s populares y cu\u00e1nto cuesta unirse a ellos.<\/p>\n<h2>\u00bfQu\u00e9 pasa con las cr\u00edticas?<\/h2>\n<p>Las opiniones en l\u00ednea desempe\u00f1an un papel muy importante en la toma de decisiones de compra de los consumidores. Si la gente conf\u00eda en las opiniones de los dem\u00e1s, utilizar\u00e1 esas opiniones de confianza para orientar sus compras. Por desgracia, hoy en d\u00eda hay demasiadas rese\u00f1as falsas.<\/p>\n<p>Un estudio reciente descubri\u00f3 que m\u00e1s de la mitad de las rese\u00f1as en Amazon est\u00e1n escritas por revisores pagados. Y algunas empresas de citas en l\u00ednea, como Match Group Inc., eHarmony Inc. y OkCupid LLC, est\u00e1n pagando a personas para que escriban cr\u00edticas elogiosas sobre sus productos. Estas rese\u00f1as suelen contener informaci\u00f3n falsa, como afirmaciones exageradas sobre las caracter\u00edsticas y beneficios del producto.<\/p>\n","protected":false},"excerpt":{"rendered":"<p>Las citas en l\u00ednea son una forma estupenda de conocer gente nueva, pero conllevan algunos riesgos. Uno de esos riesgos es ser estafado por una persona falsa. Seg\u00fan un estudio reciente, una cuarta parte de las mujeres han sido contactadas&hellip; <a href=\"http:\/\/elsuperbeasto.com\/es\/son-seguras-las-citas-en-linea\/\" class=\"more-link\">Continuar leyendo <span class=\"meta-nav\">&rarr;<\/span><\/a><\/p>\n","protected":false},"author":1,"featured_media":137,"parent":0,"menu_order":0,"comment_status":"closed","ping_status":"closed","template":"","meta":[],"yoast_head":"<!-- This site is optimized with the Yoast SEO plugin v17.7.1 - https:\/\/yoast.com\/wordpress\/plugins\/seo\/ -->\n<title>\u00bfSon seguras las citas en l\u00ednea? - Quick Hookup<\/title>\n<meta name=\"robots\" content=\"index, follow, max-snippet:-1, max-image-preview:large, max-video-preview:-1\" \/>\n<link rel=\"canonical\" href=\"http:\/\/elsuperbeasto.com\/es\/son-seguras-las-citas-en-linea\/\" \/>\n<meta property=\"og:locale\" content=\"es_ES\" \/>\n<meta property=\"og:type\" content=\"article\" \/>\n<meta property=\"og:title\" content=\"\u00bfSon seguras las citas en l\u00ednea? - Quick Hookup\" \/>\n<meta property=\"og:description\" content=\"Las citas en l\u00ednea son una forma estupenda de conocer gente nueva, pero conllevan algunos riesgos. Uno de esos riesgos es ser estafado por una persona falsa. Seg\u00fan un estudio reciente, una cuarta parte de las mujeres han sido contactadas&hellip; Continuar leyendo &rarr;\" \/>\n<meta property=\"og:url\" content=\"http:\/\/elsuperbeasto.com\/es\/son-seguras-las-citas-en-linea\/\" \/>\n<meta property=\"og:site_name\" content=\"Quick Hookup\" \/>\n<meta property=\"og:image\" content=\"http:\/\/elsuperbeasto.com\/wp-content\/uploads\/2022\/08\/dates.jpeg\" \/>\n\t<meta property=\"og:image:width\" content=\"2250\" \/>\n\t<meta property=\"og:image:height\" content=\"1500\" \/>\n<meta name=\"twitter:card\" content=\"summary_large_image\" \/>\n<meta name=\"twitter:label1\" content=\"Tiempo de lectura\" \/>\n\t<meta name=\"twitter:data1\" content=\"3 minutos\" \/>\n<script type=\"application\/ld+json\" class=\"yoast-schema-graph\">{\"@context\":\"https:\/\/schema.org\",\"@graph\":[{\"@type\":\"WebSite\",\"@id\":\"https:\/\/elsuperbeasto.com\/#website\",\"url\":\"https:\/\/elsuperbeasto.com\/\",\"name\":\"Quick Hookup\",\"description\":\"Your Guide To Love\",\"potentialAction\":[{\"@type\":\"SearchAction\",\"target\":{\"@type\":\"EntryPoint\",\"urlTemplate\":\"https:\/\/elsuperbeasto.com\/?s={search_term_string}\"},\"query-input\":\"required name=search_term_string\"}],\"inLanguage\":\"es\"},{\"@type\":\"ImageObject\",\"@id\":\"http:\/\/elsuperbeasto.com\/es\/son-seguras-las-citas-en-linea\/#primaryimage\",\"inLanguage\":\"es\",\"url\":\"http:\/\/elsuperbeasto.com\/wp-content\/uploads\/2022\/08\/dates.jpeg\",\"contentUrl\":\"http:\/\/elsuperbeasto.com\/wp-content\/uploads\/2022\/08\/dates.jpeg\",\"width\":2250,\"height\":1500},{\"@type\":\"WebPage\",\"@id\":\"http:\/\/elsuperbeasto.com\/es\/son-seguras-las-citas-en-linea\/#webpage\",\"url\":\"http:\/\/elsuperbeasto.com\/es\/son-seguras-las-citas-en-linea\/\",\"name\":\"\\u00bfSon seguras las citas en l\\u00ednea? - Quick Hookup\",\"isPartOf\":{\"@id\":\"https:\/\/elsuperbeasto.com\/#website\"},\"primaryImageOfPage\":{\"@id\":\"http:\/\/elsuperbeasto.com\/es\/son-seguras-las-citas-en-linea\/#primaryimage\"},\"datePublished\":\"2022-08-18T12:12:48+00:00\",\"dateModified\":\"2022-08-18T12:12:48+00:00\",\"breadcrumb\":{\"@id\":\"http:\/\/elsuperbeasto.com\/es\/son-seguras-las-citas-en-linea\/#breadcrumb\"},\"inLanguage\":\"es\",\"potentialAction\":[{\"@type\":\"ReadAction\",\"target\":[\"http:\/\/elsuperbeasto.com\/es\/son-seguras-las-citas-en-linea\/\"]}]},{\"@type\":\"BreadcrumbList\",\"@id\":\"http:\/\/elsuperbeasto.com\/es\/son-seguras-las-citas-en-linea\/#breadcrumb\",\"itemListElement\":[{\"@type\":\"ListItem\",\"position\":1,\"name\":\"Home\",\"item\":\"https:\/\/elsuperbeasto.com\/es\/\"},{\"@type\":\"ListItem\",\"position\":2,\"name\":\"\\u00bfSon seguras las citas en l\\u00ednea?\"}]}]}<\/script>\n<!-- \/ Yoast SEO plugin. -->","yoast_head_json":{"title":"\u00bfSon seguras las citas en l\u00ednea? - Quick Hookup","robots":{"index":"index","follow":"follow","max-snippet":"max-snippet:-1","max-image-preview":"max-image-preview:large","max-video-preview":"max-video-preview:-1"},"canonical":"http:\/\/elsuperbeasto.com\/es\/son-seguras-las-citas-en-linea\/","og_locale":"es_ES","og_type":"article","og_title":"\u00bfSon seguras las citas en l\u00ednea? - Quick Hookup","og_description":"Las citas en l\u00ednea son una forma estupenda de conocer gente nueva, pero conllevan algunos riesgos. Uno de esos riesgos es ser estafado por una persona falsa. Seg\u00fan un estudio reciente, una cuarta parte de las mujeres han sido contactadas&hellip; Continuar leyendo &rarr;","og_url":"http:\/\/elsuperbeasto.com\/es\/son-seguras-las-citas-en-linea\/","og_site_name":"Quick Hookup","og_image":[{"width":2250,"height":1500,"url":"http:\/\/elsuperbeasto.com\/wp-content\/uploads\/2022\/08\/dates.jpeg","type":"image\/jpeg"}],"twitter_card":"summary_large_image","twitter_misc":{"Tiempo de lectura":"3 minutos"},"schema":{"@context":"https:\/\/schema.org","@graph":[{"@type":"WebSite","@id":"https:\/\/elsuperbeasto.com\/#website","url":"https:\/\/elsuperbeasto.com\/","name":"Quick Hookup","description":"Your Guide To Love","potentialAction":[{"@type":"SearchAction","target":{"@type":"EntryPoint","urlTemplate":"https:\/\/elsuperbeasto.com\/?s={search_term_string}"},"query-input":"required name=search_term_string"}],"inLanguage":"es"},{"@type":"ImageObject","@id":"http:\/\/elsuperbeasto.com\/es\/son-seguras-las-citas-en-linea\/#primaryimage","inLanguage":"es","url":"http:\/\/elsuperbeasto.com\/wp-content\/uploads\/2022\/08\/dates.jpeg","contentUrl":"http:\/\/elsuperbeasto.com\/wp-content\/uploads\/2022\/08\/dates.jpeg","width":2250,"height":1500},{"@type":"WebPage","@id":"http:\/\/elsuperbeasto.com\/es\/son-seguras-las-citas-en-linea\/#webpage","url":"http:\/\/elsuperbeasto.com\/es\/son-seguras-las-citas-en-linea\/","name":"\u00bfSon seguras las citas en l\u00ednea? - Quick Hookup","isPartOf":{"@id":"https:\/\/elsuperbeasto.com\/#website"},"primaryImageOfPage":{"@id":"http:\/\/elsuperbeasto.com\/es\/son-seguras-las-citas-en-linea\/#primaryimage"},"datePublished":"2022-08-18T12:12:48+00:00","dateModified":"2022-08-18T12:12:48+00:00","breadcrumb":{"@id":"http:\/\/elsuperbeasto.com\/es\/son-seguras-las-citas-en-linea\/#breadcrumb"},"inLanguage":"es","potentialAction":[{"@type":"ReadAction","target":["http:\/\/elsuperbeasto.com\/es\/son-seguras-las-citas-en-linea\/"]}]},{"@type":"BreadcrumbList","@id":"http:\/\/elsuperbeasto.com\/es\/son-seguras-las-citas-en-linea\/#breadcrumb","itemListElement":[{"@type":"ListItem","position":1,"name":"Home","item":"https:\/\/elsuperbeasto.com\/es\/"},{"@type":"ListItem","position":2,"name":"\u00bfSon seguras las citas en l\u00ednea?"}]}]}},"_links":{"self":[{"href":"http:\/\/elsuperbeasto.com\/es\/wp-json\/wp\/v2\/pages\/360"}],"collection":[{"href":"http:\/\/elsuperbeasto.com\/es\/wp-json\/wp\/v2\/pages"}],"about":[{"href":"http:\/\/elsuperbeasto.com\/es\/wp-json\/wp\/v2\/types\/page"}],"author":[{"embeddable":true,"href":"http:\/\/elsuperbeasto.com\/es\/wp-json\/wp\/v2\/users\/1"}],"replies":[{"embeddable":true,"href":"http:\/\/elsuperbeasto.com\/es\/wp-json\/wp\/v2\/comments?post=360"}],"version-history":[{"count":0,"href":"http:\/\/elsuperbeasto.com\/es\/wp-json\/wp\/v2\/pages\/360\/revisions"}],"wp:featuredmedia":[{"embeddable":true,"href":"http:\/\/elsuperbeasto.com\/es\/wp-json\/wp\/v2\/media\/137"}],"wp:attachment":[{"href":"http:\/\/elsuperbeasto.com\/es\/wp-json\/wp\/v2\/media?parent=360"}],"curies":[{"name":"wp","href":"https:\/\/api.w.org\/{rel}","templated":true}]}}