{"id":333,"date":"2022-08-18T13:22:34","date_gmt":"2022-08-18T12:22:34","guid":{"rendered":"http:\/\/elsuperbeasto.com\/como-salir-con-mujeres-locales\/"},"modified":"2022-08-18T13:22:34","modified_gmt":"2022-08-18T12:22:34","slug":"como-salir-con-mujeres-locales","status":"publish","type":"page","link":"http:\/\/elsuperbeasto.com\/es\/como-salir-con-mujeres-locales\/","title":{"rendered":"C\u00f3mo salir con mujeres locales"},"content":{"rendered":"<p>\u00bfEst\u00e1s cansado de salir con chicas de lejos? \u00bfDesea encontrar una novia m\u00e1s cerca de su casa?<\/p>\n<p>En este art\u00edculo, vamos a cubrir 3 consejos para ayudarle a encontrar una chica local para las citas.<\/p>\n<h2>Encontrar mujeres locales en l\u00ednea<\/h2>\n<p>Lo primero es lo primero. Si quieres encontrar una mujer local para tener citas, primero tienes que encontrarla en l\u00ednea. Hay montones de sitios web que te permiten buscar mujeres solteras en funci\u00f3n de su ubicaci\u00f3n. Entre estos sitios se encuentran Match.com, eHarmony, PlentyofFish, OkCupid y Zoosk, entre otros.<\/p>\n<p>Las citas en l\u00ednea se han vuelto muy populares \u00faltimamente. Te permite conectar con miles de posibles parejas sin salir de casa. As\u00ed que no pierdas esta oportunidad de encontrar una mujer local.<\/p>\n<h2>Reunirse con amigos que viven cerca<\/h2>\n<p>Este consejo funciona mejor para quienes viven en grandes ciudades. Sin embargo, si vives en un lugar m\u00e1s peque\u00f1o, es posible que puedas encontrar una chica local para una cita. Queda con los amigos que viven cerca. Esto os da una excusa para pasar el rato juntos y hablar de vuestros intereses.<\/p>\n<p>Es m\u00e1s f\u00e1cil entablar <a href=\"http:\/\/elsuperbeasto.com\/es\/las-mejores-aplicaciones-para-encontrar-el-amor\/\">conversaciones<\/a> cuando se est\u00e1 con amigos. Adem\u00e1s, es probable que tambi\u00e9n te encuentres con algunos chicos guapos.<\/p>\n<h2>\u00danase a los grupos que le interesan<\/h2>\n<p>\u00danete a los grupos que te interesan. Por ejemplo, \u00fanete a un grupo deportivo, un club de lectura o cualquier otro grupo que te interese. Cuando te unes a este tipo de grupos, te expones a un mont\u00f3n de gente interesante. Y como la mayor\u00eda de estos grupos se centran en algo que te interesa, te sentir\u00e1s m\u00e1s c\u00f3modo hablando con ellos que con extra\u00f1os al azar.<\/p>\n<p>Adem\u00e1s, unirse a estos grupos le dar\u00e1 la oportunidad de practicar sus habilidades de conversaci\u00f3n. Aprender\u00e1s a hacer preguntas, a escuchar mejor y a hablar con confianza.<\/p>\n<h2>PREGUNTAS FRECUENTES<\/h2>\n<p>Si sigues estos <a href=\"http:\/\/elsuperbeasto.com\/es\/4-consejos-para-mantener-la-seguridad-en-las-citas-en-linea\/\">tres consejos<\/a>, podr\u00e1s encontrar una chica para salir m\u00e1s pronto que tarde.<\/p>\n<h3>\u00bfQu\u00e9 significa \u00absin ataduras\u00bb en las citas?<\/h3>\n<p>No Strings Attached significa que no tienes que preocuparte por adquirir ning\u00fan compromiso a largo plazo. Si quieres salir con alguien por diversi\u00f3n, \u00a1adelante! Sin embargo, si quieres salir con alguien en serio, debes estar preparado para comprometerte. Si quieres evitar entrar en una relaci\u00f3n en la que ambas partes se sientan obligadas a estar juntas para siempre, prueba a salir con alguien que no tenga expectativas sobre el tiempo que deben permanecer juntos. De este modo, no tendr\u00e1s que preocuparte por romper cuando las cosas ya no funcionen.<\/p>\n<h3>\u00bfPuede el amor sin compromiso convertirse en amor?<\/h3>\n<p>S\u00ed, es posible que la ausencia de ataduras se convierta en amor. Sin embargo, se requiere un esfuerzo por ambas partes. El primer paso es ser sincero sobre lo que quieres. Si no sabes lo que quieres, no lo sabr\u00e1s hasta que lo intentes. Una vez que hayan decidido lo que quieren, deben comunicarse con claridad y honestidad. Por \u00faltimo, es necesario que te expongas y hagas saber a los dem\u00e1s c\u00f3mo te sientes.<\/p>\n<h3>\u00bfQu\u00e9 es una aventura de la NSA?<\/h3>\n<p>Una aventura de la NSA es cuando alguien tiene relaciones sexuales con otra persona con la que no quiere tener intimidad. Esto suele ocurrir entre dos personas que se conocen bien, como compa\u00f1eros de trabajo, familiares o amigos cercanos. El t\u00e9rmino se utiliz\u00f3 por primera vez en la d\u00e9cada de 1970 y se refiere a la Agencia de Seguridad Nacional.<\/p>\n","protected":false},"excerpt":{"rendered":"<p>\u00bfEst\u00e1s cansado de salir con chicas de lejos? \u00bfDesea encontrar una novia m\u00e1s cerca de su casa? En este art\u00edculo, vamos a cubrir 3 consejos para ayudarle a encontrar una chica local para las citas. Encontrar mujeres locales en l\u00ednea&hellip; <a href=\"http:\/\/elsuperbeasto.com\/es\/como-salir-con-mujeres-locales\/\" class=\"more-link\">Continuar leyendo <span class=\"meta-nav\">&rarr;<\/span><\/a><\/p>\n","protected":false},"author":1,"featured_media":165,"parent":0,"menu_order":0,"comment_status":"closed","ping_status":"closed","template":"","meta":[],"yoast_head":"<!-- This site is optimized with the Yoast SEO plugin v17.7.1 - https:\/\/yoast.com\/wordpress\/plugins\/seo\/ -->\n<title>C\u00f3mo salir con mujeres locales - Quick Hookup<\/title>\n<meta name=\"robots\" content=\"index, follow, max-snippet:-1, max-image-preview:large, max-video-preview:-1\" \/>\n<link rel=\"canonical\" href=\"http:\/\/elsuperbeasto.com\/es\/como-salir-con-mujeres-locales\/\" \/>\n<meta property=\"og:locale\" content=\"es_ES\" \/>\n<meta property=\"og:type\" content=\"article\" \/>\n<meta property=\"og:title\" content=\"C\u00f3mo salir con mujeres locales - Quick Hookup\" \/>\n<meta property=\"og:description\" content=\"\u00bfEst\u00e1s cansado de salir con chicas de lejos? \u00bfDesea encontrar una novia m\u00e1s cerca de su casa? En este art\u00edculo, vamos a cubrir 3 consejos para ayudarle a encontrar una chica local para las citas. Encontrar mujeres locales en l\u00ednea&hellip; Continuar leyendo &rarr;\" \/>\n<meta property=\"og:url\" content=\"http:\/\/elsuperbeasto.com\/es\/como-salir-con-mujeres-locales\/\" \/>\n<meta property=\"og:site_name\" content=\"Quick Hookup\" \/>\n<meta property=\"og:image\" content=\"http:\/\/elsuperbeasto.com\/wp-content\/uploads\/2022\/08\/sexy-time.jpeg\" \/>\n\t<meta property=\"og:image:width\" content=\"1001\" \/>\n\t<meta property=\"og:image:height\" content=\"1500\" \/>\n<meta name=\"twitter:card\" content=\"summary_large_image\" \/>\n<meta name=\"twitter:label1\" content=\"Tiempo de lectura\" \/>\n\t<meta name=\"twitter:data1\" content=\"3 minutos\" \/>\n<script type=\"application\/ld+json\" class=\"yoast-schema-graph\">{\"@context\":\"https:\/\/schema.org\",\"@graph\":[{\"@type\":\"WebSite\",\"@id\":\"https:\/\/elsuperbeasto.com\/#website\",\"url\":\"https:\/\/elsuperbeasto.com\/\",\"name\":\"Quick Hookup\",\"description\":\"Your Guide To Love\",\"potentialAction\":[{\"@type\":\"SearchAction\",\"target\":{\"@type\":\"EntryPoint\",\"urlTemplate\":\"https:\/\/elsuperbeasto.com\/?s={search_term_string}\"},\"query-input\":\"required name=search_term_string\"}],\"inLanguage\":\"es\"},{\"@type\":\"ImageObject\",\"@id\":\"http:\/\/elsuperbeasto.com\/es\/como-salir-con-mujeres-locales\/#primaryimage\",\"inLanguage\":\"es\",\"url\":\"http:\/\/elsuperbeasto.com\/wp-content\/uploads\/2022\/08\/sexy-time.jpeg\",\"contentUrl\":\"http:\/\/elsuperbeasto.com\/wp-content\/uploads\/2022\/08\/sexy-time.jpeg\",\"width\":1001,\"height\":1500},{\"@type\":\"WebPage\",\"@id\":\"http:\/\/elsuperbeasto.com\/es\/como-salir-con-mujeres-locales\/#webpage\",\"url\":\"http:\/\/elsuperbeasto.com\/es\/como-salir-con-mujeres-locales\/\",\"name\":\"C\\u00f3mo salir con mujeres locales - Quick Hookup\",\"isPartOf\":{\"@id\":\"https:\/\/elsuperbeasto.com\/#website\"},\"primaryImageOfPage\":{\"@id\":\"http:\/\/elsuperbeasto.com\/es\/como-salir-con-mujeres-locales\/#primaryimage\"},\"datePublished\":\"2022-08-18T12:22:34+00:00\",\"dateModified\":\"2022-08-18T12:22:34+00:00\",\"breadcrumb\":{\"@id\":\"http:\/\/elsuperbeasto.com\/es\/como-salir-con-mujeres-locales\/#breadcrumb\"},\"inLanguage\":\"es\",\"potentialAction\":[{\"@type\":\"ReadAction\",\"target\":[\"http:\/\/elsuperbeasto.com\/es\/como-salir-con-mujeres-locales\/\"]}]},{\"@type\":\"BreadcrumbList\",\"@id\":\"http:\/\/elsuperbeasto.com\/es\/como-salir-con-mujeres-locales\/#breadcrumb\",\"itemListElement\":[{\"@type\":\"ListItem\",\"position\":1,\"name\":\"Home\",\"item\":\"https:\/\/elsuperbeasto.com\/es\/\"},{\"@type\":\"ListItem\",\"position\":2,\"name\":\"C\\u00f3mo salir con mujeres locales\"}]}]}<\/script>\n<!-- \/ Yoast SEO plugin. -->","yoast_head_json":{"title":"C\u00f3mo salir con mujeres locales - Quick Hookup","robots":{"index":"index","follow":"follow","max-snippet":"max-snippet:-1","max-image-preview":"max-image-preview:large","max-video-preview":"max-video-preview:-1"},"canonical":"http:\/\/elsuperbeasto.com\/es\/como-salir-con-mujeres-locales\/","og_locale":"es_ES","og_type":"article","og_title":"C\u00f3mo salir con mujeres locales - Quick Hookup","og_description":"\u00bfEst\u00e1s cansado de salir con chicas de lejos? \u00bfDesea encontrar una novia m\u00e1s cerca de su casa? En este art\u00edculo, vamos a cubrir 3 consejos para ayudarle a encontrar una chica local para las citas. Encontrar mujeres locales en l\u00ednea&hellip; Continuar leyendo &rarr;","og_url":"http:\/\/elsuperbeasto.com\/es\/como-salir-con-mujeres-locales\/","og_site_name":"Quick Hookup","og_image":[{"width":1001,"height":1500,"url":"http:\/\/elsuperbeasto.com\/wp-content\/uploads\/2022\/08\/sexy-time.jpeg","type":"image\/jpeg"}],"twitter_card":"summary_large_image","twitter_misc":{"Tiempo de lectura":"3 minutos"},"schema":{"@context":"https:\/\/schema.org","@graph":[{"@type":"WebSite","@id":"https:\/\/elsuperbeasto.com\/#website","url":"https:\/\/elsuperbeasto.com\/","name":"Quick Hookup","description":"Your Guide To Love","potentialAction":[{"@type":"SearchAction","target":{"@type":"EntryPoint","urlTemplate":"https:\/\/elsuperbeasto.com\/?s={search_term_string}"},"query-input":"required name=search_term_string"}],"inLanguage":"es"},{"@type":"ImageObject","@id":"http:\/\/elsuperbeasto.com\/es\/como-salir-con-mujeres-locales\/#primaryimage","inLanguage":"es","url":"http:\/\/elsuperbeasto.com\/wp-content\/uploads\/2022\/08\/sexy-time.jpeg","contentUrl":"http:\/\/elsuperbeasto.com\/wp-content\/uploads\/2022\/08\/sexy-time.jpeg","width":1001,"height":1500},{"@type":"WebPage","@id":"http:\/\/elsuperbeasto.com\/es\/como-salir-con-mujeres-locales\/#webpage","url":"http:\/\/elsuperbeasto.com\/es\/como-salir-con-mujeres-locales\/","name":"C\u00f3mo salir con mujeres locales - Quick Hookup","isPartOf":{"@id":"https:\/\/elsuperbeasto.com\/#website"},"primaryImageOfPage":{"@id":"http:\/\/elsuperbeasto.com\/es\/como-salir-con-mujeres-locales\/#primaryimage"},"datePublished":"2022-08-18T12:22:34+00:00","dateModified":"2022-08-18T12:22:34+00:00","breadcrumb":{"@id":"http:\/\/elsuperbeasto.com\/es\/como-salir-con-mujeres-locales\/#breadcrumb"},"inLanguage":"es","potentialAction":[{"@type":"ReadAction","target":["http:\/\/elsuperbeasto.com\/es\/como-salir-con-mujeres-locales\/"]}]},{"@type":"BreadcrumbList","@id":"http:\/\/elsuperbeasto.com\/es\/como-salir-con-mujeres-locales\/#breadcrumb","itemListElement":[{"@type":"ListItem","position":1,"name":"Home","item":"https:\/\/elsuperbeasto.com\/es\/"},{"@type":"ListItem","position":2,"name":"C\u00f3mo salir con mujeres locales"}]}]}},"_links":{"self":[{"href":"http:\/\/elsuperbeasto.com\/es\/wp-json\/wp\/v2\/pages\/333"}],"collection":[{"href":"http:\/\/elsuperbeasto.com\/es\/wp-json\/wp\/v2\/pages"}],"about":[{"href":"http:\/\/elsuperbeasto.com\/es\/wp-json\/wp\/v2\/types\/page"}],"author":[{"embeddable":true,"href":"http:\/\/elsuperbeasto.com\/es\/wp-json\/wp\/v2\/users\/1"}],"replies":[{"embeddable":true,"href":"http:\/\/elsuperbeasto.com\/es\/wp-json\/wp\/v2\/comments?post=333"}],"version-history":[{"count":0,"href":"http:\/\/elsuperbeasto.com\/es\/wp-json\/wp\/v2\/pages\/333\/revisions"}],"wp:featuredmedia":[{"embeddable":true,"href":"http:\/\/elsuperbeasto.com\/es\/wp-json\/wp\/v2\/media\/165"}],"wp:attachment":[{"href":"http:\/\/elsuperbeasto.com\/es\/wp-json\/wp\/v2\/media?parent=333"}],"curies":[{"name":"wp","href":"https:\/\/api.w.org\/{rel}","templated":true}]}}