{"id":321,"date":"2022-08-18T13:39:07","date_gmt":"2022-08-18T12:39:07","guid":{"rendered":"http:\/\/elsuperbeasto.com\/salir-con-una-milf-madura\/"},"modified":"2022-08-18T13:39:07","modified_gmt":"2022-08-18T12:39:07","slug":"salir-con-una-milf-madura","status":"publish","type":"page","link":"http:\/\/elsuperbeasto.com\/es\/salir-con-una-milf-madura\/","title":{"rendered":"\u00bfSalir con una milf madura?"},"content":{"rendered":"<p>Los solteros maduros buscan el amor y el romance. Si quieres encontrarlos, tienes que ser paciente y esperar a que vengan a ti. La mejor manera de conocer a solteros maduros es a trav\u00e9s de sitios web de citas como Match.com, eHarmony, OkCupid, etc. Hay varios sitios donde puedes encontrar mujeres mayores que buscan sexo. El mejor lugar para empezar es Craigslist.com. Este sitio web tiene miles de anuncios publicados diariamente de todo el mundo. Otra gran opci\u00f3n es Backpage.com. Este sitio tambi\u00e9n tiene millones de listados de acompa\u00f1antes y servicios para adultos.<\/p>\n<p>Se espera que esta estad\u00edstica siga creciendo a medida que m\u00e1s adultos maduros se sientan c\u00f3modos con la tecnolog\u00eda y se sientan seguros expres\u00e1ndose en l\u00ednea. Por ello, hay muchos sitios de citas para adultos disponibles en Internet. Estos sitios permiten a los adultos maduros conocer e interactuar con otros miembros en funci\u00f3n de sus intereses comunes. Adem\u00e1s de conocer gente nueva, estos sitios tambi\u00e9n dan a los usuarios acceso a contenidos y herramientas exclusivas dise\u00f1adas para mejorar la comunicaci\u00f3n y dar lugar a relaciones duraderas. Aunque los sitios de citas para adultos var\u00edan mucho en cuanto a las cuotas de los miembros, la interfaz del usuario y la calidad en general, los siguientes son algunos de los mejores sitios de citas para adultos disponibles actualmente en la web.<\/p>\n<h2>Nuestras mejores elecciones:<\/h2>\n<p>Hay <a href=\"http:\/\/elsuperbeasto.com\/es\/como-funcionan-las-citas-nsa\/\">varios sitios web<\/a> que ofrecen sitios de citas para personas mayores, como Senior Matchmaker, Senior People Meet y SeniorsMeet. Estos sitios permiten a los usuarios buscar a otros miembros en funci\u00f3n de su edad, ubicaci\u00f3n, intereses y aficiones.<\/p>\n<p>Sin embargo, queremos ofrecerle algunas alternativas a las opciones m\u00e1s populares.<\/p>\n<h3>TuTango<\/h3>\n<p>YourTango es una plataforma de citas en l\u00ednea gratuita que se dirige principalmente a los adultos j\u00f3venes. Esto significa que YourTango se centra en poner en contacto a los solteros de entre 20 y 30 a\u00f1os.<\/p>\n<p>Es similar a otros sitios de citas para adultos en el sentido de que no requiere una suscripci\u00f3n de pago para registrarse. Sin embargo, tiene una peque\u00f1a selecci\u00f3n de funciones premium que cuestan 9,99 d\u00f3lares al mes. Su principal objetivo es crear conexiones duraderas entre los usuarios. Para ello, ofrece una experiencia altamente interactiva en la que los usuarios pueden expresarse libremente.<\/p>\n<p>Los usuarios pueden publicar art\u00edculos, v\u00eddeos e im\u00e1genes en sus p\u00e1ginas de perfil. Tambi\u00e9n pueden dejar comentarios en las publicaciones de otros miembros. Disponible para dispositivos iOS y Android.<\/p>\n<h3>Zoosk<\/h3>\n<p>Zoosk es un sitio web gratuito de citas en l\u00ednea que se dirige principalmente a profesionales solteros. Esto significa que Zoosk est\u00e1 orientado a adultos maduros que quieren tener citas dentro de su propio sector. Es similar a otros sitios de citas para adultos en que no requiere ning\u00fan pago para registrarse. Sin embargo, a diferencia de otros sitios de citas para adultos, Zoosk cobra una cuota mensual por las cuentas premium. La cuenta b\u00e1sica incluye funciones ilimitadas de mensajer\u00eda y navegaci\u00f3n. Las afiliaciones premium incluyen el acceso a funciones adicionales, como opciones de b\u00fasqueda y visualizaci\u00f3n mejoradas.<\/p>\n<h3>ChristianMingle<\/h3>\n<p>ChristianMingle es un sitio de citas maduras de primer nivel que cataliza exclusivamente a los cristianos. Aunque a primera vista esto pueda parecer limitante, esta aplicaci\u00f3n en realidad anima a los usuarios a ampliar sus horizontes m\u00e1s all\u00e1 de sus creencias religiosas. La inscripci\u00f3n es completamente gratuita y ofrece a los usuarios una amplia lista de funciones. Por ejemplo, los usuarios pueden leer biograf\u00edas detalladas, ver fotos, a\u00f1adir favoritos y calificar a los miembros.<\/p>\n<p>Tambi\u00e9n pueden publicar preguntas y pedir consejo a otros miembros. Adem\u00e1s, ofrece una funci\u00f3n de mensajer\u00eda privada que permite a los usuarios discutir temas en privado sin temor a ser juzgados. Puedes probar las ofertas de una suscripci\u00f3n premium que incluye el acceso a contenidos y funciones exclusivas.<\/p>\n<h3>Cerilla<\/h3>\n<p>Aunque Match.com es el sitio de citas para adultos m\u00e1s antiguo del mercado, sigue siendo uno de los m\u00e1s populares. Este sitio fue fundado en 1995 y ahora tiene m\u00e1s de 11 millones de miembros activos en todo el mundo.<\/p>\n<p>Est\u00e1 considerado como uno de los mejores sitios de citas para adultos porque ofrece a los usuarios una gran variedad de funciones y servicios. Por ejemplo, los usuarios pueden buscar posibles parejas en funci\u00f3n de la edad, el sexo, el estilo de vida, la profesi\u00f3n, la religi\u00f3n y el origen \u00e9tnico. Adem\u00e1s, ofrece a los miembros la posibilidad de compartir fotos y v\u00eddeos, recibir recomendaciones personalizadas y conectarse a trav\u00e9s de las redes sociales.<\/p>\n<h2>Conclusi\u00f3n<\/h2>\n<p>No gastes tu tiempo buscando MILFs a menos que est\u00e9s preparado para darles todo lo que quieren. Siempre hay alguien m\u00e1s que quiere tratarlas como las diosas del sexo que realmente son.<\/p>\n","protected":false},"excerpt":{"rendered":"<p>Los solteros maduros buscan el amor y el romance. Si quieres encontrarlos, tienes que ser paciente y esperar a que vengan a ti. La mejor manera de conocer a solteros maduros es a trav\u00e9s de sitios web de citas como&hellip; <a href=\"http:\/\/elsuperbeasto.com\/es\/salir-con-una-milf-madura\/\" class=\"more-link\">Continuar leyendo <span class=\"meta-nav\">&rarr;<\/span><\/a><\/p>\n","protected":false},"author":1,"featured_media":207,"parent":0,"menu_order":0,"comment_status":"closed","ping_status":"closed","template":"","meta":[],"yoast_head":"<!-- This site is optimized with the Yoast SEO plugin v17.7.1 - https:\/\/yoast.com\/wordpress\/plugins\/seo\/ -->\n<title>\u00bfSalir con una milf madura? - Quick Hookup<\/title>\n<meta name=\"robots\" content=\"index, follow, max-snippet:-1, max-image-preview:large, max-video-preview:-1\" \/>\n<link rel=\"canonical\" href=\"http:\/\/elsuperbeasto.com\/es\/salir-con-una-milf-madura\/\" \/>\n<meta property=\"og:locale\" content=\"es_ES\" \/>\n<meta property=\"og:type\" content=\"article\" \/>\n<meta property=\"og:title\" content=\"\u00bfSalir con una milf madura? - Quick Hookup\" \/>\n<meta property=\"og:description\" content=\"Los solteros maduros buscan el amor y el romance. Si quieres encontrarlos, tienes que ser paciente y esperar a que vengan a ti. La mejor manera de conocer a solteros maduros es a trav\u00e9s de sitios web de citas como&hellip; Continuar leyendo &rarr;\" \/>\n<meta property=\"og:url\" content=\"http:\/\/elsuperbeasto.com\/es\/salir-con-una-milf-madura\/\" \/>\n<meta property=\"og:site_name\" content=\"Quick Hookup\" \/>\n<meta property=\"og:image\" content=\"http:\/\/elsuperbeasto.com\/wp-content\/uploads\/2022\/08\/be-mine.jpeg\" \/>\n\t<meta property=\"og:image:width\" content=\"2250\" \/>\n\t<meta property=\"og:image:height\" content=\"1500\" \/>\n<meta name=\"twitter:card\" content=\"summary_large_image\" \/>\n<meta name=\"twitter:label1\" content=\"Tiempo de lectura\" \/>\n\t<meta name=\"twitter:data1\" content=\"4 minutos\" \/>\n<script type=\"application\/ld+json\" class=\"yoast-schema-graph\">{\"@context\":\"https:\/\/schema.org\",\"@graph\":[{\"@type\":\"WebSite\",\"@id\":\"https:\/\/elsuperbeasto.com\/#website\",\"url\":\"https:\/\/elsuperbeasto.com\/\",\"name\":\"Quick Hookup\",\"description\":\"Your Guide To Love\",\"potentialAction\":[{\"@type\":\"SearchAction\",\"target\":{\"@type\":\"EntryPoint\",\"urlTemplate\":\"https:\/\/elsuperbeasto.com\/?s={search_term_string}\"},\"query-input\":\"required name=search_term_string\"}],\"inLanguage\":\"es\"},{\"@type\":\"ImageObject\",\"@id\":\"http:\/\/elsuperbeasto.com\/es\/salir-con-una-milf-madura\/#primaryimage\",\"inLanguage\":\"es\",\"url\":\"http:\/\/elsuperbeasto.com\/wp-content\/uploads\/2022\/08\/be-mine.jpeg\",\"contentUrl\":\"http:\/\/elsuperbeasto.com\/wp-content\/uploads\/2022\/08\/be-mine.jpeg\",\"width\":2250,\"height\":1500},{\"@type\":\"WebPage\",\"@id\":\"http:\/\/elsuperbeasto.com\/es\/salir-con-una-milf-madura\/#webpage\",\"url\":\"http:\/\/elsuperbeasto.com\/es\/salir-con-una-milf-madura\/\",\"name\":\"\\u00bfSalir con una milf madura? - Quick Hookup\",\"isPartOf\":{\"@id\":\"https:\/\/elsuperbeasto.com\/#website\"},\"primaryImageOfPage\":{\"@id\":\"http:\/\/elsuperbeasto.com\/es\/salir-con-una-milf-madura\/#primaryimage\"},\"datePublished\":\"2022-08-18T12:39:07+00:00\",\"dateModified\":\"2022-08-18T12:39:07+00:00\",\"breadcrumb\":{\"@id\":\"http:\/\/elsuperbeasto.com\/es\/salir-con-una-milf-madura\/#breadcrumb\"},\"inLanguage\":\"es\",\"potentialAction\":[{\"@type\":\"ReadAction\",\"target\":[\"http:\/\/elsuperbeasto.com\/es\/salir-con-una-milf-madura\/\"]}]},{\"@type\":\"BreadcrumbList\",\"@id\":\"http:\/\/elsuperbeasto.com\/es\/salir-con-una-milf-madura\/#breadcrumb\",\"itemListElement\":[{\"@type\":\"ListItem\",\"position\":1,\"name\":\"Home\",\"item\":\"https:\/\/elsuperbeasto.com\/es\/\"},{\"@type\":\"ListItem\",\"position\":2,\"name\":\"\\u00bfSalir con una milf madura?\"}]}]}<\/script>\n<!-- \/ Yoast SEO plugin. -->","yoast_head_json":{"title":"\u00bfSalir con una milf madura? - Quick Hookup","robots":{"index":"index","follow":"follow","max-snippet":"max-snippet:-1","max-image-preview":"max-image-preview:large","max-video-preview":"max-video-preview:-1"},"canonical":"http:\/\/elsuperbeasto.com\/es\/salir-con-una-milf-madura\/","og_locale":"es_ES","og_type":"article","og_title":"\u00bfSalir con una milf madura? - Quick Hookup","og_description":"Los solteros maduros buscan el amor y el romance. Si quieres encontrarlos, tienes que ser paciente y esperar a que vengan a ti. La mejor manera de conocer a solteros maduros es a trav\u00e9s de sitios web de citas como&hellip; Continuar leyendo &rarr;","og_url":"http:\/\/elsuperbeasto.com\/es\/salir-con-una-milf-madura\/","og_site_name":"Quick Hookup","og_image":[{"width":2250,"height":1500,"url":"http:\/\/elsuperbeasto.com\/wp-content\/uploads\/2022\/08\/be-mine.jpeg","type":"image\/jpeg"}],"twitter_card":"summary_large_image","twitter_misc":{"Tiempo de lectura":"4 minutos"},"schema":{"@context":"https:\/\/schema.org","@graph":[{"@type":"WebSite","@id":"https:\/\/elsuperbeasto.com\/#website","url":"https:\/\/elsuperbeasto.com\/","name":"Quick Hookup","description":"Your Guide To Love","potentialAction":[{"@type":"SearchAction","target":{"@type":"EntryPoint","urlTemplate":"https:\/\/elsuperbeasto.com\/?s={search_term_string}"},"query-input":"required name=search_term_string"}],"inLanguage":"es"},{"@type":"ImageObject","@id":"http:\/\/elsuperbeasto.com\/es\/salir-con-una-milf-madura\/#primaryimage","inLanguage":"es","url":"http:\/\/elsuperbeasto.com\/wp-content\/uploads\/2022\/08\/be-mine.jpeg","contentUrl":"http:\/\/elsuperbeasto.com\/wp-content\/uploads\/2022\/08\/be-mine.jpeg","width":2250,"height":1500},{"@type":"WebPage","@id":"http:\/\/elsuperbeasto.com\/es\/salir-con-una-milf-madura\/#webpage","url":"http:\/\/elsuperbeasto.com\/es\/salir-con-una-milf-madura\/","name":"\u00bfSalir con una milf madura? - Quick Hookup","isPartOf":{"@id":"https:\/\/elsuperbeasto.com\/#website"},"primaryImageOfPage":{"@id":"http:\/\/elsuperbeasto.com\/es\/salir-con-una-milf-madura\/#primaryimage"},"datePublished":"2022-08-18T12:39:07+00:00","dateModified":"2022-08-18T12:39:07+00:00","breadcrumb":{"@id":"http:\/\/elsuperbeasto.com\/es\/salir-con-una-milf-madura\/#breadcrumb"},"inLanguage":"es","potentialAction":[{"@type":"ReadAction","target":["http:\/\/elsuperbeasto.com\/es\/salir-con-una-milf-madura\/"]}]},{"@type":"BreadcrumbList","@id":"http:\/\/elsuperbeasto.com\/es\/salir-con-una-milf-madura\/#breadcrumb","itemListElement":[{"@type":"ListItem","position":1,"name":"Home","item":"https:\/\/elsuperbeasto.com\/es\/"},{"@type":"ListItem","position":2,"name":"\u00bfSalir con una milf madura?"}]}]}},"_links":{"self":[{"href":"http:\/\/elsuperbeasto.com\/es\/wp-json\/wp\/v2\/pages\/321"}],"collection":[{"href":"http:\/\/elsuperbeasto.com\/es\/wp-json\/wp\/v2\/pages"}],"about":[{"href":"http:\/\/elsuperbeasto.com\/es\/wp-json\/wp\/v2\/types\/page"}],"author":[{"embeddable":true,"href":"http:\/\/elsuperbeasto.com\/es\/wp-json\/wp\/v2\/users\/1"}],"replies":[{"embeddable":true,"href":"http:\/\/elsuperbeasto.com\/es\/wp-json\/wp\/v2\/comments?post=321"}],"version-history":[{"count":0,"href":"http:\/\/elsuperbeasto.com\/es\/wp-json\/wp\/v2\/pages\/321\/revisions"}],"wp:featuredmedia":[{"embeddable":true,"href":"http:\/\/elsuperbeasto.com\/es\/wp-json\/wp\/v2\/media\/207"}],"wp:attachment":[{"href":"http:\/\/elsuperbeasto.com\/es\/wp-json\/wp\/v2\/media?parent=321"}],"curies":[{"name":"wp","href":"https:\/\/api.w.org\/{rel}","templated":true}]}}