{"id":314,"date":"2022-08-18T13:44:21","date_gmt":"2022-08-18T12:44:21","guid":{"rendered":"http:\/\/elsuperbeasto.com\/cuales-son-las-mejores-aplicaciones-de-sexting\/"},"modified":"2022-08-18T13:44:21","modified_gmt":"2022-08-18T12:44:21","slug":"cuales-son-las-mejores-aplicaciones-de-sexting","status":"publish","type":"page","link":"http:\/\/elsuperbeasto.com\/es\/cuales-son-las-mejores-aplicaciones-de-sexting\/","title":{"rendered":"\u00bfCu\u00e1les son las mejores aplicaciones de sexting?"},"content":{"rendered":"<p>Ya sabes lo que pasa cuando est\u00e1s cachondo. Le <a href=\"http:\/\/elsuperbeasto.com\/es\/son-seguras-las-citas-en-linea\/\">env\u00edas un mensaje de texto a tu pareja<\/a>, le mandas una foto sexy, incluso puedes concertar una cita. Pero a veces las cosas no salen como se planean. Tal vez no responda. O no le gusta. Y te quedas con la duda de si volver\u00e1s a ver a tu pareja o no.<\/p>\n<p>Pero gracias a Internet, puedes seguir ligando con otra persona mientras esperas a que tu pareja aparezca. Hay montones de sitios de sexting gratuitos en los que puedes encontrar gente que busca chatear sucio por texto. Estos sitios facilitan el coqueteo con otras personas sin tener que preocuparse por ser descubierto. Tambi\u00e9n ofrecen funciones como camming en vivo, sexo por webcam y sexo telef\u00f3nico. Todo lo que necesitas es un smartphone y una conexi\u00f3n.<\/p>\n<p>Algunas opciones conocidas son:<\/p>\n<ol>\n<li>Kik &#8211; Kik es una de las plataformas de citas m\u00e1s antiguas de la web. Existe desde 2005 y lo utilizan millones de personas en todo el mundo. Est\u00e1 dise\u00f1ado espec\u00edficamente para adolescentes y j\u00f3venes, pero cualquiera puede utilizarlo.<\/li>\n<li>Omegle &#8211; Si nunca has o\u00eddo hablar de Omegle, probablemente sea porque no es muy conocido. Este sitio te permite conectar al azar con otra persona. Puedes hablar con quien quieras, no importa la edad que tenga. Ten en cuenta que la mayor\u00eda de la gente no est\u00e1 interesada en hablar con alguien que ha conocido por Internet.<\/li>\n<li>Chatroulette &#8211; Como su nombre indica, Chatroulette te permite conocer gente al azar y empezar a chatear con ellos. Es similar a Omegle, salvo que en lugar de conectar con personas que ya conoces, lo haces con completos desconocidos.<\/li>\n<li>Scruff &#8211; Scruff es un poco diferente de otros sitios de citas. En lugar de emparejarle con posibles citas en funci\u00f3n de sus preferencias, le empareja en funci\u00f3n de su ubicaci\u00f3n. As\u00ed que si est\u00e1s en Nueva York y coincides con alguien cercano, pod\u00e9is quedar para salir juntos.<\/li>\n<\/ol>\n<h2>Nuestra aplicaci\u00f3n favorita para el sexting online: Confide<\/h2>\n<p>Esta aplicaci\u00f3n gratuita es sencilla y f\u00e1cil de usar, y te permite enviar fotos en privado a trav\u00e9s de un texto. No tienes que preocuparte por enviar accidentalmente algo demasiado subido de tono, porque no hay opciones para compartir im\u00e1genes. Lo \u00fanico que puedes hacer es borrar los mensajes. Si quieres que las cosas sean m\u00e1s desenfadadas, prueba el \u00abmodo coqueto\u00bb, en el que puedes a\u00f1adir emojis a tus mensajes.<\/p>\n<h2>\u00bfPara ligar despu\u00e9s de sextear? La AFF es su mejor opci\u00f3n<\/h2>\n<p>AdultFriendFinder, o AFF, es uno de los mayores sitios de chat de sexo gratuito que existen. Si buscas un lugar para ligar, tener una cita o incluso ligar con alguien cercano, sin duda merece la pena comprobarlo.<\/p>\n<p>Hay un mont\u00f3n de formas diferentes de comunicarse con los dem\u00e1s en el sitio, incluidos los mensajes de texto, el correo electr\u00f3nico y la mensajer\u00eda instant\u00e1nea. Tambi\u00e9n puedes utilizar la funci\u00f3n de c\u00e1mara web para chatear por v\u00eddeo con otros miembros.<\/p>\n<p>Tambi\u00e9n puede optar por entrar en una categor\u00eda espec\u00edfica y examinar los perfiles en funci\u00f3n de lo que le interese. Ya sea que quieras conocer a alguien para una aventura r\u00e1pida, s\u00f3lo para pasar el rato, o algo totalmente distinto, AdultFriendFinder tiene una comunidad para todos.<\/p>\n<h2>Nuestros consejos<\/h2>\n<p>Al igual que cualquier otra cosa, el sexting puede acarrear problemas. S\u00f3lo debes enviar desnudos a personas de confianza. Esto significa que s\u00f3lo debes enviar desnudos por mensaje de texto o correo electr\u00f3nico. Nunca subas desnudos a un sitio web o a una red social. No env\u00edes desnudos a extra\u00f1os o a personas que no conoces personalmente.<\/p>\n<p>Cuando empiezas a enviar mensajes de texto, es normal que te sientas excitado. Pero es importante establecer l\u00edmites desde el principio. Por ejemplo, debes decirle a tu(s) pareja(s) que no enviar\u00e1s desnudos sin permiso. Esto les permite saber que usted respeta su privacidad. Adem\u00e1s, debes hacer saber a tus compa\u00f1eros que s\u00f3lo te interesa el sexting. No debes esperar que tu pareja siga todas tus peticiones.<\/p>\n<p>Recuerda que el sexting no es un juego. Es serio. Y debes tratarlo como tal. \u00a1Empieza a hacer sexting ahora mismo! Disfrutar\u00e1s m\u00e1s que nunca.<\/p>\n","protected":false},"excerpt":{"rendered":"<p>Ya sabes lo que pasa cuando est\u00e1s cachondo. Le env\u00edas un mensaje de texto a tu pareja, le mandas una foto sexy, incluso puedes concertar una cita. Pero a veces las cosas no salen como se planean. Tal vez no&hellip; <a href=\"http:\/\/elsuperbeasto.com\/es\/cuales-son-las-mejores-aplicaciones-de-sexting\/\" class=\"more-link\">Continuar leyendo <span class=\"meta-nav\">&rarr;<\/span><\/a><\/p>\n","protected":false},"author":1,"featured_media":123,"parent":0,"menu_order":0,"comment_status":"closed","ping_status":"closed","template":"","meta":[],"yoast_head":"<!-- This site is optimized with the Yoast SEO plugin v17.7.1 - https:\/\/yoast.com\/wordpress\/plugins\/seo\/ -->\n<title>\u00bfCu\u00e1les son las mejores aplicaciones de sexting? - Quick Hookup<\/title>\n<meta name=\"robots\" content=\"index, follow, max-snippet:-1, max-image-preview:large, max-video-preview:-1\" \/>\n<link rel=\"canonical\" href=\"http:\/\/elsuperbeasto.com\/es\/cuales-son-las-mejores-aplicaciones-de-sexting\/\" \/>\n<meta property=\"og:locale\" content=\"es_ES\" \/>\n<meta property=\"og:type\" content=\"article\" \/>\n<meta property=\"og:title\" content=\"\u00bfCu\u00e1les son las mejores aplicaciones de sexting? - Quick Hookup\" \/>\n<meta property=\"og:description\" content=\"Ya sabes lo que pasa cuando est\u00e1s cachondo. Le env\u00edas un mensaje de texto a tu pareja, le mandas una foto sexy, incluso puedes concertar una cita. Pero a veces las cosas no salen como se planean. Tal vez no&hellip; Continuar leyendo &rarr;\" \/>\n<meta property=\"og:url\" content=\"http:\/\/elsuperbeasto.com\/es\/cuales-son-las-mejores-aplicaciones-de-sexting\/\" \/>\n<meta property=\"og:site_name\" content=\"Quick Hookup\" \/>\n<meta property=\"og:image\" content=\"http:\/\/elsuperbeasto.com\/wp-content\/uploads\/2022\/08\/online-dating-apps.jpeg\" \/>\n\t<meta property=\"og:image:width\" content=\"2256\" \/>\n\t<meta property=\"og:image:height\" content=\"1500\" \/>\n<meta name=\"twitter:card\" content=\"summary_large_image\" \/>\n<meta name=\"twitter:label1\" content=\"Tiempo de lectura\" \/>\n\t<meta name=\"twitter:data1\" content=\"4 minutos\" \/>\n<script type=\"application\/ld+json\" class=\"yoast-schema-graph\">{\"@context\":\"https:\/\/schema.org\",\"@graph\":[{\"@type\":\"WebSite\",\"@id\":\"https:\/\/elsuperbeasto.com\/#website\",\"url\":\"https:\/\/elsuperbeasto.com\/\",\"name\":\"Quick Hookup\",\"description\":\"Your Guide To Love\",\"potentialAction\":[{\"@type\":\"SearchAction\",\"target\":{\"@type\":\"EntryPoint\",\"urlTemplate\":\"https:\/\/elsuperbeasto.com\/?s={search_term_string}\"},\"query-input\":\"required name=search_term_string\"}],\"inLanguage\":\"es\"},{\"@type\":\"ImageObject\",\"@id\":\"http:\/\/elsuperbeasto.com\/es\/cuales-son-las-mejores-aplicaciones-de-sexting\/#primaryimage\",\"inLanguage\":\"es\",\"url\":\"http:\/\/elsuperbeasto.com\/wp-content\/uploads\/2022\/08\/online-dating-apps.jpeg\",\"contentUrl\":\"http:\/\/elsuperbeasto.com\/wp-content\/uploads\/2022\/08\/online-dating-apps.jpeg\",\"width\":2256,\"height\":1500},{\"@type\":\"WebPage\",\"@id\":\"http:\/\/elsuperbeasto.com\/es\/cuales-son-las-mejores-aplicaciones-de-sexting\/#webpage\",\"url\":\"http:\/\/elsuperbeasto.com\/es\/cuales-son-las-mejores-aplicaciones-de-sexting\/\",\"name\":\"\\u00bfCu\\u00e1les son las mejores aplicaciones de sexting? - Quick Hookup\",\"isPartOf\":{\"@id\":\"https:\/\/elsuperbeasto.com\/#website\"},\"primaryImageOfPage\":{\"@id\":\"http:\/\/elsuperbeasto.com\/es\/cuales-son-las-mejores-aplicaciones-de-sexting\/#primaryimage\"},\"datePublished\":\"2022-08-18T12:44:21+00:00\",\"dateModified\":\"2022-08-18T12:44:21+00:00\",\"breadcrumb\":{\"@id\":\"http:\/\/elsuperbeasto.com\/es\/cuales-son-las-mejores-aplicaciones-de-sexting\/#breadcrumb\"},\"inLanguage\":\"es\",\"potentialAction\":[{\"@type\":\"ReadAction\",\"target\":[\"http:\/\/elsuperbeasto.com\/es\/cuales-son-las-mejores-aplicaciones-de-sexting\/\"]}]},{\"@type\":\"BreadcrumbList\",\"@id\":\"http:\/\/elsuperbeasto.com\/es\/cuales-son-las-mejores-aplicaciones-de-sexting\/#breadcrumb\",\"itemListElement\":[{\"@type\":\"ListItem\",\"position\":1,\"name\":\"Home\",\"item\":\"https:\/\/elsuperbeasto.com\/es\/\"},{\"@type\":\"ListItem\",\"position\":2,\"name\":\"\\u00bfCu\\u00e1les son las mejores aplicaciones de sexting?\"}]}]}<\/script>\n<!-- \/ Yoast SEO plugin. -->","yoast_head_json":{"title":"\u00bfCu\u00e1les son las mejores aplicaciones de sexting? - Quick Hookup","robots":{"index":"index","follow":"follow","max-snippet":"max-snippet:-1","max-image-preview":"max-image-preview:large","max-video-preview":"max-video-preview:-1"},"canonical":"http:\/\/elsuperbeasto.com\/es\/cuales-son-las-mejores-aplicaciones-de-sexting\/","og_locale":"es_ES","og_type":"article","og_title":"\u00bfCu\u00e1les son las mejores aplicaciones de sexting? - Quick Hookup","og_description":"Ya sabes lo que pasa cuando est\u00e1s cachondo. Le env\u00edas un mensaje de texto a tu pareja, le mandas una foto sexy, incluso puedes concertar una cita. Pero a veces las cosas no salen como se planean. Tal vez no&hellip; Continuar leyendo &rarr;","og_url":"http:\/\/elsuperbeasto.com\/es\/cuales-son-las-mejores-aplicaciones-de-sexting\/","og_site_name":"Quick Hookup","og_image":[{"width":2256,"height":1500,"url":"http:\/\/elsuperbeasto.com\/wp-content\/uploads\/2022\/08\/online-dating-apps.jpeg","type":"image\/jpeg"}],"twitter_card":"summary_large_image","twitter_misc":{"Tiempo de lectura":"4 minutos"},"schema":{"@context":"https:\/\/schema.org","@graph":[{"@type":"WebSite","@id":"https:\/\/elsuperbeasto.com\/#website","url":"https:\/\/elsuperbeasto.com\/","name":"Quick Hookup","description":"Your Guide To Love","potentialAction":[{"@type":"SearchAction","target":{"@type":"EntryPoint","urlTemplate":"https:\/\/elsuperbeasto.com\/?s={search_term_string}"},"query-input":"required name=search_term_string"}],"inLanguage":"es"},{"@type":"ImageObject","@id":"http:\/\/elsuperbeasto.com\/es\/cuales-son-las-mejores-aplicaciones-de-sexting\/#primaryimage","inLanguage":"es","url":"http:\/\/elsuperbeasto.com\/wp-content\/uploads\/2022\/08\/online-dating-apps.jpeg","contentUrl":"http:\/\/elsuperbeasto.com\/wp-content\/uploads\/2022\/08\/online-dating-apps.jpeg","width":2256,"height":1500},{"@type":"WebPage","@id":"http:\/\/elsuperbeasto.com\/es\/cuales-son-las-mejores-aplicaciones-de-sexting\/#webpage","url":"http:\/\/elsuperbeasto.com\/es\/cuales-son-las-mejores-aplicaciones-de-sexting\/","name":"\u00bfCu\u00e1les son las mejores aplicaciones de sexting? - Quick Hookup","isPartOf":{"@id":"https:\/\/elsuperbeasto.com\/#website"},"primaryImageOfPage":{"@id":"http:\/\/elsuperbeasto.com\/es\/cuales-son-las-mejores-aplicaciones-de-sexting\/#primaryimage"},"datePublished":"2022-08-18T12:44:21+00:00","dateModified":"2022-08-18T12:44:21+00:00","breadcrumb":{"@id":"http:\/\/elsuperbeasto.com\/es\/cuales-son-las-mejores-aplicaciones-de-sexting\/#breadcrumb"},"inLanguage":"es","potentialAction":[{"@type":"ReadAction","target":["http:\/\/elsuperbeasto.com\/es\/cuales-son-las-mejores-aplicaciones-de-sexting\/"]}]},{"@type":"BreadcrumbList","@id":"http:\/\/elsuperbeasto.com\/es\/cuales-son-las-mejores-aplicaciones-de-sexting\/#breadcrumb","itemListElement":[{"@type":"ListItem","position":1,"name":"Home","item":"https:\/\/elsuperbeasto.com\/es\/"},{"@type":"ListItem","position":2,"name":"\u00bfCu\u00e1les son las mejores aplicaciones de sexting?"}]}]}},"_links":{"self":[{"href":"http:\/\/elsuperbeasto.com\/es\/wp-json\/wp\/v2\/pages\/314"}],"collection":[{"href":"http:\/\/elsuperbeasto.com\/es\/wp-json\/wp\/v2\/pages"}],"about":[{"href":"http:\/\/elsuperbeasto.com\/es\/wp-json\/wp\/v2\/types\/page"}],"author":[{"embeddable":true,"href":"http:\/\/elsuperbeasto.com\/es\/wp-json\/wp\/v2\/users\/1"}],"replies":[{"embeddable":true,"href":"http:\/\/elsuperbeasto.com\/es\/wp-json\/wp\/v2\/comments?post=314"}],"version-history":[{"count":0,"href":"http:\/\/elsuperbeasto.com\/es\/wp-json\/wp\/v2\/pages\/314\/revisions"}],"wp:featuredmedia":[{"embeddable":true,"href":"http:\/\/elsuperbeasto.com\/es\/wp-json\/wp\/v2\/media\/123"}],"wp:attachment":[{"href":"http:\/\/elsuperbeasto.com\/es\/wp-json\/wp\/v2\/media?parent=314"}],"curies":[{"name":"wp","href":"https:\/\/api.w.org\/{rel}","templated":true}]}}