{"id":313,"date":"2022-08-18T13:39:47","date_gmt":"2022-08-18T12:39:47","guid":{"rendered":"http:\/\/elsuperbeasto.com\/aplicaciones-de-citas-para-abuelas\/"},"modified":"2022-08-18T13:39:47","modified_gmt":"2022-08-18T12:39:47","slug":"aplicaciones-de-citas-para-abuelas","status":"publish","type":"page","link":"http:\/\/elsuperbeasto.com\/es\/aplicaciones-de-citas-para-abuelas\/","title":{"rendered":"Aplicaciones de citas para abuelas"},"content":{"rendered":"<p>Los sitios de citas para abuelas ofrecen a las mujeres mayores la oportunidad de <a href=\"http:\/\/elsuperbeasto.com\/es\/salir-con-una-milf-madura\/\">conocer a hombres m\u00e1s j\u00f3venes que quieran salir con ellas<\/a>. El sitio existe desde 2006, y actualmente cuenta con casi un mill\u00f3n de miembros de todo el mundo. No hay que pagar nada, y los usuarios pueden buscar perfiles en funci\u00f3n de la edad, la ubicaci\u00f3n, los intereses y las preferencias sexuales.<\/p>\n<p>Si quieres follar con una abuelita local, entonces debes ir a su casa. Estar\u00e1 muy emocionada cuando te vea en su puerta. Entonces, pide permiso para entrar en su casa. Cuando te d\u00e9 el visto bueno, entonces debes empezar a besarla por toda la cara, el cuello, los pechos y el co\u00f1o. Despu\u00e9s, debes introducir lentamente tu polla en su vagina hasta eyacular dentro de ella.<\/p>\n<h2>Match.com<\/h2>\n<p>Match.com es el mayor sitio web de citas de Norteam\u00e9rica. Con m\u00e1s de 10 millones de usuarios registrados, Match.com ofrece una amplia gama de servicios y recursos para ayudar a los usuarios a encontrar el amor. Match.com permite a los usuarios buscar posibles parejas en funci\u00f3n de su ubicaci\u00f3n, intereses compartidos, aficiones, ocupaci\u00f3n, religi\u00f3n y educaci\u00f3n. Los usuarios tambi\u00e9n pueden establecer sus preferencias en cuanto a g\u00e9nero, etnia, situaci\u00f3n sentimental y orientaci\u00f3n sexual.<\/p>\n<p>Los usuarios pueden navegar por los perfiles, enviar gui\u00f1os, ver fotos y participar en chats en directo a trav\u00e9s de la webcam. Los miembros tambi\u00e9n pueden intercambiar correos electr\u00f3nicos y mensajes instant\u00e1neos, programar reuniones virtuales y solicitar llamadas telef\u00f3nicas. La inscripci\u00f3n es gratuita y ofrece una s\u00f3lida aplicaci\u00f3n m\u00f3vil para dispositivos iPhone, Android, BlackBerry, Windows Phone y iPad.<\/p>\n<h2>eHarmony<\/h2>\n<p>eHarmony es otro de los principales sitios de citas para adultos que se dirige exclusivamente a ellos. A diferencia de los servicios tradicionales de b\u00fasqueda de pareja, eHarmony no cobra ninguna cuota a los usuarios. En cambio, depende \u00fanicamente de los ingresos publicitarios generados por las suscripciones de los miembros. Afirma que utiliza un sistema de emparejamiento cient\u00edfico para emparejar a los usuarios en funci\u00f3n de factores de compatibilidad como rasgos de personalidad, valores y estilos de vida. Los miembros pueden crear un perfil que describa sus atributos personales, lo que les gusta, lo que no les gusta y sus h\u00e1bitos. A continuaci\u00f3n, pueden utilizar el motor de b\u00fasqueda avanzada del sitio para acotar las posibles coincidencias seg\u00fan criterios espec\u00edficos. Una vez que el usuario encuentra un candidato adecuado, puede iniciar el contacto y comenzar a intercambiar correos electr\u00f3nicos y mensajes instant\u00e1neos. Ambas partes pueden elegir si quieren continuar con una reuni\u00f3n cara a cara.<\/p>\n<h2>POF<\/h2>\n<p>PlentyofFish es un sitio de citas en l\u00ednea gratuito que se dirige principalmente a adultos maduros. El sitio es conocido por ser muy inclusivo y por aceptar a diversos tipos de personas. A diferencia de otros sitios de citas para adultos, no requiere que los usuarios paguen una cuota de suscripci\u00f3n. En cambio, genera ingresos a trav\u00e9s de la publicidad. Ofrece varias formas de comunicaci\u00f3n, como el correo electr\u00f3nico, la mensajer\u00eda instant\u00e1nea, el chat de voz y el videochat. Sus aplicaciones m\u00f3viles est\u00e1n disponibles para iOS\/Android.<\/p>\n<h2>OkCupid<\/h2>\n<p>OkCupid es un servicio gratuito de citas en l\u00ednea que se centra principalmente en la b\u00fasqueda de parejas compatibles para citas casuales. El sitio cuenta con m\u00e1s de 12 millones de visitantes \u00fanicos al mes y facilita a los usuarios la b\u00fasqueda de miles de perfiles y la comunicaci\u00f3n con otros por correo electr\u00f3nico, mensajes de texto y videochat.<\/p>\n<p>En OkCupid, los usuarios pueden subir fotos, escribir sobre s\u00ed mismos y describir lo que buscan en una pareja. Otros usuarios pueden responder a sus mensajes y ver si encajan en su tipo ideal. Es gratuito y no requiere registro. Tambi\u00e9n ofrece una s\u00f3lida aplicaci\u00f3n m\u00f3vil que funciona en m\u00faltiples plataformas.<\/p>\n<h2>Encontrar un puma para ti<\/h2>\n<p>Los pumas y los j\u00f3venes se divierten en esta aplicaci\u00f3n de citas. La aplicaci\u00f3n tiene muchas funciones para ayudar a los usuarios a conectarse. Por ejemplo, puedes ver los momentos y publicaciones de tus amigos. Tambi\u00e9n puedes enviar mensajes y compartir fotos. Y hay muchas otras opciones. Sin embargo, la mayor\u00eda de los hombres de esta aplicaci\u00f3n de citas son mayores que t\u00fa.<\/p>\n<p>Deber\u00edas estar dispuesto a encontrarte con tu pareja sexual de abuelas en cualquier momento para una diversi\u00f3n casual.<\/p>\n","protected":false},"excerpt":{"rendered":"<p>Los sitios de citas para abuelas ofrecen a las mujeres mayores la oportunidad de conocer a hombres m\u00e1s j\u00f3venes que quieran salir con ellas. El sitio existe desde 2006, y actualmente cuenta con casi un mill\u00f3n de miembros de todo&hellip; <a href=\"http:\/\/elsuperbeasto.com\/es\/aplicaciones-de-citas-para-abuelas\/\" class=\"more-link\">Continuar leyendo <span class=\"meta-nav\">&rarr;<\/span><\/a><\/p>\n","protected":false},"author":1,"featured_media":235,"parent":0,"menu_order":0,"comment_status":"closed","ping_status":"closed","template":"","meta":[],"yoast_head":"<!-- This site is optimized with the Yoast SEO plugin v17.7.1 - https:\/\/yoast.com\/wordpress\/plugins\/seo\/ -->\n<title>Aplicaciones de citas para abuelas - Quick Hookup<\/title>\n<meta name=\"robots\" content=\"index, follow, max-snippet:-1, max-image-preview:large, max-video-preview:-1\" \/>\n<link rel=\"canonical\" href=\"http:\/\/elsuperbeasto.com\/es\/aplicaciones-de-citas-para-abuelas\/\" \/>\n<meta property=\"og:locale\" content=\"es_ES\" \/>\n<meta property=\"og:type\" content=\"article\" \/>\n<meta property=\"og:title\" content=\"Aplicaciones de citas para abuelas - Quick Hookup\" \/>\n<meta property=\"og:description\" content=\"Los sitios de citas para abuelas ofrecen a las mujeres mayores la oportunidad de conocer a hombres m\u00e1s j\u00f3venes que quieran salir con ellas. El sitio existe desde 2006, y actualmente cuenta con casi un mill\u00f3n de miembros de todo&hellip; Continuar leyendo &rarr;\" \/>\n<meta property=\"og:url\" content=\"http:\/\/elsuperbeasto.com\/es\/aplicaciones-de-citas-para-abuelas\/\" \/>\n<meta property=\"og:site_name\" content=\"Quick Hookup\" \/>\n<meta name=\"twitter:card\" content=\"summary_large_image\" \/>\n<meta name=\"twitter:image\" content=\"http:\/\/elsuperbeasto.com\/wp-content\/uploads\/2022\/08\/find-sex-on-apps.webp\" \/>\n<meta name=\"twitter:label1\" content=\"Tiempo de lectura\" \/>\n\t<meta name=\"twitter:data1\" content=\"4 minutos\" \/>\n<script type=\"application\/ld+json\" class=\"yoast-schema-graph\">{\"@context\":\"https:\/\/schema.org\",\"@graph\":[{\"@type\":\"WebSite\",\"@id\":\"https:\/\/elsuperbeasto.com\/#website\",\"url\":\"https:\/\/elsuperbeasto.com\/\",\"name\":\"Quick Hookup\",\"description\":\"Your Guide To Love\",\"potentialAction\":[{\"@type\":\"SearchAction\",\"target\":{\"@type\":\"EntryPoint\",\"urlTemplate\":\"https:\/\/elsuperbeasto.com\/?s={search_term_string}\"},\"query-input\":\"required name=search_term_string\"}],\"inLanguage\":\"es\"},{\"@type\":\"ImageObject\",\"@id\":\"http:\/\/elsuperbeasto.com\/es\/aplicaciones-de-citas-para-abuelas\/#primaryimage\",\"inLanguage\":\"es\",\"url\":\"http:\/\/elsuperbeasto.com\/wp-content\/uploads\/2022\/08\/find-sex-on-apps.webp\",\"contentUrl\":\"http:\/\/elsuperbeasto.com\/wp-content\/uploads\/2022\/08\/find-sex-on-apps.webp\",\"width\":1125,\"height\":750},{\"@type\":\"WebPage\",\"@id\":\"http:\/\/elsuperbeasto.com\/es\/aplicaciones-de-citas-para-abuelas\/#webpage\",\"url\":\"http:\/\/elsuperbeasto.com\/es\/aplicaciones-de-citas-para-abuelas\/\",\"name\":\"Aplicaciones de citas para abuelas - Quick Hookup\",\"isPartOf\":{\"@id\":\"https:\/\/elsuperbeasto.com\/#website\"},\"primaryImageOfPage\":{\"@id\":\"http:\/\/elsuperbeasto.com\/es\/aplicaciones-de-citas-para-abuelas\/#primaryimage\"},\"datePublished\":\"2022-08-18T12:39:47+00:00\",\"dateModified\":\"2022-08-18T12:39:47+00:00\",\"breadcrumb\":{\"@id\":\"http:\/\/elsuperbeasto.com\/es\/aplicaciones-de-citas-para-abuelas\/#breadcrumb\"},\"inLanguage\":\"es\",\"potentialAction\":[{\"@type\":\"ReadAction\",\"target\":[\"http:\/\/elsuperbeasto.com\/es\/aplicaciones-de-citas-para-abuelas\/\"]}]},{\"@type\":\"BreadcrumbList\",\"@id\":\"http:\/\/elsuperbeasto.com\/es\/aplicaciones-de-citas-para-abuelas\/#breadcrumb\",\"itemListElement\":[{\"@type\":\"ListItem\",\"position\":1,\"name\":\"Home\",\"item\":\"https:\/\/elsuperbeasto.com\/es\/\"},{\"@type\":\"ListItem\",\"position\":2,\"name\":\"Aplicaciones de citas para abuelas\"}]}]}<\/script>\n<!-- \/ Yoast SEO plugin. -->","yoast_head_json":{"title":"Aplicaciones de citas para abuelas - Quick Hookup","robots":{"index":"index","follow":"follow","max-snippet":"max-snippet:-1","max-image-preview":"max-image-preview:large","max-video-preview":"max-video-preview:-1"},"canonical":"http:\/\/elsuperbeasto.com\/es\/aplicaciones-de-citas-para-abuelas\/","og_locale":"es_ES","og_type":"article","og_title":"Aplicaciones de citas para abuelas - Quick Hookup","og_description":"Los sitios de citas para abuelas ofrecen a las mujeres mayores la oportunidad de conocer a hombres m\u00e1s j\u00f3venes que quieran salir con ellas. El sitio existe desde 2006, y actualmente cuenta con casi un mill\u00f3n de miembros de todo&hellip; Continuar leyendo &rarr;","og_url":"http:\/\/elsuperbeasto.com\/es\/aplicaciones-de-citas-para-abuelas\/","og_site_name":"Quick Hookup","twitter_card":"summary_large_image","twitter_image":"http:\/\/elsuperbeasto.com\/wp-content\/uploads\/2022\/08\/find-sex-on-apps.webp","twitter_misc":{"Tiempo de lectura":"4 minutos"},"schema":{"@context":"https:\/\/schema.org","@graph":[{"@type":"WebSite","@id":"https:\/\/elsuperbeasto.com\/#website","url":"https:\/\/elsuperbeasto.com\/","name":"Quick Hookup","description":"Your Guide To Love","potentialAction":[{"@type":"SearchAction","target":{"@type":"EntryPoint","urlTemplate":"https:\/\/elsuperbeasto.com\/?s={search_term_string}"},"query-input":"required name=search_term_string"}],"inLanguage":"es"},{"@type":"ImageObject","@id":"http:\/\/elsuperbeasto.com\/es\/aplicaciones-de-citas-para-abuelas\/#primaryimage","inLanguage":"es","url":"http:\/\/elsuperbeasto.com\/wp-content\/uploads\/2022\/08\/find-sex-on-apps.webp","contentUrl":"http:\/\/elsuperbeasto.com\/wp-content\/uploads\/2022\/08\/find-sex-on-apps.webp","width":1125,"height":750},{"@type":"WebPage","@id":"http:\/\/elsuperbeasto.com\/es\/aplicaciones-de-citas-para-abuelas\/#webpage","url":"http:\/\/elsuperbeasto.com\/es\/aplicaciones-de-citas-para-abuelas\/","name":"Aplicaciones de citas para abuelas - Quick Hookup","isPartOf":{"@id":"https:\/\/elsuperbeasto.com\/#website"},"primaryImageOfPage":{"@id":"http:\/\/elsuperbeasto.com\/es\/aplicaciones-de-citas-para-abuelas\/#primaryimage"},"datePublished":"2022-08-18T12:39:47+00:00","dateModified":"2022-08-18T12:39:47+00:00","breadcrumb":{"@id":"http:\/\/elsuperbeasto.com\/es\/aplicaciones-de-citas-para-abuelas\/#breadcrumb"},"inLanguage":"es","potentialAction":[{"@type":"ReadAction","target":["http:\/\/elsuperbeasto.com\/es\/aplicaciones-de-citas-para-abuelas\/"]}]},{"@type":"BreadcrumbList","@id":"http:\/\/elsuperbeasto.com\/es\/aplicaciones-de-citas-para-abuelas\/#breadcrumb","itemListElement":[{"@type":"ListItem","position":1,"name":"Home","item":"https:\/\/elsuperbeasto.com\/es\/"},{"@type":"ListItem","position":2,"name":"Aplicaciones de citas para abuelas"}]}]}},"_links":{"self":[{"href":"http:\/\/elsuperbeasto.com\/es\/wp-json\/wp\/v2\/pages\/313"}],"collection":[{"href":"http:\/\/elsuperbeasto.com\/es\/wp-json\/wp\/v2\/pages"}],"about":[{"href":"http:\/\/elsuperbeasto.com\/es\/wp-json\/wp\/v2\/types\/page"}],"author":[{"embeddable":true,"href":"http:\/\/elsuperbeasto.com\/es\/wp-json\/wp\/v2\/users\/1"}],"replies":[{"embeddable":true,"href":"http:\/\/elsuperbeasto.com\/es\/wp-json\/wp\/v2\/comments?post=313"}],"version-history":[{"count":0,"href":"http:\/\/elsuperbeasto.com\/es\/wp-json\/wp\/v2\/pages\/313\/revisions"}],"wp:featuredmedia":[{"embeddable":true,"href":"http:\/\/elsuperbeasto.com\/es\/wp-json\/wp\/v2\/media\/235"}],"wp:attachment":[{"href":"http:\/\/elsuperbeasto.com\/es\/wp-json\/wp\/v2\/media?parent=313"}],"curies":[{"name":"wp","href":"https:\/\/api.w.org\/{rel}","templated":true}]}}