{"id":267,"date":"2022-08-18T13:49:33","date_gmt":"2022-08-18T12:49:33","guid":{"rendered":"http:\/\/elsuperbeasto.com\/como-conocer-a-solteros-cercanos\/"},"modified":"2022-08-18T13:49:33","modified_gmt":"2022-08-18T12:49:33","slug":"como-conocer-a-solteros-cercanos","status":"publish","type":"page","link":"http:\/\/elsuperbeasto.com\/es\/como-conocer-a-solteros-cercanos\/","title":{"rendered":"C\u00f3mo conocer a solteros cercanos"},"content":{"rendered":"<p>Hay muchos tipos de personas que buscan el amor. Hay quienes quieren <a href=\"http:\/\/elsuperbeasto.com\/es\/como-salir-con-mujeres-locales\/\">salir con alguien de su religi\u00f3n, etnia, edad<\/a>, etc., mientras que otros s\u00f3lo quieren encontrar a alguien que comparta intereses similares. Si eres una de esas personas que quiere conocer a alguien especial, aqu\u00ed tienes algunas opciones para encontrar solteros con ideas afines.<\/p>\n<h2>Nuestros consejos<\/h2>\n<p>Las citas en l\u00ednea se han convertido en uno de los m\u00e9todos m\u00e1s populares para conocer a posibles parejas rom\u00e1nticas.<\/p>\n<p>Con millones de hombres y mujeres solteros que utilizan los sitios de citas en l\u00ednea cada mes, no es de extra\u00f1ar que cada vez m\u00e1s parejas recurran a las citas en l\u00ednea para encontrar su alma gemela. Sin embargo, a pesar de su popularidad, las citas en l\u00ednea siguen entra\u00f1ando muchos riesgos. Por ejemplo, puede ser dif\u00edcil saber si una persona que te interesa va realmente en serio a buscar una relaci\u00f3n contigo.<\/p>\n<h3>Utilice las pruebas gratuitas antes de pagar<\/h3>\n<p>Muchas personas piensan que pagar por los servicios de citas en l\u00ednea es una parte necesaria del proceso. Sin embargo, esto no es cierto. Hay muchos sitios web de citas en l\u00ednea gratuitos en los que puedes inscribirte y buscar perfiles sin gastar dinero. Adem\u00e1s, a menudo puedes recibir coincidencias basadas en tus intereses, ubicaci\u00f3n y aficiones.<\/p>\n<h3>Sepa lo que quiere antes de inscribirse en cualquier sitio<\/h3>\n<p>Antes de inscribirse en cualquier sitio, t\u00f3mese un tiempo para pensar en lo que quiere de su pareja. Por ejemplo, \u00bfvive cerca de usted? \u00bfComparte sus valores y creencias? \u00bfTiene usted objetivos similares en la vida? Estas preguntas le ayudar\u00e1n a acotar su b\u00fasqueda y le dar\u00e1n una mejor idea de lo que est\u00e1 buscando.<\/p>\n<h3>S\u00e9 sincero contigo mismo<\/h3>\n<p>Por \u00faltimo, recuerda que la honestidad es la clave. Por mucho que conf\u00edes en alguien, nunca debes mentirte a ti mismo. Si no est\u00e1s seguro de algo, dilo en lugar de fingir que todo est\u00e1 bien. Esto le ayudar\u00e1 a evitar perder el tiempo en un mal partido y le evitar\u00e1 sentirse culpable m\u00e1s adelante.<\/p>\n<h2>\u00bfQuieres encontrar una cita de forma discreta?<\/h2>\n<p>Ashley Madison es uno de los sitios de citas m\u00e1s populares que existen. Con m\u00e1s de 30 millones de afiliados en todo el mundo, no es de extra\u00f1ar. Si buscas un asunto discreto, este podr\u00eda ser el lugar perfecto para ti. Hay much\u00edsimas formas de encontrar parejas sexuales en el sitio, incluyendo la b\u00fasqueda de perfiles, el env\u00edo de mensajes, el chat en l\u00ednea e incluso el sexo telef\u00f3nico. Y aunque pueda parecer un enga\u00f1o, muchas personas disfrutan realmente de encontrarse con alguien con quien han estado hablando por Internet.<\/p>\n<h2>Sin ataduras<\/h2>\n<p>NoStringsAttached es una aplicaci\u00f3n de citas gratuita que se centra en ofrecer un entorno seguro para que los adultos puedan mantener relaciones sexuales sin tener que preocuparse de que les pillen. Si alguna vez has sentido curiosidad por probar el sexting, este es el lugar para hacerlo. Esta aplicaci\u00f3n est\u00e1 dise\u00f1ada espec\u00edficamente para aquellos que quieren tener encuentros casuales en los que ambas partes dan su consentimiento. Tanto si buscas algo pervertido como si s\u00f3lo quieres ver qu\u00e9 se siente al enviar fotos de desnudos a otra persona, NSA es el lugar perfecto para empezar.<\/p>\n<p>La aplicaci\u00f3n en s\u00ed es muy sencilla de utilizar. Se te pedir\u00e1 que rellenes un breve cuestionario en el que se te preguntan cosas como tu edad, si buscas ligues o relaciones, etc. Una vez que termines de responder a las preguntas, podr\u00e1s navegar por los perfiles en funci\u00f3n de tus preferencias. Hay tres categor\u00edas diferentes entre las que puedes elegir: \u00abHeterosexual\u00bb, \u00abGay\u00bb y \u00abLesbiana\u00bb. Cada categor\u00eda contiene subgrupos que le permiten acotar a\u00fan m\u00e1s sus b\u00fasquedas.<\/p>\n","protected":false},"excerpt":{"rendered":"<p>Hay muchos tipos de personas que buscan el amor. Hay quienes quieren salir con alguien de su religi\u00f3n, etnia, edad, etc., mientras que otros s\u00f3lo quieren encontrar a alguien que comparta intereses similares. Si eres una de esas personas que&hellip; <a href=\"http:\/\/elsuperbeasto.com\/es\/como-conocer-a-solteros-cercanos\/\" class=\"more-link\">Continuar leyendo <span class=\"meta-nav\">&rarr;<\/span><\/a><\/p>\n","protected":false},"author":1,"featured_media":179,"parent":0,"menu_order":0,"comment_status":"closed","ping_status":"closed","template":"","meta":[],"yoast_head":"<!-- This site is optimized with the Yoast SEO plugin v17.7.1 - https:\/\/yoast.com\/wordpress\/plugins\/seo\/ -->\n<title>C\u00f3mo conocer a solteros cercanos - Quick Hookup<\/title>\n<meta name=\"robots\" content=\"index, follow, max-snippet:-1, max-image-preview:large, max-video-preview:-1\" \/>\n<link rel=\"canonical\" href=\"http:\/\/elsuperbeasto.com\/es\/como-conocer-a-solteros-cercanos\/\" \/>\n<meta property=\"og:locale\" content=\"es_ES\" \/>\n<meta property=\"og:type\" content=\"article\" \/>\n<meta property=\"og:title\" content=\"C\u00f3mo conocer a solteros cercanos - Quick Hookup\" \/>\n<meta property=\"og:description\" content=\"Hay muchos tipos de personas que buscan el amor. Hay quienes quieren salir con alguien de su religi\u00f3n, etnia, edad, etc., mientras que otros s\u00f3lo quieren encontrar a alguien que comparta intereses similares. Si eres una de esas personas que&hellip; Continuar leyendo &rarr;\" \/>\n<meta property=\"og:url\" content=\"http:\/\/elsuperbeasto.com\/es\/como-conocer-a-solteros-cercanos\/\" \/>\n<meta property=\"og:site_name\" content=\"Quick Hookup\" \/>\n<meta property=\"og:image\" content=\"http:\/\/elsuperbeasto.com\/wp-content\/uploads\/2022\/08\/love-apps.jpeg\" \/>\n\t<meta property=\"og:image:width\" content=\"1000\" \/>\n\t<meta property=\"og:image:height\" content=\"1500\" \/>\n<meta name=\"twitter:card\" content=\"summary_large_image\" \/>\n<meta name=\"twitter:label1\" content=\"Tiempo de lectura\" \/>\n\t<meta name=\"twitter:data1\" content=\"3 minutos\" \/>\n<script type=\"application\/ld+json\" class=\"yoast-schema-graph\">{\"@context\":\"https:\/\/schema.org\",\"@graph\":[{\"@type\":\"WebSite\",\"@id\":\"https:\/\/elsuperbeasto.com\/#website\",\"url\":\"https:\/\/elsuperbeasto.com\/\",\"name\":\"Quick Hookup\",\"description\":\"Your Guide To Love\",\"potentialAction\":[{\"@type\":\"SearchAction\",\"target\":{\"@type\":\"EntryPoint\",\"urlTemplate\":\"https:\/\/elsuperbeasto.com\/?s={search_term_string}\"},\"query-input\":\"required name=search_term_string\"}],\"inLanguage\":\"es\"},{\"@type\":\"ImageObject\",\"@id\":\"http:\/\/elsuperbeasto.com\/es\/como-conocer-a-solteros-cercanos\/#primaryimage\",\"inLanguage\":\"es\",\"url\":\"http:\/\/elsuperbeasto.com\/wp-content\/uploads\/2022\/08\/love-apps.jpeg\",\"contentUrl\":\"http:\/\/elsuperbeasto.com\/wp-content\/uploads\/2022\/08\/love-apps.jpeg\",\"width\":1000,\"height\":1500},{\"@type\":\"WebPage\",\"@id\":\"http:\/\/elsuperbeasto.com\/es\/como-conocer-a-solteros-cercanos\/#webpage\",\"url\":\"http:\/\/elsuperbeasto.com\/es\/como-conocer-a-solteros-cercanos\/\",\"name\":\"C\\u00f3mo conocer a solteros cercanos - Quick Hookup\",\"isPartOf\":{\"@id\":\"https:\/\/elsuperbeasto.com\/#website\"},\"primaryImageOfPage\":{\"@id\":\"http:\/\/elsuperbeasto.com\/es\/como-conocer-a-solteros-cercanos\/#primaryimage\"},\"datePublished\":\"2022-08-18T12:49:33+00:00\",\"dateModified\":\"2022-08-18T12:49:33+00:00\",\"breadcrumb\":{\"@id\":\"http:\/\/elsuperbeasto.com\/es\/como-conocer-a-solteros-cercanos\/#breadcrumb\"},\"inLanguage\":\"es\",\"potentialAction\":[{\"@type\":\"ReadAction\",\"target\":[\"http:\/\/elsuperbeasto.com\/es\/como-conocer-a-solteros-cercanos\/\"]}]},{\"@type\":\"BreadcrumbList\",\"@id\":\"http:\/\/elsuperbeasto.com\/es\/como-conocer-a-solteros-cercanos\/#breadcrumb\",\"itemListElement\":[{\"@type\":\"ListItem\",\"position\":1,\"name\":\"Home\",\"item\":\"https:\/\/elsuperbeasto.com\/es\/\"},{\"@type\":\"ListItem\",\"position\":2,\"name\":\"C\\u00f3mo conocer a solteros cercanos\"}]}]}<\/script>\n<!-- \/ Yoast SEO plugin. -->","yoast_head_json":{"title":"C\u00f3mo conocer a solteros cercanos - Quick Hookup","robots":{"index":"index","follow":"follow","max-snippet":"max-snippet:-1","max-image-preview":"max-image-preview:large","max-video-preview":"max-video-preview:-1"},"canonical":"http:\/\/elsuperbeasto.com\/es\/como-conocer-a-solteros-cercanos\/","og_locale":"es_ES","og_type":"article","og_title":"C\u00f3mo conocer a solteros cercanos - Quick Hookup","og_description":"Hay muchos tipos de personas que buscan el amor. Hay quienes quieren salir con alguien de su religi\u00f3n, etnia, edad, etc., mientras que otros s\u00f3lo quieren encontrar a alguien que comparta intereses similares. Si eres una de esas personas que&hellip; Continuar leyendo &rarr;","og_url":"http:\/\/elsuperbeasto.com\/es\/como-conocer-a-solteros-cercanos\/","og_site_name":"Quick Hookup","og_image":[{"width":1000,"height":1500,"url":"http:\/\/elsuperbeasto.com\/wp-content\/uploads\/2022\/08\/love-apps.jpeg","type":"image\/jpeg"}],"twitter_card":"summary_large_image","twitter_misc":{"Tiempo de lectura":"3 minutos"},"schema":{"@context":"https:\/\/schema.org","@graph":[{"@type":"WebSite","@id":"https:\/\/elsuperbeasto.com\/#website","url":"https:\/\/elsuperbeasto.com\/","name":"Quick Hookup","description":"Your Guide To Love","potentialAction":[{"@type":"SearchAction","target":{"@type":"EntryPoint","urlTemplate":"https:\/\/elsuperbeasto.com\/?s={search_term_string}"},"query-input":"required name=search_term_string"}],"inLanguage":"es"},{"@type":"ImageObject","@id":"http:\/\/elsuperbeasto.com\/es\/como-conocer-a-solteros-cercanos\/#primaryimage","inLanguage":"es","url":"http:\/\/elsuperbeasto.com\/wp-content\/uploads\/2022\/08\/love-apps.jpeg","contentUrl":"http:\/\/elsuperbeasto.com\/wp-content\/uploads\/2022\/08\/love-apps.jpeg","width":1000,"height":1500},{"@type":"WebPage","@id":"http:\/\/elsuperbeasto.com\/es\/como-conocer-a-solteros-cercanos\/#webpage","url":"http:\/\/elsuperbeasto.com\/es\/como-conocer-a-solteros-cercanos\/","name":"C\u00f3mo conocer a solteros cercanos - Quick Hookup","isPartOf":{"@id":"https:\/\/elsuperbeasto.com\/#website"},"primaryImageOfPage":{"@id":"http:\/\/elsuperbeasto.com\/es\/como-conocer-a-solteros-cercanos\/#primaryimage"},"datePublished":"2022-08-18T12:49:33+00:00","dateModified":"2022-08-18T12:49:33+00:00","breadcrumb":{"@id":"http:\/\/elsuperbeasto.com\/es\/como-conocer-a-solteros-cercanos\/#breadcrumb"},"inLanguage":"es","potentialAction":[{"@type":"ReadAction","target":["http:\/\/elsuperbeasto.com\/es\/como-conocer-a-solteros-cercanos\/"]}]},{"@type":"BreadcrumbList","@id":"http:\/\/elsuperbeasto.com\/es\/como-conocer-a-solteros-cercanos\/#breadcrumb","itemListElement":[{"@type":"ListItem","position":1,"name":"Home","item":"https:\/\/elsuperbeasto.com\/es\/"},{"@type":"ListItem","position":2,"name":"C\u00f3mo conocer a solteros cercanos"}]}]}},"_links":{"self":[{"href":"http:\/\/elsuperbeasto.com\/es\/wp-json\/wp\/v2\/pages\/267"}],"collection":[{"href":"http:\/\/elsuperbeasto.com\/es\/wp-json\/wp\/v2\/pages"}],"about":[{"href":"http:\/\/elsuperbeasto.com\/es\/wp-json\/wp\/v2\/types\/page"}],"author":[{"embeddable":true,"href":"http:\/\/elsuperbeasto.com\/es\/wp-json\/wp\/v2\/users\/1"}],"replies":[{"embeddable":true,"href":"http:\/\/elsuperbeasto.com\/es\/wp-json\/wp\/v2\/comments?post=267"}],"version-history":[{"count":0,"href":"http:\/\/elsuperbeasto.com\/es\/wp-json\/wp\/v2\/pages\/267\/revisions"}],"wp:featuredmedia":[{"embeddable":true,"href":"http:\/\/elsuperbeasto.com\/es\/wp-json\/wp\/v2\/media\/179"}],"wp:attachment":[{"href":"http:\/\/elsuperbeasto.com\/es\/wp-json\/wp\/v2\/media?parent=267"}],"curies":[{"name":"wp","href":"https:\/\/api.w.org\/{rel}","templated":true}]}}