{"id":244,"date":"2022-08-18T14:10:21","date_gmt":"2022-08-18T13:10:21","guid":{"rendered":"http:\/\/elsuperbeasto.com\/como-funcionan-las-citas-nsa\/"},"modified":"2022-08-18T14:10:21","modified_gmt":"2022-08-18T13:10:21","slug":"como-funcionan-las-citas-nsa","status":"publish","type":"page","link":"http:\/\/elsuperbeasto.com\/es\/como-funcionan-las-citas-nsa\/","title":{"rendered":"\u00bfC\u00f3mo funcionan las citas NSA?"},"content":{"rendered":"<p>Muchos chicos tienen miedo de acercarse a las mujeres porque creen que les har\u00e1 parecer desesperados o espeluznantes. Pero no hay raz\u00f3n para preocuparse por ser prepotente o agresivo: simplemente intenta tratar a cada mujer como si fuera especial. Si quieres salir con una mujer que quiere ligar, no necesitas convencerla de que se acueste contigo. S\u00f3lo hay que encontrar la forma correcta de hacerlo.<\/p>\n<p>&nbsp;<\/p>\n<h2>\u00bfY las aplicaciones de citas?<\/h2>\n<p>Los encuentros de una noche son divertidos y excitantes, <a href=\"http:\/\/elsuperbeasto.com\/es\/como-conocer-a-solteros-cercanos\/\">pero puede ser dif\u00edcil encontrar aplicaciones que te sirvan para que todo vaya bien<\/a>. Hay un mont\u00f3n de aplicaciones que dicen ayudar a la gente a planear sus aventuras de una noche, pero algunas no funcionan muy bien y otras son simplemente molestas. Hemos recopilado una lista de nuestras aplicaciones favoritas para encuentros de una noche, incluyendo aquellas que te permiten programar encuentros, encontrar ligues cercanos e incluso conectar con solteros locales.<\/p>\n<p>\u00bfEst\u00e1s soltera y cansada de salir con los mismos tipos aburridos cada fin de semana? \u00bfCrees que te mereces algo m\u00e1s que sexo casual? Si la respuesta es afirmativa, es probable que est\u00e9s interesado en conocer a una mujer para tener relaciones de una noche.<\/p>\n<p>Hay muchos sitios web que ofrecen este tipo de servicios. Sin embargo, la mayor\u00eda de ellos son demasiado caros o no cumplen.<\/p>\n<p>Por eso he decidido escribir un art\u00edculo en el que se enumeran los 10 mejores lugares para encontrar una aventura de una noche. Esperemos que, despu\u00e9s de leer este art\u00edculo, aprenda a encontrar una mesita de noche de forma f\u00e1cil y r\u00e1pida.<\/p>\n<h3>Craigslist Personals<\/h3>\n<p>Craigslist es uno de los sitios m\u00e1s antiguos de Internet. Aunque ha cambiado considerablemente desde su creaci\u00f3n, sigue siendo popular entre quienes buscan relaciones de una noche.<\/p>\n<p>De hecho, Craigslist es una de las formas m\u00e1s f\u00e1ciles de encontrar un velador debido a su simplicidad. Todo lo que tienes que hacer es buscar anuncios relacionados con \u00abligues de una noche\u00bb.<\/p>\n<p>Sin embargo, es posible que tenga que pagar por cada anuncio. Esto depende de si la persona que publica el anuncio quiere cobrarle o no.<\/p>\n<h3>Buscador de amigos adultos<\/h3>\n<p>AdultFriendFinder.com es otro sitio web que ofrece encuentros de una noche. Aunque no permite buscar tipos espec\u00edficos de mujeres, s\u00ed ofrece varias funciones que te ayudar\u00e1n a encontrar exactamente lo que buscas.<\/p>\n<p>Por ejemplo, puede filtrar los resultados en funci\u00f3n de la ubicaci\u00f3n, el sexo, la edad, el origen \u00e9tnico, la situaci\u00f3n sentimental, la orientaci\u00f3n sexual y mucho m\u00e1s.<\/p>\n<p>Tambi\u00e9n es posible enviar mensajes a posibles parejas por correo electr\u00f3nico, mensajer\u00eda instant\u00e1nea, llamadas telef\u00f3nicas y videochat.<\/p>\n<h3>Ashley Madison<\/h3>\n<p>AshleyMadison.com es un sitio para adultos que permite a los usuarios buscar aventuras de una noche. De media, los hombres gastan 50 d\u00f3lares al mes en Ashley Madison. Aunque el sitio web no es especialmente f\u00e1cil de usar, ofrece una gran variedad de funciones. Por ejemplo, puedes navegar por los perfiles, ver las fotos, leer las opiniones e incluso contactar directamente con los miembros.<\/p>\n<p>Las relaciones de una noche nunca son buenas para nadie. Si buscas algo serio, no lo hagas. Si quieres que te traten como una reina, entonces trata a los dem\u00e1s tambi\u00e9n como reinas. No te acuestes con alguien s\u00f3lo porque est\u00e9 buena, a menos que est\u00e9s dispuesto a prestarle toda la atenci\u00f3n que se merece. Ashley Madison es la mejor aplicaci\u00f3n de citas para ligues de una noche porque permite a los usuarios encontrar nuevas parejas sexuales basadas en intereses mutuos. La aplicaci\u00f3n se ha descargado m\u00e1s de 200 millones de veces en todo el mundo, lo que la convierte en la mayor aplicaci\u00f3n m\u00f3vil de citas. Los usuarios pueden buscar posibles parejas en funci\u00f3n de la edad, la ubicaci\u00f3n, el sexo y otros criterios.<\/p>\n<h3>\u00bfCu\u00e1l es la mejor manera de encontrar una aventura de una noche?<\/h3>\n<p>La mejor manera de encontrar un ligue casual es a trav\u00e9s de aplicaciones como AFF o Ashley Madison, que permiten a los usuarios deslizar hacia la derecha para \u00abs\u00ed\u00bb o hacia la izquierda para \u00abno\u00bb. Si a alguien le gusta lo que ve, puede enviar un mensaje para invitarle a salir. El sexo casual se describe a menudo como algo sin compromiso, lo que significa que ambas partes acuerdan encontrarse en alg\u00fan momento en el futuro.<\/p>\n<h3>\u00bfC\u00f3mo puedo encontrar mi pareja para una noche?<\/h3>\n<p>Si quieres conocer a alguien por una noche, prueba a utilizar Bumble. Esta aplicaci\u00f3n permite a los usuarios deslizar el dedo hacia la derecha o hacia la izquierda para indicar si les gusta o no otra persona. La aplicaci\u00f3n tambi\u00e9n cuenta con filtros de localizaci\u00f3n que permiten a los usuarios buscar a otros solteros cercanos.<\/p>\n","protected":false},"excerpt":{"rendered":"<p>Muchos chicos tienen miedo de acercarse a las mujeres porque creen que les har\u00e1 parecer desesperados o espeluznantes. Pero no hay raz\u00f3n para preocuparse por ser prepotente o agresivo: simplemente intenta tratar a cada mujer como si fuera especial. Si&hellip; <a href=\"http:\/\/elsuperbeasto.com\/es\/como-funcionan-las-citas-nsa\/\" class=\"more-link\">Continuar leyendo <span class=\"meta-nav\">&rarr;<\/span><\/a><\/p>\n","protected":false},"author":1,"featured_media":193,"parent":0,"menu_order":0,"comment_status":"closed","ping_status":"closed","template":"","meta":[],"yoast_head":"<!-- This site is optimized with the Yoast SEO plugin v17.7.1 - https:\/\/yoast.com\/wordpress\/plugins\/seo\/ -->\n<title>\u00bfC\u00f3mo funcionan las citas NSA? - Quick Hookup<\/title>\n<meta name=\"robots\" content=\"index, follow, max-snippet:-1, max-image-preview:large, max-video-preview:-1\" \/>\n<link rel=\"canonical\" href=\"http:\/\/elsuperbeasto.com\/es\/como-funcionan-las-citas-nsa\/\" \/>\n<meta property=\"og:locale\" content=\"es_ES\" \/>\n<meta property=\"og:type\" content=\"article\" \/>\n<meta property=\"og:title\" content=\"\u00bfC\u00f3mo funcionan las citas NSA? - Quick Hookup\" \/>\n<meta property=\"og:description\" content=\"Muchos chicos tienen miedo de acercarse a las mujeres porque creen que les har\u00e1 parecer desesperados o espeluznantes. Pero no hay raz\u00f3n para preocuparse por ser prepotente o agresivo: simplemente intenta tratar a cada mujer como si fuera especial. Si&hellip; Continuar leyendo &rarr;\" \/>\n<meta property=\"og:url\" content=\"http:\/\/elsuperbeasto.com\/es\/como-funcionan-las-citas-nsa\/\" \/>\n<meta property=\"og:site_name\" content=\"Quick Hookup\" \/>\n<meta property=\"og:image\" content=\"https:\/\/elsuperbeasto.com\/wp-content\/uploads\/2022\/08\/find-lov.jpeg\" \/>\n\t<meta property=\"og:image:width\" content=\"2398\" \/>\n\t<meta property=\"og:image:height\" content=\"1500\" \/>\n<meta name=\"twitter:card\" content=\"summary_large_image\" \/>\n<meta name=\"twitter:label1\" content=\"Tiempo de lectura\" \/>\n\t<meta name=\"twitter:data1\" content=\"4 minutos\" \/>\n<script type=\"application\/ld+json\" class=\"yoast-schema-graph\">{\"@context\":\"https:\/\/schema.org\",\"@graph\":[{\"@type\":\"WebSite\",\"@id\":\"https:\/\/elsuperbeasto.com\/#website\",\"url\":\"https:\/\/elsuperbeasto.com\/\",\"name\":\"Quick Hookup\",\"description\":\"Your Guide To Love\",\"potentialAction\":[{\"@type\":\"SearchAction\",\"target\":{\"@type\":\"EntryPoint\",\"urlTemplate\":\"https:\/\/elsuperbeasto.com\/?s={search_term_string}\"},\"query-input\":\"required name=search_term_string\"}],\"inLanguage\":\"es\"},{\"@type\":\"ImageObject\",\"@id\":\"http:\/\/elsuperbeasto.com\/es\/como-funcionan-las-citas-nsa\/#primaryimage\",\"inLanguage\":\"es\",\"url\":\"http:\/\/elsuperbeasto.com\/wp-content\/uploads\/2022\/08\/find-lov.jpeg\",\"contentUrl\":\"http:\/\/elsuperbeasto.com\/wp-content\/uploads\/2022\/08\/find-lov.jpeg\",\"width\":2398,\"height\":1500},{\"@type\":\"WebPage\",\"@id\":\"http:\/\/elsuperbeasto.com\/es\/como-funcionan-las-citas-nsa\/#webpage\",\"url\":\"http:\/\/elsuperbeasto.com\/es\/como-funcionan-las-citas-nsa\/\",\"name\":\"\\u00bfC\\u00f3mo funcionan las citas NSA? - Quick Hookup\",\"isPartOf\":{\"@id\":\"https:\/\/elsuperbeasto.com\/#website\"},\"primaryImageOfPage\":{\"@id\":\"http:\/\/elsuperbeasto.com\/es\/como-funcionan-las-citas-nsa\/#primaryimage\"},\"datePublished\":\"2022-08-18T13:10:21+00:00\",\"dateModified\":\"2022-08-18T13:10:21+00:00\",\"breadcrumb\":{\"@id\":\"http:\/\/elsuperbeasto.com\/es\/como-funcionan-las-citas-nsa\/#breadcrumb\"},\"inLanguage\":\"es\",\"potentialAction\":[{\"@type\":\"ReadAction\",\"target\":[\"http:\/\/elsuperbeasto.com\/es\/como-funcionan-las-citas-nsa\/\"]}]},{\"@type\":\"BreadcrumbList\",\"@id\":\"http:\/\/elsuperbeasto.com\/es\/como-funcionan-las-citas-nsa\/#breadcrumb\",\"itemListElement\":[{\"@type\":\"ListItem\",\"position\":1,\"name\":\"Home\",\"item\":\"https:\/\/elsuperbeasto.com\/es\/\"},{\"@type\":\"ListItem\",\"position\":2,\"name\":\"\\u00bfC\\u00f3mo funcionan las citas NSA?\"}]}]}<\/script>\n<!-- \/ Yoast SEO plugin. -->","yoast_head_json":{"title":"\u00bfC\u00f3mo funcionan las citas NSA? - Quick Hookup","robots":{"index":"index","follow":"follow","max-snippet":"max-snippet:-1","max-image-preview":"max-image-preview:large","max-video-preview":"max-video-preview:-1"},"canonical":"http:\/\/elsuperbeasto.com\/es\/como-funcionan-las-citas-nsa\/","og_locale":"es_ES","og_type":"article","og_title":"\u00bfC\u00f3mo funcionan las citas NSA? - Quick Hookup","og_description":"Muchos chicos tienen miedo de acercarse a las mujeres porque creen que les har\u00e1 parecer desesperados o espeluznantes. Pero no hay raz\u00f3n para preocuparse por ser prepotente o agresivo: simplemente intenta tratar a cada mujer como si fuera especial. Si&hellip; Continuar leyendo &rarr;","og_url":"http:\/\/elsuperbeasto.com\/es\/como-funcionan-las-citas-nsa\/","og_site_name":"Quick Hookup","og_image":[{"width":2398,"height":1500,"url":"https:\/\/elsuperbeasto.com\/wp-content\/uploads\/2022\/08\/find-lov.jpeg","type":"image\/jpeg"}],"twitter_card":"summary_large_image","twitter_misc":{"Tiempo de lectura":"4 minutos"},"schema":{"@context":"https:\/\/schema.org","@graph":[{"@type":"WebSite","@id":"https:\/\/elsuperbeasto.com\/#website","url":"https:\/\/elsuperbeasto.com\/","name":"Quick Hookup","description":"Your Guide To Love","potentialAction":[{"@type":"SearchAction","target":{"@type":"EntryPoint","urlTemplate":"https:\/\/elsuperbeasto.com\/?s={search_term_string}"},"query-input":"required name=search_term_string"}],"inLanguage":"es"},{"@type":"ImageObject","@id":"http:\/\/elsuperbeasto.com\/es\/como-funcionan-las-citas-nsa\/#primaryimage","inLanguage":"es","url":"http:\/\/elsuperbeasto.com\/wp-content\/uploads\/2022\/08\/find-lov.jpeg","contentUrl":"http:\/\/elsuperbeasto.com\/wp-content\/uploads\/2022\/08\/find-lov.jpeg","width":2398,"height":1500},{"@type":"WebPage","@id":"http:\/\/elsuperbeasto.com\/es\/como-funcionan-las-citas-nsa\/#webpage","url":"http:\/\/elsuperbeasto.com\/es\/como-funcionan-las-citas-nsa\/","name":"\u00bfC\u00f3mo funcionan las citas NSA? - Quick Hookup","isPartOf":{"@id":"https:\/\/elsuperbeasto.com\/#website"},"primaryImageOfPage":{"@id":"http:\/\/elsuperbeasto.com\/es\/como-funcionan-las-citas-nsa\/#primaryimage"},"datePublished":"2022-08-18T13:10:21+00:00","dateModified":"2022-08-18T13:10:21+00:00","breadcrumb":{"@id":"http:\/\/elsuperbeasto.com\/es\/como-funcionan-las-citas-nsa\/#breadcrumb"},"inLanguage":"es","potentialAction":[{"@type":"ReadAction","target":["http:\/\/elsuperbeasto.com\/es\/como-funcionan-las-citas-nsa\/"]}]},{"@type":"BreadcrumbList","@id":"http:\/\/elsuperbeasto.com\/es\/como-funcionan-las-citas-nsa\/#breadcrumb","itemListElement":[{"@type":"ListItem","position":1,"name":"Home","item":"https:\/\/elsuperbeasto.com\/es\/"},{"@type":"ListItem","position":2,"name":"\u00bfC\u00f3mo funcionan las citas NSA?"}]}]}},"_links":{"self":[{"href":"http:\/\/elsuperbeasto.com\/es\/wp-json\/wp\/v2\/pages\/244"}],"collection":[{"href":"http:\/\/elsuperbeasto.com\/es\/wp-json\/wp\/v2\/pages"}],"about":[{"href":"http:\/\/elsuperbeasto.com\/es\/wp-json\/wp\/v2\/types\/page"}],"author":[{"embeddable":true,"href":"http:\/\/elsuperbeasto.com\/es\/wp-json\/wp\/v2\/users\/1"}],"replies":[{"embeddable":true,"href":"http:\/\/elsuperbeasto.com\/es\/wp-json\/wp\/v2\/comments?post=244"}],"version-history":[{"count":0,"href":"http:\/\/elsuperbeasto.com\/es\/wp-json\/wp\/v2\/pages\/244\/revisions"}],"wp:featuredmedia":[{"embeddable":true,"href":"http:\/\/elsuperbeasto.com\/es\/wp-json\/wp\/v2\/media\/193"}],"wp:attachment":[{"href":"http:\/\/elsuperbeasto.com\/es\/wp-json\/wp\/v2\/media?parent=244"}],"curies":[{"name":"wp","href":"https:\/\/api.w.org\/{rel}","templated":true}]}}