{"id":370,"date":"2022-08-18T13:05:43","date_gmt":"2022-08-18T12:05:43","guid":{"rendered":"http:\/\/elsuperbeasto.com\/beste-apps-fuer-die-suche-nach-liebe\/"},"modified":"2022-08-18T13:05:43","modified_gmt":"2022-08-18T12:05:43","slug":"beste-apps-fuer-die-suche-nach-liebe","status":"publish","type":"page","link":"http:\/\/elsuperbeasto.com\/de\/beste-apps-fuer-die-suche-nach-liebe\/","title":{"rendered":"Beste Apps f\u00fcr die Suche nach Liebe"},"content":{"rendered":"<p>Deshalb haben wir die besten Dating-Apps unter die Lupe genommen und diejenigen gefunden, die sich von den anderen abheben. Das sind nicht nur unsere Meinungen &#8211; wir haben jedes einzelne Produkt selbst getestet und sind dabei auf einige echte Gewinner gesto\u00dfen.<\/p>\n<p>Ganz gleich, ob Sie etwas Seri\u00f6ses, Legeres oder etwas dazwischen suchen, wir haben das Richtige f\u00fcr Sie. Wir sagen Ihnen genau, welche Funktionen jede App auszeichnen, geben Ihnen ehrliches Feedback zu den Preisen und helfen Ihnen herauszufinden, welche App f\u00fcr Sie am besten geeignet ist.<\/p>\n<p>Nach der Lekt\u00fcre dieses Leitfadens werden Sie <a href=\"http:\/\/elsuperbeasto.com\/de\/ist-online-dating-sicher\/\">keinen Zweifel mehr<\/a> daran haben, welches die perfekte L\u00f6sung f\u00fcr Sie ist. Verschwenden Sie keine Zeit mehr damit, alles selbst herauszufinden; w\u00e4hlen Sie einfach die beste Dating-App auf der Grundlage unserer Empfehlungen und beginnen Sie noch heute, Leute zu treffen.<\/p>\n<p>Bevor Sie sich auf einer Website anmelden, sollten Sie genau \u00fcberlegen, ob die Website zu Ihrer Pers\u00f6nlichkeit passt. Bevorzugen Sie lockere Dates oder eine feste Beziehung?<\/p>\n<h2>Finden Sie eine Website, die zu Ihrer Pers\u00f6nlichkeit passt<\/h2>\n<p>Chatten Sie gerne per Textnachricht oder lieber von Angesicht zu Angesicht? Bevorzugen Sie kurze Nachrichten oder lange E-Mails? Diese Fragen k\u00f6nnen Ihnen helfen, Ihre Suche einzugrenzen. Wenn Sie eine Website gefunden haben, die zu Ihnen zu passen scheint, melden Sie sich an und beginnen Sie, die Profile zu durchsuchen.<\/p>\n<h2>W\u00e4hlen Sie eine Website nach Ihren Interessen<\/h2>\n<p>\u00dcberlegen Sie, wof\u00fcr Sie sich interessieren. Wenn Sie auf der Suche nach einem romantischen Partner sind, sollten Sie sich nicht auf einer Website anmelden, die sich an Singles wendet, die auf der Suche nach Freundschaften sind. Wenn Sie auf der Suche nach einem Freund sind, sollten Sie sich nicht auf einer Dating-Website anmelden, die sich auf Romantik konzentriert.<\/p>\n<p>W\u00e4hlen Sie stattdessen eine Website, die Ihren Interessen entspricht. Wenn Sie zum Beispiel Sport lieben, sollten Sie einer Website beitreten, auf der Mitglieder ihre Lieblingsmannschaften, -spieler und -ereignisse teilen k\u00f6nnen. Auf diese Weise k\u00f6nnen Sie leicht kompatible Partner finden, die \u00e4hnliche Interessen haben.<\/p>\n<h2>Nehmen Sie an mehreren Websites teil, bevor Sie eine Entscheidung treffen<\/h2>\n<p>Es ist wichtig, mehrere Partnervermittlungsseiten zu besuchen, bevor man sich f\u00fcr eine entscheidet. So haben Sie die M\u00f6glichkeit, die Vor- und Nachteile der einzelnen Standorte zu vergleichen. Einige Websites bieten zum Beispiel erweiterte Funktionen wie Videochats und Sofortnachrichten. Andere erm\u00f6glichen es den Mitgliedern, Bilder und Videos hochzuladen. Wieder andere erm\u00f6glichen es Ihnen, die Profile der Mitglieder zu durchsuchen, ohne pers\u00f6nliche Daten preiszugeben.<\/p>\n<h2>Bedenken Sie Fragen des Datenschutzes<\/h2>\n<p>Einige Websites erlauben es den Mitgliedern, anonym zu bleiben, w\u00e4hrend andere von den Mitgliedern verlangen, dass sie ihre Identit\u00e4t preisgeben. Denken Sie daran, dass einige Websites sensible Informationen \u00fcber Sie sammeln k\u00f6nnen, wenn es um den Datenschutz geht. Auf einigen Websites werden die Mitglieder zum Beispiel aufgefordert, ihren Familienstand, ihre religi\u00f6sen \u00dcberzeugungen, ihren Beruf und ihren Bildungsstand anzugeben. Diese Angaben k\u00f6nnen verwendet werden, um Sie gezielt mit Werbung anzusprechen. Andere Websites fragen m\u00f6glicherweise nach zus\u00e4tzlichen Informationen wie Gr\u00f6\u00dfe, Gewicht, Einkommen und Alter. Bei einigen Websites k\u00f6nnen die Mitglieder selbst entscheiden, ob sie ihre Identit\u00e4t preisgeben wollen, bei anderen m\u00fcssen sie alles preisgeben.<\/p>\n<h2>FAQ<\/h2>\n<h3>Was ist die beste Dating-Website f\u00fcr ernsthafte Beziehungen?<\/h3>\n<p>Die beste Dating-Website f\u00fcr ernsthafte Beziehungen ist OkCupid.com. Diese Dating-Website hat Millionen von Nutzern aus der ganzen Welt, und sie nutzen sie, um Liebe zu finden. Sie bieten kostenloses Messaging, Sofortnachrichten, Video-Chat und andere Funktionen, die Ihnen helfen, mit potenziellen Partnern in Kontakt zu treten.<\/p>\n<p>OkCupid gibt es seit 2004, und Millionen von Nutzern haben sich kostenlos angemeldet. Auf der Website k\u00f6nnen die Nutzer ein Profil erstellen, nach anderen Mitgliedern anhand von Kriterien wie Ort, Alter, Geschlecht usw. suchen und sich dann gegenseitig Nachrichten schicken. Die Nutzer k\u00f6nnen auch die Profile anderer Personen durchsuchen, die auf der Suche nach Dates sind.<\/p>\n<h3>Welche ist die beste Dating-App im Jahr 2022?<\/h3>\n<p>Die beste Dating-App f\u00fcr 2022 wird Tinder Plus sein, mit der man anderen Nutzern unbegrenzt Nachrichten schicken kann. Diese Funktion ist seit 2016 verf\u00fcgbar, aber erst jetzt wird sie popul\u00e4r. Auch andere Apps wie Happn, Bumble und OkCupid bieten \u00e4hnliche Funktionen.<\/p>\n","protected":false},"excerpt":{"rendered":"<p>Deshalb haben wir die besten Dating-Apps unter die Lupe genommen und diejenigen gefunden, die sich von den anderen abheben. Das sind nicht nur unsere Meinungen &#8211; wir haben jedes einzelne Produkt selbst getestet und sind dabei auf einige echte Gewinner&hellip; <a href=\"http:\/\/elsuperbeasto.com\/de\/beste-apps-fuer-die-suche-nach-liebe\/\" class=\"more-link\">Continue Reading <span class=\"meta-nav\">&rarr;<\/span><\/a><\/p>\n","protected":false},"author":1,"featured_media":145,"parent":0,"menu_order":0,"comment_status":"closed","ping_status":"closed","template":"","meta":[],"yoast_head":"<!-- This site is optimized with the Yoast SEO plugin v17.7.1 - https:\/\/yoast.com\/wordpress\/plugins\/seo\/ -->\n<title>Beste Apps f\u00fcr die Suche nach Liebe - Quick Hookup<\/title>\n<meta name=\"robots\" content=\"index, follow, max-snippet:-1, max-image-preview:large, max-video-preview:-1\" \/>\n<link rel=\"canonical\" href=\"http:\/\/elsuperbeasto.com\/de\/beste-apps-fuer-die-suche-nach-liebe\/\" \/>\n<meta property=\"og:locale\" content=\"de_DE\" \/>\n<meta property=\"og:type\" content=\"article\" \/>\n<meta property=\"og:title\" content=\"Beste Apps f\u00fcr die Suche nach Liebe - Quick Hookup\" \/>\n<meta property=\"og:description\" content=\"Deshalb haben wir die besten Dating-Apps unter die Lupe genommen und diejenigen gefunden, die sich von den anderen abheben. Das sind nicht nur unsere Meinungen &#8211; wir haben jedes einzelne Produkt selbst getestet und sind dabei auf einige echte Gewinner&hellip; Continue Reading &rarr;\" \/>\n<meta property=\"og:url\" content=\"http:\/\/elsuperbeasto.com\/de\/beste-apps-fuer-die-suche-nach-liebe\/\" \/>\n<meta property=\"og:site_name\" content=\"Quick Hookup\" \/>\n<meta property=\"og:image\" content=\"http:\/\/elsuperbeasto.com\/wp-content\/uploads\/2022\/08\/love-balloons.jpeg\" \/>\n\t<meta property=\"og:image:width\" content=\"1000\" \/>\n\t<meta property=\"og:image:height\" content=\"1500\" \/>\n<meta name=\"twitter:card\" content=\"summary_large_image\" \/>\n<meta name=\"twitter:label1\" content=\"Gesch\u00e4tzte Lesezeit\" \/>\n\t<meta name=\"twitter:data1\" content=\"4\u00a0Minuten\" \/>\n<script type=\"application\/ld+json\" class=\"yoast-schema-graph\">{\"@context\":\"https:\/\/schema.org\",\"@graph\":[{\"@type\":\"WebSite\",\"@id\":\"https:\/\/elsuperbeasto.com\/#website\",\"url\":\"https:\/\/elsuperbeasto.com\/\",\"name\":\"Quick Hookup\",\"description\":\"Your Guide To Love\",\"potentialAction\":[{\"@type\":\"SearchAction\",\"target\":{\"@type\":\"EntryPoint\",\"urlTemplate\":\"https:\/\/elsuperbeasto.com\/?s={search_term_string}\"},\"query-input\":\"required name=search_term_string\"}],\"inLanguage\":\"de\"},{\"@type\":\"ImageObject\",\"@id\":\"http:\/\/elsuperbeasto.com\/de\/beste-apps-fuer-die-suche-nach-liebe\/#primaryimage\",\"inLanguage\":\"de\",\"url\":\"http:\/\/elsuperbeasto.com\/wp-content\/uploads\/2022\/08\/love-balloons.jpeg\",\"contentUrl\":\"http:\/\/elsuperbeasto.com\/wp-content\/uploads\/2022\/08\/love-balloons.jpeg\",\"width\":1000,\"height\":1500},{\"@type\":\"WebPage\",\"@id\":\"http:\/\/elsuperbeasto.com\/de\/beste-apps-fuer-die-suche-nach-liebe\/#webpage\",\"url\":\"http:\/\/elsuperbeasto.com\/de\/beste-apps-fuer-die-suche-nach-liebe\/\",\"name\":\"Beste Apps f\\u00fcr die Suche nach Liebe - Quick Hookup\",\"isPartOf\":{\"@id\":\"https:\/\/elsuperbeasto.com\/#website\"},\"primaryImageOfPage\":{\"@id\":\"http:\/\/elsuperbeasto.com\/de\/beste-apps-fuer-die-suche-nach-liebe\/#primaryimage\"},\"datePublished\":\"2022-08-18T12:05:43+00:00\",\"dateModified\":\"2022-08-18T12:05:43+00:00\",\"breadcrumb\":{\"@id\":\"http:\/\/elsuperbeasto.com\/de\/beste-apps-fuer-die-suche-nach-liebe\/#breadcrumb\"},\"inLanguage\":\"de\",\"potentialAction\":[{\"@type\":\"ReadAction\",\"target\":[\"http:\/\/elsuperbeasto.com\/de\/beste-apps-fuer-die-suche-nach-liebe\/\"]}]},{\"@type\":\"BreadcrumbList\",\"@id\":\"http:\/\/elsuperbeasto.com\/de\/beste-apps-fuer-die-suche-nach-liebe\/#breadcrumb\",\"itemListElement\":[{\"@type\":\"ListItem\",\"position\":1,\"name\":\"Home\",\"item\":\"https:\/\/elsuperbeasto.com\/de\/\"},{\"@type\":\"ListItem\",\"position\":2,\"name\":\"Beste Apps f\\u00fcr die Suche nach Liebe\"}]}]}<\/script>\n<!-- \/ Yoast SEO plugin. -->","yoast_head_json":{"title":"Beste Apps f\u00fcr die Suche nach Liebe - Quick Hookup","robots":{"index":"index","follow":"follow","max-snippet":"max-snippet:-1","max-image-preview":"max-image-preview:large","max-video-preview":"max-video-preview:-1"},"canonical":"http:\/\/elsuperbeasto.com\/de\/beste-apps-fuer-die-suche-nach-liebe\/","og_locale":"de_DE","og_type":"article","og_title":"Beste Apps f\u00fcr die Suche nach Liebe - Quick Hookup","og_description":"Deshalb haben wir die besten Dating-Apps unter die Lupe genommen und diejenigen gefunden, die sich von den anderen abheben. Das sind nicht nur unsere Meinungen &#8211; wir haben jedes einzelne Produkt selbst getestet und sind dabei auf einige echte Gewinner&hellip; Continue Reading &rarr;","og_url":"http:\/\/elsuperbeasto.com\/de\/beste-apps-fuer-die-suche-nach-liebe\/","og_site_name":"Quick Hookup","og_image":[{"width":1000,"height":1500,"url":"http:\/\/elsuperbeasto.com\/wp-content\/uploads\/2022\/08\/love-balloons.jpeg","type":"image\/jpeg"}],"twitter_card":"summary_large_image","twitter_misc":{"Gesch\u00e4tzte Lesezeit":"4\u00a0Minuten"},"schema":{"@context":"https:\/\/schema.org","@graph":[{"@type":"WebSite","@id":"https:\/\/elsuperbeasto.com\/#website","url":"https:\/\/elsuperbeasto.com\/","name":"Quick Hookup","description":"Your Guide To Love","potentialAction":[{"@type":"SearchAction","target":{"@type":"EntryPoint","urlTemplate":"https:\/\/elsuperbeasto.com\/?s={search_term_string}"},"query-input":"required name=search_term_string"}],"inLanguage":"de"},{"@type":"ImageObject","@id":"http:\/\/elsuperbeasto.com\/de\/beste-apps-fuer-die-suche-nach-liebe\/#primaryimage","inLanguage":"de","url":"http:\/\/elsuperbeasto.com\/wp-content\/uploads\/2022\/08\/love-balloons.jpeg","contentUrl":"http:\/\/elsuperbeasto.com\/wp-content\/uploads\/2022\/08\/love-balloons.jpeg","width":1000,"height":1500},{"@type":"WebPage","@id":"http:\/\/elsuperbeasto.com\/de\/beste-apps-fuer-die-suche-nach-liebe\/#webpage","url":"http:\/\/elsuperbeasto.com\/de\/beste-apps-fuer-die-suche-nach-liebe\/","name":"Beste Apps f\u00fcr die Suche nach Liebe - Quick Hookup","isPartOf":{"@id":"https:\/\/elsuperbeasto.com\/#website"},"primaryImageOfPage":{"@id":"http:\/\/elsuperbeasto.com\/de\/beste-apps-fuer-die-suche-nach-liebe\/#primaryimage"},"datePublished":"2022-08-18T12:05:43+00:00","dateModified":"2022-08-18T12:05:43+00:00","breadcrumb":{"@id":"http:\/\/elsuperbeasto.com\/de\/beste-apps-fuer-die-suche-nach-liebe\/#breadcrumb"},"inLanguage":"de","potentialAction":[{"@type":"ReadAction","target":["http:\/\/elsuperbeasto.com\/de\/beste-apps-fuer-die-suche-nach-liebe\/"]}]},{"@type":"BreadcrumbList","@id":"http:\/\/elsuperbeasto.com\/de\/beste-apps-fuer-die-suche-nach-liebe\/#breadcrumb","itemListElement":[{"@type":"ListItem","position":1,"name":"Home","item":"https:\/\/elsuperbeasto.com\/de\/"},{"@type":"ListItem","position":2,"name":"Beste Apps f\u00fcr die Suche nach Liebe"}]}]}},"_links":{"self":[{"href":"http:\/\/elsuperbeasto.com\/de\/wp-json\/wp\/v2\/pages\/370"}],"collection":[{"href":"http:\/\/elsuperbeasto.com\/de\/wp-json\/wp\/v2\/pages"}],"about":[{"href":"http:\/\/elsuperbeasto.com\/de\/wp-json\/wp\/v2\/types\/page"}],"author":[{"embeddable":true,"href":"http:\/\/elsuperbeasto.com\/de\/wp-json\/wp\/v2\/users\/1"}],"replies":[{"embeddable":true,"href":"http:\/\/elsuperbeasto.com\/de\/wp-json\/wp\/v2\/comments?post=370"}],"version-history":[{"count":0,"href":"http:\/\/elsuperbeasto.com\/de\/wp-json\/wp\/v2\/pages\/370\/revisions"}],"wp:featuredmedia":[{"embeddable":true,"href":"http:\/\/elsuperbeasto.com\/de\/wp-json\/wp\/v2\/media\/145"}],"wp:attachment":[{"href":"http:\/\/elsuperbeasto.com\/de\/wp-json\/wp\/v2\/media?parent=370"}],"curies":[{"name":"wp","href":"https:\/\/api.w.org\/{rel}","templated":true}]}}