{"id":363,"date":"2022-08-18T13:12:48","date_gmt":"2022-08-18T12:12:48","guid":{"rendered":"http:\/\/elsuperbeasto.com\/ist-online-dating-sicher\/"},"modified":"2022-09-08T13:50:45","modified_gmt":"2022-09-08T12:50:45","slug":"ist-online-dating-sicher","status":"publish","type":"page","link":"http:\/\/elsuperbeasto.com\/de\/ist-online-dating-sicher\/","title":{"rendered":"Ist Online-Dating sicher?"},"content":{"rendered":"<p>Online-Dating ist eine gro\u00dfartige M\u00f6glichkeit, neue Leute kennenzulernen, birgt aber auch einige Risiken. Eines dieser Risiken ist, von einer falschen Person um Geld betrogen zu werden. Eine k\u00fcrzlich durchgef\u00fchrte Studie ergab, dass ein Viertel der Frauen von jemandem kontaktiert wurde, der vorgab, an einem Treffen mit ihnen interessiert zu sein <a href=\"https:\/\/adultxxxdate.net\/de\/\">XXX date<\/a>, sich aber sp\u00e4ter als Betr\u00fcger herausstellte.<\/p>\n<p>Der h\u00e4ufigste Grund, warum Menschen auf Dating-Apps Opfer von Betr\u00fcgereien werden, ist ihre mangelnde Kommunikationsf\u00e4higkeit. Chatbots sollen die menschliche Konversation imitieren, aber das gelingt ihnen nicht immer gut. Sie neigen zu einer blumigen Sprache, was sie zu einem leichten Ziel f\u00fcr Betr\u00fcger macht.<\/p>\n<p>Wenn Sie eine <a href=\"http:\/\/elsuperbeasto.com\/de\/was-sind-die-besten-sexting-apps\/\">echte Beziehung zu jemandem<\/a> aufbauen wollen, sollten Sie es vermeiden, zu viel \u00fcber sich selbst zu sprechen. Die Menschen sprechen gerne \u00fcber sich selbst, aber in der Regel ist es ihnen lieber, wenn sie dies am Telefon oder pers\u00f6nlich tun. Online-Dating ist noch relativ neu, so dass Sie erst bei einem pers\u00f6nlichen Treffen wissen werden, wie gut Sie wirklich miteinander kommunizieren.<\/p>\n<h2>Worauf ist zu achten?<\/h2>\n<p>Sie k\u00f6nnen erkennen, ob eine Person ein Bot oder ein Betr\u00fcger ist, indem Sie ihr Verhalten beobachten. Im Allgemeinen sendet ein Bot Nachrichten schnell, w\u00e4hrend ein Betr\u00fcger l\u00e4nger braucht, um zu antworten. Vielleicht stellen Sie fest, dass viele Leute innerhalb von Sekunden auf Ihre Nachrichten antworten, obwohl sie auf keine Ihrer vorherigen Nachrichten geantwortet haben und <a href=\"http:\/\/www.passionsense.co.uk\/de\/bdsm-datierung\/\">best bdsm sites<\/a>. Dies wird als &#8222;Spamming&#8220; bezeichnet. Bots sind nicht zwangsl\u00e4ufig Spammer; es k\u00f6nnte nur bedeuten, dass sie viele Nachrichten erhalten und auf alle gleichzeitig antworten.<\/p>\n<p>Eine weitere Sache, auf die Sie achten sollten, sind fr\u00fche Liebeserkl\u00e4rungen. Manche Leute sagen so etwas wie: &#8222;Ich finde, wir passen perfekt zusammen&#8220; oder &#8222;Ich bin verr\u00fcckt nach dir&#8220;. Diese Art von Kommentaren wird in der Regel verwendet, um Sie dazu zu bewegen, Ihre Kreditkartendaten zu \u00fcbermitteln. Betr\u00fcger versuchen oft, Sie mit netten Worten dazu zu verleiten, pers\u00f6nliche Daten preiszugeben. Seien Sie misstrauisch, wenn jemand \u00fcberm\u00e4\u00dfig enthusiastisch scheint, sich mit Ihnen zu treffen.<\/p>\n<h2>Was ist mit kostenpflichtigen Dating-Apps?<\/h2>\n<p>Die meisten Online-Dating-Websites sind kostenlos, aber es gibt auch viele, die kostenpflichtig sind. Einige bieten den Zugang zu bestimmten Funktionen kostenlos an, w\u00e4hrend Sie bei anderen diese Funktionen nur gegen Bezahlung nutzen k\u00f6nnen. Wir haben eine Liste der beliebtesten Dating-Websites und der Kosten f\u00fcr eine Mitgliedschaft zusammengestellt.<\/p>\n<h2>Was ist mit den Bewertungen?<\/h2>\n<p>Online-Bewertungen spielen eine gro\u00dfe Rolle bei der Kaufentscheidung der Verbraucher. Wenn Menschen den Meinungen anderer vertrauen <a href=\"https:\/\/www.adultsexsites.org\/de\/beste-fuck-seiten\/\">fick seiten<\/a>, werden sie sich bei ihren Eink\u00e4ufen an diesen Meinungen orientieren. Leider gibt es heute zu viele gef\u00e4lschte Bewertungen.<\/p>\n<p>Eine k\u00fcrzlich durchgef\u00fchrte Studie ergab, dass \u00fcber die H\u00e4lfte der Rezensionen auf Amazon von bezahlten Rezensenten verfasst werden. Und einige Online-Dating-Unternehmen wie Match Group Inc., eHarmony Inc. und OkCupid LLC bezahlen Menschen daf\u00fcr, dass sie gute Kritiken \u00fcber ihre Produkte schreiben. Diese Bewertungen enthalten oft falsche Informationen, wie z. B. \u00fcbertriebene Behauptungen \u00fcber die Eigenschaften und Vorteile des Produkts.<\/p>\n","protected":false},"excerpt":{"rendered":"<p>Online-Dating ist eine gro\u00dfartige M\u00f6glichkeit, neue Leute kennenzulernen, birgt aber auch einige Risiken. Eines dieser Risiken ist, von einer falschen Person um Geld betrogen zu werden. Eine k\u00fcrzlich durchgef\u00fchrte Studie ergab, dass ein Viertel der Frauen von jemandem kontaktiert wurde,&hellip; <a href=\"http:\/\/elsuperbeasto.com\/de\/ist-online-dating-sicher\/\" class=\"more-link\">Continue Reading <span class=\"meta-nav\">&rarr;<\/span><\/a><\/p>\n","protected":false},"author":1,"featured_media":131,"parent":0,"menu_order":0,"comment_status":"closed","ping_status":"closed","template":"","meta":[],"yoast_head":"<!-- This site is optimized with the Yoast SEO plugin v17.7.1 - https:\/\/yoast.com\/wordpress\/plugins\/seo\/ -->\n<title>Ist Online-Dating sicher? - Quick Hookup<\/title>\n<meta name=\"robots\" content=\"index, follow, max-snippet:-1, max-image-preview:large, max-video-preview:-1\" \/>\n<link rel=\"canonical\" href=\"http:\/\/elsuperbeasto.com\/de\/ist-online-dating-sicher\/\" \/>\n<meta property=\"og:locale\" content=\"de_DE\" \/>\n<meta property=\"og:type\" content=\"article\" \/>\n<meta property=\"og:title\" content=\"Ist Online-Dating sicher? - Quick Hookup\" \/>\n<meta property=\"og:description\" content=\"Online-Dating ist eine gro\u00dfartige M\u00f6glichkeit, neue Leute kennenzulernen, birgt aber auch einige Risiken. Eines dieser Risiken ist, von einer falschen Person um Geld betrogen zu werden. Eine k\u00fcrzlich durchgef\u00fchrte Studie ergab, dass ein Viertel der Frauen von jemandem kontaktiert wurde,&hellip; Continue Reading &rarr;\" \/>\n<meta property=\"og:url\" content=\"http:\/\/elsuperbeasto.com\/de\/ist-online-dating-sicher\/\" \/>\n<meta property=\"og:site_name\" content=\"Quick Hookup\" \/>\n<meta property=\"article:modified_time\" content=\"2022-09-08T12:50:45+00:00\" \/>\n<meta property=\"og:image\" content=\"http:\/\/elsuperbeasto.com\/wp-content\/uploads\/2022\/08\/dates.jpeg\" \/>\n\t<meta property=\"og:image:width\" content=\"2250\" \/>\n\t<meta property=\"og:image:height\" content=\"1500\" \/>\n<meta name=\"twitter:card\" content=\"summary_large_image\" \/>\n<meta name=\"twitter:label1\" content=\"Gesch\u00e4tzte Lesezeit\" \/>\n\t<meta name=\"twitter:data1\" content=\"3\u00a0Minuten\" \/>\n<script type=\"application\/ld+json\" class=\"yoast-schema-graph\">{\"@context\":\"https:\/\/schema.org\",\"@graph\":[{\"@type\":\"WebSite\",\"@id\":\"https:\/\/elsuperbeasto.com\/#website\",\"url\":\"https:\/\/elsuperbeasto.com\/\",\"name\":\"Quick Hookup\",\"description\":\"Your Guide To Love\",\"potentialAction\":[{\"@type\":\"SearchAction\",\"target\":{\"@type\":\"EntryPoint\",\"urlTemplate\":\"https:\/\/elsuperbeasto.com\/?s={search_term_string}\"},\"query-input\":\"required name=search_term_string\"}],\"inLanguage\":\"de\"},{\"@type\":\"ImageObject\",\"@id\":\"http:\/\/elsuperbeasto.com\/de\/ist-online-dating-sicher\/#primaryimage\",\"inLanguage\":\"de\",\"url\":\"http:\/\/elsuperbeasto.com\/wp-content\/uploads\/2022\/08\/dates.jpeg\",\"contentUrl\":\"http:\/\/elsuperbeasto.com\/wp-content\/uploads\/2022\/08\/dates.jpeg\",\"width\":2250,\"height\":1500},{\"@type\":\"WebPage\",\"@id\":\"http:\/\/elsuperbeasto.com\/de\/ist-online-dating-sicher\/#webpage\",\"url\":\"http:\/\/elsuperbeasto.com\/de\/ist-online-dating-sicher\/\",\"name\":\"Ist Online-Dating sicher? - Quick Hookup\",\"isPartOf\":{\"@id\":\"https:\/\/elsuperbeasto.com\/#website\"},\"primaryImageOfPage\":{\"@id\":\"http:\/\/elsuperbeasto.com\/de\/ist-online-dating-sicher\/#primaryimage\"},\"datePublished\":\"2022-08-18T12:12:48+00:00\",\"dateModified\":\"2022-09-08T12:50:45+00:00\",\"breadcrumb\":{\"@id\":\"http:\/\/elsuperbeasto.com\/de\/ist-online-dating-sicher\/#breadcrumb\"},\"inLanguage\":\"de\",\"potentialAction\":[{\"@type\":\"ReadAction\",\"target\":[\"http:\/\/elsuperbeasto.com\/de\/ist-online-dating-sicher\/\"]}]},{\"@type\":\"BreadcrumbList\",\"@id\":\"http:\/\/elsuperbeasto.com\/de\/ist-online-dating-sicher\/#breadcrumb\",\"itemListElement\":[{\"@type\":\"ListItem\",\"position\":1,\"name\":\"Home\",\"item\":\"https:\/\/elsuperbeasto.com\/de\/\"},{\"@type\":\"ListItem\",\"position\":2,\"name\":\"Ist Online-Dating sicher?\"}]}]}<\/script>\n<!-- \/ Yoast SEO plugin. -->","yoast_head_json":{"title":"Ist Online-Dating sicher? - Quick Hookup","robots":{"index":"index","follow":"follow","max-snippet":"max-snippet:-1","max-image-preview":"max-image-preview:large","max-video-preview":"max-video-preview:-1"},"canonical":"http:\/\/elsuperbeasto.com\/de\/ist-online-dating-sicher\/","og_locale":"de_DE","og_type":"article","og_title":"Ist Online-Dating sicher? - Quick Hookup","og_description":"Online-Dating ist eine gro\u00dfartige M\u00f6glichkeit, neue Leute kennenzulernen, birgt aber auch einige Risiken. Eines dieser Risiken ist, von einer falschen Person um Geld betrogen zu werden. Eine k\u00fcrzlich durchgef\u00fchrte Studie ergab, dass ein Viertel der Frauen von jemandem kontaktiert wurde,&hellip; Continue Reading &rarr;","og_url":"http:\/\/elsuperbeasto.com\/de\/ist-online-dating-sicher\/","og_site_name":"Quick Hookup","article_modified_time":"2022-09-08T12:50:45+00:00","og_image":[{"width":2250,"height":1500,"url":"http:\/\/elsuperbeasto.com\/wp-content\/uploads\/2022\/08\/dates.jpeg","type":"image\/jpeg"}],"twitter_card":"summary_large_image","twitter_misc":{"Gesch\u00e4tzte Lesezeit":"3\u00a0Minuten"},"schema":{"@context":"https:\/\/schema.org","@graph":[{"@type":"WebSite","@id":"https:\/\/elsuperbeasto.com\/#website","url":"https:\/\/elsuperbeasto.com\/","name":"Quick Hookup","description":"Your Guide To Love","potentialAction":[{"@type":"SearchAction","target":{"@type":"EntryPoint","urlTemplate":"https:\/\/elsuperbeasto.com\/?s={search_term_string}"},"query-input":"required name=search_term_string"}],"inLanguage":"de"},{"@type":"ImageObject","@id":"http:\/\/elsuperbeasto.com\/de\/ist-online-dating-sicher\/#primaryimage","inLanguage":"de","url":"http:\/\/elsuperbeasto.com\/wp-content\/uploads\/2022\/08\/dates.jpeg","contentUrl":"http:\/\/elsuperbeasto.com\/wp-content\/uploads\/2022\/08\/dates.jpeg","width":2250,"height":1500},{"@type":"WebPage","@id":"http:\/\/elsuperbeasto.com\/de\/ist-online-dating-sicher\/#webpage","url":"http:\/\/elsuperbeasto.com\/de\/ist-online-dating-sicher\/","name":"Ist Online-Dating sicher? - Quick Hookup","isPartOf":{"@id":"https:\/\/elsuperbeasto.com\/#website"},"primaryImageOfPage":{"@id":"http:\/\/elsuperbeasto.com\/de\/ist-online-dating-sicher\/#primaryimage"},"datePublished":"2022-08-18T12:12:48+00:00","dateModified":"2022-09-08T12:50:45+00:00","breadcrumb":{"@id":"http:\/\/elsuperbeasto.com\/de\/ist-online-dating-sicher\/#breadcrumb"},"inLanguage":"de","potentialAction":[{"@type":"ReadAction","target":["http:\/\/elsuperbeasto.com\/de\/ist-online-dating-sicher\/"]}]},{"@type":"BreadcrumbList","@id":"http:\/\/elsuperbeasto.com\/de\/ist-online-dating-sicher\/#breadcrumb","itemListElement":[{"@type":"ListItem","position":1,"name":"Home","item":"https:\/\/elsuperbeasto.com\/de\/"},{"@type":"ListItem","position":2,"name":"Ist Online-Dating sicher?"}]}]}},"_links":{"self":[{"href":"http:\/\/elsuperbeasto.com\/de\/wp-json\/wp\/v2\/pages\/363"}],"collection":[{"href":"http:\/\/elsuperbeasto.com\/de\/wp-json\/wp\/v2\/pages"}],"about":[{"href":"http:\/\/elsuperbeasto.com\/de\/wp-json\/wp\/v2\/types\/page"}],"author":[{"embeddable":true,"href":"http:\/\/elsuperbeasto.com\/de\/wp-json\/wp\/v2\/users\/1"}],"replies":[{"embeddable":true,"href":"http:\/\/elsuperbeasto.com\/de\/wp-json\/wp\/v2\/comments?post=363"}],"version-history":[{"count":1,"href":"http:\/\/elsuperbeasto.com\/de\/wp-json\/wp\/v2\/pages\/363\/revisions"}],"predecessor-version":[{"id":393,"href":"http:\/\/elsuperbeasto.com\/de\/wp-json\/wp\/v2\/pages\/363\/revisions\/393"}],"wp:featuredmedia":[{"embeddable":true,"href":"http:\/\/elsuperbeasto.com\/de\/wp-json\/wp\/v2\/media\/131"}],"wp:attachment":[{"href":"http:\/\/elsuperbeasto.com\/de\/wp-json\/wp\/v2\/media?parent=363"}],"curies":[{"name":"wp","href":"https:\/\/api.w.org\/{rel}","templated":true}]}}