{"id":319,"date":"2022-08-18T13:22:34","date_gmt":"2022-08-18T12:22:34","guid":{"rendered":"http:\/\/elsuperbeasto.com\/wie-man-lokale-frauen-datet\/"},"modified":"2022-09-08T13:49:50","modified_gmt":"2022-09-08T12:49:50","slug":"wie-man-lokale-frauen-datet","status":"publish","type":"page","link":"http:\/\/elsuperbeasto.com\/de\/wie-man-lokale-frauen-datet\/","title":{"rendered":"Wie man lokale Frauen datet"},"content":{"rendered":"<p>Hast du es satt, dich mit M\u00e4dchen aus der Ferne zu verabreden? M\u00f6chten Sie eine Freundin finden, die n\u00e4her an Ihrem Wohnort wohnt?<\/p>\n<p>In diesem Artikel geben wir Ihnen 3 Tipps, wie Sie ein einheimisches M\u00e4dchen f\u00fcr eine Verabredung finden k\u00f6nnen.<\/p>\n<h2>Lokale Frauen online finden<\/h2>\n<p>Das Wichtigste zuerst. Wenn Sie eine Frau aus der Region f\u00fcr eine Verabredung finden wollen und <a href=\"https:\/\/www.dirtyflirts.com\/de\/kostenlose-chat-seiten-fur-erwachsene\/\">sex chat seiten<\/a>, m\u00fcssen Sie sie zuerst online finden. Es gibt eine Vielzahl von Websites, auf denen Sie nach alleinstehenden Frauen suchen k\u00f6nnen. Zu diesen Websites geh\u00f6ren Match.com, eHarmony, PlentyofFish, OkCupid, Zoosk und andere.<\/p>\n<p>Online-Dating ist in letzter Zeit sehr beliebt geworden. So k\u00f6nnen Sie mit Tausenden von potenziellen Partnern in Kontakt treten, ohne Ihr Haus zu verlassen. Verpassen Sie also nicht die Gelegenheit, eine einheimische Frau zu finden.<\/p>\n<h2>Treffen Sie sich mit Freunden, die in der N\u00e4he wohnen<\/h2>\n<p>Dieser Tipp eignet sich am besten f\u00fcr Menschen, die in Gro\u00dfst\u00e4dten leben. Wenn Sie jedoch an einem kleineren Ort wohnen, k\u00f6nnen Sie vielleicht trotzdem ein M\u00e4dchen aus der Gegend f\u00fcr ein Date finden. Treffen Sie sich mit Freunden, die in der N\u00e4he wohnen. Das ist ein guter Anlass, um gemeinsam etwas zu unternehmen und \u00fcber Ihre Interessen zu sprechen.<\/p>\n<p>Es ist einfacher, <a href=\"http:\/\/elsuperbeasto.com\/de\/beste-apps-fuer-die-suche-nach-liebe\/\">ein Gespr\u00e4ch zu beginnen<\/a>, wenn man mit Freunden zusammen ist. Und wahrscheinlich triffst du auch ein paar nette Jungs!<\/p>\n<h2>Treten Sie Gruppen bei, die Sie interessieren<\/h2>\n<p>Treten Sie Gruppen bei, die Sie interessieren. Schlie\u00dfen Sie sich zum Beispiel einer Sportgruppe, einem Buchclub oder einer anderen Gruppe an, die Sie interessiert. Wenn Sie solchen Gruppen beitreten, lernen Sie eine ganze Reihe interessanter Menschen kennen. Und da sich die meisten dieser Gruppen auf ein Thema konzentrieren, das Ihnen am Herzen liegt, werden Sie sich wohler f\u00fchlen auf <a href=\"https:\/\/www.hookup-now.com\/de\/casual-sex-apps-fuer-iphone-ios-android-handys\/\">sexapps<\/a>, wenn Sie sich mit ihnen unterhalten als mit zuf\u00e4lligen Fremden.<\/p>\n<p>Au\u00dferdem haben Sie durch die Teilnahme an diesen Gruppen die M\u00f6glichkeit, Ihre Konversationsf\u00e4higkeiten zu \u00fcben. Sie lernen, wie Sie Fragen stellen, besser zuh\u00f6ren und selbstbewusst sprechen k\u00f6nnen.<\/p>\n<h2>FAQ<\/h2>\n<p>Wenn du diese <a href=\"http:\/\/elsuperbeasto.com\/de\/4-tipps-fuer-mehr-sicherheit-beim-online-dating\/\">drei Tipps<\/a> befolgst, wirst du eher fr\u00fcher als sp\u00e4ter ein M\u00e4dchen f\u00fcr ein Date finden.<\/p>\n<h3>Was bedeutet &#8222;ohne Verpflichtungen&#8220; bei der Partnersuche?<\/h3>\n<p>No Strings Attached bedeutet, dass Sie sich keine Sorgen machen m\u00fcssen, langfristige Verpflichtungen einzugehen. Wenn du dich mit jemandem zum Spa\u00df verabreden willst, dann nur zu! Wenn Sie sich jedoch ernsthaft mit jemandem verabreden wollen, sollten Sie bereit sein, sich zu binden. Wenn Sie vermeiden wollen, eine Beziehung einzugehen, in der sich beide Parteien verpflichtet f\u00fchlen, f\u00fcr immer zusammen zu sein, dann versuchen Sie es mit jemandem, der keine Erwartungen an die Dauer der Beziehung hat. Auf diese Weise m\u00fcssen Sie sich keine Sorgen machen, dass Sie sich trennen, wenn es nicht mehr klappt.<\/p>\n<h3>Kann aus einer unverbindlichen Beziehung Liebe werden?<\/h3>\n<p>Ja, es ist m\u00f6glich, dass aus <a href=\"https:\/\/www.onemightydrop.com\/de\/kostenlose-voyeur-cams\/\">voyeur cams live<\/a> einer unverbindlichen Beziehung Liebe wird. Es erfordert jedoch einige Anstrengungen von beiden Seiten. Der erste Schritt besteht darin, ehrlich zu sagen, was Sie wollen. Wenn Sie nicht wissen, was Sie wollen, dann werden Sie es erst herausfinden, wenn Sie es versuchen. Sobald Sie herausgefunden haben, was Sie wollen, m\u00fcssen Sie klar und ehrlich miteinander kommunizieren. Schlie\u00dflich m\u00fcssen Sie sich selbst zu erkennen geben und andere wissen lassen, wie Sie sich f\u00fchlen.<\/p>\n<h3>Was ist ein NSA Seitensprung?<\/h3>\n<p>Ein NSA Seitensprung ist, wenn jemand Sex mit einer anderen Person hat, mit der er nicht intim sein will. Dies geschieht in der Regel zwischen zwei Personen, die sich gut kennen, wie z. B. Kollegen, Familienmitglieder oder enge Freunde. Der Begriff wurde erstmals in den 1970er Jahren verwendet und bezieht sich auf die National Security Agency.<\/p>\n","protected":false},"excerpt":{"rendered":"<p>Hast du es satt, dich mit M\u00e4dchen aus der Ferne zu verabreden? M\u00f6chten Sie eine Freundin finden, die n\u00e4her an Ihrem Wohnort wohnt? In diesem Artikel geben wir Ihnen 3 Tipps, wie Sie ein einheimisches M\u00e4dchen f\u00fcr eine Verabredung finden&hellip; <a href=\"http:\/\/elsuperbeasto.com\/de\/wie-man-lokale-frauen-datet\/\" class=\"more-link\">Continue Reading <span class=\"meta-nav\">&rarr;<\/span><\/a><\/p>\n","protected":false},"author":1,"featured_media":159,"parent":0,"menu_order":0,"comment_status":"closed","ping_status":"closed","template":"","meta":[],"yoast_head":"<!-- This site is optimized with the Yoast SEO plugin v17.7.1 - https:\/\/yoast.com\/wordpress\/plugins\/seo\/ -->\n<title>Wie man lokale Frauen datet - Quick Hookup<\/title>\n<meta name=\"robots\" content=\"index, follow, max-snippet:-1, max-image-preview:large, max-video-preview:-1\" \/>\n<link rel=\"canonical\" href=\"http:\/\/elsuperbeasto.com\/de\/wie-man-lokale-frauen-datet\/\" \/>\n<meta property=\"og:locale\" content=\"de_DE\" \/>\n<meta property=\"og:type\" content=\"article\" \/>\n<meta property=\"og:title\" content=\"Wie man lokale Frauen datet - Quick Hookup\" \/>\n<meta property=\"og:description\" content=\"Hast du es satt, dich mit M\u00e4dchen aus der Ferne zu verabreden? M\u00f6chten Sie eine Freundin finden, die n\u00e4her an Ihrem Wohnort wohnt? In diesem Artikel geben wir Ihnen 3 Tipps, wie Sie ein einheimisches M\u00e4dchen f\u00fcr eine Verabredung finden&hellip; Continue Reading &rarr;\" \/>\n<meta property=\"og:url\" content=\"http:\/\/elsuperbeasto.com\/de\/wie-man-lokale-frauen-datet\/\" \/>\n<meta property=\"og:site_name\" content=\"Quick Hookup\" \/>\n<meta property=\"article:modified_time\" content=\"2022-09-08T12:49:50+00:00\" \/>\n<meta property=\"og:image\" content=\"http:\/\/elsuperbeasto.com\/wp-content\/uploads\/2022\/08\/sexy-time.jpeg\" \/>\n\t<meta property=\"og:image:width\" content=\"1001\" \/>\n\t<meta property=\"og:image:height\" content=\"1500\" \/>\n<meta name=\"twitter:card\" content=\"summary_large_image\" \/>\n<meta name=\"twitter:label1\" content=\"Gesch\u00e4tzte Lesezeit\" \/>\n\t<meta name=\"twitter:data1\" content=\"3\u00a0Minuten\" \/>\n<script type=\"application\/ld+json\" class=\"yoast-schema-graph\">{\"@context\":\"https:\/\/schema.org\",\"@graph\":[{\"@type\":\"WebSite\",\"@id\":\"https:\/\/elsuperbeasto.com\/#website\",\"url\":\"https:\/\/elsuperbeasto.com\/\",\"name\":\"Quick Hookup\",\"description\":\"Your Guide To Love\",\"potentialAction\":[{\"@type\":\"SearchAction\",\"target\":{\"@type\":\"EntryPoint\",\"urlTemplate\":\"https:\/\/elsuperbeasto.com\/?s={search_term_string}\"},\"query-input\":\"required name=search_term_string\"}],\"inLanguage\":\"de\"},{\"@type\":\"ImageObject\",\"@id\":\"http:\/\/elsuperbeasto.com\/de\/wie-man-lokale-frauen-datet\/#primaryimage\",\"inLanguage\":\"de\",\"url\":\"http:\/\/elsuperbeasto.com\/wp-content\/uploads\/2022\/08\/sexy-time.jpeg\",\"contentUrl\":\"http:\/\/elsuperbeasto.com\/wp-content\/uploads\/2022\/08\/sexy-time.jpeg\",\"width\":1001,\"height\":1500},{\"@type\":\"WebPage\",\"@id\":\"http:\/\/elsuperbeasto.com\/de\/wie-man-lokale-frauen-datet\/#webpage\",\"url\":\"http:\/\/elsuperbeasto.com\/de\/wie-man-lokale-frauen-datet\/\",\"name\":\"Wie man lokale Frauen datet - Quick Hookup\",\"isPartOf\":{\"@id\":\"https:\/\/elsuperbeasto.com\/#website\"},\"primaryImageOfPage\":{\"@id\":\"http:\/\/elsuperbeasto.com\/de\/wie-man-lokale-frauen-datet\/#primaryimage\"},\"datePublished\":\"2022-08-18T12:22:34+00:00\",\"dateModified\":\"2022-09-08T12:49:50+00:00\",\"breadcrumb\":{\"@id\":\"http:\/\/elsuperbeasto.com\/de\/wie-man-lokale-frauen-datet\/#breadcrumb\"},\"inLanguage\":\"de\",\"potentialAction\":[{\"@type\":\"ReadAction\",\"target\":[\"http:\/\/elsuperbeasto.com\/de\/wie-man-lokale-frauen-datet\/\"]}]},{\"@type\":\"BreadcrumbList\",\"@id\":\"http:\/\/elsuperbeasto.com\/de\/wie-man-lokale-frauen-datet\/#breadcrumb\",\"itemListElement\":[{\"@type\":\"ListItem\",\"position\":1,\"name\":\"Home\",\"item\":\"https:\/\/elsuperbeasto.com\/de\/\"},{\"@type\":\"ListItem\",\"position\":2,\"name\":\"Wie man lokale Frauen datet\"}]}]}<\/script>\n<!-- \/ Yoast SEO plugin. -->","yoast_head_json":{"title":"Wie man lokale Frauen datet - Quick Hookup","robots":{"index":"index","follow":"follow","max-snippet":"max-snippet:-1","max-image-preview":"max-image-preview:large","max-video-preview":"max-video-preview:-1"},"canonical":"http:\/\/elsuperbeasto.com\/de\/wie-man-lokale-frauen-datet\/","og_locale":"de_DE","og_type":"article","og_title":"Wie man lokale Frauen datet - Quick Hookup","og_description":"Hast du es satt, dich mit M\u00e4dchen aus der Ferne zu verabreden? M\u00f6chten Sie eine Freundin finden, die n\u00e4her an Ihrem Wohnort wohnt? In diesem Artikel geben wir Ihnen 3 Tipps, wie Sie ein einheimisches M\u00e4dchen f\u00fcr eine Verabredung finden&hellip; Continue Reading &rarr;","og_url":"http:\/\/elsuperbeasto.com\/de\/wie-man-lokale-frauen-datet\/","og_site_name":"Quick Hookup","article_modified_time":"2022-09-08T12:49:50+00:00","og_image":[{"width":1001,"height":1500,"url":"http:\/\/elsuperbeasto.com\/wp-content\/uploads\/2022\/08\/sexy-time.jpeg","type":"image\/jpeg"}],"twitter_card":"summary_large_image","twitter_misc":{"Gesch\u00e4tzte Lesezeit":"3\u00a0Minuten"},"schema":{"@context":"https:\/\/schema.org","@graph":[{"@type":"WebSite","@id":"https:\/\/elsuperbeasto.com\/#website","url":"https:\/\/elsuperbeasto.com\/","name":"Quick Hookup","description":"Your Guide To Love","potentialAction":[{"@type":"SearchAction","target":{"@type":"EntryPoint","urlTemplate":"https:\/\/elsuperbeasto.com\/?s={search_term_string}"},"query-input":"required name=search_term_string"}],"inLanguage":"de"},{"@type":"ImageObject","@id":"http:\/\/elsuperbeasto.com\/de\/wie-man-lokale-frauen-datet\/#primaryimage","inLanguage":"de","url":"http:\/\/elsuperbeasto.com\/wp-content\/uploads\/2022\/08\/sexy-time.jpeg","contentUrl":"http:\/\/elsuperbeasto.com\/wp-content\/uploads\/2022\/08\/sexy-time.jpeg","width":1001,"height":1500},{"@type":"WebPage","@id":"http:\/\/elsuperbeasto.com\/de\/wie-man-lokale-frauen-datet\/#webpage","url":"http:\/\/elsuperbeasto.com\/de\/wie-man-lokale-frauen-datet\/","name":"Wie man lokale Frauen datet - Quick Hookup","isPartOf":{"@id":"https:\/\/elsuperbeasto.com\/#website"},"primaryImageOfPage":{"@id":"http:\/\/elsuperbeasto.com\/de\/wie-man-lokale-frauen-datet\/#primaryimage"},"datePublished":"2022-08-18T12:22:34+00:00","dateModified":"2022-09-08T12:49:50+00:00","breadcrumb":{"@id":"http:\/\/elsuperbeasto.com\/de\/wie-man-lokale-frauen-datet\/#breadcrumb"},"inLanguage":"de","potentialAction":[{"@type":"ReadAction","target":["http:\/\/elsuperbeasto.com\/de\/wie-man-lokale-frauen-datet\/"]}]},{"@type":"BreadcrumbList","@id":"http:\/\/elsuperbeasto.com\/de\/wie-man-lokale-frauen-datet\/#breadcrumb","itemListElement":[{"@type":"ListItem","position":1,"name":"Home","item":"https:\/\/elsuperbeasto.com\/de\/"},{"@type":"ListItem","position":2,"name":"Wie man lokale Frauen datet"}]}]}},"_links":{"self":[{"href":"http:\/\/elsuperbeasto.com\/de\/wp-json\/wp\/v2\/pages\/319"}],"collection":[{"href":"http:\/\/elsuperbeasto.com\/de\/wp-json\/wp\/v2\/pages"}],"about":[{"href":"http:\/\/elsuperbeasto.com\/de\/wp-json\/wp\/v2\/types\/page"}],"author":[{"embeddable":true,"href":"http:\/\/elsuperbeasto.com\/de\/wp-json\/wp\/v2\/users\/1"}],"replies":[{"embeddable":true,"href":"http:\/\/elsuperbeasto.com\/de\/wp-json\/wp\/v2\/comments?post=319"}],"version-history":[{"count":2,"href":"http:\/\/elsuperbeasto.com\/de\/wp-json\/wp\/v2\/pages\/319\/revisions"}],"predecessor-version":[{"id":392,"href":"http:\/\/elsuperbeasto.com\/de\/wp-json\/wp\/v2\/pages\/319\/revisions\/392"}],"wp:featuredmedia":[{"embeddable":true,"href":"http:\/\/elsuperbeasto.com\/de\/wp-json\/wp\/v2\/media\/159"}],"wp:attachment":[{"href":"http:\/\/elsuperbeasto.com\/de\/wp-json\/wp\/v2\/media?parent=319"}],"curies":[{"name":"wp","href":"https:\/\/api.w.org\/{rel}","templated":true}]}}