{"id":306,"date":"2022-08-18T13:39:47","date_gmt":"2022-08-18T12:39:47","guid":{"rendered":"http:\/\/elsuperbeasto.com\/oma-dating-apps\/"},"modified":"2022-09-08T13:55:46","modified_gmt":"2022-09-08T12:55:46","slug":"oma-dating-apps","status":"publish","type":"page","link":"http:\/\/elsuperbeasto.com\/de\/oma-dating-apps\/","title":{"rendered":"Oma Dating Apps"},"content":{"rendered":"<p>Granny-Dating-Sites bieten \u00e4lteren Frauen die M\u00f6glichkeit, <a href=\"http:\/\/elsuperbeasto.com\/de\/eine-reife-milf-daten\/\">j\u00fcngere M\u00e4nner kennenzulernen, die sich mit ihnen verabreden m\u00f6chten<\/a>. Die Website gibt es seit 2006 und hat derzeit fast 1 Million Mitglieder aus der ganzen Welt. Es fallen keine Geb\u00fchren an, und die Nutzer k\u00f6nnen Profile nach Alter, Wohnort, Interessen und sexuellen Vorlieben durchsuchen.<\/p>\n<p>Wenn du eine einheimische Oma ficken willst, dann solltest du zu ihr nach Hause gehen. Sie wird sehr aufgeregt sein <a href=\"http:\/\/www.adult-sex-meet.com\/de\/kostenlose-sexseiten-keine-kreditkarte\/\">kostenlose sexseiten<\/a>, wenn sie dich an ihrer T\u00fcr sieht. Bitten Sie dann um Erlaubnis, ihr Haus betreten zu d\u00fcrfen. Wenn sie dir ihr OK gibt, solltest du anfangen, sie auf ihr ganzes Gesicht, ihren Hals, ihre Br\u00fcste und ihre Muschi zu k\u00fcssen. Danach sollten Sie Ihren Schwanz langsam in ihre Vagina einf\u00fchren, bis Sie in ihr ejakulieren.<\/p>\n<h2>Match.com<\/h2>\n<p>Match.com ist die gr\u00f6\u00dfte Dating-Website in Nordamerika. Mit mehr als 10 Millionen registrierten Nutzern bietet Match.com eine breite Palette von Dienstleistungen und Ressourcen, die den Nutzern helfen, die Liebe zu finden. Match.com erm\u00f6glicht es seinen Nutzern, nach potenziellen Partnern auf der Grundlage von Wohnort, gemeinsamen Interessen, Hobbys, Beruf, Religion und Bildung zu suchen. Die Nutzer k\u00f6nnen auch Pr\u00e4ferenzen hinsichtlich Geschlecht, ethnischer Zugeh\u00f6rigkeit, Beziehungsstatus und sexueller Orientierung festlegen.<\/p>\n<p>Die Nutzer k\u00f6nnen Profile durchsuchen, Winks versenden, Fotos ansehen und an Live-Chats per Webcam teilnehmen. Die Mitglieder k\u00f6nnen auch E-Mails und Sofortnachrichten austauschen, virtuelle Treffen ansetzen und Telefonanrufe anfordern. Die Teilnahme ist kostenlos und bietet eine robuste mobile App f\u00fcr iPhone, Android, BlackBerry, Windows Phone und iPad.<\/p>\n<h2>eHarmony<\/h2>\n<p>eHarmony ist eine weitere f\u00fchrende Dating-Website, die sich ausschlie\u00dflich an reife Erwachsene wendet. Im Gegensatz zu herk\u00f6mmlichen Partnervermittlungsdiensten erhebt eHarmony von <a href=\"https:\/\/www.free-adult-cams.com\/de\/\">kostenlose cams<\/a> seinen Nutzern keine Geb\u00fchren. Stattdessen st\u00fctzt es sich ausschlie\u00dflich auf Werbeeinnahmen, die durch Mitgliedsbeitr\u00e4ge generiert werden. Das Unternehmen behauptet, dass es ein wissenschaftliches Matching-System verwendet, um Nutzer auf der Grundlage von Kompatibilit\u00e4tsfaktoren wie Pers\u00f6nlichkeitsmerkmalen, Werten und Lebensstil zusammenzubringen. Mitglieder k\u00f6nnen ein Profil erstellen, das ihre pers\u00f6nlichen Eigenschaften, Vorlieben, Abneigungen und Gewohnheiten beschreibt. Anschlie\u00dfend k\u00f6nnen sie die erweiterte Suchmaschine der Website nutzen, um potenzielle Treffer nach bestimmten Kriterien einzugrenzen. Sobald ein Nutzer einen geeigneten Kandidaten gefunden hat, kann er oder sie Kontakt aufnehmen und E-Mails und Sofortnachrichten austauschen. Beide Parteien k\u00f6nnen entscheiden, ob sie ein pers\u00f6nliches Gespr\u00e4ch f\u00fchren m\u00f6chten.<\/p>\n<h2>POF<\/h2>\n<p>PlentyofFish ist eine kostenlose Online-Dating-Website, die sich in erster Linie an reife Erwachsene wendet. Die Website ist daf\u00fcr bekannt, dass sie sehr integrativ ist und verschiedene Arten von Menschen akzeptiert. Im Gegensatz zu anderen Dating-Websites f\u00fcr Erwachsene m\u00fcssen die Nutzer keine Abonnementgeb\u00fchr zahlen. Stattdessen generiert sie Einnahmen durch Werbung. Es bietet verschiedene M\u00f6glichkeiten der Kommunikation, darunter E-Mail, Instant Messaging, Voice-Chat und Video-Chat. Die mobilen Anwendungen sind f\u00fcr iOS\/Android verf\u00fcgbar.<\/p>\n<h2>OkCupid<\/h2>\n<p>OkCupid ist ein kostenloser Online-Dating-Service, der sich haupts\u00e4chlich darauf konzentriert, kompatible Partner f\u00fcr zwangloses Dating zu finden. Die Website verzeichnet mehr als 12 Millionen Besucher pro Monat und macht es den Nutzern leicht, Tausende von Profilen zu durchsuchen und mit anderen per E-Mail, Textnachrichten und Videochat zu kommunizieren.<\/p>\n<p>Bei OkCupid k\u00f6nnen die Nutzer Bilder hochladen, etwas \u00fcber sich selbst schreiben und beschreiben, was sie sich von einem Partner w\u00fcnschen. Andere Nutzer k\u00f6nnen auf ihre Beitr\u00e4ge antworten und sehen, ob sie zu ihrem Idealtyp passen. Die Teilnahme ist kostenlos und erfordert keine Registrierung. Au\u00dferdem bietet es eine robuste mobile App, die auf mehreren <a href=\"https:\/\/www.fuck-buddies.net\/de\/voellig-kostenlose-sexseiten\/\">kostenlose sexseiten<\/a> Plattformen funktioniert.<\/p>\n<h2>Einen Cougar f\u00fcr Sie finden<\/h2>\n<p>Cougars und j\u00fcngere M\u00e4nner am\u00fcsieren sich auf dieser Dating-App. Die App verf\u00fcgt \u00fcber zahlreiche Funktionen, die den Nutzern helfen, Kontakte zu kn\u00fcpfen. Sie k\u00f6nnen zum Beispiel die Momente und Beitr\u00e4ge Ihrer Freunde sehen. Sie k\u00f6nnen auch Nachrichten versenden und Fotos austauschen. Und es gibt noch viele andere M\u00f6glichkeiten. Die meisten M\u00e4nner auf dieser Dating-App sind jedoch \u00e4lter als Sie.<\/p>\n<p>Du solltest jederzeit bereit sein, dich mit deinem Oma-Sexpartner f\u00fcr zwanglosen Spa\u00df zu treffen.<\/p>\n","protected":false},"excerpt":{"rendered":"<p>Granny-Dating-Sites bieten \u00e4lteren Frauen die M\u00f6glichkeit, j\u00fcngere M\u00e4nner kennenzulernen, die sich mit ihnen verabreden m\u00f6chten. Die Website gibt es seit 2006 und hat derzeit fast 1 Million Mitglieder aus der ganzen Welt. Es fallen keine Geb\u00fchren an, und die Nutzer&hellip; <a href=\"http:\/\/elsuperbeasto.com\/de\/oma-dating-apps\/\" class=\"more-link\">Continue Reading <span class=\"meta-nav\">&rarr;<\/span><\/a><\/p>\n","protected":false},"author":1,"featured_media":229,"parent":0,"menu_order":0,"comment_status":"closed","ping_status":"closed","template":"","meta":[],"yoast_head":"<!-- This site is optimized with the Yoast SEO plugin v17.7.1 - https:\/\/yoast.com\/wordpress\/plugins\/seo\/ -->\n<title>Oma Dating Apps - Quick Hookup<\/title>\n<meta name=\"robots\" content=\"index, follow, max-snippet:-1, max-image-preview:large, max-video-preview:-1\" \/>\n<link rel=\"canonical\" href=\"http:\/\/elsuperbeasto.com\/de\/oma-dating-apps\/\" \/>\n<meta property=\"og:locale\" content=\"de_DE\" \/>\n<meta property=\"og:type\" content=\"article\" \/>\n<meta property=\"og:title\" content=\"Oma Dating Apps - Quick Hookup\" \/>\n<meta property=\"og:description\" content=\"Granny-Dating-Sites bieten \u00e4lteren Frauen die M\u00f6glichkeit, j\u00fcngere M\u00e4nner kennenzulernen, die sich mit ihnen verabreden m\u00f6chten. Die Website gibt es seit 2006 und hat derzeit fast 1 Million Mitglieder aus der ganzen Welt. Es fallen keine Geb\u00fchren an, und die Nutzer&hellip; Continue Reading &rarr;\" \/>\n<meta property=\"og:url\" content=\"http:\/\/elsuperbeasto.com\/de\/oma-dating-apps\/\" \/>\n<meta property=\"og:site_name\" content=\"Quick Hookup\" \/>\n<meta property=\"article:modified_time\" content=\"2022-09-08T12:55:46+00:00\" \/>\n<meta name=\"twitter:card\" content=\"summary_large_image\" \/>\n<meta name=\"twitter:image\" content=\"http:\/\/elsuperbeasto.com\/wp-content\/uploads\/2022\/08\/find-sex-on-apps.webp\" \/>\n<meta name=\"twitter:label1\" content=\"Gesch\u00e4tzte Lesezeit\" \/>\n\t<meta name=\"twitter:data1\" content=\"3\u00a0Minuten\" \/>\n<script type=\"application\/ld+json\" class=\"yoast-schema-graph\">{\"@context\":\"https:\/\/schema.org\",\"@graph\":[{\"@type\":\"WebSite\",\"@id\":\"https:\/\/elsuperbeasto.com\/#website\",\"url\":\"https:\/\/elsuperbeasto.com\/\",\"name\":\"Quick Hookup\",\"description\":\"Your Guide To Love\",\"potentialAction\":[{\"@type\":\"SearchAction\",\"target\":{\"@type\":\"EntryPoint\",\"urlTemplate\":\"https:\/\/elsuperbeasto.com\/?s={search_term_string}\"},\"query-input\":\"required name=search_term_string\"}],\"inLanguage\":\"de\"},{\"@type\":\"ImageObject\",\"@id\":\"http:\/\/elsuperbeasto.com\/de\/oma-dating-apps\/#primaryimage\",\"inLanguage\":\"de\",\"url\":\"http:\/\/elsuperbeasto.com\/wp-content\/uploads\/2022\/08\/find-sex-on-apps.webp\",\"contentUrl\":\"http:\/\/elsuperbeasto.com\/wp-content\/uploads\/2022\/08\/find-sex-on-apps.webp\",\"width\":1125,\"height\":750},{\"@type\":\"WebPage\",\"@id\":\"http:\/\/elsuperbeasto.com\/de\/oma-dating-apps\/#webpage\",\"url\":\"http:\/\/elsuperbeasto.com\/de\/oma-dating-apps\/\",\"name\":\"Oma Dating Apps - Quick Hookup\",\"isPartOf\":{\"@id\":\"https:\/\/elsuperbeasto.com\/#website\"},\"primaryImageOfPage\":{\"@id\":\"http:\/\/elsuperbeasto.com\/de\/oma-dating-apps\/#primaryimage\"},\"datePublished\":\"2022-08-18T12:39:47+00:00\",\"dateModified\":\"2022-09-08T12:55:46+00:00\",\"breadcrumb\":{\"@id\":\"http:\/\/elsuperbeasto.com\/de\/oma-dating-apps\/#breadcrumb\"},\"inLanguage\":\"de\",\"potentialAction\":[{\"@type\":\"ReadAction\",\"target\":[\"http:\/\/elsuperbeasto.com\/de\/oma-dating-apps\/\"]}]},{\"@type\":\"BreadcrumbList\",\"@id\":\"http:\/\/elsuperbeasto.com\/de\/oma-dating-apps\/#breadcrumb\",\"itemListElement\":[{\"@type\":\"ListItem\",\"position\":1,\"name\":\"Home\",\"item\":\"https:\/\/elsuperbeasto.com\/de\/\"},{\"@type\":\"ListItem\",\"position\":2,\"name\":\"Oma Dating Apps\"}]}]}<\/script>\n<!-- \/ Yoast SEO plugin. -->","yoast_head_json":{"title":"Oma Dating Apps - Quick Hookup","robots":{"index":"index","follow":"follow","max-snippet":"max-snippet:-1","max-image-preview":"max-image-preview:large","max-video-preview":"max-video-preview:-1"},"canonical":"http:\/\/elsuperbeasto.com\/de\/oma-dating-apps\/","og_locale":"de_DE","og_type":"article","og_title":"Oma Dating Apps - Quick Hookup","og_description":"Granny-Dating-Sites bieten \u00e4lteren Frauen die M\u00f6glichkeit, j\u00fcngere M\u00e4nner kennenzulernen, die sich mit ihnen verabreden m\u00f6chten. Die Website gibt es seit 2006 und hat derzeit fast 1 Million Mitglieder aus der ganzen Welt. Es fallen keine Geb\u00fchren an, und die Nutzer&hellip; Continue Reading &rarr;","og_url":"http:\/\/elsuperbeasto.com\/de\/oma-dating-apps\/","og_site_name":"Quick Hookup","article_modified_time":"2022-09-08T12:55:46+00:00","twitter_card":"summary_large_image","twitter_image":"http:\/\/elsuperbeasto.com\/wp-content\/uploads\/2022\/08\/find-sex-on-apps.webp","twitter_misc":{"Gesch\u00e4tzte Lesezeit":"3\u00a0Minuten"},"schema":{"@context":"https:\/\/schema.org","@graph":[{"@type":"WebSite","@id":"https:\/\/elsuperbeasto.com\/#website","url":"https:\/\/elsuperbeasto.com\/","name":"Quick Hookup","description":"Your Guide To Love","potentialAction":[{"@type":"SearchAction","target":{"@type":"EntryPoint","urlTemplate":"https:\/\/elsuperbeasto.com\/?s={search_term_string}"},"query-input":"required name=search_term_string"}],"inLanguage":"de"},{"@type":"ImageObject","@id":"http:\/\/elsuperbeasto.com\/de\/oma-dating-apps\/#primaryimage","inLanguage":"de","url":"http:\/\/elsuperbeasto.com\/wp-content\/uploads\/2022\/08\/find-sex-on-apps.webp","contentUrl":"http:\/\/elsuperbeasto.com\/wp-content\/uploads\/2022\/08\/find-sex-on-apps.webp","width":1125,"height":750},{"@type":"WebPage","@id":"http:\/\/elsuperbeasto.com\/de\/oma-dating-apps\/#webpage","url":"http:\/\/elsuperbeasto.com\/de\/oma-dating-apps\/","name":"Oma Dating Apps - Quick Hookup","isPartOf":{"@id":"https:\/\/elsuperbeasto.com\/#website"},"primaryImageOfPage":{"@id":"http:\/\/elsuperbeasto.com\/de\/oma-dating-apps\/#primaryimage"},"datePublished":"2022-08-18T12:39:47+00:00","dateModified":"2022-09-08T12:55:46+00:00","breadcrumb":{"@id":"http:\/\/elsuperbeasto.com\/de\/oma-dating-apps\/#breadcrumb"},"inLanguage":"de","potentialAction":[{"@type":"ReadAction","target":["http:\/\/elsuperbeasto.com\/de\/oma-dating-apps\/"]}]},{"@type":"BreadcrumbList","@id":"http:\/\/elsuperbeasto.com\/de\/oma-dating-apps\/#breadcrumb","itemListElement":[{"@type":"ListItem","position":1,"name":"Home","item":"https:\/\/elsuperbeasto.com\/de\/"},{"@type":"ListItem","position":2,"name":"Oma Dating Apps"}]}]}},"_links":{"self":[{"href":"http:\/\/elsuperbeasto.com\/de\/wp-json\/wp\/v2\/pages\/306"}],"collection":[{"href":"http:\/\/elsuperbeasto.com\/de\/wp-json\/wp\/v2\/pages"}],"about":[{"href":"http:\/\/elsuperbeasto.com\/de\/wp-json\/wp\/v2\/types\/page"}],"author":[{"embeddable":true,"href":"http:\/\/elsuperbeasto.com\/de\/wp-json\/wp\/v2\/users\/1"}],"replies":[{"embeddable":true,"href":"http:\/\/elsuperbeasto.com\/de\/wp-json\/wp\/v2\/comments?post=306"}],"version-history":[{"count":1,"href":"http:\/\/elsuperbeasto.com\/de\/wp-json\/wp\/v2\/pages\/306\/revisions"}],"predecessor-version":[{"id":397,"href":"http:\/\/elsuperbeasto.com\/de\/wp-json\/wp\/v2\/pages\/306\/revisions\/397"}],"wp:featuredmedia":[{"embeddable":true,"href":"http:\/\/elsuperbeasto.com\/de\/wp-json\/wp\/v2\/media\/229"}],"wp:attachment":[{"href":"http:\/\/elsuperbeasto.com\/de\/wp-json\/wp\/v2\/media?parent=306"}],"curies":[{"name":"wp","href":"https:\/\/api.w.org\/{rel}","templated":true}]}}