{"id":295,"date":"2022-08-18T13:39:07","date_gmt":"2022-08-18T12:39:07","guid":{"rendered":"http:\/\/elsuperbeasto.com\/eine-reife-milf-daten\/"},"modified":"2022-09-08T13:54:35","modified_gmt":"2022-09-08T12:54:35","slug":"eine-reife-milf-daten","status":"publish","type":"page","link":"http:\/\/elsuperbeasto.com\/de\/eine-reife-milf-daten\/","title":{"rendered":"Eine reife Milf daten?"},"content":{"rendered":"<p>Reife Singles sind auf der Suche nach Liebe und Romantik. Wenn Sie sie finden wollen, m\u00fcssen Sie geduldig sein und warten, bis sie zu Ihnen kommen. Die beste M\u00f6glichkeit, reife Singles kennenzulernen, sind Dating-Websites wie Match.com, eHarmony, OkCupid usw. Es gibt mehrere Orte, an denen Sie \u00e4ltere Frauen auf der Suche nach Sex finden k\u00f6nnen. Der beste Ort f\u00fcr den Anfang ist Craigslist.com und <a href=\"https:\/\/www.matchmaker-sites.com\/de\/blowjob-in-meiner-naehe\/\">blowjob in meiner n\u00e4he<\/a>. Auf dieser Website werden t\u00e4glich Tausende von Anzeigen aus der ganzen Welt ver\u00f6ffentlicht. Eine weitere gute M\u00f6glichkeit ist Backpage.com. Auf dieser Website finden Sie auch Millionen von Eintr\u00e4gen f\u00fcr Begleitpersonen und Dienstleistungen f\u00fcr Erwachsene.<\/p>\n<p>Es wird erwartet, dass diese Zahl weiter ansteigt, da immer mehr reife Erwachsene mit der Technologie vertraut werden und sich sicher f\u00fchlen, sich online auszudr\u00fccken. Aus diesem Grund gibt es im Internet viele Dating-Seiten f\u00fcr Erwachsene. Auf diesen Websites k\u00f6nnen sich reife Erwachsene treffen und mit anderen Mitgliedern auf der Grundlage gemeinsamer Interessen interagieren. Neben der M\u00f6glichkeit, neue Leute kennenzulernen, bieten diese Websites auch Zugang zu exklusiven Inhalten und Tools, die die Kommunikation verbessern und zu dauerhaften Beziehungen f\u00fchren sollen. W\u00e4hrend sich die Dating-Websites f\u00fcr Erwachsene in Bezug auf die Mitgliedsgeb\u00fchren, die Benutzeroberfl\u00e4che und die allgemeine Qualit\u00e4t stark unterscheiden, sind die folgenden einige der besten Dating-Websites f\u00fcr Erwachsene, die derzeit im Internet verf\u00fcgbar sind.<\/p>\n<h2>Unsere Top-Auswahl:<\/h2>\n<p>Es gibt <a href=\"http:\/\/elsuperbeasto.com\/de\/wie-funktionieren-nsa-hookups\/\">mehrere Websites<\/a>, die Senioren-Dating-Sites anbieten, wie Senior Matchmaker, Senior People Meet und SeniorsMeet. Auf diesen Websites k\u00f6nnen die Nutzer nach Alter, Wohnort, Interessen und Hobbys nach anderen Mitgliedern suchen.<\/p>\n<p>Wir m\u00f6chten Ihnen jedoch einige Alternativen zu den beliebten Angeboten vorstellen.<\/p>\n<h3>YourTango<\/h3>\n<p>YourTango ist eine kostenlose Online-Dating-Plattform, die sich vor allem an junge Erwachsene wendet. Das bedeutet, dass YourTango sich darauf konzentriert, Singles in ihren 20ern und fr\u00fchen 30ern zu verbinden.<\/p>\n<p>\u00c4hnlich wie bei anderen Dating-Websites f\u00fcr Erwachsene ist f\u00fcr die Registrierung kein kostenpflichtiges Abonnement erforderlich. Allerdings gibt es eine kleine Auswahl an Premium-Funktionen, die 9,99 $ pro Monat kosten. Der Schwerpunkt liegt auf der Schaffung dauerhafter Verbindungen zwischen den Nutzern. Zu diesem Zweck bietet sie ein hochgradig interaktives Erlebnis <a href=\"http:\/\/www.jerkingresources.com\/de\/pornospiele-fuer-ios\/\">deutsche pornospiele<\/a>, bei dem sich die Nutzer frei \u00e4u\u00dfern k\u00f6nnen.<\/p>\n<p>Nutzer k\u00f6nnen Artikel, Videos und Bilder auf ihren Profilseiten ver\u00f6ffentlichen. Sie k\u00f6nnen auch Kommentare zu den Beitr\u00e4gen anderer Mitglieder hinterlassen. Sowohl f\u00fcr iOS- als auch f\u00fcr Android-Ger\u00e4te verf\u00fcgbar.<\/p>\n<h3>Zoosk<\/h3>\n<p>Zoosk ist eine kostenlose Online-Dating-Website, die sich vor allem an alleinstehende Berufst\u00e4tige richtet. Das bedeutet, dass Zoosk auf reife Erwachsene ausgerichtet ist, die sich in ihrer eigenen Branche verabreden wollen. \u00c4hnlich wie bei anderen Partnervermittlungsseiten f\u00fcr Erwachsene ist f\u00fcr die Registrierung keine Zahlung erforderlich. Im Gegensatz zu anderen Dating-Seiten f\u00fcr Erwachsene verlangt Zoosk jedoch eine monatliche Geb\u00fchr f\u00fcr Premium-Konten. Das Basiskonto umfasst unbegrenzte Messaging- und Browsing-Funktionen. Premium-Mitgliedschaften bieten Zugang zu zus\u00e4tzlichen Funktionen wie erweiterten Such- und Anzeigeoptionen.<\/p>\n<h3>ChristianMingle<\/h3>\n<p>ChristianMingle ist eine f\u00fchrende Dating-Website f\u00fcr Erwachsene, die sich ausschlie\u00dflich an Christen wendet. Auch wenn dies auf den ersten Blick einschr\u00e4nkend erscheinen mag, ermutigt diese App die Nutzer, ihren Horizont \u00fcber ihre religi\u00f6sen \u00dcberzeugungen hinaus zu erweitern. Die Teilnahme ist v\u00f6llig kostenlos und bietet den Nutzern eine umfassende Liste von Funktionen. So k\u00f6nnen die Nutzer beispielsweise ausf\u00fchrliche Biografien lesen, Fotos ansehen, Favoriten hinzuf\u00fcgen und Mitglieder bewerten.<\/p>\n<p>Sie k\u00f6nnen auch Fragen stellen und andere Mitglieder um Rat bitten <a href=\"https:\/\/www.gay-sex-sites.com\/de\/sex-treffen\/\">gaysex treffen<\/a>. Dar\u00fcber hinaus bietet es eine private Nachrichtenfunktion, mit der die Nutzer Themen privat diskutieren k\u00f6nnen, ohne Angst haben zu m\u00fcssen, beurteilt zu werden. Sie k\u00f6nnen die Angebote eines Premium-Abonnements ausprobieren, das Zugang zu exklusiven Inhalten und Funktionen bietet.<\/p>\n<h3>Streichholz<\/h3>\n<p>Obwohl Match.com die \u00e4lteste Dating-Website f\u00fcr Erwachsene auf dem Markt ist, ist sie immer noch eine der beliebtesten. Diese Website wurde 1995 gegr\u00fcndet und hat heute weltweit \u00fcber 11 Millionen aktive Mitglieder.<\/p>\n<p>Sie gilt als eine der besten Partnervermittlungsseiten f\u00fcr Erwachsene, weil sie ihren Nutzern eine Vielzahl von Funktionen und Dienstleistungen bietet. So k\u00f6nnen die Nutzer beispielsweise nach Alter, Geschlecht, Lebensstil, Beruf, Religion und ethnischer Zugeh\u00f6rigkeit nach potenziellen Partnern suchen. Dar\u00fcber hinaus haben die Mitglieder die M\u00f6glichkeit, Fotos und Videos zu teilen, personalisierte Empfehlungen zu erhalten und sich \u00fcber soziale Netzwerke zu vernetzen.<\/p>\n<h2>Schlussfolgerung<\/h2>\n<p>Verbringen Sie Ihre Zeit nicht mit der Suche nach MILFs, wenn Sie nicht bereit sind, ihnen alles zu geben, was sie wollen. Es gibt immer jemanden, der sie wie die Sexg\u00f6ttinnen behandeln will, die sie wirklich sind.<\/p>\n","protected":false},"excerpt":{"rendered":"<p>Reife Singles sind auf der Suche nach Liebe und Romantik. Wenn Sie sie finden wollen, m\u00fcssen Sie geduldig sein und warten, bis sie zu Ihnen kommen. Die beste M\u00f6glichkeit, reife Singles kennenzulernen, sind Dating-Websites wie Match.com, eHarmony, OkCupid usw. Es&hellip; <a href=\"http:\/\/elsuperbeasto.com\/de\/eine-reife-milf-daten\/\" class=\"more-link\">Continue Reading <span class=\"meta-nav\">&rarr;<\/span><\/a><\/p>\n","protected":false},"author":1,"featured_media":201,"parent":0,"menu_order":0,"comment_status":"closed","ping_status":"closed","template":"","meta":[],"yoast_head":"<!-- This site is optimized with the Yoast SEO plugin v17.7.1 - https:\/\/yoast.com\/wordpress\/plugins\/seo\/ -->\n<title>Eine reife Milf daten? - Quick Hookup<\/title>\n<meta name=\"robots\" content=\"index, follow, max-snippet:-1, max-image-preview:large, max-video-preview:-1\" \/>\n<link rel=\"canonical\" href=\"http:\/\/elsuperbeasto.com\/de\/eine-reife-milf-daten\/\" \/>\n<meta property=\"og:locale\" content=\"de_DE\" \/>\n<meta property=\"og:type\" content=\"article\" \/>\n<meta property=\"og:title\" content=\"Eine reife Milf daten? - Quick Hookup\" \/>\n<meta property=\"og:description\" content=\"Reife Singles sind auf der Suche nach Liebe und Romantik. Wenn Sie sie finden wollen, m\u00fcssen Sie geduldig sein und warten, bis sie zu Ihnen kommen. Die beste M\u00f6glichkeit, reife Singles kennenzulernen, sind Dating-Websites wie Match.com, eHarmony, OkCupid usw. Es&hellip; Continue Reading &rarr;\" \/>\n<meta property=\"og:url\" content=\"http:\/\/elsuperbeasto.com\/de\/eine-reife-milf-daten\/\" \/>\n<meta property=\"og:site_name\" content=\"Quick Hookup\" \/>\n<meta property=\"article:modified_time\" content=\"2022-09-08T12:54:35+00:00\" \/>\n<meta property=\"og:image\" content=\"https:\/\/elsuperbeasto.com\/wp-content\/uploads\/2022\/08\/be-mine.jpeg\" \/>\n\t<meta property=\"og:image:width\" content=\"2250\" \/>\n\t<meta property=\"og:image:height\" content=\"1500\" \/>\n<meta name=\"twitter:card\" content=\"summary_large_image\" \/>\n<meta name=\"twitter:label1\" content=\"Gesch\u00e4tzte Lesezeit\" \/>\n\t<meta name=\"twitter:data1\" content=\"4\u00a0Minuten\" \/>\n<script type=\"application\/ld+json\" class=\"yoast-schema-graph\">{\"@context\":\"https:\/\/schema.org\",\"@graph\":[{\"@type\":\"WebSite\",\"@id\":\"https:\/\/elsuperbeasto.com\/#website\",\"url\":\"https:\/\/elsuperbeasto.com\/\",\"name\":\"Quick Hookup\",\"description\":\"Your Guide To Love\",\"potentialAction\":[{\"@type\":\"SearchAction\",\"target\":{\"@type\":\"EntryPoint\",\"urlTemplate\":\"https:\/\/elsuperbeasto.com\/?s={search_term_string}\"},\"query-input\":\"required name=search_term_string\"}],\"inLanguage\":\"de\"},{\"@type\":\"ImageObject\",\"@id\":\"http:\/\/elsuperbeasto.com\/de\/eine-reife-milf-daten\/#primaryimage\",\"inLanguage\":\"de\",\"url\":\"http:\/\/elsuperbeasto.com\/wp-content\/uploads\/2022\/08\/be-mine.jpeg\",\"contentUrl\":\"http:\/\/elsuperbeasto.com\/wp-content\/uploads\/2022\/08\/be-mine.jpeg\",\"width\":2250,\"height\":1500},{\"@type\":\"WebPage\",\"@id\":\"http:\/\/elsuperbeasto.com\/de\/eine-reife-milf-daten\/#webpage\",\"url\":\"http:\/\/elsuperbeasto.com\/de\/eine-reife-milf-daten\/\",\"name\":\"Eine reife Milf daten? - Quick Hookup\",\"isPartOf\":{\"@id\":\"https:\/\/elsuperbeasto.com\/#website\"},\"primaryImageOfPage\":{\"@id\":\"http:\/\/elsuperbeasto.com\/de\/eine-reife-milf-daten\/#primaryimage\"},\"datePublished\":\"2022-08-18T12:39:07+00:00\",\"dateModified\":\"2022-09-08T12:54:35+00:00\",\"breadcrumb\":{\"@id\":\"http:\/\/elsuperbeasto.com\/de\/eine-reife-milf-daten\/#breadcrumb\"},\"inLanguage\":\"de\",\"potentialAction\":[{\"@type\":\"ReadAction\",\"target\":[\"http:\/\/elsuperbeasto.com\/de\/eine-reife-milf-daten\/\"]}]},{\"@type\":\"BreadcrumbList\",\"@id\":\"http:\/\/elsuperbeasto.com\/de\/eine-reife-milf-daten\/#breadcrumb\",\"itemListElement\":[{\"@type\":\"ListItem\",\"position\":1,\"name\":\"Home\",\"item\":\"https:\/\/elsuperbeasto.com\/de\/\"},{\"@type\":\"ListItem\",\"position\":2,\"name\":\"Eine reife Milf daten?\"}]}]}<\/script>\n<!-- \/ Yoast SEO plugin. -->","yoast_head_json":{"title":"Eine reife Milf daten? - Quick Hookup","robots":{"index":"index","follow":"follow","max-snippet":"max-snippet:-1","max-image-preview":"max-image-preview:large","max-video-preview":"max-video-preview:-1"},"canonical":"http:\/\/elsuperbeasto.com\/de\/eine-reife-milf-daten\/","og_locale":"de_DE","og_type":"article","og_title":"Eine reife Milf daten? - Quick Hookup","og_description":"Reife Singles sind auf der Suche nach Liebe und Romantik. Wenn Sie sie finden wollen, m\u00fcssen Sie geduldig sein und warten, bis sie zu Ihnen kommen. Die beste M\u00f6glichkeit, reife Singles kennenzulernen, sind Dating-Websites wie Match.com, eHarmony, OkCupid usw. Es&hellip; Continue Reading &rarr;","og_url":"http:\/\/elsuperbeasto.com\/de\/eine-reife-milf-daten\/","og_site_name":"Quick Hookup","article_modified_time":"2022-09-08T12:54:35+00:00","og_image":[{"width":2250,"height":1500,"url":"https:\/\/elsuperbeasto.com\/wp-content\/uploads\/2022\/08\/be-mine.jpeg","type":"image\/jpeg"}],"twitter_card":"summary_large_image","twitter_misc":{"Gesch\u00e4tzte Lesezeit":"4\u00a0Minuten"},"schema":{"@context":"https:\/\/schema.org","@graph":[{"@type":"WebSite","@id":"https:\/\/elsuperbeasto.com\/#website","url":"https:\/\/elsuperbeasto.com\/","name":"Quick Hookup","description":"Your Guide To Love","potentialAction":[{"@type":"SearchAction","target":{"@type":"EntryPoint","urlTemplate":"https:\/\/elsuperbeasto.com\/?s={search_term_string}"},"query-input":"required name=search_term_string"}],"inLanguage":"de"},{"@type":"ImageObject","@id":"http:\/\/elsuperbeasto.com\/de\/eine-reife-milf-daten\/#primaryimage","inLanguage":"de","url":"http:\/\/elsuperbeasto.com\/wp-content\/uploads\/2022\/08\/be-mine.jpeg","contentUrl":"http:\/\/elsuperbeasto.com\/wp-content\/uploads\/2022\/08\/be-mine.jpeg","width":2250,"height":1500},{"@type":"WebPage","@id":"http:\/\/elsuperbeasto.com\/de\/eine-reife-milf-daten\/#webpage","url":"http:\/\/elsuperbeasto.com\/de\/eine-reife-milf-daten\/","name":"Eine reife Milf daten? - Quick Hookup","isPartOf":{"@id":"https:\/\/elsuperbeasto.com\/#website"},"primaryImageOfPage":{"@id":"http:\/\/elsuperbeasto.com\/de\/eine-reife-milf-daten\/#primaryimage"},"datePublished":"2022-08-18T12:39:07+00:00","dateModified":"2022-09-08T12:54:35+00:00","breadcrumb":{"@id":"http:\/\/elsuperbeasto.com\/de\/eine-reife-milf-daten\/#breadcrumb"},"inLanguage":"de","potentialAction":[{"@type":"ReadAction","target":["http:\/\/elsuperbeasto.com\/de\/eine-reife-milf-daten\/"]}]},{"@type":"BreadcrumbList","@id":"http:\/\/elsuperbeasto.com\/de\/eine-reife-milf-daten\/#breadcrumb","itemListElement":[{"@type":"ListItem","position":1,"name":"Home","item":"https:\/\/elsuperbeasto.com\/de\/"},{"@type":"ListItem","position":2,"name":"Eine reife Milf daten?"}]}]}},"_links":{"self":[{"href":"http:\/\/elsuperbeasto.com\/de\/wp-json\/wp\/v2\/pages\/295"}],"collection":[{"href":"http:\/\/elsuperbeasto.com\/de\/wp-json\/wp\/v2\/pages"}],"about":[{"href":"http:\/\/elsuperbeasto.com\/de\/wp-json\/wp\/v2\/types\/page"}],"author":[{"embeddable":true,"href":"http:\/\/elsuperbeasto.com\/de\/wp-json\/wp\/v2\/users\/1"}],"replies":[{"embeddable":true,"href":"http:\/\/elsuperbeasto.com\/de\/wp-json\/wp\/v2\/comments?post=295"}],"version-history":[{"count":1,"href":"http:\/\/elsuperbeasto.com\/de\/wp-json\/wp\/v2\/pages\/295\/revisions"}],"predecessor-version":[{"id":396,"href":"http:\/\/elsuperbeasto.com\/de\/wp-json\/wp\/v2\/pages\/295\/revisions\/396"}],"wp:featuredmedia":[{"embeddable":true,"href":"http:\/\/elsuperbeasto.com\/de\/wp-json\/wp\/v2\/media\/201"}],"wp:attachment":[{"href":"http:\/\/elsuperbeasto.com\/de\/wp-json\/wp\/v2\/media?parent=295"}],"curies":[{"name":"wp","href":"https:\/\/api.w.org\/{rel}","templated":true}]}}