{"id":283,"date":"2022-08-18T13:44:21","date_gmt":"2022-08-18T12:44:21","guid":{"rendered":"http:\/\/elsuperbeasto.com\/was-sind-die-besten-sexting-apps\/"},"modified":"2022-09-08T13:49:10","modified_gmt":"2022-09-08T12:49:10","slug":"was-sind-die-besten-sexting-apps","status":"publish","type":"page","link":"http:\/\/elsuperbeasto.com\/de\/was-sind-die-besten-sexting-apps\/","title":{"rendered":"Was sind die besten Sexting-Apps?"},"content":{"rendered":"<p>Du wei\u00dft, was passiert, wenn du geil bist. Sie <a href=\"http:\/\/elsuperbeasto.com\/de\/ist-online-dating-sicher\/\">schreiben Ihrem Partner eine SMS<\/a>, schicken ihm\/ihr ein sexy Foto und verabreden sich vielleicht sogar mit ihm\/ihr. Aber manchmal laufen die Dinge nicht ganz so wie geplant. Vielleicht antwortet er nicht. Oder sie hat keine Lust darauf. Und Sie fragen sich, ob Sie Ihren Partner jemals wiedersehen werden.<\/p>\n<p>Aber dank des Internets k\u00f6nnen Sie immer noch eine andere Person treffen, w\u00e4hrend Sie darauf warten, dass Ihr Partner zu Ihnen kommt. Es gibt jede Menge kostenloser Sexting-Seiten, auf denen Sie Leute finden k\u00f6nnen, die einen schmutzigen Text-Chat f\u00fchren m\u00f6chten. Diese Websites machen es einfach, mit anderen zu flirten, ohne sich Sorgen machen zu m\u00fcssen <a href=\"https:\/\/www.desirestonight.com\/de\/kostenlose-sexting-apps\/\">sexting apps<\/a>, erwischt zu werden. Sie bieten auch Funktionen wie Live-Caming, Webcam-Sex und Telefonsex. Alles, was Sie brauchen, ist ein Smartphone und eine Verbindung.<\/p>\n<p>Einige bekannte Beispiele sind:<\/p>\n<ol>\n<li>Kik &#8211; Kik ist eine der \u00e4ltesten Dating-Plattformen im Internet. Es gibt sie seit 2005 und sie wird von Millionen von Menschen weltweit genutzt. Es wurde speziell f\u00fcr Jugendliche und junge Erwachsene entwickelt, aber jeder kann es nutzen.<\/li>\n<li>Omegle &#8211; Wenn Sie noch nie von Omegle geh\u00f6rt haben, liegt das wahrscheinlich daran, dass es nicht sehr bekannt ist. Auf dieser Website k\u00f6nnen Sie zuf\u00e4llig eine Verbindung zu einer anderen Person herstellen. Du kannst mit jedem reden, mit dem du willst, egal, wie alt er ist. Denken Sie einfach daran, dass die meisten Menschen nicht daran interessiert sind, mit jemandem zu sprechen, den sie online kennen gelernt haben.<\/li>\n<li>Chatroulette &#8211; Wie der Name schon sagt, kannst du mit Chatroulette zuf\u00e4llige Leute treffen und mit ihnen chatten. Es ist \u00e4hnlich wie Omegle, mit dem Unterschied, dass man sich nicht mit Leuten verbindet, die man bereits kennt, sondern mit v\u00f6llig Fremden.<\/li>\n<li>Scruff &#8211; Scruff ist ein wenig anders als andere Dating-Seiten. Anstatt Sie auf der Grundlage Ihrer Vorlieben mit potenziellen Dates zusammenzubringen, werden Sie auf der Grundlage Ihres Standorts gefunden. Wenn Sie also in New York City sind und jemanden in Ihrer N\u00e4he finden, k\u00f6nnen Sie sich mit ihm verabreden.<\/li>\n<\/ol>\n<h2>Unsere Lieblings-App f\u00fcr Online-Sexting: Confide<\/h2>\n<p>Diese kostenlose App ist einfach und benutzerfreundlich und erm\u00f6glicht es Ihnen, Fotos privat per Text zu versenden. Sie m\u00fcssen sich keine Sorgen machen, dass Sie versehentlich etwas zu Anz\u00fcgliches versenden, denn es gibt keine Optionen f\u00fcr die Freigabe von Bildern. Das Einzige, was Sie tun k\u00f6nnen, ist, Nachrichten zu l\u00f6schen. Wenn Sie es etwas lockerer angehen lassen m\u00f6chten &#8211; <a href=\"http:\/\/www.jerkoffforme.com\/de\/cam-seiten-wie-chaturbate\/\">cam seiten<\/a>, probieren Sie den &#8222;Flirt-Modus&#8220; aus, in dem Sie Emojis in Ihre Texte einf\u00fcgen k\u00f6nnen.<\/p>\n<h2>Nach dem Sexting eine Beziehung eingehen? AFF ist Ihre beste Wahl<\/h2>\n<p>AdultFriendFinder, kurz AFF, ist eine der gr\u00f6\u00dften kostenlosen Sex-Chat-Seiten \u00fcberhaupt. Wenn Sie nach einem Ort suchen, an dem Sie flirten, sich verabreden oder sogar jemanden in der N\u00e4he treffen k\u00f6nnen, sollten Sie unbedingt vorbeischauen.<\/p>\n<p>Es gibt viele verschiedene M\u00f6glichkeiten, mit anderen auf der Website zu kommunizieren, darunter Textnachrichten, E-Mails und Instant Messaging. Sie k\u00f6nnen auch die Webcam-Funktion f\u00fcr den Video-Chat mit anderen Mitgliedern nutzen.<\/p>\n<p>Sie k\u00f6nnen sich auch f\u00fcr eine bestimmte Kategorie entscheiden und Profile nach Ihren Interessen durchsuchen. Egal, ob Sie jemanden f\u00fcr einen schnellen Seitensprung, nur zum Abh\u00e4ngen oder f\u00fcr etwas ganz anderes treffen wollen, AdultFriendFinder hat eine Community f\u00fcr jeden.<\/p>\n<h2>Unser Rat<\/h2>\n<p>Wie alles andere auch, kann Sexting zu Problemen f\u00fchren. Sie sollten Nacktbilder nur an Personen senden, denen Sie vertrauen. Das bedeutet, dass Sie Nacktbilder nur per Textnachricht oder E-Mail versenden sollten. Laden Sie niemals Nacktbilder auf eine Website oder in ein soziales Netzwerk hoch. Schicken Sie keine Nacktbilder an Fremde oder Personen, die Sie nicht pers\u00f6nlich kennen.<\/p>\n<p>Wenn man zum ersten Mal mit Sexting beginnt, ist man oft aufgeregt. Aber es ist <a href=\"https:\/\/www.desirestonight.com\/de\/kostenlose-sexting-apps\/\">sexting apps<\/a>, fr\u00fchzeitig Grenzen zu setzen. Zum Beispiel sollten Sie Ihrem(n) Partner(n) sagen, dass Sie ohne Erlaubnis keine Nacktbilder verschicken werden. Dies l\u00e4sst sie wissen, dass Sie ihre Privatsph\u00e4re respektieren. Au\u00dferdem sollten Sie Ihre Partner wissen lassen, dass Sie nur an Sexting interessiert sind. Sie sollten nicht erwarten, dass Ihr Partner alle Ihre W\u00fcnsche erf\u00fcllt.<\/p>\n<p>Denken Sie daran, dass Sexting kein Spiel ist. Es ist ernst. Und so sollten Sie es auch behandeln. Sofort mit dem Sexting beginnen! Sie werden mehr Spa\u00df haben als je zuvor.<\/p>\n","protected":false},"excerpt":{"rendered":"<p>Du wei\u00dft, was passiert, wenn du geil bist. Sie schreiben Ihrem Partner eine SMS, schicken ihm\/ihr ein sexy Foto und verabreden sich vielleicht sogar mit ihm\/ihr. Aber manchmal laufen die Dinge nicht ganz so wie geplant. Vielleicht antwortet er nicht.&hellip; <a href=\"http:\/\/elsuperbeasto.com\/de\/was-sind-die-besten-sexting-apps\/\" class=\"more-link\">Continue Reading <span class=\"meta-nav\">&rarr;<\/span><\/a><\/p>\n","protected":false},"author":1,"featured_media":117,"parent":0,"menu_order":0,"comment_status":"closed","ping_status":"closed","template":"","meta":[],"yoast_head":"<!-- This site is optimized with the Yoast SEO plugin v17.7.1 - https:\/\/yoast.com\/wordpress\/plugins\/seo\/ -->\n<title>Was sind die besten Sexting-Apps? - Quick Hookup<\/title>\n<meta name=\"robots\" content=\"index, follow, max-snippet:-1, max-image-preview:large, max-video-preview:-1\" \/>\n<link rel=\"canonical\" href=\"http:\/\/elsuperbeasto.com\/de\/was-sind-die-besten-sexting-apps\/\" \/>\n<meta property=\"og:locale\" content=\"de_DE\" \/>\n<meta property=\"og:type\" content=\"article\" \/>\n<meta property=\"og:title\" content=\"Was sind die besten Sexting-Apps? - Quick Hookup\" \/>\n<meta property=\"og:description\" content=\"Du wei\u00dft, was passiert, wenn du geil bist. Sie schreiben Ihrem Partner eine SMS, schicken ihm\/ihr ein sexy Foto und verabreden sich vielleicht sogar mit ihm\/ihr. Aber manchmal laufen die Dinge nicht ganz so wie geplant. Vielleicht antwortet er nicht.&hellip; Continue Reading &rarr;\" \/>\n<meta property=\"og:url\" content=\"http:\/\/elsuperbeasto.com\/de\/was-sind-die-besten-sexting-apps\/\" \/>\n<meta property=\"og:site_name\" content=\"Quick Hookup\" \/>\n<meta property=\"article:modified_time\" content=\"2022-09-08T12:49:10+00:00\" \/>\n<meta property=\"og:image\" content=\"http:\/\/elsuperbeasto.com\/wp-content\/uploads\/2022\/08\/online-dating-apps.jpeg\" \/>\n\t<meta property=\"og:image:width\" content=\"2256\" \/>\n\t<meta property=\"og:image:height\" content=\"1500\" \/>\n<meta name=\"twitter:card\" content=\"summary_large_image\" \/>\n<meta name=\"twitter:label1\" content=\"Gesch\u00e4tzte Lesezeit\" \/>\n\t<meta name=\"twitter:data1\" content=\"4\u00a0Minuten\" \/>\n<script type=\"application\/ld+json\" class=\"yoast-schema-graph\">{\"@context\":\"https:\/\/schema.org\",\"@graph\":[{\"@type\":\"WebSite\",\"@id\":\"https:\/\/elsuperbeasto.com\/#website\",\"url\":\"https:\/\/elsuperbeasto.com\/\",\"name\":\"Quick Hookup\",\"description\":\"Your Guide To Love\",\"potentialAction\":[{\"@type\":\"SearchAction\",\"target\":{\"@type\":\"EntryPoint\",\"urlTemplate\":\"https:\/\/elsuperbeasto.com\/?s={search_term_string}\"},\"query-input\":\"required name=search_term_string\"}],\"inLanguage\":\"de\"},{\"@type\":\"ImageObject\",\"@id\":\"http:\/\/elsuperbeasto.com\/de\/was-sind-die-besten-sexting-apps\/#primaryimage\",\"inLanguage\":\"de\",\"url\":\"http:\/\/elsuperbeasto.com\/wp-content\/uploads\/2022\/08\/online-dating-apps.jpeg\",\"contentUrl\":\"http:\/\/elsuperbeasto.com\/wp-content\/uploads\/2022\/08\/online-dating-apps.jpeg\",\"width\":2256,\"height\":1500},{\"@type\":\"WebPage\",\"@id\":\"http:\/\/elsuperbeasto.com\/de\/was-sind-die-besten-sexting-apps\/#webpage\",\"url\":\"http:\/\/elsuperbeasto.com\/de\/was-sind-die-besten-sexting-apps\/\",\"name\":\"Was sind die besten Sexting-Apps? - Quick Hookup\",\"isPartOf\":{\"@id\":\"https:\/\/elsuperbeasto.com\/#website\"},\"primaryImageOfPage\":{\"@id\":\"http:\/\/elsuperbeasto.com\/de\/was-sind-die-besten-sexting-apps\/#primaryimage\"},\"datePublished\":\"2022-08-18T12:44:21+00:00\",\"dateModified\":\"2022-09-08T12:49:10+00:00\",\"breadcrumb\":{\"@id\":\"http:\/\/elsuperbeasto.com\/de\/was-sind-die-besten-sexting-apps\/#breadcrumb\"},\"inLanguage\":\"de\",\"potentialAction\":[{\"@type\":\"ReadAction\",\"target\":[\"http:\/\/elsuperbeasto.com\/de\/was-sind-die-besten-sexting-apps\/\"]}]},{\"@type\":\"BreadcrumbList\",\"@id\":\"http:\/\/elsuperbeasto.com\/de\/was-sind-die-besten-sexting-apps\/#breadcrumb\",\"itemListElement\":[{\"@type\":\"ListItem\",\"position\":1,\"name\":\"Home\",\"item\":\"https:\/\/elsuperbeasto.com\/de\/\"},{\"@type\":\"ListItem\",\"position\":2,\"name\":\"Was sind die besten Sexting-Apps?\"}]}]}<\/script>\n<!-- \/ Yoast SEO plugin. -->","yoast_head_json":{"title":"Was sind die besten Sexting-Apps? - Quick Hookup","robots":{"index":"index","follow":"follow","max-snippet":"max-snippet:-1","max-image-preview":"max-image-preview:large","max-video-preview":"max-video-preview:-1"},"canonical":"http:\/\/elsuperbeasto.com\/de\/was-sind-die-besten-sexting-apps\/","og_locale":"de_DE","og_type":"article","og_title":"Was sind die besten Sexting-Apps? - Quick Hookup","og_description":"Du wei\u00dft, was passiert, wenn du geil bist. Sie schreiben Ihrem Partner eine SMS, schicken ihm\/ihr ein sexy Foto und verabreden sich vielleicht sogar mit ihm\/ihr. Aber manchmal laufen die Dinge nicht ganz so wie geplant. Vielleicht antwortet er nicht.&hellip; Continue Reading &rarr;","og_url":"http:\/\/elsuperbeasto.com\/de\/was-sind-die-besten-sexting-apps\/","og_site_name":"Quick Hookup","article_modified_time":"2022-09-08T12:49:10+00:00","og_image":[{"width":2256,"height":1500,"url":"http:\/\/elsuperbeasto.com\/wp-content\/uploads\/2022\/08\/online-dating-apps.jpeg","type":"image\/jpeg"}],"twitter_card":"summary_large_image","twitter_misc":{"Gesch\u00e4tzte Lesezeit":"4\u00a0Minuten"},"schema":{"@context":"https:\/\/schema.org","@graph":[{"@type":"WebSite","@id":"https:\/\/elsuperbeasto.com\/#website","url":"https:\/\/elsuperbeasto.com\/","name":"Quick Hookup","description":"Your Guide To Love","potentialAction":[{"@type":"SearchAction","target":{"@type":"EntryPoint","urlTemplate":"https:\/\/elsuperbeasto.com\/?s={search_term_string}"},"query-input":"required name=search_term_string"}],"inLanguage":"de"},{"@type":"ImageObject","@id":"http:\/\/elsuperbeasto.com\/de\/was-sind-die-besten-sexting-apps\/#primaryimage","inLanguage":"de","url":"http:\/\/elsuperbeasto.com\/wp-content\/uploads\/2022\/08\/online-dating-apps.jpeg","contentUrl":"http:\/\/elsuperbeasto.com\/wp-content\/uploads\/2022\/08\/online-dating-apps.jpeg","width":2256,"height":1500},{"@type":"WebPage","@id":"http:\/\/elsuperbeasto.com\/de\/was-sind-die-besten-sexting-apps\/#webpage","url":"http:\/\/elsuperbeasto.com\/de\/was-sind-die-besten-sexting-apps\/","name":"Was sind die besten Sexting-Apps? - Quick Hookup","isPartOf":{"@id":"https:\/\/elsuperbeasto.com\/#website"},"primaryImageOfPage":{"@id":"http:\/\/elsuperbeasto.com\/de\/was-sind-die-besten-sexting-apps\/#primaryimage"},"datePublished":"2022-08-18T12:44:21+00:00","dateModified":"2022-09-08T12:49:10+00:00","breadcrumb":{"@id":"http:\/\/elsuperbeasto.com\/de\/was-sind-die-besten-sexting-apps\/#breadcrumb"},"inLanguage":"de","potentialAction":[{"@type":"ReadAction","target":["http:\/\/elsuperbeasto.com\/de\/was-sind-die-besten-sexting-apps\/"]}]},{"@type":"BreadcrumbList","@id":"http:\/\/elsuperbeasto.com\/de\/was-sind-die-besten-sexting-apps\/#breadcrumb","itemListElement":[{"@type":"ListItem","position":1,"name":"Home","item":"https:\/\/elsuperbeasto.com\/de\/"},{"@type":"ListItem","position":2,"name":"Was sind die besten Sexting-Apps?"}]}]}},"_links":{"self":[{"href":"http:\/\/elsuperbeasto.com\/de\/wp-json\/wp\/v2\/pages\/283"}],"collection":[{"href":"http:\/\/elsuperbeasto.com\/de\/wp-json\/wp\/v2\/pages"}],"about":[{"href":"http:\/\/elsuperbeasto.com\/de\/wp-json\/wp\/v2\/types\/page"}],"author":[{"embeddable":true,"href":"http:\/\/elsuperbeasto.com\/de\/wp-json\/wp\/v2\/users\/1"}],"replies":[{"embeddable":true,"href":"http:\/\/elsuperbeasto.com\/de\/wp-json\/wp\/v2\/comments?post=283"}],"version-history":[{"count":2,"href":"http:\/\/elsuperbeasto.com\/de\/wp-json\/wp\/v2\/pages\/283\/revisions"}],"predecessor-version":[{"id":390,"href":"http:\/\/elsuperbeasto.com\/de\/wp-json\/wp\/v2\/pages\/283\/revisions\/390"}],"wp:featuredmedia":[{"embeddable":true,"href":"http:\/\/elsuperbeasto.com\/de\/wp-json\/wp\/v2\/media\/117"}],"wp:attachment":[{"href":"http:\/\/elsuperbeasto.com\/de\/wp-json\/wp\/v2\/media?parent=283"}],"curies":[{"name":"wp","href":"https:\/\/api.w.org\/{rel}","templated":true}]}}