{"id":361,"date":"2022-08-18T13:12:48","date_gmt":"2022-08-18T12:12:48","guid":{"rendered":"http:\/\/elsuperbeasto.com\/er-online-dating-sikkert\/"},"modified":"2022-08-18T13:12:48","modified_gmt":"2022-08-18T12:12:48","slug":"er-online-dating-sikkert","status":"publish","type":"page","link":"http:\/\/elsuperbeasto.com\/da\/er-online-dating-sikkert\/","title":{"rendered":"Er online dating sikkert?"},"content":{"rendered":"<p>Online dating er en fantastisk m\u00e5de at m\u00f8de nye mennesker p\u00e5, men der er visse risici forbundet med det. En af disse risici er at blive snydt for penge af en falsk person. En nylig unders\u00f8gelse viste, at en fjerdedel af kvinderne var blevet kontaktet af en person, der p\u00e5stod at v\u00e6re interesseret i at m\u00f8des med dem, men som senere viste sig at v\u00e6re en svindler.<\/p>\n<p>Den mest almindelige \u00e5rsag til, at folk bliver ofre for svindel p\u00e5 dating-apps, er d\u00e5rlige kommunikationsevner. Chatbots er designet til at efterligne menneskelig samtale, men de g\u00f8r ikke altid et godt stykke arbejde. De har en tendens til at bruge et blomstrende sprog, hvilket g\u00f8r dem til lette m\u00e5l for svindlere.<\/p>\n<p>Hvis du \u00f8nsker at skabe en <a href=\"http:\/\/elsuperbeasto.com\/da\/hvad-er-de-bedste-sexting-apps\/\">\u00e6gte kontakt med en person<\/a>, skal du undg\u00e5 at tale for meget om dig selv. Folk kan godt lide at tale om sig selv, men de har det som regel bedre med at g\u00f8re det i en telefonsamtale eller personligt. Online dating er stadig relativt nyt, s\u00e5 du ved ikke, hvor godt I virkelig kommunikerer med hinanden, f\u00f8r I har m\u00f8dtes personligt.<\/p>\n<h2>Hvad skal du holde \u00f8je med?<\/h2>\n<p>Du kan se, om en person er en bot eller en svindler, ved at observere deres adf\u00e6rd. Generelt vil en bot sende beskeder hurtigt, mens en svindler vil v\u00e6re l\u00e6ngere tid om at svare. Du vil m\u00e5ske bem\u00e6rke, at mange mennesker synes at svare p\u00e5 dine beskeder inden for f\u00e5 sekunder, selv om de ikke har svaret p\u00e5 nogen af dine tidligere beskeder. Dette kaldes &#8220;spamming&#8221;. Bots er ikke n\u00f8dvendigvis spamming; det kan blot betyde, at de modtager mange beskeder og besvarer dem alle p\u00e5 \u00e9n gang.<\/p>\n<p>En anden ting, du skal v\u00e6re opm\u00e6rksom p\u00e5, er tidlige k\u00e6rlighedserkl\u00e6ringer. Nogle mennesker vil sige noget i retning af: &#8220;Jeg synes, vi er perfekte sammen&#8221; eller &#8220;Jeg er vild med dig&#8221;. Disse typer af kommentarer bruges generelt til at overbevise dig om, at du skal udlevere dine kreditkortoplysninger. Svindlere vil ofte fors\u00f8ge at lokke dig til at give personlige oplysninger ved at sige noget p\u00e6nt. V\u00e6r p\u00e5 vagt over for alle, der virker overdrevent begejstrede for at m\u00f8des med dig.<\/p>\n<h2>Hvad med betalte dating-apps?<\/h2>\n<p>De fleste online dating sider er gratis, men der er mange, der kr\u00e6ver betaling. Nogle tilbyder gratis adgang til visse funktioner, mens andre ikke giver dig mulighed for at bruge disse funktioner, medmindre du betaler. Vi har samlet en liste over de mest popul\u00e6re dating sider og hvor meget det koster at blive medlem.<\/p>\n<h2>Hvad med anmeldelserne?<\/h2>\n<p>Online anmeldelser spiller en stor rolle for, hvordan forbrugerne tr\u00e6ffer deres k\u00f8bsbeslutninger. Hvis folk har tillid til andres meninger, vil de bruge disse meninger til at styre deres indk\u00f8b. Desv\u00e6rre er der alt for mange falske anmeldelser i dag.<\/p>\n<p>En nylig unders\u00f8gelse viste, at over halvdelen af anmeldelserne p\u00e5 Amazon er skrevet af betalte anmeldere. Og nogle online datingvirksomheder som Match Group Inc., eHarmony Inc. og OkCupid LLC betaler folk for at skrive rosende anmeldelser om deres produkter. Disse anmeldelser indeholder ofte falske oplysninger, f.eks. overdrevne p\u00e5stande om produktets egenskaber og fordele.<\/p>\n","protected":false},"excerpt":{"rendered":"<p>Online dating er en fantastisk m\u00e5de at m\u00f8de nye mennesker p\u00e5, men der er visse risici forbundet med det. En af disse risici er at blive snydt for penge af en falsk person. En nylig unders\u00f8gelse viste, at en fjerdedel&hellip; <a href=\"http:\/\/elsuperbeasto.com\/da\/er-online-dating-sikkert\/\" class=\"more-link\">Continue Reading <span class=\"meta-nav\">&rarr;<\/span><\/a><\/p>\n","protected":false},"author":1,"featured_media":127,"parent":0,"menu_order":0,"comment_status":"closed","ping_status":"closed","template":"","meta":[],"yoast_head":"<!-- This site is optimized with the Yoast SEO plugin v17.7.1 - https:\/\/yoast.com\/wordpress\/plugins\/seo\/ -->\n<title>Er online dating sikkert? - Quick Hookup<\/title>\n<meta name=\"robots\" content=\"index, follow, max-snippet:-1, max-image-preview:large, max-video-preview:-1\" \/>\n<link rel=\"canonical\" href=\"http:\/\/elsuperbeasto.com\/da\/er-online-dating-sikkert\/\" \/>\n<meta property=\"og:locale\" content=\"da_DK\" \/>\n<meta property=\"og:type\" content=\"article\" \/>\n<meta property=\"og:title\" content=\"Er online dating sikkert? - Quick Hookup\" \/>\n<meta property=\"og:description\" content=\"Online dating er en fantastisk m\u00e5de at m\u00f8de nye mennesker p\u00e5, men der er visse risici forbundet med det. En af disse risici er at blive snydt for penge af en falsk person. En nylig unders\u00f8gelse viste, at en fjerdedel&hellip; Continue Reading &rarr;\" \/>\n<meta property=\"og:url\" content=\"http:\/\/elsuperbeasto.com\/da\/er-online-dating-sikkert\/\" \/>\n<meta property=\"og:site_name\" content=\"Quick Hookup\" \/>\n<meta property=\"og:image\" content=\"http:\/\/elsuperbeasto.com\/wp-content\/uploads\/2022\/08\/dates.jpeg\" \/>\n\t<meta property=\"og:image:width\" content=\"2250\" \/>\n\t<meta property=\"og:image:height\" content=\"1500\" \/>\n<meta name=\"twitter:card\" content=\"summary_large_image\" \/>\n<meta name=\"twitter:label1\" content=\"Estimeret l\u00e6setid\" \/>\n\t<meta name=\"twitter:data1\" content=\"3 minutter\" \/>\n<script type=\"application\/ld+json\" class=\"yoast-schema-graph\">{\"@context\":\"https:\/\/schema.org\",\"@graph\":[{\"@type\":\"WebSite\",\"@id\":\"https:\/\/elsuperbeasto.com\/#website\",\"url\":\"https:\/\/elsuperbeasto.com\/\",\"name\":\"Quick Hookup\",\"description\":\"Your Guide To Love\",\"potentialAction\":[{\"@type\":\"SearchAction\",\"target\":{\"@type\":\"EntryPoint\",\"urlTemplate\":\"https:\/\/elsuperbeasto.com\/?s={search_term_string}\"},\"query-input\":\"required name=search_term_string\"}],\"inLanguage\":\"da-DK\"},{\"@type\":\"ImageObject\",\"@id\":\"http:\/\/elsuperbeasto.com\/da\/er-online-dating-sikkert\/#primaryimage\",\"inLanguage\":\"da-DK\",\"url\":\"http:\/\/elsuperbeasto.com\/wp-content\/uploads\/2022\/08\/dates.jpeg\",\"contentUrl\":\"http:\/\/elsuperbeasto.com\/wp-content\/uploads\/2022\/08\/dates.jpeg\",\"width\":2250,\"height\":1500},{\"@type\":\"WebPage\",\"@id\":\"http:\/\/elsuperbeasto.com\/da\/er-online-dating-sikkert\/#webpage\",\"url\":\"http:\/\/elsuperbeasto.com\/da\/er-online-dating-sikkert\/\",\"name\":\"Er online dating sikkert? - Quick Hookup\",\"isPartOf\":{\"@id\":\"https:\/\/elsuperbeasto.com\/#website\"},\"primaryImageOfPage\":{\"@id\":\"http:\/\/elsuperbeasto.com\/da\/er-online-dating-sikkert\/#primaryimage\"},\"datePublished\":\"2022-08-18T12:12:48+00:00\",\"dateModified\":\"2022-08-18T12:12:48+00:00\",\"breadcrumb\":{\"@id\":\"http:\/\/elsuperbeasto.com\/da\/er-online-dating-sikkert\/#breadcrumb\"},\"inLanguage\":\"da-DK\",\"potentialAction\":[{\"@type\":\"ReadAction\",\"target\":[\"http:\/\/elsuperbeasto.com\/da\/er-online-dating-sikkert\/\"]}]},{\"@type\":\"BreadcrumbList\",\"@id\":\"http:\/\/elsuperbeasto.com\/da\/er-online-dating-sikkert\/#breadcrumb\",\"itemListElement\":[{\"@type\":\"ListItem\",\"position\":1,\"name\":\"Home\",\"item\":\"https:\/\/elsuperbeasto.com\/da\/\"},{\"@type\":\"ListItem\",\"position\":2,\"name\":\"Er online dating sikkert?\"}]}]}<\/script>\n<!-- \/ Yoast SEO plugin. -->","yoast_head_json":{"title":"Er online dating sikkert? - Quick Hookup","robots":{"index":"index","follow":"follow","max-snippet":"max-snippet:-1","max-image-preview":"max-image-preview:large","max-video-preview":"max-video-preview:-1"},"canonical":"http:\/\/elsuperbeasto.com\/da\/er-online-dating-sikkert\/","og_locale":"da_DK","og_type":"article","og_title":"Er online dating sikkert? - Quick Hookup","og_description":"Online dating er en fantastisk m\u00e5de at m\u00f8de nye mennesker p\u00e5, men der er visse risici forbundet med det. En af disse risici er at blive snydt for penge af en falsk person. En nylig unders\u00f8gelse viste, at en fjerdedel&hellip; Continue Reading &rarr;","og_url":"http:\/\/elsuperbeasto.com\/da\/er-online-dating-sikkert\/","og_site_name":"Quick Hookup","og_image":[{"width":2250,"height":1500,"url":"http:\/\/elsuperbeasto.com\/wp-content\/uploads\/2022\/08\/dates.jpeg","type":"image\/jpeg"}],"twitter_card":"summary_large_image","twitter_misc":{"Estimeret l\u00e6setid":"3 minutter"},"schema":{"@context":"https:\/\/schema.org","@graph":[{"@type":"WebSite","@id":"https:\/\/elsuperbeasto.com\/#website","url":"https:\/\/elsuperbeasto.com\/","name":"Quick Hookup","description":"Your Guide To Love","potentialAction":[{"@type":"SearchAction","target":{"@type":"EntryPoint","urlTemplate":"https:\/\/elsuperbeasto.com\/?s={search_term_string}"},"query-input":"required name=search_term_string"}],"inLanguage":"da-DK"},{"@type":"ImageObject","@id":"http:\/\/elsuperbeasto.com\/da\/er-online-dating-sikkert\/#primaryimage","inLanguage":"da-DK","url":"http:\/\/elsuperbeasto.com\/wp-content\/uploads\/2022\/08\/dates.jpeg","contentUrl":"http:\/\/elsuperbeasto.com\/wp-content\/uploads\/2022\/08\/dates.jpeg","width":2250,"height":1500},{"@type":"WebPage","@id":"http:\/\/elsuperbeasto.com\/da\/er-online-dating-sikkert\/#webpage","url":"http:\/\/elsuperbeasto.com\/da\/er-online-dating-sikkert\/","name":"Er online dating sikkert? - Quick Hookup","isPartOf":{"@id":"https:\/\/elsuperbeasto.com\/#website"},"primaryImageOfPage":{"@id":"http:\/\/elsuperbeasto.com\/da\/er-online-dating-sikkert\/#primaryimage"},"datePublished":"2022-08-18T12:12:48+00:00","dateModified":"2022-08-18T12:12:48+00:00","breadcrumb":{"@id":"http:\/\/elsuperbeasto.com\/da\/er-online-dating-sikkert\/#breadcrumb"},"inLanguage":"da-DK","potentialAction":[{"@type":"ReadAction","target":["http:\/\/elsuperbeasto.com\/da\/er-online-dating-sikkert\/"]}]},{"@type":"BreadcrumbList","@id":"http:\/\/elsuperbeasto.com\/da\/er-online-dating-sikkert\/#breadcrumb","itemListElement":[{"@type":"ListItem","position":1,"name":"Home","item":"https:\/\/elsuperbeasto.com\/da\/"},{"@type":"ListItem","position":2,"name":"Er online dating sikkert?"}]}]}},"_links":{"self":[{"href":"http:\/\/elsuperbeasto.com\/da\/wp-json\/wp\/v2\/pages\/361"}],"collection":[{"href":"http:\/\/elsuperbeasto.com\/da\/wp-json\/wp\/v2\/pages"}],"about":[{"href":"http:\/\/elsuperbeasto.com\/da\/wp-json\/wp\/v2\/types\/page"}],"author":[{"embeddable":true,"href":"http:\/\/elsuperbeasto.com\/da\/wp-json\/wp\/v2\/users\/1"}],"replies":[{"embeddable":true,"href":"http:\/\/elsuperbeasto.com\/da\/wp-json\/wp\/v2\/comments?post=361"}],"version-history":[{"count":0,"href":"http:\/\/elsuperbeasto.com\/da\/wp-json\/wp\/v2\/pages\/361\/revisions"}],"wp:featuredmedia":[{"embeddable":true,"href":"http:\/\/elsuperbeasto.com\/da\/wp-json\/wp\/v2\/media\/127"}],"wp:attachment":[{"href":"http:\/\/elsuperbeasto.com\/da\/wp-json\/wp\/v2\/media?parent=361"}],"curies":[{"name":"wp","href":"https:\/\/api.w.org\/{rel}","templated":true}]}}