{"id":359,"date":"2022-08-18T13:05:43","date_gmt":"2022-08-18T12:05:43","guid":{"rendered":"http:\/\/elsuperbeasto.com\/bedste-apps-til-at-finde-kaerligheden\/"},"modified":"2022-08-18T13:05:43","modified_gmt":"2022-08-18T12:05:43","slug":"bedste-apps-til-at-finde-kaerligheden","status":"publish","type":"page","link":"http:\/\/elsuperbeasto.com\/da\/bedste-apps-til-at-finde-kaerligheden\/","title":{"rendered":"Bedste apps til at finde k\u00e6rligheden"},"content":{"rendered":"<p>Derfor har vi unders\u00f8gt de bedste dating-apps og fundet dem, der skiller sig ud fra de andre. Det er ikke bare vores mening &#8211; vi har selv testet hver eneste af dem og fundet nogle af de bedste.<\/p>\n<p>S\u00e5 uanset om du er p\u00e5 udkig efter noget seri\u00f8st, afslappet eller et sted midt imellem, s\u00e5 har vi alt, hvad du har brug for. Vi fort\u00e6ller dig pr\u00e6cis, hvilke funktioner der g\u00f8r hver enkelt app speciel, giver dig \u00e6rlig feedback om prisniveauet og hj\u00e6lper dig med at finde ud af, hvilken app der fungerer bedst for dig.<\/p>\n<p>N\u00e5r du har l\u00e6st denne guide, er du <a href=\"http:\/\/elsuperbeasto.com\/da\/er-online-dating-sikkert\/\">ikke i tvivl om<\/a>, hvilken der er den perfekte l\u00f8sning for dig. Du beh\u00f8ver ikke l\u00e6ngere spilde din tid p\u00e5 at pr\u00f8ve at finde ud af tingene selv; du skal bare v\u00e6lge den bedste dating-app baseret p\u00e5 vores anbefalinger og begynde at m\u00f8de folk i dag.<\/p>\n<p>F\u00f8r du tilmelder dig et websted, skal du overveje n\u00f8je, om webstedet passer til din personlighed. Foretr\u00e6kker du afslappet dating eller et fast forhold?<\/p>\n<h2>Find et websted, der passer til din personlighed<\/h2>\n<p>Kan du lide at chatte via sms, eller vil du hellere chatte ansigt til ansigt? Foretr\u00e6kker du korte beskeder eller lange e-mails? Disse sp\u00f8rgsm\u00e5l kan hj\u00e6lpe dig med at indsn\u00e6vre din s\u00f8gning. N\u00e5r du har fundet et websted, der passer til dig, kan du tilmelde dig og begynde at gennemse profiler.<\/p>\n<h2>V\u00e6lg et websted baseret p\u00e5 dine interesser<\/h2>\n<p>T\u00e6nk over, hvad du er interesseret i. Hvis du leder efter en romantisk partner, vil du sandsynligvis ikke tilmelde dig en side, der henvender sig til singler, der leder efter venskaber. Hvis du leder efter en ven, skal du heller ikke g\u00e5 ind p\u00e5 et dating-site, der fokuserer p\u00e5 romantik.<\/p>\n<p>V\u00e6lg i stedet et websted, der appellerer til dine interesser. Hvis du f.eks. elsker sport, b\u00f8r du tilmelde dig et websted, der giver medlemmerne mulighed for at dele deres yndlingshold, spillere og begivenheder. P\u00e5 den m\u00e5de kan du nemt finde kompatible partnere, der deler samme interesser.<\/p>\n<h2>Tilmeld dig flere websteder, f\u00f8r du tr\u00e6ffer en beslutning<\/h2>\n<p>Det er vigtigt at bes\u00f8ge flere datingsider, f\u00f8r du beslutter dig for en. Det giver dig mulighed for at sammenligne fordele og ulemper ved de enkelte websteder. Nogle websteder tilbyder f.eks. avancerede funktioner som videochat og instant messaging. Andre giver medlemmerne mulighed for at uploade billeder og videoer. Andre lader dig gennemse medlemmernes profiler uden at afsl\u00f8re personlige oplysninger.<\/p>\n<h2>Overvej sp\u00f8rgsm\u00e5l om privatlivets fred<\/h2>\n<p>Nogle sider giver medlemmerne mulighed for at forblive anonyme, mens andre kr\u00e6ver, at medlemmerne afsl\u00f8rer deres identitet. N\u00e5r du overvejer sp\u00f8rgsm\u00e5l om beskyttelse af personlige oplysninger, skal du huske, at nogle websteder kan indsamle f\u00f8lsomme oplysninger om dig. Nogle websteder beder f.eks. medlemmerne om at oplyse deres civilstand, religi\u00f8se overbevisning, erhverv og uddannelsesniveau. Disse oplysninger kan bruges til at m\u00e5lrette annoncer til dig. Andre websteder kan anmode om yderligere oplysninger, f.eks. om din h\u00f8jde, v\u00e6gt, indkomst og alder. Nogle sider giver medlemmerne mulighed for at v\u00e6lge, om de vil afsl\u00f8re deres identitet, mens andre kr\u00e6ver, at medlemmerne skal afsl\u00f8re alt.<\/p>\n<h2>OFTE STILLEDE SP\u00d8RGSM\u00c5L<\/h2>\n<h3>Hvad er det bedste dating site for seri\u00f8se forhold?<\/h3>\n<p>Det bedste datingwebsted til seri\u00f8se forhold er OkCupid.com. Dette datingwebsted har millioner af brugere fra hele verden, og de bruger det til at finde k\u00e6rligheden. De tilbyder gratis messaging, instant messages, videochat og andre funktioner, der hj\u00e6lper dig med at komme i kontakt med potentielle dates.<\/p>\n<p>OkCupid har eksisteret siden 2004 og har haft millioner af brugere, der har tilmeldt sig gratis. Sitet giver brugerne mulighed for at oprette en profil, s\u00f8ge efter andre medlemmer ud fra kriterier som f.eks. placering, alder, k\u00f8n osv. og derefter sende beskeder til hinanden. Brugerne kan ogs\u00e5 gennemse profiler fra andre, der leder efter dates.<\/p>\n<h3>Hvad er den bedste dating-app i 2022?<\/h3>\n<p>Den bedste dating-app i 2022 bliver Tinder Plus, som giver brugerne mulighed for at sende ubegr\u00e6nsede beskeder til andre brugere. Denne funktion har v\u00e6ret tilg\u00e6ngelig siden 2016, men det er f\u00f8rst nu, at den er blevet popul\u00e6r. Andre apps som Happn, Bumble og OkCupid tilbyder ogs\u00e5 lignende funktioner.<\/p>\n","protected":false},"excerpt":{"rendered":"<p>Derfor har vi unders\u00f8gt de bedste dating-apps og fundet dem, der skiller sig ud fra de andre. Det er ikke bare vores mening &#8211; vi har selv testet hver eneste af dem og fundet nogle af de bedste. S\u00e5 uanset&hellip; <a href=\"http:\/\/elsuperbeasto.com\/da\/bedste-apps-til-at-finde-kaerligheden\/\" class=\"more-link\">Continue Reading <span class=\"meta-nav\">&rarr;<\/span><\/a><\/p>\n","protected":false},"author":1,"featured_media":141,"parent":0,"menu_order":0,"comment_status":"closed","ping_status":"closed","template":"","meta":[],"yoast_head":"<!-- This site is optimized with the Yoast SEO plugin v17.7.1 - https:\/\/yoast.com\/wordpress\/plugins\/seo\/ -->\n<title>Bedste apps til at finde k\u00e6rligheden - Quick Hookup<\/title>\n<meta name=\"robots\" content=\"index, follow, max-snippet:-1, max-image-preview:large, max-video-preview:-1\" \/>\n<link rel=\"canonical\" href=\"http:\/\/elsuperbeasto.com\/da\/bedste-apps-til-at-finde-kaerligheden\/\" \/>\n<meta property=\"og:locale\" content=\"da_DK\" \/>\n<meta property=\"og:type\" content=\"article\" \/>\n<meta property=\"og:title\" content=\"Bedste apps til at finde k\u00e6rligheden - Quick Hookup\" \/>\n<meta property=\"og:description\" content=\"Derfor har vi unders\u00f8gt de bedste dating-apps og fundet dem, der skiller sig ud fra de andre. Det er ikke bare vores mening &#8211; vi har selv testet hver eneste af dem og fundet nogle af de bedste. S\u00e5 uanset&hellip; Continue Reading &rarr;\" \/>\n<meta property=\"og:url\" content=\"http:\/\/elsuperbeasto.com\/da\/bedste-apps-til-at-finde-kaerligheden\/\" \/>\n<meta property=\"og:site_name\" content=\"Quick Hookup\" \/>\n<meta property=\"og:image\" content=\"http:\/\/elsuperbeasto.com\/wp-content\/uploads\/2022\/08\/love-balloons.jpeg\" \/>\n\t<meta property=\"og:image:width\" content=\"1000\" \/>\n\t<meta property=\"og:image:height\" content=\"1500\" \/>\n<meta name=\"twitter:card\" content=\"summary_large_image\" \/>\n<meta name=\"twitter:label1\" content=\"Estimeret l\u00e6setid\" \/>\n\t<meta name=\"twitter:data1\" content=\"4 minutter\" \/>\n<script type=\"application\/ld+json\" class=\"yoast-schema-graph\">{\"@context\":\"https:\/\/schema.org\",\"@graph\":[{\"@type\":\"WebSite\",\"@id\":\"https:\/\/elsuperbeasto.com\/#website\",\"url\":\"https:\/\/elsuperbeasto.com\/\",\"name\":\"Quick Hookup\",\"description\":\"Your Guide To Love\",\"potentialAction\":[{\"@type\":\"SearchAction\",\"target\":{\"@type\":\"EntryPoint\",\"urlTemplate\":\"https:\/\/elsuperbeasto.com\/?s={search_term_string}\"},\"query-input\":\"required name=search_term_string\"}],\"inLanguage\":\"da-DK\"},{\"@type\":\"ImageObject\",\"@id\":\"http:\/\/elsuperbeasto.com\/da\/bedste-apps-til-at-finde-kaerligheden\/#primaryimage\",\"inLanguage\":\"da-DK\",\"url\":\"http:\/\/elsuperbeasto.com\/wp-content\/uploads\/2022\/08\/love-balloons.jpeg\",\"contentUrl\":\"http:\/\/elsuperbeasto.com\/wp-content\/uploads\/2022\/08\/love-balloons.jpeg\",\"width\":1000,\"height\":1500},{\"@type\":\"WebPage\",\"@id\":\"http:\/\/elsuperbeasto.com\/da\/bedste-apps-til-at-finde-kaerligheden\/#webpage\",\"url\":\"http:\/\/elsuperbeasto.com\/da\/bedste-apps-til-at-finde-kaerligheden\/\",\"name\":\"Bedste apps til at finde k\\u00e6rligheden - Quick Hookup\",\"isPartOf\":{\"@id\":\"https:\/\/elsuperbeasto.com\/#website\"},\"primaryImageOfPage\":{\"@id\":\"http:\/\/elsuperbeasto.com\/da\/bedste-apps-til-at-finde-kaerligheden\/#primaryimage\"},\"datePublished\":\"2022-08-18T12:05:43+00:00\",\"dateModified\":\"2022-08-18T12:05:43+00:00\",\"breadcrumb\":{\"@id\":\"http:\/\/elsuperbeasto.com\/da\/bedste-apps-til-at-finde-kaerligheden\/#breadcrumb\"},\"inLanguage\":\"da-DK\",\"potentialAction\":[{\"@type\":\"ReadAction\",\"target\":[\"http:\/\/elsuperbeasto.com\/da\/bedste-apps-til-at-finde-kaerligheden\/\"]}]},{\"@type\":\"BreadcrumbList\",\"@id\":\"http:\/\/elsuperbeasto.com\/da\/bedste-apps-til-at-finde-kaerligheden\/#breadcrumb\",\"itemListElement\":[{\"@type\":\"ListItem\",\"position\":1,\"name\":\"Home\",\"item\":\"https:\/\/elsuperbeasto.com\/da\/\"},{\"@type\":\"ListItem\",\"position\":2,\"name\":\"Bedste apps til at finde k\\u00e6rligheden\"}]}]}<\/script>\n<!-- \/ Yoast SEO plugin. -->","yoast_head_json":{"title":"Bedste apps til at finde k\u00e6rligheden - Quick Hookup","robots":{"index":"index","follow":"follow","max-snippet":"max-snippet:-1","max-image-preview":"max-image-preview:large","max-video-preview":"max-video-preview:-1"},"canonical":"http:\/\/elsuperbeasto.com\/da\/bedste-apps-til-at-finde-kaerligheden\/","og_locale":"da_DK","og_type":"article","og_title":"Bedste apps til at finde k\u00e6rligheden - Quick Hookup","og_description":"Derfor har vi unders\u00f8gt de bedste dating-apps og fundet dem, der skiller sig ud fra de andre. Det er ikke bare vores mening &#8211; vi har selv testet hver eneste af dem og fundet nogle af de bedste. S\u00e5 uanset&hellip; Continue Reading &rarr;","og_url":"http:\/\/elsuperbeasto.com\/da\/bedste-apps-til-at-finde-kaerligheden\/","og_site_name":"Quick Hookup","og_image":[{"width":1000,"height":1500,"url":"http:\/\/elsuperbeasto.com\/wp-content\/uploads\/2022\/08\/love-balloons.jpeg","type":"image\/jpeg"}],"twitter_card":"summary_large_image","twitter_misc":{"Estimeret l\u00e6setid":"4 minutter"},"schema":{"@context":"https:\/\/schema.org","@graph":[{"@type":"WebSite","@id":"https:\/\/elsuperbeasto.com\/#website","url":"https:\/\/elsuperbeasto.com\/","name":"Quick Hookup","description":"Your Guide To Love","potentialAction":[{"@type":"SearchAction","target":{"@type":"EntryPoint","urlTemplate":"https:\/\/elsuperbeasto.com\/?s={search_term_string}"},"query-input":"required name=search_term_string"}],"inLanguage":"da-DK"},{"@type":"ImageObject","@id":"http:\/\/elsuperbeasto.com\/da\/bedste-apps-til-at-finde-kaerligheden\/#primaryimage","inLanguage":"da-DK","url":"http:\/\/elsuperbeasto.com\/wp-content\/uploads\/2022\/08\/love-balloons.jpeg","contentUrl":"http:\/\/elsuperbeasto.com\/wp-content\/uploads\/2022\/08\/love-balloons.jpeg","width":1000,"height":1500},{"@type":"WebPage","@id":"http:\/\/elsuperbeasto.com\/da\/bedste-apps-til-at-finde-kaerligheden\/#webpage","url":"http:\/\/elsuperbeasto.com\/da\/bedste-apps-til-at-finde-kaerligheden\/","name":"Bedste apps til at finde k\u00e6rligheden - Quick Hookup","isPartOf":{"@id":"https:\/\/elsuperbeasto.com\/#website"},"primaryImageOfPage":{"@id":"http:\/\/elsuperbeasto.com\/da\/bedste-apps-til-at-finde-kaerligheden\/#primaryimage"},"datePublished":"2022-08-18T12:05:43+00:00","dateModified":"2022-08-18T12:05:43+00:00","breadcrumb":{"@id":"http:\/\/elsuperbeasto.com\/da\/bedste-apps-til-at-finde-kaerligheden\/#breadcrumb"},"inLanguage":"da-DK","potentialAction":[{"@type":"ReadAction","target":["http:\/\/elsuperbeasto.com\/da\/bedste-apps-til-at-finde-kaerligheden\/"]}]},{"@type":"BreadcrumbList","@id":"http:\/\/elsuperbeasto.com\/da\/bedste-apps-til-at-finde-kaerligheden\/#breadcrumb","itemListElement":[{"@type":"ListItem","position":1,"name":"Home","item":"https:\/\/elsuperbeasto.com\/da\/"},{"@type":"ListItem","position":2,"name":"Bedste apps til at finde k\u00e6rligheden"}]}]}},"_links":{"self":[{"href":"http:\/\/elsuperbeasto.com\/da\/wp-json\/wp\/v2\/pages\/359"}],"collection":[{"href":"http:\/\/elsuperbeasto.com\/da\/wp-json\/wp\/v2\/pages"}],"about":[{"href":"http:\/\/elsuperbeasto.com\/da\/wp-json\/wp\/v2\/types\/page"}],"author":[{"embeddable":true,"href":"http:\/\/elsuperbeasto.com\/da\/wp-json\/wp\/v2\/users\/1"}],"replies":[{"embeddable":true,"href":"http:\/\/elsuperbeasto.com\/da\/wp-json\/wp\/v2\/comments?post=359"}],"version-history":[{"count":0,"href":"http:\/\/elsuperbeasto.com\/da\/wp-json\/wp\/v2\/pages\/359\/revisions"}],"wp:featuredmedia":[{"embeddable":true,"href":"http:\/\/elsuperbeasto.com\/da\/wp-json\/wp\/v2\/media\/141"}],"wp:attachment":[{"href":"http:\/\/elsuperbeasto.com\/da\/wp-json\/wp\/v2\/media?parent=359"}],"curies":[{"name":"wp","href":"https:\/\/api.w.org\/{rel}","templated":true}]}}