{"id":322,"date":"2022-08-18T13:22:34","date_gmt":"2022-08-18T12:22:34","guid":{"rendered":"http:\/\/elsuperbeasto.com\/saadan-gaar-du-paa-date-med-lokale-kvinder\/"},"modified":"2022-08-18T13:22:34","modified_gmt":"2022-08-18T12:22:34","slug":"saadan-gaar-du-paa-date-med-lokale-kvinder","status":"publish","type":"page","link":"http:\/\/elsuperbeasto.com\/da\/saadan-gaar-du-paa-date-med-lokale-kvinder\/","title":{"rendered":"S\u00e5dan g\u00e5r du p\u00e5 date med lokale kvinder"},"content":{"rendered":"<p>Er du tr\u00e6t af at date piger langt v\u00e6k fra dig? \u00d8nsker du at finde en k\u00e6reste t\u00e6ttere p\u00e5 dit hjem?<\/p>\n<p>I denne artikel giver vi dig 3 tips til at finde en lokal pige, som du kan date.<\/p>\n<h2>Find lokale kvinder online<\/h2>\n<p>Det vigtigste f\u00f8rst. Hvis du \u00f8nsker at finde en lokal kvinde til dating, skal du finde hende online f\u00f8rst. Der findes masser af hjemmesider, hvor du kan s\u00f8ge efter enlige kvinder baseret p\u00e5 deres placering. Disse websteder omfatter Match.com, eHarmony, PlentyofFish, OkCupid, Zoosk og andre.<\/p>\n<p>Online dating er blevet ekstremt popul\u00e6rt p\u00e5 det seneste. Det giver dig mulighed for at komme i kontakt med tusindvis af potentielle matches uden at forlade dit hus. S\u00e5 g\u00e5 ikke glip af denne mulighed for at finde en lokal kvinde.<\/p>\n<h2>M\u00f8d op med venner, der bor i n\u00e6rheden<\/h2>\n<p>Dette tip virker bedst for dem, der bor i storbyer. Men hvis du bor et mindre sted, kan du m\u00e5ske stadig finde en lokal pige til en date. M\u00f8d op med venner, der bor i n\u00e6rheden. Det giver jer en undskyldning for at h\u00e6nge ud sammen og tale om jeres interesser.<\/p>\n<p>Det er nemmere at indlede en <a href=\"http:\/\/elsuperbeasto.com\/da\/bedste-apps-til-at-finde-kaerligheden\/\">samtale<\/a>, n\u00e5r du er sammen med venner. Og du vil sikkert ogs\u00e5 m\u00f8de nogle s\u00f8de fyre!<\/p>\n<h2>Deltag i grupper, der interesserer dig<\/h2>\n<p>Meld dig ind i grupper, der interesserer dig. Meld dig f.eks. ind i en sportsgruppe, en bogklub eller en anden gruppe, der interesserer dig. N\u00e5r du deltager i disse typer grupper, vil du blive udsat for en masse interessante mennesker. Og da de fleste af disse grupper er fokuseret p\u00e5 noget, du er interesseret i, vil du f\u00f8le dig mere tryg ved at tale med dem end med tilf\u00e6ldige fremmede.<\/p>\n<p>Desuden f\u00e5r du ved at deltage i disse grupper mulighed for at \u00f8ve dig i at f\u00f8re en god samtale. Du l\u00e6rer at stille sp\u00f8rgsm\u00e5l, at lytte bedre og at tale med selvtillid.<\/p>\n<h2>OFTE STILLEDE SP\u00d8RGSM\u00c5L<\/h2>\n<p>Hvis du f\u00f8lger disse <a href=\"http:\/\/elsuperbeasto.com\/da\/4-tips-til-at-vaere-sikker-med-online-dating\/\">tre tips<\/a>, kan du finde en pige til dating hurtigere end senere.<\/p>\n<h3>Hvad betyder &#8220;uden forpligtelser&#8221; i dating?<\/h3>\n<p>No Strings Attached betyder, at du ikke beh\u00f8ver at bekymre dig om at indg\u00e5 nogen langsigtede forpligtelser. Hvis du \u00f8nsker at date en for sjov, s\u00e5 v\u00e6rsgo! Men hvis du \u00f8nsker at date nogen seri\u00f8st, s\u00e5 skal du v\u00e6re parat til at binde dig. Hvis du vil undg\u00e5 at indg\u00e5 i et forhold, hvor begge parter f\u00f8ler sig forpligtet til at v\u00e6re sammen for evigt, s\u00e5 pr\u00f8v at date en person, der ikke har nogen forventninger til, hvor l\u00e6nge de skal v\u00e6re sammen. P\u00e5 den m\u00e5de beh\u00f8ver du ikke at bekymre dig om at bryde op, n\u00e5r tingene ikke l\u00e6ngere fungerer.<\/p>\n<h3>Kan uforpligtende k\u00e6rlighed blive til k\u00e6rlighed?<\/h3>\n<p>Ja, det er muligt, at uforpligtende forhold kan blive til k\u00e6rlighed. Det kr\u00e6ver dog en vis indsats fra begge parter. Det f\u00f8rste skridt er at v\u00e6re \u00e6rlig om, hvad du \u00f8nsker. Hvis du ikke ved, hvad du vil have, finder du ikke ud af det, f\u00f8r du pr\u00f8ver. N\u00e5r I har fundet ud af, hvad I vil have, skal I kommunikere klart og \u00e6rligt med hinanden. Endelig er du n\u00f8dt til at vise dig selv frem og lade andre vide, hvordan du har det.<\/p>\n<h3>Hvad er en NSA-flirt?<\/h3>\n<p>En NSA-flirt er, n\u00e5r nogen har sex med en anden person, som de ikke \u00f8nsker at v\u00e6re intime med. Det sker normalt mellem to personer, der kender hinanden godt, f.eks. kolleger, familiemedlemmer eller n\u00e6re venner. Udtrykket blev f\u00f8rste gang brugt i 1970&#8217;erne og henviser til National Security Agency.<\/p>\n","protected":false},"excerpt":{"rendered":"<p>Er du tr\u00e6t af at date piger langt v\u00e6k fra dig? \u00d8nsker du at finde en k\u00e6reste t\u00e6ttere p\u00e5 dit hjem? I denne artikel giver vi dig 3 tips til at finde en lokal pige, som du kan date. Find&hellip; <a href=\"http:\/\/elsuperbeasto.com\/da\/saadan-gaar-du-paa-date-med-lokale-kvinder\/\" class=\"more-link\">Continue Reading <span class=\"meta-nav\">&rarr;<\/span><\/a><\/p>\n","protected":false},"author":1,"featured_media":155,"parent":0,"menu_order":0,"comment_status":"closed","ping_status":"closed","template":"","meta":[],"yoast_head":"<!-- This site is optimized with the Yoast SEO plugin v17.7.1 - https:\/\/yoast.com\/wordpress\/plugins\/seo\/ -->\n<title>S\u00e5dan g\u00e5r du p\u00e5 date med lokale kvinder - Quick Hookup<\/title>\n<meta name=\"robots\" content=\"index, follow, max-snippet:-1, max-image-preview:large, max-video-preview:-1\" \/>\n<link rel=\"canonical\" href=\"http:\/\/elsuperbeasto.com\/da\/saadan-gaar-du-paa-date-med-lokale-kvinder\/\" \/>\n<meta property=\"og:locale\" content=\"da_DK\" \/>\n<meta property=\"og:type\" content=\"article\" \/>\n<meta property=\"og:title\" content=\"S\u00e5dan g\u00e5r du p\u00e5 date med lokale kvinder - Quick Hookup\" \/>\n<meta property=\"og:description\" content=\"Er du tr\u00e6t af at date piger langt v\u00e6k fra dig? \u00d8nsker du at finde en k\u00e6reste t\u00e6ttere p\u00e5 dit hjem? I denne artikel giver vi dig 3 tips til at finde en lokal pige, som du kan date. Find&hellip; Continue Reading &rarr;\" \/>\n<meta property=\"og:url\" content=\"http:\/\/elsuperbeasto.com\/da\/saadan-gaar-du-paa-date-med-lokale-kvinder\/\" \/>\n<meta property=\"og:site_name\" content=\"Quick Hookup\" \/>\n<meta property=\"og:image\" content=\"https:\/\/elsuperbeasto.com\/wp-content\/uploads\/2022\/08\/sexy-time.jpeg\" \/>\n\t<meta property=\"og:image:width\" content=\"1001\" \/>\n\t<meta property=\"og:image:height\" content=\"1500\" \/>\n<meta name=\"twitter:card\" content=\"summary_large_image\" \/>\n<meta name=\"twitter:label1\" content=\"Estimeret l\u00e6setid\" \/>\n\t<meta name=\"twitter:data1\" content=\"3 minutter\" \/>\n<script type=\"application\/ld+json\" class=\"yoast-schema-graph\">{\"@context\":\"https:\/\/schema.org\",\"@graph\":[{\"@type\":\"WebSite\",\"@id\":\"https:\/\/elsuperbeasto.com\/#website\",\"url\":\"https:\/\/elsuperbeasto.com\/\",\"name\":\"Quick Hookup\",\"description\":\"Your Guide To Love\",\"potentialAction\":[{\"@type\":\"SearchAction\",\"target\":{\"@type\":\"EntryPoint\",\"urlTemplate\":\"https:\/\/elsuperbeasto.com\/?s={search_term_string}\"},\"query-input\":\"required name=search_term_string\"}],\"inLanguage\":\"da-DK\"},{\"@type\":\"ImageObject\",\"@id\":\"http:\/\/elsuperbeasto.com\/da\/saadan-gaar-du-paa-date-med-lokale-kvinder\/#primaryimage\",\"inLanguage\":\"da-DK\",\"url\":\"http:\/\/elsuperbeasto.com\/wp-content\/uploads\/2022\/08\/sexy-time.jpeg\",\"contentUrl\":\"http:\/\/elsuperbeasto.com\/wp-content\/uploads\/2022\/08\/sexy-time.jpeg\",\"width\":1001,\"height\":1500},{\"@type\":\"WebPage\",\"@id\":\"http:\/\/elsuperbeasto.com\/da\/saadan-gaar-du-paa-date-med-lokale-kvinder\/#webpage\",\"url\":\"http:\/\/elsuperbeasto.com\/da\/saadan-gaar-du-paa-date-med-lokale-kvinder\/\",\"name\":\"S\\u00e5dan g\\u00e5r du p\\u00e5 date med lokale kvinder - Quick Hookup\",\"isPartOf\":{\"@id\":\"https:\/\/elsuperbeasto.com\/#website\"},\"primaryImageOfPage\":{\"@id\":\"http:\/\/elsuperbeasto.com\/da\/saadan-gaar-du-paa-date-med-lokale-kvinder\/#primaryimage\"},\"datePublished\":\"2022-08-18T12:22:34+00:00\",\"dateModified\":\"2022-08-18T12:22:34+00:00\",\"breadcrumb\":{\"@id\":\"http:\/\/elsuperbeasto.com\/da\/saadan-gaar-du-paa-date-med-lokale-kvinder\/#breadcrumb\"},\"inLanguage\":\"da-DK\",\"potentialAction\":[{\"@type\":\"ReadAction\",\"target\":[\"http:\/\/elsuperbeasto.com\/da\/saadan-gaar-du-paa-date-med-lokale-kvinder\/\"]}]},{\"@type\":\"BreadcrumbList\",\"@id\":\"http:\/\/elsuperbeasto.com\/da\/saadan-gaar-du-paa-date-med-lokale-kvinder\/#breadcrumb\",\"itemListElement\":[{\"@type\":\"ListItem\",\"position\":1,\"name\":\"Home\",\"item\":\"https:\/\/elsuperbeasto.com\/da\/\"},{\"@type\":\"ListItem\",\"position\":2,\"name\":\"S\\u00e5dan g\\u00e5r du p\\u00e5 date med lokale kvinder\"}]}]}<\/script>\n<!-- \/ Yoast SEO plugin. -->","yoast_head_json":{"title":"S\u00e5dan g\u00e5r du p\u00e5 date med lokale kvinder - Quick Hookup","robots":{"index":"index","follow":"follow","max-snippet":"max-snippet:-1","max-image-preview":"max-image-preview:large","max-video-preview":"max-video-preview:-1"},"canonical":"http:\/\/elsuperbeasto.com\/da\/saadan-gaar-du-paa-date-med-lokale-kvinder\/","og_locale":"da_DK","og_type":"article","og_title":"S\u00e5dan g\u00e5r du p\u00e5 date med lokale kvinder - Quick Hookup","og_description":"Er du tr\u00e6t af at date piger langt v\u00e6k fra dig? \u00d8nsker du at finde en k\u00e6reste t\u00e6ttere p\u00e5 dit hjem? I denne artikel giver vi dig 3 tips til at finde en lokal pige, som du kan date. Find&hellip; Continue Reading &rarr;","og_url":"http:\/\/elsuperbeasto.com\/da\/saadan-gaar-du-paa-date-med-lokale-kvinder\/","og_site_name":"Quick Hookup","og_image":[{"width":1001,"height":1500,"url":"https:\/\/elsuperbeasto.com\/wp-content\/uploads\/2022\/08\/sexy-time.jpeg","type":"image\/jpeg"}],"twitter_card":"summary_large_image","twitter_misc":{"Estimeret l\u00e6setid":"3 minutter"},"schema":{"@context":"https:\/\/schema.org","@graph":[{"@type":"WebSite","@id":"https:\/\/elsuperbeasto.com\/#website","url":"https:\/\/elsuperbeasto.com\/","name":"Quick Hookup","description":"Your Guide To Love","potentialAction":[{"@type":"SearchAction","target":{"@type":"EntryPoint","urlTemplate":"https:\/\/elsuperbeasto.com\/?s={search_term_string}"},"query-input":"required name=search_term_string"}],"inLanguage":"da-DK"},{"@type":"ImageObject","@id":"http:\/\/elsuperbeasto.com\/da\/saadan-gaar-du-paa-date-med-lokale-kvinder\/#primaryimage","inLanguage":"da-DK","url":"http:\/\/elsuperbeasto.com\/wp-content\/uploads\/2022\/08\/sexy-time.jpeg","contentUrl":"http:\/\/elsuperbeasto.com\/wp-content\/uploads\/2022\/08\/sexy-time.jpeg","width":1001,"height":1500},{"@type":"WebPage","@id":"http:\/\/elsuperbeasto.com\/da\/saadan-gaar-du-paa-date-med-lokale-kvinder\/#webpage","url":"http:\/\/elsuperbeasto.com\/da\/saadan-gaar-du-paa-date-med-lokale-kvinder\/","name":"S\u00e5dan g\u00e5r du p\u00e5 date med lokale kvinder - Quick Hookup","isPartOf":{"@id":"https:\/\/elsuperbeasto.com\/#website"},"primaryImageOfPage":{"@id":"http:\/\/elsuperbeasto.com\/da\/saadan-gaar-du-paa-date-med-lokale-kvinder\/#primaryimage"},"datePublished":"2022-08-18T12:22:34+00:00","dateModified":"2022-08-18T12:22:34+00:00","breadcrumb":{"@id":"http:\/\/elsuperbeasto.com\/da\/saadan-gaar-du-paa-date-med-lokale-kvinder\/#breadcrumb"},"inLanguage":"da-DK","potentialAction":[{"@type":"ReadAction","target":["http:\/\/elsuperbeasto.com\/da\/saadan-gaar-du-paa-date-med-lokale-kvinder\/"]}]},{"@type":"BreadcrumbList","@id":"http:\/\/elsuperbeasto.com\/da\/saadan-gaar-du-paa-date-med-lokale-kvinder\/#breadcrumb","itemListElement":[{"@type":"ListItem","position":1,"name":"Home","item":"https:\/\/elsuperbeasto.com\/da\/"},{"@type":"ListItem","position":2,"name":"S\u00e5dan g\u00e5r du p\u00e5 date med lokale kvinder"}]}]}},"_links":{"self":[{"href":"http:\/\/elsuperbeasto.com\/da\/wp-json\/wp\/v2\/pages\/322"}],"collection":[{"href":"http:\/\/elsuperbeasto.com\/da\/wp-json\/wp\/v2\/pages"}],"about":[{"href":"http:\/\/elsuperbeasto.com\/da\/wp-json\/wp\/v2\/types\/page"}],"author":[{"embeddable":true,"href":"http:\/\/elsuperbeasto.com\/da\/wp-json\/wp\/v2\/users\/1"}],"replies":[{"embeddable":true,"href":"http:\/\/elsuperbeasto.com\/da\/wp-json\/wp\/v2\/comments?post=322"}],"version-history":[{"count":0,"href":"http:\/\/elsuperbeasto.com\/da\/wp-json\/wp\/v2\/pages\/322\/revisions"}],"wp:featuredmedia":[{"embeddable":true,"href":"http:\/\/elsuperbeasto.com\/da\/wp-json\/wp\/v2\/media\/155"}],"wp:attachment":[{"href":"http:\/\/elsuperbeasto.com\/da\/wp-json\/wp\/v2\/media?parent=322"}],"curies":[{"name":"wp","href":"https:\/\/api.w.org\/{rel}","templated":true}]}}