{"id":300,"date":"2022-08-18T13:39:47","date_gmt":"2022-08-18T12:39:47","guid":{"rendered":"http:\/\/elsuperbeasto.com\/bedstemor-dating-apps\/"},"modified":"2022-08-18T13:39:47","modified_gmt":"2022-08-18T12:39:47","slug":"bedstemor-dating-apps","status":"publish","type":"page","link":"http:\/\/elsuperbeasto.com\/da\/bedstemor-dating-apps\/","title":{"rendered":"Bedstemor Dating Apps"},"content":{"rendered":"<p>Bedstemor dating sites giver \u00e6ldre kvinder mulighed for at <a href=\"http:\/\/elsuperbeasto.com\/da\/dating-en-moden-milf\/\">m\u00f8de yngre m\u00e6nd, der \u00f8nsker at date dem<\/a>. Siden har eksisteret siden 2006 og har i \u00f8jeblikket n\u00e6sten 1 million medlemmer fra hele verden. Der er ingen gebyrer, og brugerne kan gennemse profiler baseret p\u00e5 alder, placering, interesser og seksuelle pr\u00e6ferencer.<\/p>\n<p>Hvis du vil kneppe en lokal bedstemor, s\u00e5 skal du tage hjem til hende. Hun vil blive meget glad, n\u00e5r hun ser dig ved d\u00f8ren. Bed derefter om lov til at komme ind i hendes hus. N\u00e5r hun giver dig gr\u00f8nt lys, skal du begynde at kysse hende over hele ansigtet, halsen, brysterne og fissen. Derefter skal du langsomt f\u00f8re din pik ind i hendes vagina, indtil du kommer ud i hende.<\/p>\n<h2>Match.com<\/h2>\n<p>Match.com er det st\u00f8rste datingwebsted i Nordamerika. Match.com har mere end 10 millioner registrerede brugere og tilbyder en bred vifte af tjenester og ressourcer til at hj\u00e6lpe brugerne med at finde k\u00e6rligheden. Match.com giver brugerne mulighed for at s\u00f8ge efter potentielle matches baseret p\u00e5 placering, f\u00e6lles interesser, hobbyer, erhverv, religion og uddannelse. Brugerne kan ogs\u00e5 indstille pr\u00e6ferencer med hensyn til k\u00f8n, etnicitet, forholdsstatus og seksuel orientering.<\/p>\n<p>Brugerne kan gennemse profiler, sende blink, se billeder og deltage i livechats via webcam. Medlemmerne kan ogs\u00e5 udveksle e-mails og instant messages, planl\u00e6gge virtuelle m\u00f8der og anmode om telefonopkald. Det er gratis at tilmelde sig og har en robust mobilapp til iPhone, Android, BlackBerry, Windows Phone og iPad-enheder.<\/p>\n<h2>eHarmony<\/h2>\n<p>eHarmony er et andet f\u00f8rende dating-site for modne mennesker, der udelukkende henvender sig til modne voksne. I mods\u00e6tning til traditionelle matchmaking-tjenester opkr\u00e6ver eHarmony ingen gebyrer fra brugerne. I stedet er de udelukkende afh\u00e6ngige af reklameindt\u00e6gter, der genereres af medlemsabonnementer. De h\u00e6vder, at de bruger et videnskabeligt matchingsystem til at parre brugere sammen p\u00e5 baggrund af kompatibilitetsfaktorer som f.eks. personlighedstr\u00e6k, v\u00e6rdier og livsstil. Medlemmer kan oprette en profil, der beskriver deres personlige egenskaber, hvad de kan lide, ikke kan lide og vaner. De kan derefter bruge webstedets avancerede s\u00f8gemaskine til at indsn\u00e6vre potentielle matches efter specifikke kriterier. N\u00e5r en bruger har fundet en egnet kandidat, kan han eller hun tage kontakt og begynde at udveksle e-mails og instant messages. Begge parter kan v\u00e6lge, om de vil forts\u00e6tte med et personligt m\u00f8de.<\/p>\n<h2>POF<\/h2>\n<p>PlentyofFish er et gratis online dating site, der prim\u00e6rt henvender sig til modne voksne. Webstedet er kendt for at v\u00e6re meget rummeligt og accepterer forskellige typer af mennesker. I mods\u00e6tning til andre modne datingsider kr\u00e6ver det ikke, at brugerne skal betale et abonnement. I stedet genererer den indt\u00e6gter gennem reklamer. Der er flere forskellige m\u00e5der at kommunikere p\u00e5, herunder e-mail, instant messaging, stemmechat og videochat. Dens mobilapps er tilg\u00e6ngelige til iOS\/Android.<\/p>\n<h2>OkCupid<\/h2>\n<p>OkCupid er en gratis online dating-tjeneste, der prim\u00e6rt fokuserer p\u00e5 at finde kompatible partnere til afslappet dating. Webstedet har mere end 12 millioner unikke bes\u00f8gende om m\u00e5neden og g\u00f8r det nemt for brugerne at gennemse tusindvis af profiler og kommunikere med andre via e-mail, sms og videochat.<\/p>\n<p>Med OkCupid kan brugerne uploade billeder, skrive om sig selv og beskrive, hvad de s\u00f8ger i en partner. Andre brugere kan svare p\u00e5 deres indl\u00e6g og se, om de passer til deres idealtype. Det er gratis at deltage og kr\u00e6ver ingen registrering. De tilbyder ogs\u00e5 en robust mobilapp, der fungerer p\u00e5 tv\u00e6rs af flere platforme.<\/p>\n<h2>At finde en Cougar til dig<\/h2>\n<p>Cougars og yngre fyre hygger sig p\u00e5 denne dating-app. Appen har mange funktioner, der hj\u00e6lper brugerne med at skabe kontakt. Du kan f.eks. se dine venners \u00f8jeblikke og indl\u00e6g. Du kan ogs\u00e5 sende beskeder og dele billeder. Og der er masser af andre muligheder. Men de fleste m\u00e6nd p\u00e5 denne dating-app er \u00e6ldre end dig.<\/p>\n<p>Du skal v\u00e6re villig til at m\u00f8des med din bedstemor sexpartner n\u00e5r som helst for at have det sjovt.<\/p>\n","protected":false},"excerpt":{"rendered":"<p>Bedstemor dating sites giver \u00e6ldre kvinder mulighed for at m\u00f8de yngre m\u00e6nd, der \u00f8nsker at date dem. Siden har eksisteret siden 2006 og har i \u00f8jeblikket n\u00e6sten 1 million medlemmer fra hele verden. Der er ingen gebyrer, og brugerne kan&hellip; <a href=\"http:\/\/elsuperbeasto.com\/da\/bedstemor-dating-apps\/\" class=\"more-link\">Continue Reading <span class=\"meta-nav\">&rarr;<\/span><\/a><\/p>\n","protected":false},"author":1,"featured_media":225,"parent":0,"menu_order":0,"comment_status":"closed","ping_status":"closed","template":"","meta":[],"yoast_head":"<!-- This site is optimized with the Yoast SEO plugin v17.7.1 - https:\/\/yoast.com\/wordpress\/plugins\/seo\/ -->\n<title>Bedstemor Dating Apps - Quick Hookup<\/title>\n<meta name=\"robots\" content=\"index, follow, max-snippet:-1, max-image-preview:large, max-video-preview:-1\" \/>\n<link rel=\"canonical\" href=\"http:\/\/elsuperbeasto.com\/da\/bedstemor-dating-apps\/\" \/>\n<meta property=\"og:locale\" content=\"da_DK\" \/>\n<meta property=\"og:type\" content=\"article\" \/>\n<meta property=\"og:title\" content=\"Bedstemor Dating Apps - Quick Hookup\" \/>\n<meta property=\"og:description\" content=\"Bedstemor dating sites giver \u00e6ldre kvinder mulighed for at m\u00f8de yngre m\u00e6nd, der \u00f8nsker at date dem. Siden har eksisteret siden 2006 og har i \u00f8jeblikket n\u00e6sten 1 million medlemmer fra hele verden. Der er ingen gebyrer, og brugerne kan&hellip; Continue Reading &rarr;\" \/>\n<meta property=\"og:url\" content=\"http:\/\/elsuperbeasto.com\/da\/bedstemor-dating-apps\/\" \/>\n<meta property=\"og:site_name\" content=\"Quick Hookup\" \/>\n<meta name=\"twitter:card\" content=\"summary_large_image\" \/>\n<meta name=\"twitter:image\" content=\"http:\/\/elsuperbeasto.com\/wp-content\/uploads\/2022\/08\/find-sex-on-apps.webp\" \/>\n<meta name=\"twitter:label1\" content=\"Estimeret l\u00e6setid\" \/>\n\t<meta name=\"twitter:data1\" content=\"3 minutter\" \/>\n<script type=\"application\/ld+json\" class=\"yoast-schema-graph\">{\"@context\":\"https:\/\/schema.org\",\"@graph\":[{\"@type\":\"WebSite\",\"@id\":\"https:\/\/elsuperbeasto.com\/#website\",\"url\":\"https:\/\/elsuperbeasto.com\/\",\"name\":\"Quick Hookup\",\"description\":\"Your Guide To Love\",\"potentialAction\":[{\"@type\":\"SearchAction\",\"target\":{\"@type\":\"EntryPoint\",\"urlTemplate\":\"https:\/\/elsuperbeasto.com\/?s={search_term_string}\"},\"query-input\":\"required name=search_term_string\"}],\"inLanguage\":\"da-DK\"},{\"@type\":\"ImageObject\",\"@id\":\"http:\/\/elsuperbeasto.com\/da\/bedstemor-dating-apps\/#primaryimage\",\"inLanguage\":\"da-DK\",\"url\":\"http:\/\/elsuperbeasto.com\/wp-content\/uploads\/2022\/08\/find-sex-on-apps.webp\",\"contentUrl\":\"http:\/\/elsuperbeasto.com\/wp-content\/uploads\/2022\/08\/find-sex-on-apps.webp\",\"width\":1125,\"height\":750},{\"@type\":\"WebPage\",\"@id\":\"http:\/\/elsuperbeasto.com\/da\/bedstemor-dating-apps\/#webpage\",\"url\":\"http:\/\/elsuperbeasto.com\/da\/bedstemor-dating-apps\/\",\"name\":\"Bedstemor Dating Apps - Quick Hookup\",\"isPartOf\":{\"@id\":\"https:\/\/elsuperbeasto.com\/#website\"},\"primaryImageOfPage\":{\"@id\":\"http:\/\/elsuperbeasto.com\/da\/bedstemor-dating-apps\/#primaryimage\"},\"datePublished\":\"2022-08-18T12:39:47+00:00\",\"dateModified\":\"2022-08-18T12:39:47+00:00\",\"breadcrumb\":{\"@id\":\"http:\/\/elsuperbeasto.com\/da\/bedstemor-dating-apps\/#breadcrumb\"},\"inLanguage\":\"da-DK\",\"potentialAction\":[{\"@type\":\"ReadAction\",\"target\":[\"http:\/\/elsuperbeasto.com\/da\/bedstemor-dating-apps\/\"]}]},{\"@type\":\"BreadcrumbList\",\"@id\":\"http:\/\/elsuperbeasto.com\/da\/bedstemor-dating-apps\/#breadcrumb\",\"itemListElement\":[{\"@type\":\"ListItem\",\"position\":1,\"name\":\"Home\",\"item\":\"https:\/\/elsuperbeasto.com\/da\/\"},{\"@type\":\"ListItem\",\"position\":2,\"name\":\"Bedstemor Dating Apps\"}]}]}<\/script>\n<!-- \/ Yoast SEO plugin. -->","yoast_head_json":{"title":"Bedstemor Dating Apps - Quick Hookup","robots":{"index":"index","follow":"follow","max-snippet":"max-snippet:-1","max-image-preview":"max-image-preview:large","max-video-preview":"max-video-preview:-1"},"canonical":"http:\/\/elsuperbeasto.com\/da\/bedstemor-dating-apps\/","og_locale":"da_DK","og_type":"article","og_title":"Bedstemor Dating Apps - Quick Hookup","og_description":"Bedstemor dating sites giver \u00e6ldre kvinder mulighed for at m\u00f8de yngre m\u00e6nd, der \u00f8nsker at date dem. Siden har eksisteret siden 2006 og har i \u00f8jeblikket n\u00e6sten 1 million medlemmer fra hele verden. Der er ingen gebyrer, og brugerne kan&hellip; Continue Reading &rarr;","og_url":"http:\/\/elsuperbeasto.com\/da\/bedstemor-dating-apps\/","og_site_name":"Quick Hookup","twitter_card":"summary_large_image","twitter_image":"http:\/\/elsuperbeasto.com\/wp-content\/uploads\/2022\/08\/find-sex-on-apps.webp","twitter_misc":{"Estimeret l\u00e6setid":"3 minutter"},"schema":{"@context":"https:\/\/schema.org","@graph":[{"@type":"WebSite","@id":"https:\/\/elsuperbeasto.com\/#website","url":"https:\/\/elsuperbeasto.com\/","name":"Quick Hookup","description":"Your Guide To Love","potentialAction":[{"@type":"SearchAction","target":{"@type":"EntryPoint","urlTemplate":"https:\/\/elsuperbeasto.com\/?s={search_term_string}"},"query-input":"required name=search_term_string"}],"inLanguage":"da-DK"},{"@type":"ImageObject","@id":"http:\/\/elsuperbeasto.com\/da\/bedstemor-dating-apps\/#primaryimage","inLanguage":"da-DK","url":"http:\/\/elsuperbeasto.com\/wp-content\/uploads\/2022\/08\/find-sex-on-apps.webp","contentUrl":"http:\/\/elsuperbeasto.com\/wp-content\/uploads\/2022\/08\/find-sex-on-apps.webp","width":1125,"height":750},{"@type":"WebPage","@id":"http:\/\/elsuperbeasto.com\/da\/bedstemor-dating-apps\/#webpage","url":"http:\/\/elsuperbeasto.com\/da\/bedstemor-dating-apps\/","name":"Bedstemor Dating Apps - Quick Hookup","isPartOf":{"@id":"https:\/\/elsuperbeasto.com\/#website"},"primaryImageOfPage":{"@id":"http:\/\/elsuperbeasto.com\/da\/bedstemor-dating-apps\/#primaryimage"},"datePublished":"2022-08-18T12:39:47+00:00","dateModified":"2022-08-18T12:39:47+00:00","breadcrumb":{"@id":"http:\/\/elsuperbeasto.com\/da\/bedstemor-dating-apps\/#breadcrumb"},"inLanguage":"da-DK","potentialAction":[{"@type":"ReadAction","target":["http:\/\/elsuperbeasto.com\/da\/bedstemor-dating-apps\/"]}]},{"@type":"BreadcrumbList","@id":"http:\/\/elsuperbeasto.com\/da\/bedstemor-dating-apps\/#breadcrumb","itemListElement":[{"@type":"ListItem","position":1,"name":"Home","item":"https:\/\/elsuperbeasto.com\/da\/"},{"@type":"ListItem","position":2,"name":"Bedstemor Dating Apps"}]}]}},"_links":{"self":[{"href":"http:\/\/elsuperbeasto.com\/da\/wp-json\/wp\/v2\/pages\/300"}],"collection":[{"href":"http:\/\/elsuperbeasto.com\/da\/wp-json\/wp\/v2\/pages"}],"about":[{"href":"http:\/\/elsuperbeasto.com\/da\/wp-json\/wp\/v2\/types\/page"}],"author":[{"embeddable":true,"href":"http:\/\/elsuperbeasto.com\/da\/wp-json\/wp\/v2\/users\/1"}],"replies":[{"embeddable":true,"href":"http:\/\/elsuperbeasto.com\/da\/wp-json\/wp\/v2\/comments?post=300"}],"version-history":[{"count":0,"href":"http:\/\/elsuperbeasto.com\/da\/wp-json\/wp\/v2\/pages\/300\/revisions"}],"wp:featuredmedia":[{"embeddable":true,"href":"http:\/\/elsuperbeasto.com\/da\/wp-json\/wp\/v2\/media\/225"}],"wp:attachment":[{"href":"http:\/\/elsuperbeasto.com\/da\/wp-json\/wp\/v2\/media?parent=300"}],"curies":[{"name":"wp","href":"https:\/\/api.w.org\/{rel}","templated":true}]}}