{"id":297,"date":"2022-08-18T13:39:07","date_gmt":"2022-08-18T12:39:07","guid":{"rendered":"http:\/\/elsuperbeasto.com\/dating-en-moden-milf\/"},"modified":"2022-08-18T13:39:07","modified_gmt":"2022-08-18T12:39:07","slug":"dating-en-moden-milf","status":"publish","type":"page","link":"http:\/\/elsuperbeasto.com\/da\/dating-en-moden-milf\/","title":{"rendered":"Dating en moden milf?"},"content":{"rendered":"<p>Modne singler er p\u00e5 udkig efter k\u00e6rlighed og romantik. Hvis du \u00f8nsker at finde dem, skal du v\u00e6re t\u00e5lmodig og vente, indtil de kommer til dig. Den bedste m\u00e5de at m\u00f8de modne singler p\u00e5 er gennem dating hjemmesider som Match.com, eHarmony, OkCupid, osv. Der er flere steder, hvor du kan finde \u00e6ldre kvinder, der leder efter sex. Det bedste sted at starte er p\u00e5 Craigslist.com. Dette websted har tusindvis af annoncer fra hele verden, der dagligt bliver lagt ud. En anden god mulighed er Backpage.com. Dette websted har ogs\u00e5 millioner af lister over ledsagere og voksentjenester.<\/p>\n<p>Denne statistik forventes at forts\u00e6tte med at stige, efterh\u00e5nden som flere voksne voksne bliver fortrolige med teknologi og f\u00f8ler sig trygge ved at udtrykke sig online. Som et resultat, der er mange modne dating sites tilg\u00e6ngelige p\u00e5 internettet. Disse sider giver modne voksne mulighed for at m\u00f8des og interagere med andre medlemmer baseret p\u00e5 f\u00e6lles interesser. Ud over at m\u00f8de nye mennesker giver disse sider ogs\u00e5 brugerne adgang til eksklusivt indhold og v\u00e6rkt\u00f8jer, der er designet til at forbedre kommunikationen og f\u00f8re til varige relationer. Mens modne dating sites varierer meget med hensyn til medlemskab gebyrer, brugergr\u00e6nseflade, og generel kvalitet, f\u00f8lgende er nogle af de bedste modne dating sites i \u00f8jeblikket tilg\u00e6ngelige p\u00e5 nettet.<\/p>\n<h2>Vores bedste valg:<\/h2>\n<p>Der er <a href=\"http:\/\/elsuperbeasto.com\/da\/hvordan-fungerer-nsa-hookups\/\">flere websteder<\/a>, der tilbyder senior dating sites, s\u00e5som Senior Matchmaker, Senior People Meet, og SeniorsMeet. Disse websteder giver brugerne mulighed for at s\u00f8ge efter andre medlemmer p\u00e5 baggrund af alder, placering, interesser og hobbyer.<\/p>\n<p>Vi vil dog gerne give dig nogle alternativer til de popul\u00e6re valg.<\/p>\n<h3>YourTango<\/h3>\n<p>YourTango er en gratis online dating platform, der prim\u00e6rt henvender sig til unge voksne. Det betyder, at YourTango er fokuseret p\u00e5 at skabe kontakt mellem singler i 20&#8217;erne og begyndelsen af 30&#8217;erne.<\/p>\n<p>Det ligner andre modne voksen dating sider, idet det ikke kr\u00e6ver et betalt abonnement for at registrere sig. Den har dog et lille udvalg af premium-funktioner, som koster 9,99 dollars om m\u00e5neden. Hovedfokus er p\u00e5 at skabe langvarige forbindelser mellem brugerne. Derfor giver den en meget interaktiv oplevelse, hvor brugerne kan udtrykke sig frit.<\/p>\n<p>Brugere kan skrive artikler, videoer og billeder p\u00e5 deres profilsider. De kan ogs\u00e5 skrive kommentarer til andre medlemmers indl\u00e6g. Tilg\u00e6ngelig til b\u00e5de iOS- og Android-enheder.<\/p>\n<h3>Zoosk<\/h3>\n<p>Zoosk er et gratis online datingwebsted, der prim\u00e6rt henvender sig til enlige fagfolk. Det betyder, at Zoosk er rettet mod modne voksne, der \u00f8nsker at date inden for deres egen branche. Det ligner andre modne dating sider, idet det ikke kr\u00e6ver nogen betaling for at registrere sig. I mods\u00e6tning til andre modne dating sider opkr\u00e6ver Zoosk dog et m\u00e5nedligt gebyr for premium-konti. Den grundl\u00e6ggende konto omfatter ubegr\u00e6nsede muligheder for at sende beskeder og surfe. Premium-medlemskaber giver adgang til ekstra funktioner som f.eks. forbedrede s\u00f8ge- og visningsmuligheder.<\/p>\n<h3>ChristianMingle<\/h3>\n<p>ChristianMingle er en f\u00f8rende moden dating side, der udelukkende henvender sig til kristne. Selv om det ved f\u00f8rste \u00f8jekast kan virke begr\u00e6nsende, opfordrer denne app faktisk brugerne til at udvide deres horisont ud over deres religi\u00f8se overbevisning. Det er helt gratis at tilmelde sig og giver brugerne en omfattende liste over funktioner. Brugerne kan f.eks. l\u00e6se detaljerede biografier, se billeder, tilf\u00f8je favoritter og bed\u00f8mme medlemmer.<\/p>\n<p>De kan ogs\u00e5 stille sp\u00f8rgsm\u00e5l og bede om r\u00e5d fra andre medlemmer. Desuden tilbyder den en privat beskedfunktion, der g\u00f8r det muligt for brugerne at diskutere emner privat uden at frygte at blive d\u00f8mt. Du kan pr\u00f8ve tilbuddet med et premium-abonnement, der giver adgang til eksklusivt indhold og funktioner.<\/p>\n<h3>T\u00e6ndstik<\/h3>\n<p>Selv om Match.com er den \u00e6ldste modne dating side p\u00e5 markedet, er den stadig en af de mest popul\u00e6re. Siden blev grundlagt i 1995 og har nu over 11 millioner aktive medlemmer p\u00e5 verdensplan.<\/p>\n<p>Det anses for at v\u00e6re en af de bedste modne dating sider, fordi det giver brugerne en bred vifte af funktioner og tjenester. Brugerne kan f.eks. s\u00f8ge efter potentielle matches p\u00e5 baggrund af alder, k\u00f8n, livsstil, karriere, religion og etnicitet. Derudover giver det medlemmerne mulighed for at dele billeder og videoer, modtage personlige anbefalinger og skabe kontakt via sociale medier.<\/p>\n<h2>Konklusion<\/h2>\n<p>Brug ikke din tid p\u00e5 at lede efter MILF&#8217;er, medmindre du er parat til at give dem alt, hvad de vil have. Der er altid en anden derude, som vil behandle dem som de sexgudinder, de virkelig er.<\/p>\n","protected":false},"excerpt":{"rendered":"<p>Modne singler er p\u00e5 udkig efter k\u00e6rlighed og romantik. Hvis du \u00f8nsker at finde dem, skal du v\u00e6re t\u00e5lmodig og vente, indtil de kommer til dig. Den bedste m\u00e5de at m\u00f8de modne singler p\u00e5 er gennem dating hjemmesider som Match.com,&hellip; <a href=\"http:\/\/elsuperbeasto.com\/da\/dating-en-moden-milf\/\" class=\"more-link\">Continue Reading <span class=\"meta-nav\">&rarr;<\/span><\/a><\/p>\n","protected":false},"author":1,"featured_media":197,"parent":0,"menu_order":0,"comment_status":"closed","ping_status":"closed","template":"","meta":[],"yoast_head":"<!-- This site is optimized with the Yoast SEO plugin v17.7.1 - https:\/\/yoast.com\/wordpress\/plugins\/seo\/ -->\n<title>Dating en moden milf? - Quick Hookup<\/title>\n<meta name=\"robots\" content=\"index, follow, max-snippet:-1, max-image-preview:large, max-video-preview:-1\" \/>\n<link rel=\"canonical\" href=\"http:\/\/elsuperbeasto.com\/da\/dating-en-moden-milf\/\" \/>\n<meta property=\"og:locale\" content=\"da_DK\" \/>\n<meta property=\"og:type\" content=\"article\" \/>\n<meta property=\"og:title\" content=\"Dating en moden milf? - Quick Hookup\" \/>\n<meta property=\"og:description\" content=\"Modne singler er p\u00e5 udkig efter k\u00e6rlighed og romantik. Hvis du \u00f8nsker at finde dem, skal du v\u00e6re t\u00e5lmodig og vente, indtil de kommer til dig. Den bedste m\u00e5de at m\u00f8de modne singler p\u00e5 er gennem dating hjemmesider som Match.com,&hellip; Continue Reading &rarr;\" \/>\n<meta property=\"og:url\" content=\"http:\/\/elsuperbeasto.com\/da\/dating-en-moden-milf\/\" \/>\n<meta property=\"og:site_name\" content=\"Quick Hookup\" \/>\n<meta property=\"og:image\" content=\"http:\/\/elsuperbeasto.com\/wp-content\/uploads\/2022\/08\/be-mine.jpeg\" \/>\n\t<meta property=\"og:image:width\" content=\"2250\" \/>\n\t<meta property=\"og:image:height\" content=\"1500\" \/>\n<meta name=\"twitter:card\" content=\"summary_large_image\" \/>\n<meta name=\"twitter:label1\" content=\"Estimeret l\u00e6setid\" \/>\n\t<meta name=\"twitter:data1\" content=\"4 minutter\" \/>\n<script type=\"application\/ld+json\" class=\"yoast-schema-graph\">{\"@context\":\"https:\/\/schema.org\",\"@graph\":[{\"@type\":\"WebSite\",\"@id\":\"https:\/\/elsuperbeasto.com\/#website\",\"url\":\"https:\/\/elsuperbeasto.com\/\",\"name\":\"Quick Hookup\",\"description\":\"Your Guide To Love\",\"potentialAction\":[{\"@type\":\"SearchAction\",\"target\":{\"@type\":\"EntryPoint\",\"urlTemplate\":\"https:\/\/elsuperbeasto.com\/?s={search_term_string}\"},\"query-input\":\"required name=search_term_string\"}],\"inLanguage\":\"da-DK\"},{\"@type\":\"ImageObject\",\"@id\":\"http:\/\/elsuperbeasto.com\/da\/dating-en-moden-milf\/#primaryimage\",\"inLanguage\":\"da-DK\",\"url\":\"http:\/\/elsuperbeasto.com\/wp-content\/uploads\/2022\/08\/be-mine.jpeg\",\"contentUrl\":\"http:\/\/elsuperbeasto.com\/wp-content\/uploads\/2022\/08\/be-mine.jpeg\",\"width\":2250,\"height\":1500},{\"@type\":\"WebPage\",\"@id\":\"http:\/\/elsuperbeasto.com\/da\/dating-en-moden-milf\/#webpage\",\"url\":\"http:\/\/elsuperbeasto.com\/da\/dating-en-moden-milf\/\",\"name\":\"Dating en moden milf? - Quick Hookup\",\"isPartOf\":{\"@id\":\"https:\/\/elsuperbeasto.com\/#website\"},\"primaryImageOfPage\":{\"@id\":\"http:\/\/elsuperbeasto.com\/da\/dating-en-moden-milf\/#primaryimage\"},\"datePublished\":\"2022-08-18T12:39:07+00:00\",\"dateModified\":\"2022-08-18T12:39:07+00:00\",\"breadcrumb\":{\"@id\":\"http:\/\/elsuperbeasto.com\/da\/dating-en-moden-milf\/#breadcrumb\"},\"inLanguage\":\"da-DK\",\"potentialAction\":[{\"@type\":\"ReadAction\",\"target\":[\"http:\/\/elsuperbeasto.com\/da\/dating-en-moden-milf\/\"]}]},{\"@type\":\"BreadcrumbList\",\"@id\":\"http:\/\/elsuperbeasto.com\/da\/dating-en-moden-milf\/#breadcrumb\",\"itemListElement\":[{\"@type\":\"ListItem\",\"position\":1,\"name\":\"Home\",\"item\":\"https:\/\/elsuperbeasto.com\/da\/\"},{\"@type\":\"ListItem\",\"position\":2,\"name\":\"Dating en moden milf?\"}]}]}<\/script>\n<!-- \/ Yoast SEO plugin. -->","yoast_head_json":{"title":"Dating en moden milf? - Quick Hookup","robots":{"index":"index","follow":"follow","max-snippet":"max-snippet:-1","max-image-preview":"max-image-preview:large","max-video-preview":"max-video-preview:-1"},"canonical":"http:\/\/elsuperbeasto.com\/da\/dating-en-moden-milf\/","og_locale":"da_DK","og_type":"article","og_title":"Dating en moden milf? - Quick Hookup","og_description":"Modne singler er p\u00e5 udkig efter k\u00e6rlighed og romantik. Hvis du \u00f8nsker at finde dem, skal du v\u00e6re t\u00e5lmodig og vente, indtil de kommer til dig. Den bedste m\u00e5de at m\u00f8de modne singler p\u00e5 er gennem dating hjemmesider som Match.com,&hellip; Continue Reading &rarr;","og_url":"http:\/\/elsuperbeasto.com\/da\/dating-en-moden-milf\/","og_site_name":"Quick Hookup","og_image":[{"width":2250,"height":1500,"url":"http:\/\/elsuperbeasto.com\/wp-content\/uploads\/2022\/08\/be-mine.jpeg","type":"image\/jpeg"}],"twitter_card":"summary_large_image","twitter_misc":{"Estimeret l\u00e6setid":"4 minutter"},"schema":{"@context":"https:\/\/schema.org","@graph":[{"@type":"WebSite","@id":"https:\/\/elsuperbeasto.com\/#website","url":"https:\/\/elsuperbeasto.com\/","name":"Quick Hookup","description":"Your Guide To Love","potentialAction":[{"@type":"SearchAction","target":{"@type":"EntryPoint","urlTemplate":"https:\/\/elsuperbeasto.com\/?s={search_term_string}"},"query-input":"required name=search_term_string"}],"inLanguage":"da-DK"},{"@type":"ImageObject","@id":"http:\/\/elsuperbeasto.com\/da\/dating-en-moden-milf\/#primaryimage","inLanguage":"da-DK","url":"http:\/\/elsuperbeasto.com\/wp-content\/uploads\/2022\/08\/be-mine.jpeg","contentUrl":"http:\/\/elsuperbeasto.com\/wp-content\/uploads\/2022\/08\/be-mine.jpeg","width":2250,"height":1500},{"@type":"WebPage","@id":"http:\/\/elsuperbeasto.com\/da\/dating-en-moden-milf\/#webpage","url":"http:\/\/elsuperbeasto.com\/da\/dating-en-moden-milf\/","name":"Dating en moden milf? - Quick Hookup","isPartOf":{"@id":"https:\/\/elsuperbeasto.com\/#website"},"primaryImageOfPage":{"@id":"http:\/\/elsuperbeasto.com\/da\/dating-en-moden-milf\/#primaryimage"},"datePublished":"2022-08-18T12:39:07+00:00","dateModified":"2022-08-18T12:39:07+00:00","breadcrumb":{"@id":"http:\/\/elsuperbeasto.com\/da\/dating-en-moden-milf\/#breadcrumb"},"inLanguage":"da-DK","potentialAction":[{"@type":"ReadAction","target":["http:\/\/elsuperbeasto.com\/da\/dating-en-moden-milf\/"]}]},{"@type":"BreadcrumbList","@id":"http:\/\/elsuperbeasto.com\/da\/dating-en-moden-milf\/#breadcrumb","itemListElement":[{"@type":"ListItem","position":1,"name":"Home","item":"https:\/\/elsuperbeasto.com\/da\/"},{"@type":"ListItem","position":2,"name":"Dating en moden milf?"}]}]}},"_links":{"self":[{"href":"http:\/\/elsuperbeasto.com\/da\/wp-json\/wp\/v2\/pages\/297"}],"collection":[{"href":"http:\/\/elsuperbeasto.com\/da\/wp-json\/wp\/v2\/pages"}],"about":[{"href":"http:\/\/elsuperbeasto.com\/da\/wp-json\/wp\/v2\/types\/page"}],"author":[{"embeddable":true,"href":"http:\/\/elsuperbeasto.com\/da\/wp-json\/wp\/v2\/users\/1"}],"replies":[{"embeddable":true,"href":"http:\/\/elsuperbeasto.com\/da\/wp-json\/wp\/v2\/comments?post=297"}],"version-history":[{"count":0,"href":"http:\/\/elsuperbeasto.com\/da\/wp-json\/wp\/v2\/pages\/297\/revisions"}],"wp:featuredmedia":[{"embeddable":true,"href":"http:\/\/elsuperbeasto.com\/da\/wp-json\/wp\/v2\/media\/197"}],"wp:attachment":[{"href":"http:\/\/elsuperbeasto.com\/da\/wp-json\/wp\/v2\/media?parent=297"}],"curies":[{"name":"wp","href":"https:\/\/api.w.org\/{rel}","templated":true}]}}