{"id":281,"date":"2022-08-18T13:44:21","date_gmt":"2022-08-18T12:44:21","guid":{"rendered":"http:\/\/elsuperbeasto.com\/hvad-er-de-bedste-sexting-apps\/"},"modified":"2022-08-18T13:44:21","modified_gmt":"2022-08-18T12:44:21","slug":"hvad-er-de-bedste-sexting-apps","status":"publish","type":"page","link":"http:\/\/elsuperbeasto.com\/da\/hvad-er-de-bedste-sexting-apps\/","title":{"rendered":"Hvad er de bedste sexting-apps?"},"content":{"rendered":"<p>Du ved, hvad der sker, n\u00e5r du er liderlig. Du <a href=\"http:\/\/elsuperbeasto.com\/da\/er-online-dating-sikkert\/\">skriver en sms til din partner<\/a>, sender ham\/hende et sexet billede, m\u00e5ske endda en aftale om en date. Men nogle gange g\u00e5r tingene ikke helt som planlagt. M\u00e5ske reagerer han ikke. Eller ogs\u00e5 er hun ikke interesseret i det. Og du st\u00e5r tilbage og spekulerer p\u00e5, om du nogensinde kommer til at se din partner igen.<\/p>\n<p>Men takket v\u00e6re internettet kan du stadig finde en anden, mens du venter p\u00e5, at din partner kommer til dig. Der findes masser af gratis sexting-websteder, hvor du kan finde folk, der \u00f8nsker at chatte fr\u00e6kt over tekst. Disse sider g\u00f8r det nemt at flirte med andre uden at skulle bekymre sig om at blive opdaget. De tilbyder ogs\u00e5 funktioner som live camming, webcamsex og telefonsex. Det eneste, du skal bruge, er en smartphone og en forbindelse.<\/p>\n<p>Nogle velkendte valgmuligheder er:<\/p>\n<ol>\n<li>Kik &#8211; Kik er en af de \u00e6ldste datingplatforme p\u00e5 nettet. Det har eksisteret siden 2005, og det bruges af millioner af mennesker verden over. Den er specielt udviklet til teenagere og unge voksne, men alle kan bruge den.<\/li>\n<li>Omegle &#8211; Hvis du aldrig har h\u00f8rt om Omegle, er det sandsynligvis fordi det ikke er s\u00e6rlig kendt. Dette websted giver dig mulighed for at f\u00e5 tilf\u00e6ldigt kontakt med en anden person. Du kan tale med hvem du vil, uanset hvor gammel de er. Husk bare p\u00e5, at de fleste mennesker ikke er interesserede i at tale med en person, de har m\u00f8dt online.<\/li>\n<li>Chatroulette &#8211; Som navnet antyder, kan du med Chatroulette m\u00f8de tilf\u00e6ldige personer og begynde at chatte med dem. Det ligner Omegle, bortset fra at du i stedet for at komme i kontakt med folk, du allerede kender, kommer du i kontakt med helt fremmede mennesker.<\/li>\n<li>Scruff &#8211; Scruff er lidt anderledes end andre datingsider. I stedet for at matche dig med potentielle dates baseret p\u00e5 dine pr\u00e6ferencer, matcher den dig baseret p\u00e5 din placering. S\u00e5 hvis du er i New York, og du matcher en person i n\u00e6rheden, kan I aftale at m\u00f8des sammen.<\/li>\n<\/ol>\n<h2>Vores yndlingsapp til sexting online: Confide<\/h2>\n<p>Denne gratis app er enkel og nem at bruge og giver dig mulighed for at sende billeder privat via sms. Du beh\u00f8ver ikke at bekymre dig om, at du ved et uheld sender noget for fr\u00e6kt, da der ikke er nogen muligheder for at dele billeder. Det eneste, du kan g\u00f8re, er at slette meddelelser. Hvis du \u00f8nsker at holde tingene lidt mere muntre, kan du pr\u00f8ve den &#8220;flirtende tilstand&#8221;, hvor du kan tilf\u00f8je emojis til dine tekster.<\/p>\n<h2>For at finde et forhold efter Sexting? AFF er dit bedste valg<\/h2>\n<p>AdultFriendFinder, eller AFF, er en af de st\u00f8rste gratis sexchatsider derude. Hvis du leder efter et sted at flirte, g\u00e5 p\u00e5 date eller endda finde en fyr i n\u00e6rheden, er det helt sikkert v\u00e6rd at tjekke ud.<\/p>\n<p>Der er masser af forskellige m\u00e5der at kommunikere med andre p\u00e5 sitet, herunder tekstbeskeder, e-mails og instant messaging. Du kan ogs\u00e5 bruge webcam-funktionen til at videochatte med andre medlemmer.<\/p>\n<p>Du kan ogs\u00e5 v\u00e6lge at g\u00e5 ind i en specifik kategori og gennemse profiler baseret p\u00e5 dine interesser. Uanset om du \u00f8nsker at m\u00f8de nogen til en hurtig aff\u00e6re, bare for at h\u00e6nge ud, eller noget helt andet, har AdultFriendFinder et f\u00e6llesskab for alle.<\/p>\n<h2>Vores r\u00e5d<\/h2>\n<p>Ligesom alt andet kan sexting f\u00f8re til problemer. Du b\u00f8r kun sende n\u00f8genbilleder til personer, du stoler p\u00e5. Det betyder, at du kun b\u00f8r sende n\u00f8genbilleder via sms eller e-mail. Du m\u00e5 aldrig uploade n\u00f8genbilleder til et websted eller et socialt netv\u00e6rkssite. Du m\u00e5 ikke sende n\u00f8genbilleder til fremmede eller personer, du ikke kender personligt.<\/p>\n<p>N\u00e5r du f\u00f8rst begynder at sextet, er det almindeligt at f\u00f8le sig begejstret. Men det er vigtigt at s\u00e6tte gr\u00e6nser p\u00e5 et tidligt tidspunkt. Du b\u00f8r f.eks. fort\u00e6lle din(e) partner(e), at du ikke sender n\u00f8genbilleder uden tilladelse. P\u00e5 den m\u00e5de kan de vide, at du respekterer deres privatliv. Du b\u00f8r ogs\u00e5 lade dine partnere vide, at du kun er interesseret i sexting. Du skal ikke forvente, at din partner f\u00f8lger alle dine \u00f8nsker.<\/p>\n<p>Husk, at sexting ikke er et spil. Det er alvorligt. Og du b\u00f8r behandle det som s\u00e5dan. Begynd at sextet med det samme! Du vil more dig mere end nogensinde f\u00f8r.<\/p>\n","protected":false},"excerpt":{"rendered":"<p>Du ved, hvad der sker, n\u00e5r du er liderlig. Du skriver en sms til din partner, sender ham\/hende et sexet billede, m\u00e5ske endda en aftale om en date. Men nogle gange g\u00e5r tingene ikke helt som planlagt. M\u00e5ske reagerer han&hellip; <a href=\"http:\/\/elsuperbeasto.com\/da\/hvad-er-de-bedste-sexting-apps\/\" class=\"more-link\">Continue Reading <span class=\"meta-nav\">&rarr;<\/span><\/a><\/p>\n","protected":false},"author":1,"featured_media":113,"parent":0,"menu_order":0,"comment_status":"closed","ping_status":"closed","template":"","meta":[],"yoast_head":"<!-- This site is optimized with the Yoast SEO plugin v17.7.1 - https:\/\/yoast.com\/wordpress\/plugins\/seo\/ -->\n<title>Hvad er de bedste sexting-apps? - Quick Hookup<\/title>\n<meta name=\"robots\" content=\"index, follow, max-snippet:-1, max-image-preview:large, max-video-preview:-1\" \/>\n<link rel=\"canonical\" href=\"http:\/\/elsuperbeasto.com\/da\/hvad-er-de-bedste-sexting-apps\/\" \/>\n<meta property=\"og:locale\" content=\"da_DK\" \/>\n<meta property=\"og:type\" content=\"article\" \/>\n<meta property=\"og:title\" content=\"Hvad er de bedste sexting-apps? - Quick Hookup\" \/>\n<meta property=\"og:description\" content=\"Du ved, hvad der sker, n\u00e5r du er liderlig. Du skriver en sms til din partner, sender ham\/hende et sexet billede, m\u00e5ske endda en aftale om en date. Men nogle gange g\u00e5r tingene ikke helt som planlagt. M\u00e5ske reagerer han&hellip; Continue Reading &rarr;\" \/>\n<meta property=\"og:url\" content=\"http:\/\/elsuperbeasto.com\/da\/hvad-er-de-bedste-sexting-apps\/\" \/>\n<meta property=\"og:site_name\" content=\"Quick Hookup\" \/>\n<meta property=\"og:image\" content=\"https:\/\/elsuperbeasto.com\/wp-content\/uploads\/2022\/08\/online-dating-apps.jpeg\" \/>\n\t<meta property=\"og:image:width\" content=\"2256\" \/>\n\t<meta property=\"og:image:height\" content=\"1500\" \/>\n<meta name=\"twitter:card\" content=\"summary_large_image\" \/>\n<meta name=\"twitter:label1\" content=\"Estimeret l\u00e6setid\" \/>\n\t<meta name=\"twitter:data1\" content=\"4 minutter\" \/>\n<script type=\"application\/ld+json\" class=\"yoast-schema-graph\">{\"@context\":\"https:\/\/schema.org\",\"@graph\":[{\"@type\":\"WebSite\",\"@id\":\"https:\/\/elsuperbeasto.com\/#website\",\"url\":\"https:\/\/elsuperbeasto.com\/\",\"name\":\"Quick Hookup\",\"description\":\"Your Guide To Love\",\"potentialAction\":[{\"@type\":\"SearchAction\",\"target\":{\"@type\":\"EntryPoint\",\"urlTemplate\":\"https:\/\/elsuperbeasto.com\/?s={search_term_string}\"},\"query-input\":\"required name=search_term_string\"}],\"inLanguage\":\"da-DK\"},{\"@type\":\"ImageObject\",\"@id\":\"http:\/\/elsuperbeasto.com\/da\/hvad-er-de-bedste-sexting-apps\/#primaryimage\",\"inLanguage\":\"da-DK\",\"url\":\"http:\/\/elsuperbeasto.com\/wp-content\/uploads\/2022\/08\/online-dating-apps.jpeg\",\"contentUrl\":\"http:\/\/elsuperbeasto.com\/wp-content\/uploads\/2022\/08\/online-dating-apps.jpeg\",\"width\":2256,\"height\":1500},{\"@type\":\"WebPage\",\"@id\":\"http:\/\/elsuperbeasto.com\/da\/hvad-er-de-bedste-sexting-apps\/#webpage\",\"url\":\"http:\/\/elsuperbeasto.com\/da\/hvad-er-de-bedste-sexting-apps\/\",\"name\":\"Hvad er de bedste sexting-apps? - Quick Hookup\",\"isPartOf\":{\"@id\":\"https:\/\/elsuperbeasto.com\/#website\"},\"primaryImageOfPage\":{\"@id\":\"http:\/\/elsuperbeasto.com\/da\/hvad-er-de-bedste-sexting-apps\/#primaryimage\"},\"datePublished\":\"2022-08-18T12:44:21+00:00\",\"dateModified\":\"2022-08-18T12:44:21+00:00\",\"breadcrumb\":{\"@id\":\"http:\/\/elsuperbeasto.com\/da\/hvad-er-de-bedste-sexting-apps\/#breadcrumb\"},\"inLanguage\":\"da-DK\",\"potentialAction\":[{\"@type\":\"ReadAction\",\"target\":[\"http:\/\/elsuperbeasto.com\/da\/hvad-er-de-bedste-sexting-apps\/\"]}]},{\"@type\":\"BreadcrumbList\",\"@id\":\"http:\/\/elsuperbeasto.com\/da\/hvad-er-de-bedste-sexting-apps\/#breadcrumb\",\"itemListElement\":[{\"@type\":\"ListItem\",\"position\":1,\"name\":\"Home\",\"item\":\"https:\/\/elsuperbeasto.com\/da\/\"},{\"@type\":\"ListItem\",\"position\":2,\"name\":\"Hvad er de bedste sexting-apps?\"}]}]}<\/script>\n<!-- \/ Yoast SEO plugin. -->","yoast_head_json":{"title":"Hvad er de bedste sexting-apps? - Quick Hookup","robots":{"index":"index","follow":"follow","max-snippet":"max-snippet:-1","max-image-preview":"max-image-preview:large","max-video-preview":"max-video-preview:-1"},"canonical":"http:\/\/elsuperbeasto.com\/da\/hvad-er-de-bedste-sexting-apps\/","og_locale":"da_DK","og_type":"article","og_title":"Hvad er de bedste sexting-apps? - Quick Hookup","og_description":"Du ved, hvad der sker, n\u00e5r du er liderlig. Du skriver en sms til din partner, sender ham\/hende et sexet billede, m\u00e5ske endda en aftale om en date. Men nogle gange g\u00e5r tingene ikke helt som planlagt. M\u00e5ske reagerer han&hellip; Continue Reading &rarr;","og_url":"http:\/\/elsuperbeasto.com\/da\/hvad-er-de-bedste-sexting-apps\/","og_site_name":"Quick Hookup","og_image":[{"width":2256,"height":1500,"url":"https:\/\/elsuperbeasto.com\/wp-content\/uploads\/2022\/08\/online-dating-apps.jpeg","type":"image\/jpeg"}],"twitter_card":"summary_large_image","twitter_misc":{"Estimeret l\u00e6setid":"4 minutter"},"schema":{"@context":"https:\/\/schema.org","@graph":[{"@type":"WebSite","@id":"https:\/\/elsuperbeasto.com\/#website","url":"https:\/\/elsuperbeasto.com\/","name":"Quick Hookup","description":"Your Guide To Love","potentialAction":[{"@type":"SearchAction","target":{"@type":"EntryPoint","urlTemplate":"https:\/\/elsuperbeasto.com\/?s={search_term_string}"},"query-input":"required name=search_term_string"}],"inLanguage":"da-DK"},{"@type":"ImageObject","@id":"http:\/\/elsuperbeasto.com\/da\/hvad-er-de-bedste-sexting-apps\/#primaryimage","inLanguage":"da-DK","url":"http:\/\/elsuperbeasto.com\/wp-content\/uploads\/2022\/08\/online-dating-apps.jpeg","contentUrl":"http:\/\/elsuperbeasto.com\/wp-content\/uploads\/2022\/08\/online-dating-apps.jpeg","width":2256,"height":1500},{"@type":"WebPage","@id":"http:\/\/elsuperbeasto.com\/da\/hvad-er-de-bedste-sexting-apps\/#webpage","url":"http:\/\/elsuperbeasto.com\/da\/hvad-er-de-bedste-sexting-apps\/","name":"Hvad er de bedste sexting-apps? - Quick Hookup","isPartOf":{"@id":"https:\/\/elsuperbeasto.com\/#website"},"primaryImageOfPage":{"@id":"http:\/\/elsuperbeasto.com\/da\/hvad-er-de-bedste-sexting-apps\/#primaryimage"},"datePublished":"2022-08-18T12:44:21+00:00","dateModified":"2022-08-18T12:44:21+00:00","breadcrumb":{"@id":"http:\/\/elsuperbeasto.com\/da\/hvad-er-de-bedste-sexting-apps\/#breadcrumb"},"inLanguage":"da-DK","potentialAction":[{"@type":"ReadAction","target":["http:\/\/elsuperbeasto.com\/da\/hvad-er-de-bedste-sexting-apps\/"]}]},{"@type":"BreadcrumbList","@id":"http:\/\/elsuperbeasto.com\/da\/hvad-er-de-bedste-sexting-apps\/#breadcrumb","itemListElement":[{"@type":"ListItem","position":1,"name":"Home","item":"https:\/\/elsuperbeasto.com\/da\/"},{"@type":"ListItem","position":2,"name":"Hvad er de bedste sexting-apps?"}]}]}},"_links":{"self":[{"href":"http:\/\/elsuperbeasto.com\/da\/wp-json\/wp\/v2\/pages\/281"}],"collection":[{"href":"http:\/\/elsuperbeasto.com\/da\/wp-json\/wp\/v2\/pages"}],"about":[{"href":"http:\/\/elsuperbeasto.com\/da\/wp-json\/wp\/v2\/types\/page"}],"author":[{"embeddable":true,"href":"http:\/\/elsuperbeasto.com\/da\/wp-json\/wp\/v2\/users\/1"}],"replies":[{"embeddable":true,"href":"http:\/\/elsuperbeasto.com\/da\/wp-json\/wp\/v2\/comments?post=281"}],"version-history":[{"count":0,"href":"http:\/\/elsuperbeasto.com\/da\/wp-json\/wp\/v2\/pages\/281\/revisions"}],"wp:featuredmedia":[{"embeddable":true,"href":"http:\/\/elsuperbeasto.com\/da\/wp-json\/wp\/v2\/media\/113"}],"wp:attachment":[{"href":"http:\/\/elsuperbeasto.com\/da\/wp-json\/wp\/v2\/media?parent=281"}],"curies":[{"name":"wp","href":"https:\/\/api.w.org\/{rel}","templated":true}]}}