{"id":272,"date":"2022-08-18T13:49:33","date_gmt":"2022-08-18T12:49:33","guid":{"rendered":"http:\/\/elsuperbeasto.com\/saadan-moeder-du-singler-i-naerheden\/"},"modified":"2022-08-18T13:49:33","modified_gmt":"2022-08-18T12:49:33","slug":"saadan-moeder-du-singler-i-naerheden","status":"publish","type":"page","link":"http:\/\/elsuperbeasto.com\/da\/saadan-moeder-du-singler-i-naerheden\/","title":{"rendered":"S\u00e5dan m\u00f8der du singler i n\u00e6rheden"},"content":{"rendered":"<p>Der er mange forskellige typer mennesker derude, som s\u00f8ger k\u00e6rlighed. Der er dem, der \u00f8nsker at <a href=\"http:\/\/elsuperbeasto.com\/da\/saadan-gaar-du-paa-date-med-lokale-kvinder\/\">date en person inden for deres religion, etnicitet, alder<\/a> osv., mens andre bare \u00f8nsker at finde en person, der deler de samme interesser. Hvis du er en af dem, der \u00f8nsker at m\u00f8de en s\u00e6rlig person, er der her nogle gode muligheder for at finde ligesindede singler.<\/p>\n<h2>Vores r\u00e5d<\/h2>\n<p>Online dating er blevet en af de mest popul\u00e6re metoder til at m\u00f8de potentielle romantiske partnere.<\/p>\n<p>Med millioner af enlige m\u00e6nd og kvinder, der bruger online dating sider hver m\u00e5ned, er det ikke underligt, at flere og flere par vender sig mod online dating for at finde deres soul mates. P\u00e5 trods af sin popularitet er online dating dog stadig forbundet med mange risici. Det kan f.eks. v\u00e6re sv\u00e6rt at se, om en person, som du er interesseret i, virkelig mener det alvorligt med at indlede et forhold med dig.<\/p>\n<h3>Brug de gratis pr\u00f8veversioner, f\u00f8r du betaler<\/h3>\n<p>Mange mennesker tror, at det er en n\u00f8dvendig del af processen at betale for online dating-tjenester. Men det er ikke sandt. Der findes masser af gratis online datingwebsteder, hvor du kan tilmelde dig og gennemse profiler uden at bruge penge. Desuden kan du ofte f\u00e5 matches baseret p\u00e5 dine interesser, din placering og dine hobbyer.<\/p>\n<h3>Vid, hvad du vil have, f\u00f8r du tilmelder dig et websted<\/h3>\n<p>F\u00f8r du tilmelder dig et websted, skal du tage dig tid til at t\u00e6nke over, hvad du \u00f8nsker af din partner. Bor han\/hun f.eks. i n\u00e6rheden af dig? Deler hun\/han dine v\u00e6rdier og overbevisninger? Har du samme m\u00e5l i livet? Disse sp\u00f8rgsm\u00e5l vil hj\u00e6lpe dig med at indsn\u00e6vre din s\u00f8gning og give dig en bedre id\u00e9 om, hvad du leder efter.<\/p>\n<h3>V\u00e6r \u00e6rlig over for dig selv<\/h3>\n<p>Endelig skal du huske, at \u00e6rlighed er n\u00f8glen. Uanset hvor meget du stoler p\u00e5 nogen, b\u00f8r du aldrig lyve over for dig selv. Hvis du er usikker p\u00e5 noget, s\u00e5 sig det i stedet for at lade som om, at alt er i orden. P\u00e5 den m\u00e5de kan du undg\u00e5 at spilde din tid p\u00e5 et d\u00e5rligt match og undg\u00e5 at f\u00e5 d\u00e5rlig samvittighed senere.<\/p>\n<h2>Vil du finde en date diskret?<\/h2>\n<p>Ashley Madison er en af de mest popul\u00e6re dating sider derude. Med over 30 millioner medlemmer p\u00e5 verdensplan er det ikke underligt, at det er s\u00e5dan. Hvis du er p\u00e5 udkig efter en diskret aff\u00e6re, kan dette v\u00e6re det perfekte sted for dig. Der er masser af forskellige m\u00e5der at finde sexpartnere p\u00e5 siden p\u00e5, herunder ved at gennemse profiler, sende beskeder, chatte online og endda have telefonsex. Og selv om det kan virke som snyd, er der mange, der faktisk nyder at m\u00f8des med en person, de har talt med online.<\/p>\n<h2>Ingen strenge knyttet<\/h2>\n<p>NoStringsAttached er en gratis dating-app, der fokuserer p\u00e5 at skabe et sikkert milj\u00f8, hvor voksne kan dyrke seksuel aktivitet uden at skulle bekymre sig om at blive opdaget. Hvis du nogensinde har v\u00e6ret nysgerrig efter at pr\u00f8ve sexting, s\u00e5 er dette stedet, hvor du kan g\u00f8re det. Denne app er specielt udviklet til dem, der \u00f8nsker at have tilf\u00e6ldige m\u00f8der, hvor begge parter giver deres samtykke. Uanset om du er p\u00e5 udkig efter noget fr\u00e6kt eller bare vil se, hvordan det f\u00f8les at sende n\u00f8genbilleder til en anden person, er NSA det perfekte sted at starte.<\/p>\n<p>Selve appen er meget enkel at bruge. Du vil blive bedt om at udfylde et kort sp\u00f8rgeskema, hvor du skal svare p\u00e5 sp\u00f8rgsm\u00e5l som f.eks. hvor gammel du er, om du leder efter et forhold eller et forhold osv. N\u00e5r du er f\u00e6rdig med at besvare sp\u00f8rgsm\u00e5lene, kan du gennemse profiler baseret p\u00e5 dine pr\u00e6ferencer. Du kan v\u00e6lge mellem tre forskellige kategorier: &#8220;Straight&#8221;, &#8220;Gay&#8221; og &#8220;Lesbisk&#8221;. Hver kategori indeholder undergrupper, som giver dig mulighed for at indsn\u00e6vre dine s\u00f8gninger yderligere.<\/p>\n","protected":false},"excerpt":{"rendered":"<p>Der er mange forskellige typer mennesker derude, som s\u00f8ger k\u00e6rlighed. Der er dem, der \u00f8nsker at date en person inden for deres religion, etnicitet, alder osv., mens andre bare \u00f8nsker at finde en person, der deler de samme interesser. Hvis&hellip; <a href=\"http:\/\/elsuperbeasto.com\/da\/saadan-moeder-du-singler-i-naerheden\/\" class=\"more-link\">Continue Reading <span class=\"meta-nav\">&rarr;<\/span><\/a><\/p>\n","protected":false},"author":1,"featured_media":169,"parent":0,"menu_order":0,"comment_status":"closed","ping_status":"closed","template":"","meta":[],"yoast_head":"<!-- This site is optimized with the Yoast SEO plugin v17.7.1 - https:\/\/yoast.com\/wordpress\/plugins\/seo\/ -->\n<title>S\u00e5dan m\u00f8der du singler i n\u00e6rheden - Quick Hookup<\/title>\n<meta name=\"robots\" content=\"index, follow, max-snippet:-1, max-image-preview:large, max-video-preview:-1\" \/>\n<link rel=\"canonical\" href=\"http:\/\/elsuperbeasto.com\/da\/saadan-moeder-du-singler-i-naerheden\/\" \/>\n<meta property=\"og:locale\" content=\"da_DK\" \/>\n<meta property=\"og:type\" content=\"article\" \/>\n<meta property=\"og:title\" content=\"S\u00e5dan m\u00f8der du singler i n\u00e6rheden - Quick Hookup\" \/>\n<meta property=\"og:description\" content=\"Der er mange forskellige typer mennesker derude, som s\u00f8ger k\u00e6rlighed. Der er dem, der \u00f8nsker at date en person inden for deres religion, etnicitet, alder osv., mens andre bare \u00f8nsker at finde en person, der deler de samme interesser. Hvis&hellip; Continue Reading &rarr;\" \/>\n<meta property=\"og:url\" content=\"http:\/\/elsuperbeasto.com\/da\/saadan-moeder-du-singler-i-naerheden\/\" \/>\n<meta property=\"og:site_name\" content=\"Quick Hookup\" \/>\n<meta property=\"og:image\" content=\"https:\/\/elsuperbeasto.com\/wp-content\/uploads\/2022\/08\/love-apps.jpeg\" \/>\n\t<meta property=\"og:image:width\" content=\"1000\" \/>\n\t<meta property=\"og:image:height\" content=\"1500\" \/>\n<meta name=\"twitter:card\" content=\"summary_large_image\" \/>\n<meta name=\"twitter:label1\" content=\"Estimeret l\u00e6setid\" \/>\n\t<meta name=\"twitter:data1\" content=\"3 minutter\" \/>\n<script type=\"application\/ld+json\" class=\"yoast-schema-graph\">{\"@context\":\"https:\/\/schema.org\",\"@graph\":[{\"@type\":\"WebSite\",\"@id\":\"https:\/\/elsuperbeasto.com\/#website\",\"url\":\"https:\/\/elsuperbeasto.com\/\",\"name\":\"Quick Hookup\",\"description\":\"Your Guide To Love\",\"potentialAction\":[{\"@type\":\"SearchAction\",\"target\":{\"@type\":\"EntryPoint\",\"urlTemplate\":\"https:\/\/elsuperbeasto.com\/?s={search_term_string}\"},\"query-input\":\"required name=search_term_string\"}],\"inLanguage\":\"da-DK\"},{\"@type\":\"ImageObject\",\"@id\":\"http:\/\/elsuperbeasto.com\/da\/saadan-moeder-du-singler-i-naerheden\/#primaryimage\",\"inLanguage\":\"da-DK\",\"url\":\"http:\/\/elsuperbeasto.com\/wp-content\/uploads\/2022\/08\/love-apps.jpeg\",\"contentUrl\":\"http:\/\/elsuperbeasto.com\/wp-content\/uploads\/2022\/08\/love-apps.jpeg\",\"width\":1000,\"height\":1500},{\"@type\":\"WebPage\",\"@id\":\"http:\/\/elsuperbeasto.com\/da\/saadan-moeder-du-singler-i-naerheden\/#webpage\",\"url\":\"http:\/\/elsuperbeasto.com\/da\/saadan-moeder-du-singler-i-naerheden\/\",\"name\":\"S\\u00e5dan m\\u00f8der du singler i n\\u00e6rheden - Quick Hookup\",\"isPartOf\":{\"@id\":\"https:\/\/elsuperbeasto.com\/#website\"},\"primaryImageOfPage\":{\"@id\":\"http:\/\/elsuperbeasto.com\/da\/saadan-moeder-du-singler-i-naerheden\/#primaryimage\"},\"datePublished\":\"2022-08-18T12:49:33+00:00\",\"dateModified\":\"2022-08-18T12:49:33+00:00\",\"breadcrumb\":{\"@id\":\"http:\/\/elsuperbeasto.com\/da\/saadan-moeder-du-singler-i-naerheden\/#breadcrumb\"},\"inLanguage\":\"da-DK\",\"potentialAction\":[{\"@type\":\"ReadAction\",\"target\":[\"http:\/\/elsuperbeasto.com\/da\/saadan-moeder-du-singler-i-naerheden\/\"]}]},{\"@type\":\"BreadcrumbList\",\"@id\":\"http:\/\/elsuperbeasto.com\/da\/saadan-moeder-du-singler-i-naerheden\/#breadcrumb\",\"itemListElement\":[{\"@type\":\"ListItem\",\"position\":1,\"name\":\"Home\",\"item\":\"https:\/\/elsuperbeasto.com\/da\/\"},{\"@type\":\"ListItem\",\"position\":2,\"name\":\"S\\u00e5dan m\\u00f8der du singler i n\\u00e6rheden\"}]}]}<\/script>\n<!-- \/ Yoast SEO plugin. -->","yoast_head_json":{"title":"S\u00e5dan m\u00f8der du singler i n\u00e6rheden - Quick Hookup","robots":{"index":"index","follow":"follow","max-snippet":"max-snippet:-1","max-image-preview":"max-image-preview:large","max-video-preview":"max-video-preview:-1"},"canonical":"http:\/\/elsuperbeasto.com\/da\/saadan-moeder-du-singler-i-naerheden\/","og_locale":"da_DK","og_type":"article","og_title":"S\u00e5dan m\u00f8der du singler i n\u00e6rheden - Quick Hookup","og_description":"Der er mange forskellige typer mennesker derude, som s\u00f8ger k\u00e6rlighed. Der er dem, der \u00f8nsker at date en person inden for deres religion, etnicitet, alder osv., mens andre bare \u00f8nsker at finde en person, der deler de samme interesser. Hvis&hellip; Continue Reading &rarr;","og_url":"http:\/\/elsuperbeasto.com\/da\/saadan-moeder-du-singler-i-naerheden\/","og_site_name":"Quick Hookup","og_image":[{"width":1000,"height":1500,"url":"https:\/\/elsuperbeasto.com\/wp-content\/uploads\/2022\/08\/love-apps.jpeg","type":"image\/jpeg"}],"twitter_card":"summary_large_image","twitter_misc":{"Estimeret l\u00e6setid":"3 minutter"},"schema":{"@context":"https:\/\/schema.org","@graph":[{"@type":"WebSite","@id":"https:\/\/elsuperbeasto.com\/#website","url":"https:\/\/elsuperbeasto.com\/","name":"Quick Hookup","description":"Your Guide To Love","potentialAction":[{"@type":"SearchAction","target":{"@type":"EntryPoint","urlTemplate":"https:\/\/elsuperbeasto.com\/?s={search_term_string}"},"query-input":"required name=search_term_string"}],"inLanguage":"da-DK"},{"@type":"ImageObject","@id":"http:\/\/elsuperbeasto.com\/da\/saadan-moeder-du-singler-i-naerheden\/#primaryimage","inLanguage":"da-DK","url":"http:\/\/elsuperbeasto.com\/wp-content\/uploads\/2022\/08\/love-apps.jpeg","contentUrl":"http:\/\/elsuperbeasto.com\/wp-content\/uploads\/2022\/08\/love-apps.jpeg","width":1000,"height":1500},{"@type":"WebPage","@id":"http:\/\/elsuperbeasto.com\/da\/saadan-moeder-du-singler-i-naerheden\/#webpage","url":"http:\/\/elsuperbeasto.com\/da\/saadan-moeder-du-singler-i-naerheden\/","name":"S\u00e5dan m\u00f8der du singler i n\u00e6rheden - Quick Hookup","isPartOf":{"@id":"https:\/\/elsuperbeasto.com\/#website"},"primaryImageOfPage":{"@id":"http:\/\/elsuperbeasto.com\/da\/saadan-moeder-du-singler-i-naerheden\/#primaryimage"},"datePublished":"2022-08-18T12:49:33+00:00","dateModified":"2022-08-18T12:49:33+00:00","breadcrumb":{"@id":"http:\/\/elsuperbeasto.com\/da\/saadan-moeder-du-singler-i-naerheden\/#breadcrumb"},"inLanguage":"da-DK","potentialAction":[{"@type":"ReadAction","target":["http:\/\/elsuperbeasto.com\/da\/saadan-moeder-du-singler-i-naerheden\/"]}]},{"@type":"BreadcrumbList","@id":"http:\/\/elsuperbeasto.com\/da\/saadan-moeder-du-singler-i-naerheden\/#breadcrumb","itemListElement":[{"@type":"ListItem","position":1,"name":"Home","item":"https:\/\/elsuperbeasto.com\/da\/"},{"@type":"ListItem","position":2,"name":"S\u00e5dan m\u00f8der du singler i n\u00e6rheden"}]}]}},"_links":{"self":[{"href":"http:\/\/elsuperbeasto.com\/da\/wp-json\/wp\/v2\/pages\/272"}],"collection":[{"href":"http:\/\/elsuperbeasto.com\/da\/wp-json\/wp\/v2\/pages"}],"about":[{"href":"http:\/\/elsuperbeasto.com\/da\/wp-json\/wp\/v2\/types\/page"}],"author":[{"embeddable":true,"href":"http:\/\/elsuperbeasto.com\/da\/wp-json\/wp\/v2\/users\/1"}],"replies":[{"embeddable":true,"href":"http:\/\/elsuperbeasto.com\/da\/wp-json\/wp\/v2\/comments?post=272"}],"version-history":[{"count":0,"href":"http:\/\/elsuperbeasto.com\/da\/wp-json\/wp\/v2\/pages\/272\/revisions"}],"wp:featuredmedia":[{"embeddable":true,"href":"http:\/\/elsuperbeasto.com\/da\/wp-json\/wp\/v2\/media\/169"}],"wp:attachment":[{"href":"http:\/\/elsuperbeasto.com\/da\/wp-json\/wp\/v2\/media?parent=272"}],"curies":[{"name":"wp","href":"https:\/\/api.w.org\/{rel}","templated":true}]}}