{"id":245,"date":"2022-08-18T14:10:21","date_gmt":"2022-08-18T13:10:21","guid":{"rendered":"http:\/\/elsuperbeasto.com\/hvordan-fungerer-nsa-hookups\/"},"modified":"2022-08-18T14:10:21","modified_gmt":"2022-08-18T13:10:21","slug":"hvordan-fungerer-nsa-hookups","status":"publish","type":"page","link":"http:\/\/elsuperbeasto.com\/da\/hvordan-fungerer-nsa-hookups\/","title":{"rendered":"Hvordan fungerer NSA Hookups?"},"content":{"rendered":"<p>Mange fyre er bange for at henvende sig til kvinder, fordi de tror, at det vil f\u00e5 dem til at virke desperate eller uhyggelige. Men der er ingen grund til at bekymre sig om at v\u00e6re anmassende eller aggressiv &#8211; du skal bare fors\u00f8ge at behandle alle kvinder som noget s\u00e6rligt. Hvis du vil g\u00e5 ud med en kvinde, der vil have en k\u00e6reste, beh\u00f8ver du ikke at overtale hende til at g\u00e5 i seng med dig. Du skal bare finde den rigtige m\u00e5de at g\u00f8re det p\u00e5.<\/p>\n<p>&nbsp;<\/p>\n<h2>Hvad med dating-apps?<\/h2>\n<p>One night stands er sjove og sp\u00e6ndende, <a href=\"http:\/\/elsuperbeasto.com\/da\/saadan-moeder-du-singler-i-naerheden\/\">men det kan v\u00e6re sv\u00e6rt at finde apps, som du \u00f8nsker at bruge for at sikre, at alt g\u00e5r glat<\/a>. Der findes masser af apps derude, som h\u00e6vder at hj\u00e6lpe folk med at planl\u00e6gge one-night stands, men nogle fungerer ikke s\u00e6rlig godt, og andre er bare irriterende. Vi har samlet en liste over vores foretrukne apps til one-night stands, herunder dem, der lader dig planl\u00e6gge m\u00f8der, finde n\u00e6rliggende hookups, og endda forbinde med lokale singler.<\/p>\n<p>Er du single og tr\u00e6t af at date de samme kedelige fyre hver weekend? Synes du, at du fortjener mere end bare tilf\u00e6ldig sex? Hvis ja, s\u00e5 er du sandsynligvis interesseret i at m\u00f8de en kvinde til en one night stands.<\/p>\n<p>Der er masser af websteder online, der tilbyder s\u00e5danne tjenester. Men de fleste af dem er enten for dyre eller leverer ikke varen.<\/p>\n<p>Derfor har jeg besluttet at skrive en artikel med en liste over de 10 bedste steder at finde en one night stands. Forh\u00e5bentlig vil du efter at have l\u00e6st denne artikel l\u00e6re, hvordan du nemt og hurtigt kan finde et natbord.<\/p>\n<h3>Craigslist Kontaktannoncer<\/h3>\n<p>Craigslist er et af de \u00e6ldste websteder p\u00e5 nettet. Selv om den har \u00e6ndret sig betydeligt siden den blev skabt, er den stadig popul\u00e6r blandt dem, der s\u00f8ger one night stands.<\/p>\n<p>Faktisk er Craigslist en af de nemmeste m\u00e5der at finde et natbord p\u00e5, fordi det er s\u00e5 enkelt. Du skal blot s\u00f8ge efter annoncer, der er relateret til &#8220;one night stands&#8221;.<\/p>\n<p>Det kan dog v\u00e6re, at du skal betale for hver enkelt annonce. Det afh\u00e6nger af, om den person, der opgiver annoncen, \u00f8nsker at opkr\u00e6ve penge af dig eller ej.<\/p>\n<h3>Voksen vennefinder<\/h3>\n<p>AdultFriendFinder.com er et andet websted, der tilbyder one night stands. Selv om du ikke kan s\u00f8ge efter bestemte typer kvinder, har den flere funktioner, der kan hj\u00e6lpe dig med at finde pr\u00e6cis det, du leder efter.<\/p>\n<p>Du kan f.eks. filtrere resultaterne p\u00e5 baggrund af placering, k\u00f8n, alder, etnicitet, forholdsstatus, seksuel orientering og meget mere.<\/p>\n<p>Det er ogs\u00e5 muligt at sende beskeder til potentielle matches via e-mail, instant messaging, telefonopkald og videochat.<\/p>\n<h3>Ashley Madison<\/h3>\n<p>AshleyMadison.com er et voksenwebsted, der giver brugerne mulighed for at s\u00f8ge efter one night stands. M\u00e6nd bruger i gennemsnit 50 dollars om m\u00e5neden p\u00e5 Ashley Madison. Selv om webstedet ikke er s\u00e6rlig brugervenligt, tilbyder det en lang r\u00e6kke funktioner. Du kan f.eks. gennemse profiler, se billeder, l\u00e6se anmeldelser og endda kontakte medlemmer direkte.<\/p>\n<p>One night stands er aldrig godt for nogen af de involverede. Hvis du er p\u00e5 udkig efter noget seri\u00f8st, s\u00e5 lad v\u00e6re med at g\u00f8re det. Hvis du vil behandles som en dronning, skal du ogs\u00e5 behandle andre som dronninger. G\u00e5 ikke i seng med en person, bare fordi hun er l\u00e6kker, medmindre du er villig til at give hende al den opm\u00e6rksomhed, hun fortjener. Ashley Madison er den bedste dating-app til one night stands, fordi den giver brugerne mulighed for at finde nye seksuelle partnere baseret p\u00e5 f\u00e6lles interesser. Appen er blevet downloadet mere end 200 millioner gange p\u00e5 verdensplan, hvilket g\u00f8r den til den st\u00f8rste mobile datingapplikation. Brugerne kan gennemse potentielle matches p\u00e5 baggrund af alder, placering, k\u00f8n og andre kriterier.<\/p>\n<h3>Hvad er den bedste m\u00e5de at finde et one-night stand p\u00e5?<\/h3>\n<p>Den bedste m\u00e5de at finde et tilf\u00e6ldigt opkobling p\u00e5 er gennem apps som AFF eller Ashley Madison, hvor brugerne kan stryge til h\u00f8jre for &#8220;ja&#8221; eller til venstre for &#8220;nej&#8221;. Hvis nogen kan lide det, de ser, kan de sende en besked og invitere dem ud. Casual sex beskrives ofte som uforpligtende sex, hvilket betyder, at begge parter er enige om at m\u00f8des p\u00e5 et tidspunkt i fremtiden.<\/p>\n<h3>Hvordan finder jeg min partner for en aften?<\/h3>\n<p>Hvis du \u00f8nsker at m\u00f8de en person for en enkelt aften, kan du pr\u00f8ve at bruge Bumble. Denne app giver brugerne mulighed for at stryge til h\u00f8jre eller venstre for at angive, om de kan lide eller ikke kan lide en anden person. Appen har ogs\u00e5 placeringsfiltre, som giver brugerne mulighed for at s\u00f8ge efter andre singler i n\u00e6rheden.<\/p>\n","protected":false},"excerpt":{"rendered":"<p>Mange fyre er bange for at henvende sig til kvinder, fordi de tror, at det vil f\u00e5 dem til at virke desperate eller uhyggelige. Men der er ingen grund til at bekymre sig om at v\u00e6re anmassende eller aggressiv &#8211;&hellip; <a href=\"http:\/\/elsuperbeasto.com\/da\/hvordan-fungerer-nsa-hookups\/\" class=\"more-link\">Continue Reading <span class=\"meta-nav\">&rarr;<\/span><\/a><\/p>\n","protected":false},"author":1,"featured_media":183,"parent":0,"menu_order":0,"comment_status":"closed","ping_status":"closed","template":"","meta":[],"yoast_head":"<!-- This site is optimized with the Yoast SEO plugin v17.7.1 - https:\/\/yoast.com\/wordpress\/plugins\/seo\/ -->\n<title>Hvordan fungerer NSA Hookups? - Quick Hookup<\/title>\n<meta name=\"robots\" content=\"index, follow, max-snippet:-1, max-image-preview:large, max-video-preview:-1\" \/>\n<link rel=\"canonical\" href=\"http:\/\/elsuperbeasto.com\/da\/hvordan-fungerer-nsa-hookups\/\" \/>\n<meta property=\"og:locale\" content=\"da_DK\" \/>\n<meta property=\"og:type\" content=\"article\" \/>\n<meta property=\"og:title\" content=\"Hvordan fungerer NSA Hookups? - Quick Hookup\" \/>\n<meta property=\"og:description\" content=\"Mange fyre er bange for at henvende sig til kvinder, fordi de tror, at det vil f\u00e5 dem til at virke desperate eller uhyggelige. Men der er ingen grund til at bekymre sig om at v\u00e6re anmassende eller aggressiv &#8211;&hellip; Continue Reading &rarr;\" \/>\n<meta property=\"og:url\" content=\"http:\/\/elsuperbeasto.com\/da\/hvordan-fungerer-nsa-hookups\/\" \/>\n<meta property=\"og:site_name\" content=\"Quick Hookup\" \/>\n<meta property=\"og:image\" content=\"https:\/\/elsuperbeasto.com\/wp-content\/uploads\/2022\/08\/find-lov.jpeg\" \/>\n\t<meta property=\"og:image:width\" content=\"2398\" \/>\n\t<meta property=\"og:image:height\" content=\"1500\" \/>\n<meta name=\"twitter:card\" content=\"summary_large_image\" \/>\n<meta name=\"twitter:label1\" content=\"Estimeret l\u00e6setid\" \/>\n\t<meta name=\"twitter:data1\" content=\"4 minutter\" \/>\n<script type=\"application\/ld+json\" class=\"yoast-schema-graph\">{\"@context\":\"https:\/\/schema.org\",\"@graph\":[{\"@type\":\"WebSite\",\"@id\":\"https:\/\/elsuperbeasto.com\/#website\",\"url\":\"https:\/\/elsuperbeasto.com\/\",\"name\":\"Quick Hookup\",\"description\":\"Your Guide To Love\",\"potentialAction\":[{\"@type\":\"SearchAction\",\"target\":{\"@type\":\"EntryPoint\",\"urlTemplate\":\"https:\/\/elsuperbeasto.com\/?s={search_term_string}\"},\"query-input\":\"required name=search_term_string\"}],\"inLanguage\":\"da-DK\"},{\"@type\":\"ImageObject\",\"@id\":\"http:\/\/elsuperbeasto.com\/da\/hvordan-fungerer-nsa-hookups\/#primaryimage\",\"inLanguage\":\"da-DK\",\"url\":\"http:\/\/elsuperbeasto.com\/wp-content\/uploads\/2022\/08\/find-lov.jpeg\",\"contentUrl\":\"http:\/\/elsuperbeasto.com\/wp-content\/uploads\/2022\/08\/find-lov.jpeg\",\"width\":2398,\"height\":1500},{\"@type\":\"WebPage\",\"@id\":\"http:\/\/elsuperbeasto.com\/da\/hvordan-fungerer-nsa-hookups\/#webpage\",\"url\":\"http:\/\/elsuperbeasto.com\/da\/hvordan-fungerer-nsa-hookups\/\",\"name\":\"Hvordan fungerer NSA Hookups? - Quick Hookup\",\"isPartOf\":{\"@id\":\"https:\/\/elsuperbeasto.com\/#website\"},\"primaryImageOfPage\":{\"@id\":\"http:\/\/elsuperbeasto.com\/da\/hvordan-fungerer-nsa-hookups\/#primaryimage\"},\"datePublished\":\"2022-08-18T13:10:21+00:00\",\"dateModified\":\"2022-08-18T13:10:21+00:00\",\"breadcrumb\":{\"@id\":\"http:\/\/elsuperbeasto.com\/da\/hvordan-fungerer-nsa-hookups\/#breadcrumb\"},\"inLanguage\":\"da-DK\",\"potentialAction\":[{\"@type\":\"ReadAction\",\"target\":[\"http:\/\/elsuperbeasto.com\/da\/hvordan-fungerer-nsa-hookups\/\"]}]},{\"@type\":\"BreadcrumbList\",\"@id\":\"http:\/\/elsuperbeasto.com\/da\/hvordan-fungerer-nsa-hookups\/#breadcrumb\",\"itemListElement\":[{\"@type\":\"ListItem\",\"position\":1,\"name\":\"Home\",\"item\":\"https:\/\/elsuperbeasto.com\/da\/\"},{\"@type\":\"ListItem\",\"position\":2,\"name\":\"Hvordan fungerer NSA Hookups?\"}]}]}<\/script>\n<!-- \/ Yoast SEO plugin. -->","yoast_head_json":{"title":"Hvordan fungerer NSA Hookups? - Quick Hookup","robots":{"index":"index","follow":"follow","max-snippet":"max-snippet:-1","max-image-preview":"max-image-preview:large","max-video-preview":"max-video-preview:-1"},"canonical":"http:\/\/elsuperbeasto.com\/da\/hvordan-fungerer-nsa-hookups\/","og_locale":"da_DK","og_type":"article","og_title":"Hvordan fungerer NSA Hookups? - Quick Hookup","og_description":"Mange fyre er bange for at henvende sig til kvinder, fordi de tror, at det vil f\u00e5 dem til at virke desperate eller uhyggelige. Men der er ingen grund til at bekymre sig om at v\u00e6re anmassende eller aggressiv &#8211;&hellip; Continue Reading &rarr;","og_url":"http:\/\/elsuperbeasto.com\/da\/hvordan-fungerer-nsa-hookups\/","og_site_name":"Quick Hookup","og_image":[{"width":2398,"height":1500,"url":"https:\/\/elsuperbeasto.com\/wp-content\/uploads\/2022\/08\/find-lov.jpeg","type":"image\/jpeg"}],"twitter_card":"summary_large_image","twitter_misc":{"Estimeret l\u00e6setid":"4 minutter"},"schema":{"@context":"https:\/\/schema.org","@graph":[{"@type":"WebSite","@id":"https:\/\/elsuperbeasto.com\/#website","url":"https:\/\/elsuperbeasto.com\/","name":"Quick Hookup","description":"Your Guide To Love","potentialAction":[{"@type":"SearchAction","target":{"@type":"EntryPoint","urlTemplate":"https:\/\/elsuperbeasto.com\/?s={search_term_string}"},"query-input":"required name=search_term_string"}],"inLanguage":"da-DK"},{"@type":"ImageObject","@id":"http:\/\/elsuperbeasto.com\/da\/hvordan-fungerer-nsa-hookups\/#primaryimage","inLanguage":"da-DK","url":"http:\/\/elsuperbeasto.com\/wp-content\/uploads\/2022\/08\/find-lov.jpeg","contentUrl":"http:\/\/elsuperbeasto.com\/wp-content\/uploads\/2022\/08\/find-lov.jpeg","width":2398,"height":1500},{"@type":"WebPage","@id":"http:\/\/elsuperbeasto.com\/da\/hvordan-fungerer-nsa-hookups\/#webpage","url":"http:\/\/elsuperbeasto.com\/da\/hvordan-fungerer-nsa-hookups\/","name":"Hvordan fungerer NSA Hookups? - Quick Hookup","isPartOf":{"@id":"https:\/\/elsuperbeasto.com\/#website"},"primaryImageOfPage":{"@id":"http:\/\/elsuperbeasto.com\/da\/hvordan-fungerer-nsa-hookups\/#primaryimage"},"datePublished":"2022-08-18T13:10:21+00:00","dateModified":"2022-08-18T13:10:21+00:00","breadcrumb":{"@id":"http:\/\/elsuperbeasto.com\/da\/hvordan-fungerer-nsa-hookups\/#breadcrumb"},"inLanguage":"da-DK","potentialAction":[{"@type":"ReadAction","target":["http:\/\/elsuperbeasto.com\/da\/hvordan-fungerer-nsa-hookups\/"]}]},{"@type":"BreadcrumbList","@id":"http:\/\/elsuperbeasto.com\/da\/hvordan-fungerer-nsa-hookups\/#breadcrumb","itemListElement":[{"@type":"ListItem","position":1,"name":"Home","item":"https:\/\/elsuperbeasto.com\/da\/"},{"@type":"ListItem","position":2,"name":"Hvordan fungerer NSA Hookups?"}]}]}},"_links":{"self":[{"href":"http:\/\/elsuperbeasto.com\/da\/wp-json\/wp\/v2\/pages\/245"}],"collection":[{"href":"http:\/\/elsuperbeasto.com\/da\/wp-json\/wp\/v2\/pages"}],"about":[{"href":"http:\/\/elsuperbeasto.com\/da\/wp-json\/wp\/v2\/types\/page"}],"author":[{"embeddable":true,"href":"http:\/\/elsuperbeasto.com\/da\/wp-json\/wp\/v2\/users\/1"}],"replies":[{"embeddable":true,"href":"http:\/\/elsuperbeasto.com\/da\/wp-json\/wp\/v2\/comments?post=245"}],"version-history":[{"count":0,"href":"http:\/\/elsuperbeasto.com\/da\/wp-json\/wp\/v2\/pages\/245\/revisions"}],"wp:featuredmedia":[{"embeddable":true,"href":"http:\/\/elsuperbeasto.com\/da\/wp-json\/wp\/v2\/media\/183"}],"wp:attachment":[{"href":"http:\/\/elsuperbeasto.com\/da\/wp-json\/wp\/v2\/media?parent=245"}],"curies":[{"name":"wp","href":"https:\/\/api.w.org\/{rel}","templated":true}]}}