{"id":356,"date":"2022-08-18T13:12:48","date_gmt":"2022-08-18T12:12:48","guid":{"rendered":"http:\/\/elsuperbeasto.com\/je-online-seznamovani-bezpecne\/"},"modified":"2022-08-18T13:12:48","modified_gmt":"2022-08-18T12:12:48","slug":"je-online-seznamovani-bezpecne","status":"publish","type":"page","link":"http:\/\/elsuperbeasto.com\/cs\/je-online-seznamovani-bezpecne\/","title":{"rendered":"Je online seznamov\u00e1n\u00ed bezpe\u010dn\u00e9?"},"content":{"rendered":"<p>Online seznamov\u00e1n\u00ed je skv\u011bl\u00fd zp\u016fsob, jak se sezn\u00e1mit s nov\u00fdmi lidmi, ale jsou s n\u00edm spojena ur\u010dit\u00e1 rizika. Jedn\u00edm z t\u011bchto rizik je podvodn\u00e9 vyl\u00e1k\u00e1n\u00ed pen\u011bz od fale\u0161n\u00e9 osoby. Ned\u00e1vn\u00e1 studie zjistila, \u017ee \u010dtvrtinu \u017een kontaktoval n\u011bkdo, kdo tvrdil, \u017ee m\u00e1 z\u00e1jem se s nimi sej\u00edt, ale pozd\u011bji se uk\u00e1zalo, \u017ee jde o podvodn\u00edka.<\/p>\n<p>Nej\u010dast\u011bj\u0161\u00edm d\u016fvodem, pro\u010d se lid\u00e9 st\u00e1vaj\u00ed ob\u011b\u0165mi podvod\u016f v seznamovac\u00edch aplikac\u00edch, jsou \u0161patn\u00e9 komunika\u010dn\u00ed dovednosti. Chatboti jsou navr\u017eeni tak, aby napodobovali lidskou konverzaci, ale ne v\u017edy se jim to da\u0159\u00ed. Maj\u00ed tendenci pou\u017e\u00edvat kv\u011btnat\u00fd jazyk, co\u017e z nich d\u011bl\u00e1 snadn\u00fd c\u00edl pro podvodn\u00edky.<\/p>\n<p>Pokud se sna\u017e\u00edte <a href=\"http:\/\/elsuperbeasto.com\/cs\/jake-jsou-nejlepsi-aplikace-pro-sexting\/\">s n\u011bk\u00fdm nav\u00e1zat skute\u010dn\u00e9 spojen\u00ed<\/a>, budete se cht\u00edt vyhnout tomu, abyste o sob\u011b p\u0159\u00edli\u0161 mluvili. Lid\u00e9 o sob\u011b r\u00e1di mluv\u00ed, ale v\u011bt\u0161inou jim to vyhovuje sp\u00ed\u0161e po telefonu nebo osobn\u011b. Online seznamov\u00e1n\u00ed je st\u00e1le relativn\u011b nov\u00e9, tak\u017ee dokud se nesetk\u00e1te osobn\u011b, nezjist\u00edte, jak dob\u0159e spolu skute\u010dn\u011b komunikujete.<\/p>\n<h2>Na co si d\u00e1t pozor?<\/h2>\n<p>Pozorov\u00e1n\u00edm chov\u00e1n\u00ed osoby pozn\u00e1te, zda se jedn\u00e1 o bota nebo podvodn\u00edka. Obecn\u011b plat\u00ed, \u017ee bot odes\u00edl\u00e1 zpr\u00e1vy rychle, zat\u00edmco podvodn\u00edkovi trv\u00e1 d\u00e9le, ne\u017e odpov\u00ed. Mo\u017en\u00e1 si v\u0161imnete, \u017ee mnoho lid\u00ed na va\u0161e zpr\u00e1vy odpov\u00edd\u00e1 b\u011bhem n\u011bkolika sekund, i kdy\u017e neodpov\u011bd\u011bli na \u017e\u00e1dnou z va\u0161ich p\u0159edchoz\u00edch zpr\u00e1v. Tomu se \u0159\u00edk\u00e1 &#8222;spamov\u00e1n\u00ed&#8220;. Boti nemus\u00ed nutn\u011b spamovat; m\u016f\u017ee to znamenat, \u017ee p\u0159ij\u00edmaj\u00ed mnoho zpr\u00e1v a odpov\u00eddaj\u00ed na n\u011b najednou.<\/p>\n<p>Dal\u0161\u00ed v\u011bc, na kterou si dejte pozor, jsou brzk\u00e1 vyzn\u00e1n\u00ed l\u00e1sky. N\u011bkte\u0159\u00ed lid\u00e9 \u0159eknou n\u011bco ve smyslu: &#8222;Mysl\u00edm, \u017ee se k sob\u011b hod\u00edme&#8220; nebo &#8222;Jsem do tebe bl\u00e1zen&#8220;. Tento typ koment\u00e1\u0159\u016f se obvykle pou\u017e\u00edv\u00e1 k tomu, aby v\u00e1s p\u0159esv\u011bd\u010dil k p\u0159ed\u00e1n\u00ed \u00fadaj\u016f o va\u0161\u00ed kreditn\u00ed kart\u011b. Podvodn\u00edci se v\u00e1s \u010dasto sna\u017e\u00ed nal\u00e1kat na poskytnut\u00ed osobn\u00edch \u00fadaj\u016f t\u00edm, \u017ee v\u00e1m \u0159eknou n\u011bco hezk\u00e9ho. D\u00e1vejte si pozor na ka\u017ed\u00e9ho, kdo se zd\u00e1 b\u00fdt p\u0159\u00edli\u0161 nad\u0161en\u00fd ze setk\u00e1n\u00ed s v\u00e1mi.<\/p>\n<h2>Jak je to s placen\u00fdmi seznamovac\u00edmi aplikacemi?<\/h2>\n<p>V\u011bt\u0161ina online seznamek je bezplatn\u00e1, ale existuje i \u0159ada t\u011bch, kter\u00e9 vy\u017eaduj\u00ed platbu. N\u011bkter\u00e9 nab\u00edzej\u00ed p\u0159\u00edstup k ur\u010dit\u00fdm funkc\u00edm zdarma, zat\u00edmco jin\u00e9 v\u00e1m neumo\u017en\u00ed tyto funkce pou\u017e\u00edvat, pokud nezaplat\u00edte. Sestavili jsme seznam nejobl\u00edben\u011bj\u0161\u00edch seznamek a n\u00e1klad\u016f na p\u0159ipojen\u00ed.<\/p>\n<h2>Co recenze?<\/h2>\n<p>Online recenze hraj\u00ed velkou roli p\u0159i rozhodov\u00e1n\u00ed spot\u0159ebitel\u016f o n\u00e1kupu. Pokud lid\u00e9 d\u016fv\u011b\u0159uj\u00ed n\u00e1zor\u016fm druh\u00fdch, budou se jimi \u0159\u00eddit p\u0159i sv\u00fdch n\u00e1kupech. Bohu\u017eel dnes existuje p\u0159\u00edli\u0161 mnoho fale\u0161n\u00fdch recenz\u00ed.<\/p>\n<p>Ned\u00e1vn\u00e1 studie zjistila, \u017ee v\u00edce ne\u017e polovinu recenz\u00ed na Amazonu p\u00ed\u0161\u00ed placen\u00ed recenzenti. A n\u011bkter\u00e9 online seznamovac\u00ed spole\u010dnosti, jako nap\u0159\u00edklad Match Group Inc., eHarmony Inc. a OkCupid LLC, plat\u00ed lidem za to, aby o jejich produktech psali pochvaln\u00e9 recenze. Tyto recenze \u010dasto obsahuj\u00ed nepravdiv\u00e9 informace, nap\u0159\u00edklad p\u0159ehnan\u00e1 tvrzen\u00ed o vlastnostech a v\u00fdhod\u00e1ch v\u00fdrobku.<\/p>\n","protected":false},"excerpt":{"rendered":"<p>Online seznamov\u00e1n\u00ed je skv\u011bl\u00fd zp\u016fsob, jak se sezn\u00e1mit s nov\u00fdmi lidmi, ale jsou s n\u00edm spojena ur\u010dit\u00e1 rizika. Jedn\u00edm z t\u011bchto rizik je podvodn\u00e9 vyl\u00e1k\u00e1n\u00ed pen\u011bz od fale\u0161n\u00e9 osoby. Ned\u00e1vn\u00e1 studie zjistila, \u017ee \u010dtvrtinu \u017een kontaktoval n\u011bkdo, kdo tvrdil, \u017ee&hellip; <a href=\"http:\/\/elsuperbeasto.com\/cs\/je-online-seznamovani-bezpecne\/\" class=\"more-link\">Continue Reading <span class=\"meta-nav\">&rarr;<\/span><\/a><\/p>\n","protected":false},"author":1,"featured_media":126,"parent":0,"menu_order":0,"comment_status":"closed","ping_status":"closed","template":"","meta":[],"yoast_head":"<!-- This site is optimized with the Yoast SEO plugin v17.7.1 - https:\/\/yoast.com\/wordpress\/plugins\/seo\/ -->\n<title>Je online seznamov\u00e1n\u00ed bezpe\u010dn\u00e9? - Quick Hookup<\/title>\n<meta name=\"robots\" content=\"index, follow, max-snippet:-1, max-image-preview:large, max-video-preview:-1\" \/>\n<link rel=\"canonical\" href=\"http:\/\/elsuperbeasto.com\/cs\/je-online-seznamovani-bezpecne\/\" \/>\n<meta property=\"og:locale\" content=\"cs_CZ\" \/>\n<meta property=\"og:type\" content=\"article\" \/>\n<meta property=\"og:title\" content=\"Je online seznamov\u00e1n\u00ed bezpe\u010dn\u00e9? - Quick Hookup\" \/>\n<meta property=\"og:description\" content=\"Online seznamov\u00e1n\u00ed je skv\u011bl\u00fd zp\u016fsob, jak se sezn\u00e1mit s nov\u00fdmi lidmi, ale jsou s n\u00edm spojena ur\u010dit\u00e1 rizika. Jedn\u00edm z t\u011bchto rizik je podvodn\u00e9 vyl\u00e1k\u00e1n\u00ed pen\u011bz od fale\u0161n\u00e9 osoby. Ned\u00e1vn\u00e1 studie zjistila, \u017ee \u010dtvrtinu \u017een kontaktoval n\u011bkdo, kdo tvrdil, \u017ee&hellip; Continue Reading &rarr;\" \/>\n<meta property=\"og:url\" content=\"http:\/\/elsuperbeasto.com\/cs\/je-online-seznamovani-bezpecne\/\" \/>\n<meta property=\"og:site_name\" content=\"Quick Hookup\" \/>\n<meta property=\"og:image\" content=\"https:\/\/elsuperbeasto.com\/wp-content\/uploads\/2022\/08\/dates.jpeg\" \/>\n\t<meta property=\"og:image:width\" content=\"2250\" \/>\n\t<meta property=\"og:image:height\" content=\"1500\" \/>\n<meta name=\"twitter:card\" content=\"summary_large_image\" \/>\n<meta name=\"twitter:label1\" content=\"Odhadovan\u00e1 doba \u010dten\u00ed\" \/>\n\t<meta name=\"twitter:data1\" content=\"3 minuty\" \/>\n<script type=\"application\/ld+json\" class=\"yoast-schema-graph\">{\"@context\":\"https:\/\/schema.org\",\"@graph\":[{\"@type\":\"WebSite\",\"@id\":\"https:\/\/elsuperbeasto.com\/#website\",\"url\":\"https:\/\/elsuperbeasto.com\/\",\"name\":\"Quick Hookup\",\"description\":\"Your Guide To Love\",\"potentialAction\":[{\"@type\":\"SearchAction\",\"target\":{\"@type\":\"EntryPoint\",\"urlTemplate\":\"https:\/\/elsuperbeasto.com\/?s={search_term_string}\"},\"query-input\":\"required name=search_term_string\"}],\"inLanguage\":\"cs\"},{\"@type\":\"ImageObject\",\"@id\":\"http:\/\/elsuperbeasto.com\/cs\/je-online-seznamovani-bezpecne\/#primaryimage\",\"inLanguage\":\"cs\",\"url\":\"http:\/\/elsuperbeasto.com\/wp-content\/uploads\/2022\/08\/dates.jpeg\",\"contentUrl\":\"http:\/\/elsuperbeasto.com\/wp-content\/uploads\/2022\/08\/dates.jpeg\",\"width\":2250,\"height\":1500},{\"@type\":\"WebPage\",\"@id\":\"http:\/\/elsuperbeasto.com\/cs\/je-online-seznamovani-bezpecne\/#webpage\",\"url\":\"http:\/\/elsuperbeasto.com\/cs\/je-online-seznamovani-bezpecne\/\",\"name\":\"Je online seznamov\\u00e1n\\u00ed bezpe\\u010dn\\u00e9? - Quick Hookup\",\"isPartOf\":{\"@id\":\"https:\/\/elsuperbeasto.com\/#website\"},\"primaryImageOfPage\":{\"@id\":\"http:\/\/elsuperbeasto.com\/cs\/je-online-seznamovani-bezpecne\/#primaryimage\"},\"datePublished\":\"2022-08-18T12:12:48+00:00\",\"dateModified\":\"2022-08-18T12:12:48+00:00\",\"breadcrumb\":{\"@id\":\"http:\/\/elsuperbeasto.com\/cs\/je-online-seznamovani-bezpecne\/#breadcrumb\"},\"inLanguage\":\"cs\",\"potentialAction\":[{\"@type\":\"ReadAction\",\"target\":[\"http:\/\/elsuperbeasto.com\/cs\/je-online-seznamovani-bezpecne\/\"]}]},{\"@type\":\"BreadcrumbList\",\"@id\":\"http:\/\/elsuperbeasto.com\/cs\/je-online-seznamovani-bezpecne\/#breadcrumb\",\"itemListElement\":[{\"@type\":\"ListItem\",\"position\":1,\"name\":\"Home\",\"item\":\"https:\/\/elsuperbeasto.com\/cs\/\"},{\"@type\":\"ListItem\",\"position\":2,\"name\":\"Je online seznamov\\u00e1n\\u00ed bezpe\\u010dn\\u00e9?\"}]}]}<\/script>\n<!-- \/ Yoast SEO plugin. -->","yoast_head_json":{"title":"Je online seznamov\u00e1n\u00ed bezpe\u010dn\u00e9? - Quick Hookup","robots":{"index":"index","follow":"follow","max-snippet":"max-snippet:-1","max-image-preview":"max-image-preview:large","max-video-preview":"max-video-preview:-1"},"canonical":"http:\/\/elsuperbeasto.com\/cs\/je-online-seznamovani-bezpecne\/","og_locale":"cs_CZ","og_type":"article","og_title":"Je online seznamov\u00e1n\u00ed bezpe\u010dn\u00e9? - Quick Hookup","og_description":"Online seznamov\u00e1n\u00ed je skv\u011bl\u00fd zp\u016fsob, jak se sezn\u00e1mit s nov\u00fdmi lidmi, ale jsou s n\u00edm spojena ur\u010dit\u00e1 rizika. Jedn\u00edm z t\u011bchto rizik je podvodn\u00e9 vyl\u00e1k\u00e1n\u00ed pen\u011bz od fale\u0161n\u00e9 osoby. Ned\u00e1vn\u00e1 studie zjistila, \u017ee \u010dtvrtinu \u017een kontaktoval n\u011bkdo, kdo tvrdil, \u017ee&hellip; Continue Reading &rarr;","og_url":"http:\/\/elsuperbeasto.com\/cs\/je-online-seznamovani-bezpecne\/","og_site_name":"Quick Hookup","og_image":[{"width":2250,"height":1500,"url":"https:\/\/elsuperbeasto.com\/wp-content\/uploads\/2022\/08\/dates.jpeg","type":"image\/jpeg"}],"twitter_card":"summary_large_image","twitter_misc":{"Odhadovan\u00e1 doba \u010dten\u00ed":"3 minuty"},"schema":{"@context":"https:\/\/schema.org","@graph":[{"@type":"WebSite","@id":"https:\/\/elsuperbeasto.com\/#website","url":"https:\/\/elsuperbeasto.com\/","name":"Quick Hookup","description":"Your Guide To Love","potentialAction":[{"@type":"SearchAction","target":{"@type":"EntryPoint","urlTemplate":"https:\/\/elsuperbeasto.com\/?s={search_term_string}"},"query-input":"required name=search_term_string"}],"inLanguage":"cs"},{"@type":"ImageObject","@id":"http:\/\/elsuperbeasto.com\/cs\/je-online-seznamovani-bezpecne\/#primaryimage","inLanguage":"cs","url":"http:\/\/elsuperbeasto.com\/wp-content\/uploads\/2022\/08\/dates.jpeg","contentUrl":"http:\/\/elsuperbeasto.com\/wp-content\/uploads\/2022\/08\/dates.jpeg","width":2250,"height":1500},{"@type":"WebPage","@id":"http:\/\/elsuperbeasto.com\/cs\/je-online-seznamovani-bezpecne\/#webpage","url":"http:\/\/elsuperbeasto.com\/cs\/je-online-seznamovani-bezpecne\/","name":"Je online seznamov\u00e1n\u00ed bezpe\u010dn\u00e9? - Quick Hookup","isPartOf":{"@id":"https:\/\/elsuperbeasto.com\/#website"},"primaryImageOfPage":{"@id":"http:\/\/elsuperbeasto.com\/cs\/je-online-seznamovani-bezpecne\/#primaryimage"},"datePublished":"2022-08-18T12:12:48+00:00","dateModified":"2022-08-18T12:12:48+00:00","breadcrumb":{"@id":"http:\/\/elsuperbeasto.com\/cs\/je-online-seznamovani-bezpecne\/#breadcrumb"},"inLanguage":"cs","potentialAction":[{"@type":"ReadAction","target":["http:\/\/elsuperbeasto.com\/cs\/je-online-seznamovani-bezpecne\/"]}]},{"@type":"BreadcrumbList","@id":"http:\/\/elsuperbeasto.com\/cs\/je-online-seznamovani-bezpecne\/#breadcrumb","itemListElement":[{"@type":"ListItem","position":1,"name":"Home","item":"https:\/\/elsuperbeasto.com\/cs\/"},{"@type":"ListItem","position":2,"name":"Je online seznamov\u00e1n\u00ed bezpe\u010dn\u00e9?"}]}]}},"_links":{"self":[{"href":"http:\/\/elsuperbeasto.com\/cs\/wp-json\/wp\/v2\/pages\/356"}],"collection":[{"href":"http:\/\/elsuperbeasto.com\/cs\/wp-json\/wp\/v2\/pages"}],"about":[{"href":"http:\/\/elsuperbeasto.com\/cs\/wp-json\/wp\/v2\/types\/page"}],"author":[{"embeddable":true,"href":"http:\/\/elsuperbeasto.com\/cs\/wp-json\/wp\/v2\/users\/1"}],"replies":[{"embeddable":true,"href":"http:\/\/elsuperbeasto.com\/cs\/wp-json\/wp\/v2\/comments?post=356"}],"version-history":[{"count":0,"href":"http:\/\/elsuperbeasto.com\/cs\/wp-json\/wp\/v2\/pages\/356\/revisions"}],"wp:featuredmedia":[{"embeddable":true,"href":"http:\/\/elsuperbeasto.com\/cs\/wp-json\/wp\/v2\/media\/126"}],"wp:attachment":[{"href":"http:\/\/elsuperbeasto.com\/cs\/wp-json\/wp\/v2\/media?parent=356"}],"curies":[{"name":"wp","href":"https:\/\/api.w.org\/{rel}","templated":true}]}}