{"id":353,"date":"2022-08-18T13:05:43","date_gmt":"2022-08-18T12:05:43","guid":{"rendered":"http:\/\/elsuperbeasto.com\/nejlepsi-aplikace-pro-hledani-lasky\/"},"modified":"2022-08-18T13:05:43","modified_gmt":"2022-08-18T12:05:43","slug":"nejlepsi-aplikace-pro-hledani-lasky","status":"publish","type":"page","link":"http:\/\/elsuperbeasto.com\/cs\/nejlepsi-aplikace-pro-hledani-lasky\/","title":{"rendered":"Nejlep\u0161\u00ed aplikace pro hled\u00e1n\u00ed l\u00e1sky"},"content":{"rendered":"<p>Proto jsme provedli velk\u00fd pr\u016fzkum nejlep\u0161\u00edch seznamovac\u00edch aplikac\u00ed a na\u0161li ty, kter\u00e9 vynikaj\u00ed nad ostatn\u00edmi. Nejsou to jen na\u0161e n\u00e1zory &#8211; ka\u017ed\u00fd z nich jsme sami otestovali a vybrali jsme n\u011bkolik skute\u010dn\u00fdch v\u00edt\u011bz\u016f.<\/p>\n<p>A\u0165 u\u017e hled\u00e1te n\u011bco v\u00e1\u017en\u00e9ho, neform\u00e1ln\u00edho nebo n\u011bco mezi t\u00edm, m\u00e1me pro v\u00e1s \u0159e\u0161en\u00ed. \u0158ekneme v\u00e1m p\u0159esn\u011b, jak\u00e9 funkce d\u011blaj\u00ed jednotliv\u00e9 aplikace v\u00fdjime\u010dn\u00fdmi, poskytneme v\u00e1m up\u0159\u00edmnou zp\u011btnou vazbu o cenov\u00fdch relac\u00edch a pom\u016f\u017eeme v\u00e1m zjistit, kter\u00e1 z nich je pro v\u00e1s nejlep\u0161\u00ed.<\/p>\n<p>Po p\u0159e\u010dten\u00ed tohoto pr\u016fvodce <a href=\"http:\/\/elsuperbeasto.com\/cs\/je-online-seznamovani-bezpecne\/\">nebudete m\u00edt pochybnosti o tom<\/a>, kter\u00fd z nich je pro v\u00e1s ten prav\u00fd. U\u017e nebudete ztr\u00e1cet \u010das t\u00edm, \u017ee byste se sna\u017eili na v\u0161echno p\u0159ij\u00edt sami; sta\u010d\u00ed si vybrat tu nejlep\u0161\u00ed seznamovac\u00ed aplikaci na z\u00e1klad\u011b na\u0161ich doporu\u010den\u00ed a za\u010d\u00edt se seznamovat je\u0161t\u011b dnes.<\/p>\n<p>Ne\u017e se zaregistrujete na jak\u00e9koli webov\u00e9 str\u00e1nce, dob\u0159e si rozmyslete, zda odpov\u00edd\u00e1 va\u0161\u00ed osobnosti. D\u00e1v\u00e1te p\u0159ednost nez\u00e1vazn\u00e9mu rand\u011bn\u00ed, nebo v\u00e1\u017en\u00e9mu vztahu?<\/p>\n<h2>Najd\u011bte si web, kter\u00fd vyhovuje va\u0161\u00ed osobnosti<\/h2>\n<p>R\u00e1di chatujete prost\u0159ednictv\u00edm textov\u00fdch zpr\u00e1v, nebo byste rad\u011bji chatovali tv\u00e1\u0159\u00ed v tv\u00e1\u0159? M\u00e1te rad\u011bji kr\u00e1tk\u00e9 zpr\u00e1vy nebo dlouh\u00e9 e-maily? Tyto ot\u00e1zky v\u00e1m pomohou z\u00fa\u017eit hled\u00e1n\u00ed. Jakmile najdete str\u00e1nku, kter\u00e1 v\u00e1m vyhovuje, zaregistrujte se a za\u010dn\u011bte proch\u00e1zet profily.<\/p>\n<h2>Vyberte si web podle sv\u00fdch z\u00e1jm\u016f<\/h2>\n<p>P\u0159em\u00fd\u0161lejte o tom, co v\u00e1s zaj\u00edm\u00e1. Pokud hled\u00e1te romantick\u00e9ho partnera, pravd\u011bpodobn\u011b se nechcete p\u0159ipojit k webu, kter\u00fd je ur\u010den pro nezadan\u00e9, kte\u0159\u00ed hledaj\u00ed p\u0159\u00e1telstv\u00ed. Stejn\u011b tak pokud hled\u00e1te p\u0159\u00edtele, nebudete se cht\u00edt p\u0159ipojit k seznamce, kter\u00e1 se zam\u011b\u0159uje na romantiku.<\/p>\n<p>M\u00edsto toho si vyberte str\u00e1nku, kter\u00e1 odpov\u00edd\u00e1 va\u0161im z\u00e1jm\u016fm. Pokud nap\u0159\u00edklad milujete sport, m\u011bli byste se p\u0159ipojit k webu, kter\u00fd umo\u017e\u0148uje \u010dlen\u016fm sd\u00edlet jejich obl\u00edben\u00e9 t\u00fdmy, hr\u00e1\u010de a ud\u00e1losti. Snadno tak najdete kompatibiln\u00ed partnery, kte\u0159\u00ed maj\u00ed podobn\u00e9 z\u00e1jmy.<\/p>\n<h2>Ne\u017e se rozhodnete, p\u0159ipojte se k n\u011bkolika web\u016fm<\/h2>\n<p>Je d\u016fle\u017eit\u00e9 nav\u0161t\u00edvit n\u011bkolik seznamek, ne\u017e se pro jednu rozhodnete. M\u00e1te tak mo\u017enost porovnat v\u00fdhody a nev\u00fdhody jednotliv\u00fdch str\u00e1nek. N\u011bkter\u00e9 str\u00e1nky nab\u00edzej\u00ed nap\u0159\u00edklad pokro\u010dil\u00e9 funkce, jako jsou videochaty a zas\u00edl\u00e1n\u00ed rychl\u00fdch zpr\u00e1v. Jin\u00e9 umo\u017e\u0148uj\u00ed \u010dlen\u016fm nahr\u00e1vat obr\u00e1zky a videa. Jin\u00e9 umo\u017e\u0148uj\u00ed proch\u00e1zet profily \u010dlen\u016f, ani\u017e by odhalovaly osobn\u00ed \u00fadaje.<\/p>\n<h2>Zva\u017ete ot\u00e1zky ochrany soukrom\u00ed<\/h2>\n<p>N\u011bkter\u00e9 str\u00e1nky umo\u017e\u0148uj\u00ed \u010dlen\u016fm z\u016fstat v anonymit\u011b, zat\u00edmco jin\u00e9 vy\u017eaduj\u00ed, aby \u010dlenov\u00e9 odhalili svou toto\u017enost. P\u0159i zva\u017eov\u00e1n\u00ed ot\u00e1zek ochrany osobn\u00edch \u00fadaj\u016f m\u011bjte na pam\u011bti, \u017ee n\u011bkter\u00e9 weby o v\u00e1s mohou shroma\u017e\u010fovat citliv\u00e9 informace. N\u011bkter\u00e9 str\u00e1nky nap\u0159\u00edklad \u017e\u00e1daj\u00ed \u010dleny, aby zve\u0159ejnili sv\u016fj rodinn\u00fd stav, n\u00e1bo\u017eensk\u00e9 vyzn\u00e1n\u00ed, povol\u00e1n\u00ed a \u00farove\u0148 vzd\u011bl\u00e1n\u00ed. Tyto \u00fadaje mohou b\u00fdt pou\u017eity k c\u00edlen\u00ed reklamy na v\u00e1s. Jin\u00e9 str\u00e1nky mohou po\u017eadovat dal\u0161\u00ed informace, jako je va\u0161e v\u00fd\u0161ka, hmotnost, p\u0159\u00edjem a v\u011bk. Zat\u00edmco n\u011bkter\u00e9 str\u00e1nky umo\u017e\u0148uj\u00ed \u010dlen\u016fm zvolit si, zda cht\u011bj\u00ed odhalit svou identitu, jin\u00e9 vy\u017eaduj\u00ed, aby \u010dlenov\u00e9 odhalili v\u0161e.<\/p>\n<h2>\u010cASTO KLADEN\u00c9 DOTAZY<\/h2>\n<h3>Jak\u00e1 je nejlep\u0161\u00ed seznamka pro v\u00e1\u017en\u00e9 vztahy?<\/h3>\n<p>Nejlep\u0161\u00ed seznamka pro v\u00e1\u017en\u00e9 vztahy je OkCupid.com. Tato seznamka m\u00e1 miliony u\u017eivatel\u016f z cel\u00e9ho sv\u011bta, kte\u0159\u00ed na n\u00ed hledaj\u00ed l\u00e1sku. Nab\u00edzej\u00ed bezplatn\u00e9 zas\u00edl\u00e1n\u00ed zpr\u00e1v, okam\u017eit\u00e9 zpr\u00e1vy, videochat a dal\u0161\u00ed funkce, kter\u00e9 v\u00e1m pomohou spojit se s potenci\u00e1ln\u00edmi partnery.<\/p>\n<p>OkCupid existuje od roku 2004 a zdarma se na n\u011bj zaregistrovaly miliony u\u017eivatel\u016f. Str\u00e1nky umo\u017e\u0148uj\u00ed u\u017eivatel\u016fm vytvo\u0159it si profil, vyhled\u00e1vat dal\u0161\u00ed \u010dleny podle krit\u00e9ri\u00ed, jako je poloha, v\u011bk, pohlav\u00ed atd., a pot\u00e9 si navz\u00e1jem pos\u00edlat zpr\u00e1vy. U\u017eivatel\u00e9 mohou tak\u00e9 proch\u00e1zet profily ostatn\u00edch, kte\u0159\u00ed hledaj\u00ed partnera.<\/p>\n<h3>Jak\u00e1 je nejlep\u0161\u00ed seznamovac\u00ed aplikace v roce 2022?<\/h3>\n<p>Nejlep\u0161\u00ed seznamovac\u00ed aplikac\u00ed pro rok 2022 bude Tinder Plus, kter\u00e1 u\u017eivatel\u016fm umo\u017e\u0148uje pos\u00edlat neomezen\u00e9 mno\u017estv\u00ed zpr\u00e1v ostatn\u00edm u\u017eivatel\u016fm. Tato funkce je k dispozici od roku 2016, ale teprve nyn\u00ed se st\u00e1v\u00e1 popul\u00e1rn\u00ed. Podobn\u00e9 funkce nab\u00edzej\u00ed i dal\u0161\u00ed aplikace jako Happn, Bumble a OkCupid.<\/p>\n","protected":false},"excerpt":{"rendered":"<p>Proto jsme provedli velk\u00fd pr\u016fzkum nejlep\u0161\u00edch seznamovac\u00edch aplikac\u00ed a na\u0161li ty, kter\u00e9 vynikaj\u00ed nad ostatn\u00edmi. Nejsou to jen na\u0161e n\u00e1zory &#8211; ka\u017ed\u00fd z nich jsme sami otestovali a vybrali jsme n\u011bkolik skute\u010dn\u00fdch v\u00edt\u011bz\u016f. A\u0165 u\u017e hled\u00e1te n\u011bco v\u00e1\u017en\u00e9ho, neform\u00e1ln\u00edho nebo&hellip; <a href=\"http:\/\/elsuperbeasto.com\/cs\/nejlepsi-aplikace-pro-hledani-lasky\/\" class=\"more-link\">Continue Reading <span class=\"meta-nav\">&rarr;<\/span><\/a><\/p>\n","protected":false},"author":1,"featured_media":140,"parent":0,"menu_order":0,"comment_status":"closed","ping_status":"closed","template":"","meta":[],"yoast_head":"<!-- This site is optimized with the Yoast SEO plugin v17.7.1 - https:\/\/yoast.com\/wordpress\/plugins\/seo\/ -->\n<title>Nejlep\u0161\u00ed aplikace pro hled\u00e1n\u00ed l\u00e1sky - Quick Hookup<\/title>\n<meta name=\"robots\" content=\"index, follow, max-snippet:-1, max-image-preview:large, max-video-preview:-1\" \/>\n<link rel=\"canonical\" href=\"http:\/\/elsuperbeasto.com\/cs\/nejlepsi-aplikace-pro-hledani-lasky\/\" \/>\n<meta property=\"og:locale\" content=\"cs_CZ\" \/>\n<meta property=\"og:type\" content=\"article\" \/>\n<meta property=\"og:title\" content=\"Nejlep\u0161\u00ed aplikace pro hled\u00e1n\u00ed l\u00e1sky - Quick Hookup\" \/>\n<meta property=\"og:description\" content=\"Proto jsme provedli velk\u00fd pr\u016fzkum nejlep\u0161\u00edch seznamovac\u00edch aplikac\u00ed a na\u0161li ty, kter\u00e9 vynikaj\u00ed nad ostatn\u00edmi. Nejsou to jen na\u0161e n\u00e1zory &#8211; ka\u017ed\u00fd z nich jsme sami otestovali a vybrali jsme n\u011bkolik skute\u010dn\u00fdch v\u00edt\u011bz\u016f. A\u0165 u\u017e hled\u00e1te n\u011bco v\u00e1\u017en\u00e9ho, neform\u00e1ln\u00edho nebo&hellip; Continue Reading &rarr;\" \/>\n<meta property=\"og:url\" content=\"http:\/\/elsuperbeasto.com\/cs\/nejlepsi-aplikace-pro-hledani-lasky\/\" \/>\n<meta property=\"og:site_name\" content=\"Quick Hookup\" \/>\n<meta property=\"og:image\" content=\"http:\/\/elsuperbeasto.com\/wp-content\/uploads\/2022\/08\/love-balloons.jpeg\" \/>\n\t<meta property=\"og:image:width\" content=\"1000\" \/>\n\t<meta property=\"og:image:height\" content=\"1500\" \/>\n<meta name=\"twitter:card\" content=\"summary_large_image\" \/>\n<meta name=\"twitter:label1\" content=\"Odhadovan\u00e1 doba \u010dten\u00ed\" \/>\n\t<meta name=\"twitter:data1\" content=\"4 minuty\" \/>\n<script type=\"application\/ld+json\" class=\"yoast-schema-graph\">{\"@context\":\"https:\/\/schema.org\",\"@graph\":[{\"@type\":\"WebSite\",\"@id\":\"https:\/\/elsuperbeasto.com\/#website\",\"url\":\"https:\/\/elsuperbeasto.com\/\",\"name\":\"Quick Hookup\",\"description\":\"Your Guide To Love\",\"potentialAction\":[{\"@type\":\"SearchAction\",\"target\":{\"@type\":\"EntryPoint\",\"urlTemplate\":\"https:\/\/elsuperbeasto.com\/?s={search_term_string}\"},\"query-input\":\"required name=search_term_string\"}],\"inLanguage\":\"cs\"},{\"@type\":\"ImageObject\",\"@id\":\"http:\/\/elsuperbeasto.com\/cs\/nejlepsi-aplikace-pro-hledani-lasky\/#primaryimage\",\"inLanguage\":\"cs\",\"url\":\"http:\/\/elsuperbeasto.com\/wp-content\/uploads\/2022\/08\/love-balloons.jpeg\",\"contentUrl\":\"http:\/\/elsuperbeasto.com\/wp-content\/uploads\/2022\/08\/love-balloons.jpeg\",\"width\":1000,\"height\":1500},{\"@type\":\"WebPage\",\"@id\":\"http:\/\/elsuperbeasto.com\/cs\/nejlepsi-aplikace-pro-hledani-lasky\/#webpage\",\"url\":\"http:\/\/elsuperbeasto.com\/cs\/nejlepsi-aplikace-pro-hledani-lasky\/\",\"name\":\"Nejlep\\u0161\\u00ed aplikace pro hled\\u00e1n\\u00ed l\\u00e1sky - Quick Hookup\",\"isPartOf\":{\"@id\":\"https:\/\/elsuperbeasto.com\/#website\"},\"primaryImageOfPage\":{\"@id\":\"http:\/\/elsuperbeasto.com\/cs\/nejlepsi-aplikace-pro-hledani-lasky\/#primaryimage\"},\"datePublished\":\"2022-08-18T12:05:43+00:00\",\"dateModified\":\"2022-08-18T12:05:43+00:00\",\"breadcrumb\":{\"@id\":\"http:\/\/elsuperbeasto.com\/cs\/nejlepsi-aplikace-pro-hledani-lasky\/#breadcrumb\"},\"inLanguage\":\"cs\",\"potentialAction\":[{\"@type\":\"ReadAction\",\"target\":[\"http:\/\/elsuperbeasto.com\/cs\/nejlepsi-aplikace-pro-hledani-lasky\/\"]}]},{\"@type\":\"BreadcrumbList\",\"@id\":\"http:\/\/elsuperbeasto.com\/cs\/nejlepsi-aplikace-pro-hledani-lasky\/#breadcrumb\",\"itemListElement\":[{\"@type\":\"ListItem\",\"position\":1,\"name\":\"Home\",\"item\":\"https:\/\/elsuperbeasto.com\/cs\/\"},{\"@type\":\"ListItem\",\"position\":2,\"name\":\"Nejlep\\u0161\\u00ed aplikace pro hled\\u00e1n\\u00ed l\\u00e1sky\"}]}]}<\/script>\n<!-- \/ Yoast SEO plugin. -->","yoast_head_json":{"title":"Nejlep\u0161\u00ed aplikace pro hled\u00e1n\u00ed l\u00e1sky - Quick Hookup","robots":{"index":"index","follow":"follow","max-snippet":"max-snippet:-1","max-image-preview":"max-image-preview:large","max-video-preview":"max-video-preview:-1"},"canonical":"http:\/\/elsuperbeasto.com\/cs\/nejlepsi-aplikace-pro-hledani-lasky\/","og_locale":"cs_CZ","og_type":"article","og_title":"Nejlep\u0161\u00ed aplikace pro hled\u00e1n\u00ed l\u00e1sky - Quick Hookup","og_description":"Proto jsme provedli velk\u00fd pr\u016fzkum nejlep\u0161\u00edch seznamovac\u00edch aplikac\u00ed a na\u0161li ty, kter\u00e9 vynikaj\u00ed nad ostatn\u00edmi. Nejsou to jen na\u0161e n\u00e1zory &#8211; ka\u017ed\u00fd z nich jsme sami otestovali a vybrali jsme n\u011bkolik skute\u010dn\u00fdch v\u00edt\u011bz\u016f. A\u0165 u\u017e hled\u00e1te n\u011bco v\u00e1\u017en\u00e9ho, neform\u00e1ln\u00edho nebo&hellip; Continue Reading &rarr;","og_url":"http:\/\/elsuperbeasto.com\/cs\/nejlepsi-aplikace-pro-hledani-lasky\/","og_site_name":"Quick Hookup","og_image":[{"width":1000,"height":1500,"url":"http:\/\/elsuperbeasto.com\/wp-content\/uploads\/2022\/08\/love-balloons.jpeg","type":"image\/jpeg"}],"twitter_card":"summary_large_image","twitter_misc":{"Odhadovan\u00e1 doba \u010dten\u00ed":"4 minuty"},"schema":{"@context":"https:\/\/schema.org","@graph":[{"@type":"WebSite","@id":"https:\/\/elsuperbeasto.com\/#website","url":"https:\/\/elsuperbeasto.com\/","name":"Quick Hookup","description":"Your Guide To Love","potentialAction":[{"@type":"SearchAction","target":{"@type":"EntryPoint","urlTemplate":"https:\/\/elsuperbeasto.com\/?s={search_term_string}"},"query-input":"required name=search_term_string"}],"inLanguage":"cs"},{"@type":"ImageObject","@id":"http:\/\/elsuperbeasto.com\/cs\/nejlepsi-aplikace-pro-hledani-lasky\/#primaryimage","inLanguage":"cs","url":"http:\/\/elsuperbeasto.com\/wp-content\/uploads\/2022\/08\/love-balloons.jpeg","contentUrl":"http:\/\/elsuperbeasto.com\/wp-content\/uploads\/2022\/08\/love-balloons.jpeg","width":1000,"height":1500},{"@type":"WebPage","@id":"http:\/\/elsuperbeasto.com\/cs\/nejlepsi-aplikace-pro-hledani-lasky\/#webpage","url":"http:\/\/elsuperbeasto.com\/cs\/nejlepsi-aplikace-pro-hledani-lasky\/","name":"Nejlep\u0161\u00ed aplikace pro hled\u00e1n\u00ed l\u00e1sky - Quick Hookup","isPartOf":{"@id":"https:\/\/elsuperbeasto.com\/#website"},"primaryImageOfPage":{"@id":"http:\/\/elsuperbeasto.com\/cs\/nejlepsi-aplikace-pro-hledani-lasky\/#primaryimage"},"datePublished":"2022-08-18T12:05:43+00:00","dateModified":"2022-08-18T12:05:43+00:00","breadcrumb":{"@id":"http:\/\/elsuperbeasto.com\/cs\/nejlepsi-aplikace-pro-hledani-lasky\/#breadcrumb"},"inLanguage":"cs","potentialAction":[{"@type":"ReadAction","target":["http:\/\/elsuperbeasto.com\/cs\/nejlepsi-aplikace-pro-hledani-lasky\/"]}]},{"@type":"BreadcrumbList","@id":"http:\/\/elsuperbeasto.com\/cs\/nejlepsi-aplikace-pro-hledani-lasky\/#breadcrumb","itemListElement":[{"@type":"ListItem","position":1,"name":"Home","item":"https:\/\/elsuperbeasto.com\/cs\/"},{"@type":"ListItem","position":2,"name":"Nejlep\u0161\u00ed aplikace pro hled\u00e1n\u00ed l\u00e1sky"}]}]}},"_links":{"self":[{"href":"http:\/\/elsuperbeasto.com\/cs\/wp-json\/wp\/v2\/pages\/353"}],"collection":[{"href":"http:\/\/elsuperbeasto.com\/cs\/wp-json\/wp\/v2\/pages"}],"about":[{"href":"http:\/\/elsuperbeasto.com\/cs\/wp-json\/wp\/v2\/types\/page"}],"author":[{"embeddable":true,"href":"http:\/\/elsuperbeasto.com\/cs\/wp-json\/wp\/v2\/users\/1"}],"replies":[{"embeddable":true,"href":"http:\/\/elsuperbeasto.com\/cs\/wp-json\/wp\/v2\/comments?post=353"}],"version-history":[{"count":0,"href":"http:\/\/elsuperbeasto.com\/cs\/wp-json\/wp\/v2\/pages\/353\/revisions"}],"wp:featuredmedia":[{"embeddable":true,"href":"http:\/\/elsuperbeasto.com\/cs\/wp-json\/wp\/v2\/media\/140"}],"wp:attachment":[{"href":"http:\/\/elsuperbeasto.com\/cs\/wp-json\/wp\/v2\/media?parent=353"}],"curies":[{"name":"wp","href":"https:\/\/api.w.org\/{rel}","templated":true}]}}