{"id":318,"date":"2022-08-18T13:22:34","date_gmt":"2022-08-18T12:22:34","guid":{"rendered":"http:\/\/elsuperbeasto.com\/jak-datovat-mistni-zeny\/"},"modified":"2022-08-18T13:22:34","modified_gmt":"2022-08-18T12:22:34","slug":"jak-datovat-mistni-zeny","status":"publish","type":"page","link":"http:\/\/elsuperbeasto.com\/cs\/jak-datovat-mistni-zeny\/","title":{"rendered":"Jak datovat m\u00edstn\u00ed \u017eeny"},"content":{"rendered":"<p>U\u017e v\u00e1s nebav\u00ed chodit s d\u00edvkami z daleka? Chcete si naj\u00edt p\u0159\u00edtelkyni bl\u00ed\u017ee k domovu?<\/p>\n<p>V tomto \u010dl\u00e1nku se budeme zab\u00fdvat 3 tipy, kter\u00e9 v\u00e1m pomohou naj\u00edt m\u00edstn\u00ed d\u00edvku pro rand\u011bn\u00ed.<\/p>\n<h2>Naj\u00edt m\u00edstn\u00ed \u017eeny online<\/h2>\n<p>Nejd\u0159\u00edve k v\u011bci. Pokud chcete naj\u00edt m\u00edstn\u00ed \u017eenu na rand\u011bn\u00ed, mus\u00edte ji nejprve naj\u00edt online. Existuj\u00ed tuny webov\u00fdch str\u00e1nek, kter\u00e9 umo\u017e\u0148uj\u00ed vyhled\u00e1vat svobodn\u00e9 \u017eeny na z\u00e1klad\u011b polohy. Mezi tyto str\u00e1nky pat\u0159\u00ed Match.com, eHarmony, PlentyofFish, OkCupid, Zoosk a dal\u0161\u00ed.<\/p>\n<p>Online seznamov\u00e1n\u00ed je v posledn\u00ed dob\u011b velmi popul\u00e1rn\u00ed. Umo\u017e\u0148uje v\u00e1m spojit se s tis\u00edci potenci\u00e1ln\u00edch prot\u011bj\u0161k\u016f, ani\u017e byste museli opustit sv\u016fj domov. Nenechte si proto uj\u00edt p\u0159\u00edle\u017eitost naj\u00edt si m\u00edstn\u00ed \u017eenu.<\/p>\n<h2>Setk\u00e1v\u00e1n\u00ed s p\u0159\u00e1teli, kte\u0159\u00ed \u017eij\u00ed pobl\u00ed\u017e<\/h2>\n<p>Tento tip se nejl\u00e9pe hod\u00ed pro obyvatele velk\u00fdch m\u011bst. Pokud v\u0161ak \u017eijete n\u011bkde v men\u0161\u00edm m\u011bst\u011b, m\u016f\u017eete si naj\u00edt m\u00edstn\u00ed d\u00edvku na rande. Sejd\u011bte se s p\u0159\u00e1teli, kte\u0159\u00ed \u017eij\u00ed pobl\u00ed\u017e. To v\u00e1m poskytne z\u00e1minku ke spole\u010dn\u00e9mu posezen\u00ed a pov\u00edd\u00e1n\u00ed o va\u0161ich z\u00e1jmech.<\/p>\n<p>Kdy\u017e se bav\u00edte s p\u0159\u00e1teli, je snaz\u0161\u00ed nav\u00e1zat <a href=\"http:\/\/elsuperbeasto.com\/cs\/nejlepsi-aplikace-pro-hledani-lasky\/\">konverzaci<\/a>. Nav\u00edc pravd\u011bpodobn\u011b naraz\u00edte i na n\u011bjak\u00e9 hezk\u00e9 kluky!<\/p>\n<h2>P\u0159ipojte se ke skupin\u00e1m, kter\u00e9 v\u00e1s zaj\u00edmaj\u00ed<\/h2>\n<p>P\u0159ipojte se ke skupin\u00e1m, kter\u00e9 v\u00e1s zaj\u00edmaj\u00ed. P\u0159idejte se nap\u0159\u00edklad ke sportovn\u00ed skupin\u011b, kni\u017en\u00edmu klubu nebo jin\u00e9 skupin\u011b, kter\u00e1 v\u00e1s zaj\u00edm\u00e1. Kdy\u017e se do t\u011bchto skupin zapoj\u00edte, pozn\u00e1te spoustu zaj\u00edmav\u00fdch lid\u00ed. A proto\u017ee se v\u011bt\u0161ina t\u011bchto skupin zam\u011b\u0159uje na n\u011bco, co v\u00e1s zaj\u00edm\u00e1, budete se s nimi c\u00edtit l\u00e9pe ne\u017e s n\u00e1hodn\u00fdmi cizinci.<\/p>\n<p>Nav\u00edc si v t\u011bchto skupin\u00e1ch m\u016f\u017eete procvi\u010dit konverza\u010dn\u00ed dovednosti. Nau\u010d\u00edte se kl\u00e1st ot\u00e1zky, l\u00e9pe naslouchat a sebev\u011bdom\u011b mluvit.<\/p>\n<h2>\u010cASTO KLADEN\u00c9 DOTAZY<\/h2>\n<p>Pokud se budete \u0159\u00eddit t\u011bmito <a href=\"http:\/\/elsuperbeasto.com\/cs\/4-tipy-jak-zustat-v-bezpeci-pri-online-randeni\/\">t\u0159emi tipy<\/a>, budete si moci naj\u00edt d\u00edvku na rand\u011bn\u00ed rad\u011bji d\u0159\u00edve ne\u017e pozd\u011bji.<\/p>\n<h3>Co znamen\u00e1 chodit s n\u011bk\u00fdm bez z\u00e1vazk\u016f?<\/h3>\n<p>Bez z\u00e1vazk\u016f znamen\u00e1, \u017ee se nemus\u00edte ob\u00e1vat \u017e\u00e1dn\u00fdch dlouhodob\u00fdch z\u00e1vazk\u016f. Pokud chcete chodit s n\u011bk\u00fdm pro z\u00e1bavu, tak do toho! Pokud v\u0161ak chcete s n\u011bk\u00fdm chodit v\u00e1\u017en\u011b, m\u011bli byste b\u00fdt p\u0159ipraveni se zav\u00e1zat. Pokud se chcete vyhnout vztahu, ve kter\u00e9m se ob\u011b strany c\u00edt\u00ed zav\u00e1z\u00e1ny b\u00fdt spolu nav\u017edy, zkuste chodit s n\u011bk\u00fdm, kdo nem\u00e1 \u017e\u00e1dn\u00e1 o\u010dek\u00e1v\u00e1n\u00ed ohledn\u011b toho, jak dlouho by spolu m\u011bli z\u016fstat. D\u00edky tomu se nemus\u00edte b\u00e1t, \u017ee se rozejdete, kdy\u017e v\u00e1m to p\u0159estane klapat.<\/p>\n<h3>M\u016f\u017ee se nez\u00e1vazn\u00e1 l\u00e1ska zm\u011bnit v l\u00e1sku?<\/h3>\n<p>Ano, je mo\u017en\u00e9, aby se vztah bez z\u00e1vazk\u016f zm\u011bnil v l\u00e1sku. Vy\u017eaduje to v\u0161ak ur\u010dit\u00e9 \u00fasil\u00ed obou stran. Prvn\u00edm krokem je up\u0159\u00edmn\u011b si \u0159\u00edct, co chcete. Pokud nev\u00edte, co chcete, nezjist\u00edte to, dokud to nezkus\u00edte. Jakmile zjist\u00edte, co chcete, mus\u00edte spolu jasn\u011b a up\u0159\u00edmn\u011b komunikovat. Nakonec je t\u0159eba, abyste se projevili a dali ostatn\u00edm najevo, jak se c\u00edt\u00edte.<\/p>\n<h3>Co je to flirt s NSA?<\/h3>\n<p>NSA flirt je, kdy\u017e m\u00e1 n\u011bkdo sex s jinou osobou, se kterou nechce m\u00edt intimn\u00ed vztah. K tomu obvykle doch\u00e1z\u00ed mezi dv\u011bma lidmi, kte\u0159\u00ed se dob\u0159e znaj\u00ed, nap\u0159\u00edklad mezi spolupracovn\u00edky, rodinn\u00fdmi p\u0159\u00edslu\u0161n\u00edky nebo bl\u00edzk\u00fdmi p\u0159\u00e1teli. Tento term\u00edn byl poprv\u00e9 pou\u017eit v 70. letech 20. stolet\u00ed a ozna\u010duje N\u00e1rodn\u00ed bezpe\u010dnostn\u00ed agenturu.<\/p>\n","protected":false},"excerpt":{"rendered":"<p>U\u017e v\u00e1s nebav\u00ed chodit s d\u00edvkami z daleka? Chcete si naj\u00edt p\u0159\u00edtelkyni bl\u00ed\u017ee k domovu? V tomto \u010dl\u00e1nku se budeme zab\u00fdvat 3 tipy, kter\u00e9 v\u00e1m pomohou naj\u00edt m\u00edstn\u00ed d\u00edvku pro rand\u011bn\u00ed. Naj\u00edt m\u00edstn\u00ed \u017eeny online Nejd\u0159\u00edve k v\u011bci. Pokud chcete&hellip; <a href=\"http:\/\/elsuperbeasto.com\/cs\/jak-datovat-mistni-zeny\/\" class=\"more-link\">Continue Reading <span class=\"meta-nav\">&rarr;<\/span><\/a><\/p>\n","protected":false},"author":1,"featured_media":154,"parent":0,"menu_order":0,"comment_status":"closed","ping_status":"closed","template":"","meta":[],"yoast_head":"<!-- This site is optimized with the Yoast SEO plugin v17.7.1 - https:\/\/yoast.com\/wordpress\/plugins\/seo\/ -->\n<title>Jak datovat m\u00edstn\u00ed \u017eeny - Quick Hookup<\/title>\n<meta name=\"robots\" content=\"index, follow, max-snippet:-1, max-image-preview:large, max-video-preview:-1\" \/>\n<link rel=\"canonical\" href=\"http:\/\/elsuperbeasto.com\/cs\/jak-datovat-mistni-zeny\/\" \/>\n<meta property=\"og:locale\" content=\"cs_CZ\" \/>\n<meta property=\"og:type\" content=\"article\" \/>\n<meta property=\"og:title\" content=\"Jak datovat m\u00edstn\u00ed \u017eeny - Quick Hookup\" \/>\n<meta property=\"og:description\" content=\"U\u017e v\u00e1s nebav\u00ed chodit s d\u00edvkami z daleka? Chcete si naj\u00edt p\u0159\u00edtelkyni bl\u00ed\u017ee k domovu? V tomto \u010dl\u00e1nku se budeme zab\u00fdvat 3 tipy, kter\u00e9 v\u00e1m pomohou naj\u00edt m\u00edstn\u00ed d\u00edvku pro rand\u011bn\u00ed. Naj\u00edt m\u00edstn\u00ed \u017eeny online Nejd\u0159\u00edve k v\u011bci. Pokud chcete&hellip; Continue Reading &rarr;\" \/>\n<meta property=\"og:url\" content=\"http:\/\/elsuperbeasto.com\/cs\/jak-datovat-mistni-zeny\/\" \/>\n<meta property=\"og:site_name\" content=\"Quick Hookup\" \/>\n<meta property=\"og:image\" content=\"http:\/\/elsuperbeasto.com\/wp-content\/uploads\/2022\/08\/sexy-time.jpeg\" \/>\n\t<meta property=\"og:image:width\" content=\"1001\" \/>\n\t<meta property=\"og:image:height\" content=\"1500\" \/>\n<meta name=\"twitter:card\" content=\"summary_large_image\" \/>\n<meta name=\"twitter:label1\" content=\"Odhadovan\u00e1 doba \u010dten\u00ed\" \/>\n\t<meta name=\"twitter:data1\" content=\"3 minuty\" \/>\n<script type=\"application\/ld+json\" class=\"yoast-schema-graph\">{\"@context\":\"https:\/\/schema.org\",\"@graph\":[{\"@type\":\"WebSite\",\"@id\":\"https:\/\/elsuperbeasto.com\/#website\",\"url\":\"https:\/\/elsuperbeasto.com\/\",\"name\":\"Quick Hookup\",\"description\":\"Your Guide To Love\",\"potentialAction\":[{\"@type\":\"SearchAction\",\"target\":{\"@type\":\"EntryPoint\",\"urlTemplate\":\"https:\/\/elsuperbeasto.com\/?s={search_term_string}\"},\"query-input\":\"required name=search_term_string\"}],\"inLanguage\":\"cs\"},{\"@type\":\"ImageObject\",\"@id\":\"http:\/\/elsuperbeasto.com\/cs\/jak-datovat-mistni-zeny\/#primaryimage\",\"inLanguage\":\"cs\",\"url\":\"http:\/\/elsuperbeasto.com\/wp-content\/uploads\/2022\/08\/sexy-time.jpeg\",\"contentUrl\":\"http:\/\/elsuperbeasto.com\/wp-content\/uploads\/2022\/08\/sexy-time.jpeg\",\"width\":1001,\"height\":1500},{\"@type\":\"WebPage\",\"@id\":\"http:\/\/elsuperbeasto.com\/cs\/jak-datovat-mistni-zeny\/#webpage\",\"url\":\"http:\/\/elsuperbeasto.com\/cs\/jak-datovat-mistni-zeny\/\",\"name\":\"Jak datovat m\\u00edstn\\u00ed \\u017eeny - Quick Hookup\",\"isPartOf\":{\"@id\":\"https:\/\/elsuperbeasto.com\/#website\"},\"primaryImageOfPage\":{\"@id\":\"http:\/\/elsuperbeasto.com\/cs\/jak-datovat-mistni-zeny\/#primaryimage\"},\"datePublished\":\"2022-08-18T12:22:34+00:00\",\"dateModified\":\"2022-08-18T12:22:34+00:00\",\"breadcrumb\":{\"@id\":\"http:\/\/elsuperbeasto.com\/cs\/jak-datovat-mistni-zeny\/#breadcrumb\"},\"inLanguage\":\"cs\",\"potentialAction\":[{\"@type\":\"ReadAction\",\"target\":[\"http:\/\/elsuperbeasto.com\/cs\/jak-datovat-mistni-zeny\/\"]}]},{\"@type\":\"BreadcrumbList\",\"@id\":\"http:\/\/elsuperbeasto.com\/cs\/jak-datovat-mistni-zeny\/#breadcrumb\",\"itemListElement\":[{\"@type\":\"ListItem\",\"position\":1,\"name\":\"Home\",\"item\":\"https:\/\/elsuperbeasto.com\/cs\/\"},{\"@type\":\"ListItem\",\"position\":2,\"name\":\"Jak datovat m\\u00edstn\\u00ed \\u017eeny\"}]}]}<\/script>\n<!-- \/ Yoast SEO plugin. -->","yoast_head_json":{"title":"Jak datovat m\u00edstn\u00ed \u017eeny - Quick Hookup","robots":{"index":"index","follow":"follow","max-snippet":"max-snippet:-1","max-image-preview":"max-image-preview:large","max-video-preview":"max-video-preview:-1"},"canonical":"http:\/\/elsuperbeasto.com\/cs\/jak-datovat-mistni-zeny\/","og_locale":"cs_CZ","og_type":"article","og_title":"Jak datovat m\u00edstn\u00ed \u017eeny - Quick Hookup","og_description":"U\u017e v\u00e1s nebav\u00ed chodit s d\u00edvkami z daleka? Chcete si naj\u00edt p\u0159\u00edtelkyni bl\u00ed\u017ee k domovu? V tomto \u010dl\u00e1nku se budeme zab\u00fdvat 3 tipy, kter\u00e9 v\u00e1m pomohou naj\u00edt m\u00edstn\u00ed d\u00edvku pro rand\u011bn\u00ed. Naj\u00edt m\u00edstn\u00ed \u017eeny online Nejd\u0159\u00edve k v\u011bci. Pokud chcete&hellip; Continue Reading &rarr;","og_url":"http:\/\/elsuperbeasto.com\/cs\/jak-datovat-mistni-zeny\/","og_site_name":"Quick Hookup","og_image":[{"width":1001,"height":1500,"url":"http:\/\/elsuperbeasto.com\/wp-content\/uploads\/2022\/08\/sexy-time.jpeg","type":"image\/jpeg"}],"twitter_card":"summary_large_image","twitter_misc":{"Odhadovan\u00e1 doba \u010dten\u00ed":"3 minuty"},"schema":{"@context":"https:\/\/schema.org","@graph":[{"@type":"WebSite","@id":"https:\/\/elsuperbeasto.com\/#website","url":"https:\/\/elsuperbeasto.com\/","name":"Quick Hookup","description":"Your Guide To Love","potentialAction":[{"@type":"SearchAction","target":{"@type":"EntryPoint","urlTemplate":"https:\/\/elsuperbeasto.com\/?s={search_term_string}"},"query-input":"required name=search_term_string"}],"inLanguage":"cs"},{"@type":"ImageObject","@id":"http:\/\/elsuperbeasto.com\/cs\/jak-datovat-mistni-zeny\/#primaryimage","inLanguage":"cs","url":"http:\/\/elsuperbeasto.com\/wp-content\/uploads\/2022\/08\/sexy-time.jpeg","contentUrl":"http:\/\/elsuperbeasto.com\/wp-content\/uploads\/2022\/08\/sexy-time.jpeg","width":1001,"height":1500},{"@type":"WebPage","@id":"http:\/\/elsuperbeasto.com\/cs\/jak-datovat-mistni-zeny\/#webpage","url":"http:\/\/elsuperbeasto.com\/cs\/jak-datovat-mistni-zeny\/","name":"Jak datovat m\u00edstn\u00ed \u017eeny - Quick Hookup","isPartOf":{"@id":"https:\/\/elsuperbeasto.com\/#website"},"primaryImageOfPage":{"@id":"http:\/\/elsuperbeasto.com\/cs\/jak-datovat-mistni-zeny\/#primaryimage"},"datePublished":"2022-08-18T12:22:34+00:00","dateModified":"2022-08-18T12:22:34+00:00","breadcrumb":{"@id":"http:\/\/elsuperbeasto.com\/cs\/jak-datovat-mistni-zeny\/#breadcrumb"},"inLanguage":"cs","potentialAction":[{"@type":"ReadAction","target":["http:\/\/elsuperbeasto.com\/cs\/jak-datovat-mistni-zeny\/"]}]},{"@type":"BreadcrumbList","@id":"http:\/\/elsuperbeasto.com\/cs\/jak-datovat-mistni-zeny\/#breadcrumb","itemListElement":[{"@type":"ListItem","position":1,"name":"Home","item":"https:\/\/elsuperbeasto.com\/cs\/"},{"@type":"ListItem","position":2,"name":"Jak datovat m\u00edstn\u00ed \u017eeny"}]}]}},"_links":{"self":[{"href":"http:\/\/elsuperbeasto.com\/cs\/wp-json\/wp\/v2\/pages\/318"}],"collection":[{"href":"http:\/\/elsuperbeasto.com\/cs\/wp-json\/wp\/v2\/pages"}],"about":[{"href":"http:\/\/elsuperbeasto.com\/cs\/wp-json\/wp\/v2\/types\/page"}],"author":[{"embeddable":true,"href":"http:\/\/elsuperbeasto.com\/cs\/wp-json\/wp\/v2\/users\/1"}],"replies":[{"embeddable":true,"href":"http:\/\/elsuperbeasto.com\/cs\/wp-json\/wp\/v2\/comments?post=318"}],"version-history":[{"count":0,"href":"http:\/\/elsuperbeasto.com\/cs\/wp-json\/wp\/v2\/pages\/318\/revisions"}],"wp:featuredmedia":[{"embeddable":true,"href":"http:\/\/elsuperbeasto.com\/cs\/wp-json\/wp\/v2\/media\/154"}],"wp:attachment":[{"href":"http:\/\/elsuperbeasto.com\/cs\/wp-json\/wp\/v2\/media?parent=318"}],"curies":[{"name":"wp","href":"https:\/\/api.w.org\/{rel}","templated":true}]}}