{"id":296,"date":"2022-08-18T13:39:47","date_gmt":"2022-08-18T12:39:47","guid":{"rendered":"http:\/\/elsuperbeasto.com\/granny-dating-apps\/"},"modified":"2022-08-18T13:39:47","modified_gmt":"2022-08-18T12:39:47","slug":"granny-dating-apps","status":"publish","type":"page","link":"http:\/\/elsuperbeasto.com\/cs\/granny-dating-apps\/","title":{"rendered":"Granny Dating Apps"},"content":{"rendered":"<p>Babi\u010dky chodit s n\u011bk\u00fdm weby nab\u00edzej\u00ed star\u0161\u00ed \u017eeny p\u0159\u00edle\u017eitost <a href=\"http:\/\/elsuperbeasto.com\/cs\/randeni-se-zralou-maminkou\/\">setkat se s mlad\u0161\u00edmi mu\u017ei, kte\u0159\u00ed cht\u011bj\u00ed chodit s nimi<\/a>. Str\u00e1nky funguj\u00ed od roku 2006 a v sou\u010dasn\u00e9 dob\u011b maj\u00ed t\u00e9m\u011b\u0159 1 milion \u010dlen\u016f z cel\u00e9ho sv\u011bta. Neplat\u00ed se \u017e\u00e1dn\u00e9 poplatky a u\u017eivatel\u00e9 mohou proch\u00e1zet profily podle v\u011bku, polohy, z\u00e1jm\u016f a sexu\u00e1ln\u00edch preferenc\u00ed.<\/p>\n<p>Pokud chcete \u0161ukat m\u00edstn\u00ed babi\u010dky, m\u011bli byste j\u00edt k n\u00ed dom\u016f. Bude velmi nad\u0161en\u00e1, a\u017e v\u00e1s uvid\u00ed u sv\u00fdch dve\u0159\u00ed. Pak po\u017e\u00e1dejte o povolen\u00ed vstoupit do jej\u00edho domu. A\u017e v\u00e1m d\u00e1 souhlas, za\u010dn\u011bte ji l\u00edbat po cel\u00e9m obli\u010deji, krku, prsou a kundi\u010dce. Pot\u00e9 byste m\u011bli pomalu zasunout sv\u016fj penis do jej\u00ed vag\u00edny, dokud v n\u00ed neejakulujete.<\/p>\n<h2>Match.com<\/h2>\n<p>Match.com je nejv\u011bt\u0161\u00ed seznamka v Severn\u00ed Americe. Spole\u010dnost Match.com, kter\u00e1 m\u00e1 v\u00edce ne\u017e 10 milion\u016f registrovan\u00fdch u\u017eivatel\u016f, nab\u00edz\u00ed \u0161irokou \u0161k\u00e1lu slu\u017eeb a zdroj\u016f, kter\u00e9 u\u017eivatel\u016fm pom\u00e1haj\u00ed naj\u00edt l\u00e1sku. Match.com umo\u017e\u0148uje u\u017eivatel\u016fm vyhled\u00e1vat potenci\u00e1ln\u00ed prot\u011bj\u0161ky na z\u00e1klad\u011b polohy, spole\u010dn\u00fdch z\u00e1jm\u016f, kon\u00ed\u010dk\u016f, povol\u00e1n\u00ed, n\u00e1bo\u017eenstv\u00ed a vzd\u011bl\u00e1n\u00ed. U\u017eivatel\u00e9 mohou tak\u00e9 nastavit preference t\u00fdkaj\u00edc\u00ed se pohlav\u00ed, etnick\u00e9ho p\u016fvodu, p\u0159\u00edbuzensk\u00e9ho stavu a sexu\u00e1ln\u00ed orientace.<\/p>\n<p>U\u017eivatel\u00e9 mohou proch\u00e1zet profily, pos\u00edlat mrknut\u00ed, prohl\u00ed\u017eet si fotografie a \u00fa\u010dastnit se \u017eiv\u00fdch chat\u016f prost\u0159ednictv\u00edm webov\u00e9 kamery. \u010clenov\u00e9 si tak\u00e9 mohou vym\u011b\u0148ovat e-maily a okam\u017eit\u00e9 zpr\u00e1vy, pl\u00e1novat virtu\u00e1ln\u00ed sch\u016fzky a vy\u017e\u00e1dat si telefonn\u00ed hovory. Je zdarma a nab\u00edz\u00ed robustn\u00ed mobiln\u00ed aplikaci pro za\u0159\u00edzen\u00ed iPhone, Android, BlackBerry, Windows Phone a iPad.<\/p>\n<h2>eHarmony<\/h2>\n<p>eHarmony je dal\u0161\u00ed p\u0159edn\u00ed seznamka pro dosp\u011bl\u00e9, kter\u00e1 je ur\u010dena v\u00fdhradn\u011b pro dosp\u011bl\u00e9. Na rozd\u00edl od tradi\u010dn\u00edch dohazovac\u00edch slu\u017eeb ne\u00fa\u010dtuje eHarmony u\u017eivatel\u016fm \u017e\u00e1dn\u00e9 poplatky. M\u00edsto toho se spol\u00e9h\u00e1 v\u00fdhradn\u011b na p\u0159\u00edjmy z reklamy, kter\u00e9 jsou generov\u00e1ny p\u0159edplatn\u00fdm od \u010dlen\u016f. Tvrd\u00ed, \u017ee pou\u017e\u00edv\u00e1 v\u011bdeck\u00fd syst\u00e9m p\u00e1rov\u00e1n\u00ed u\u017eivatel\u016f na z\u00e1klad\u011b faktor\u016f kompatibility, jako jsou osobnostn\u00ed rysy, hodnoty a \u017eivotn\u00ed styl. \u010clenov\u00e9 si mohou vytvo\u0159it profil, kter\u00fd popisuje jejich osobn\u00ed vlastnosti, z\u00e1liby, z\u00e1pory a zvyky. Pot\u00e9 mohou pomoc\u00ed pokro\u010dil\u00e9ho vyhled\u00e1va\u010de na webu z\u00fa\u017eit okruh potenci\u00e1ln\u00edch z\u00e1jemc\u016f podle konkr\u00e9tn\u00edch krit\u00e9ri\u00ed. Jakmile u\u017eivatel najde vhodn\u00e9ho kandid\u00e1ta, m\u016f\u017ee s n\u00edm nav\u00e1zat kontakt a za\u010d\u00edt si vym\u011b\u0148ovat e-maily a rychl\u00e9 zpr\u00e1vy. Ob\u011b strany se mohou rozhodnout, zda budou pokra\u010dovat v osobn\u00edm jedn\u00e1n\u00ed.<\/p>\n<h2>POF<\/h2>\n<p>PlentyofFish je bezplatn\u00e1 online seznamka, kter\u00e1 je ur\u010dena p\u0159edev\u0161\u00edm dosp\u011bl\u00fdm. Tato str\u00e1nka je zn\u00e1m\u00e1 t\u00edm, \u017ee je velmi inkluzivn\u00ed a p\u0159ij\u00edm\u00e1 r\u016fzn\u00e9 typy lid\u00ed. Na rozd\u00edl od jin\u00fdch zral\u00fdch chodit s n\u011bk\u00fdm weby, To nevy\u017eaduje, aby u\u017eivatel\u00e9 platit p\u0159edplatn\u00e9. M\u00edsto toho generuje p\u0159\u00edjmy prost\u0159ednictv\u00edm reklamy. Nab\u00edz\u00ed n\u011bkolik r\u016fzn\u00fdch zp\u016fsob\u016f komunikace v\u010detn\u011b e-mailu, instant messagingu, hlasov\u00e9ho chatu a videochatu. Jej\u00ed mobiln\u00ed aplikace jsou k dispozici pro iOS\/Android.<\/p>\n<h2>OkCupid<\/h2>\n<p>OkCupid je bezplatn\u00e1 online seznamovac\u00ed slu\u017eba, kter\u00e1 se zam\u011b\u0159uje p\u0159edev\u0161\u00edm na hled\u00e1n\u00ed kompatibiln\u00edch partner\u016f pro p\u0159\u00edle\u017eitostn\u00e9 rand\u011bn\u00ed. Str\u00e1nky se mohou pochlubit v\u00edce ne\u017e 12 miliony unik\u00e1tn\u00edch n\u00e1v\u0161t\u011bvn\u00edk\u016f m\u011bs\u00ed\u010dn\u011b a umo\u017e\u0148uj\u00ed u\u017eivatel\u016fm snadno proch\u00e1zet tis\u00edce profil\u016f a komunikovat s ostatn\u00edmi prost\u0159ednictv\u00edm e-mailu, textov\u00fdch zpr\u00e1v a videochatu.<\/p>\n<p>Na OkCupid mohou u\u017eivatel\u00e9 nahr\u00e1vat fotografie, ps\u00e1t o sob\u011b a popisovat, co hledaj\u00ed u partnera. Ostatn\u00ed u\u017eivatel\u00e9 mohou reagovat na jejich p\u0159\u00edsp\u011bvky a zjistit, zda odpov\u00eddaj\u00ed jejich ide\u00e1ln\u00edmu typu. Vstup do n\u011bj je zdarma a nevy\u017eaduje \u017e\u00e1dnou registraci. Poskytuje tak\u00e9 robustn\u00ed mobiln\u00ed aplikaci, kter\u00e1 funguje na r\u016fzn\u00fdch platform\u00e1ch.<\/p>\n<h2>Hled\u00e1n\u00ed pumy pro v\u00e1s<\/h2>\n<p>Pumy a mlad\u0161\u00ed kluci se na t\u00e9to seznamovac\u00ed aplikaci bav\u00ed. Aplikace m\u00e1 mnoho funkc\u00ed, kter\u00e9 u\u017eivatel\u016fm pom\u00e1haj\u00ed se p\u0159ipojit. M\u016f\u017eete nap\u0159\u00edklad vid\u011bt momentky a p\u0159\u00edsp\u011bvky sv\u00fdch p\u0159\u00e1tel. M\u016f\u017eete tak\u00e9 pos\u00edlat zpr\u00e1vy a sd\u00edlet fotografie. A existuje spousta dal\u0161\u00edch mo\u017enost\u00ed. V\u011bt\u0161ina mu\u017e\u016f v t\u00e9to seznamovac\u00ed aplikaci je v\u0161ak star\u0161\u00ed ne\u017e vy.<\/p>\n<p>M\u011bli byste b\u00fdt ochotni se kdykoli setkat se sv\u00fdm partnerem pro sex s babi\u010dkou a nez\u00e1vazn\u011b se pobavit.<\/p>\n","protected":false},"excerpt":{"rendered":"<p>Babi\u010dky chodit s n\u011bk\u00fdm weby nab\u00edzej\u00ed star\u0161\u00ed \u017eeny p\u0159\u00edle\u017eitost setkat se s mlad\u0161\u00edmi mu\u017ei, kte\u0159\u00ed cht\u011bj\u00ed chodit s nimi. Str\u00e1nky funguj\u00ed od roku 2006 a v sou\u010dasn\u00e9 dob\u011b maj\u00ed t\u00e9m\u011b\u0159 1 milion \u010dlen\u016f z cel\u00e9ho sv\u011bta. Neplat\u00ed se \u017e\u00e1dn\u00e9 poplatky&hellip; <a href=\"http:\/\/elsuperbeasto.com\/cs\/granny-dating-apps\/\" class=\"more-link\">Continue Reading <span class=\"meta-nav\">&rarr;<\/span><\/a><\/p>\n","protected":false},"author":1,"featured_media":224,"parent":0,"menu_order":0,"comment_status":"closed","ping_status":"closed","template":"","meta":[],"yoast_head":"<!-- This site is optimized with the Yoast SEO plugin v17.7.1 - https:\/\/yoast.com\/wordpress\/plugins\/seo\/ -->\n<title>Granny Dating Apps - Quick Hookup<\/title>\n<meta name=\"robots\" content=\"index, follow, max-snippet:-1, max-image-preview:large, max-video-preview:-1\" \/>\n<link rel=\"canonical\" href=\"http:\/\/elsuperbeasto.com\/cs\/granny-dating-apps\/\" \/>\n<meta property=\"og:locale\" content=\"cs_CZ\" \/>\n<meta property=\"og:type\" content=\"article\" \/>\n<meta property=\"og:title\" content=\"Granny Dating Apps - Quick Hookup\" \/>\n<meta property=\"og:description\" content=\"Babi\u010dky chodit s n\u011bk\u00fdm weby nab\u00edzej\u00ed star\u0161\u00ed \u017eeny p\u0159\u00edle\u017eitost setkat se s mlad\u0161\u00edmi mu\u017ei, kte\u0159\u00ed cht\u011bj\u00ed chodit s nimi. Str\u00e1nky funguj\u00ed od roku 2006 a v sou\u010dasn\u00e9 dob\u011b maj\u00ed t\u00e9m\u011b\u0159 1 milion \u010dlen\u016f z cel\u00e9ho sv\u011bta. Neplat\u00ed se \u017e\u00e1dn\u00e9 poplatky&hellip; Continue Reading &rarr;\" \/>\n<meta property=\"og:url\" content=\"http:\/\/elsuperbeasto.com\/cs\/granny-dating-apps\/\" \/>\n<meta property=\"og:site_name\" content=\"Quick Hookup\" \/>\n<meta name=\"twitter:card\" content=\"summary_large_image\" \/>\n<meta name=\"twitter:image\" content=\"http:\/\/elsuperbeasto.com\/wp-content\/uploads\/2022\/08\/find-sex-on-apps.webp\" \/>\n<meta name=\"twitter:label1\" content=\"Odhadovan\u00e1 doba \u010dten\u00ed\" \/>\n\t<meta name=\"twitter:data1\" content=\"4 minuty\" \/>\n<script type=\"application\/ld+json\" class=\"yoast-schema-graph\">{\"@context\":\"https:\/\/schema.org\",\"@graph\":[{\"@type\":\"WebSite\",\"@id\":\"https:\/\/elsuperbeasto.com\/#website\",\"url\":\"https:\/\/elsuperbeasto.com\/\",\"name\":\"Quick Hookup\",\"description\":\"Your Guide To Love\",\"potentialAction\":[{\"@type\":\"SearchAction\",\"target\":{\"@type\":\"EntryPoint\",\"urlTemplate\":\"https:\/\/elsuperbeasto.com\/?s={search_term_string}\"},\"query-input\":\"required name=search_term_string\"}],\"inLanguage\":\"cs\"},{\"@type\":\"ImageObject\",\"@id\":\"http:\/\/elsuperbeasto.com\/cs\/granny-dating-apps\/#primaryimage\",\"inLanguage\":\"cs\",\"url\":\"http:\/\/elsuperbeasto.com\/wp-content\/uploads\/2022\/08\/find-sex-on-apps.webp\",\"contentUrl\":\"http:\/\/elsuperbeasto.com\/wp-content\/uploads\/2022\/08\/find-sex-on-apps.webp\",\"width\":1125,\"height\":750},{\"@type\":\"WebPage\",\"@id\":\"http:\/\/elsuperbeasto.com\/cs\/granny-dating-apps\/#webpage\",\"url\":\"http:\/\/elsuperbeasto.com\/cs\/granny-dating-apps\/\",\"name\":\"Granny Dating Apps - Quick Hookup\",\"isPartOf\":{\"@id\":\"https:\/\/elsuperbeasto.com\/#website\"},\"primaryImageOfPage\":{\"@id\":\"http:\/\/elsuperbeasto.com\/cs\/granny-dating-apps\/#primaryimage\"},\"datePublished\":\"2022-08-18T12:39:47+00:00\",\"dateModified\":\"2022-08-18T12:39:47+00:00\",\"breadcrumb\":{\"@id\":\"http:\/\/elsuperbeasto.com\/cs\/granny-dating-apps\/#breadcrumb\"},\"inLanguage\":\"cs\",\"potentialAction\":[{\"@type\":\"ReadAction\",\"target\":[\"http:\/\/elsuperbeasto.com\/cs\/granny-dating-apps\/\"]}]},{\"@type\":\"BreadcrumbList\",\"@id\":\"http:\/\/elsuperbeasto.com\/cs\/granny-dating-apps\/#breadcrumb\",\"itemListElement\":[{\"@type\":\"ListItem\",\"position\":1,\"name\":\"Home\",\"item\":\"https:\/\/elsuperbeasto.com\/cs\/\"},{\"@type\":\"ListItem\",\"position\":2,\"name\":\"Granny Dating Apps\"}]}]}<\/script>\n<!-- \/ Yoast SEO plugin. -->","yoast_head_json":{"title":"Granny Dating Apps - Quick Hookup","robots":{"index":"index","follow":"follow","max-snippet":"max-snippet:-1","max-image-preview":"max-image-preview:large","max-video-preview":"max-video-preview:-1"},"canonical":"http:\/\/elsuperbeasto.com\/cs\/granny-dating-apps\/","og_locale":"cs_CZ","og_type":"article","og_title":"Granny Dating Apps - Quick Hookup","og_description":"Babi\u010dky chodit s n\u011bk\u00fdm weby nab\u00edzej\u00ed star\u0161\u00ed \u017eeny p\u0159\u00edle\u017eitost setkat se s mlad\u0161\u00edmi mu\u017ei, kte\u0159\u00ed cht\u011bj\u00ed chodit s nimi. Str\u00e1nky funguj\u00ed od roku 2006 a v sou\u010dasn\u00e9 dob\u011b maj\u00ed t\u00e9m\u011b\u0159 1 milion \u010dlen\u016f z cel\u00e9ho sv\u011bta. Neplat\u00ed se \u017e\u00e1dn\u00e9 poplatky&hellip; Continue Reading &rarr;","og_url":"http:\/\/elsuperbeasto.com\/cs\/granny-dating-apps\/","og_site_name":"Quick Hookup","twitter_card":"summary_large_image","twitter_image":"http:\/\/elsuperbeasto.com\/wp-content\/uploads\/2022\/08\/find-sex-on-apps.webp","twitter_misc":{"Odhadovan\u00e1 doba \u010dten\u00ed":"4 minuty"},"schema":{"@context":"https:\/\/schema.org","@graph":[{"@type":"WebSite","@id":"https:\/\/elsuperbeasto.com\/#website","url":"https:\/\/elsuperbeasto.com\/","name":"Quick Hookup","description":"Your Guide To Love","potentialAction":[{"@type":"SearchAction","target":{"@type":"EntryPoint","urlTemplate":"https:\/\/elsuperbeasto.com\/?s={search_term_string}"},"query-input":"required name=search_term_string"}],"inLanguage":"cs"},{"@type":"ImageObject","@id":"http:\/\/elsuperbeasto.com\/cs\/granny-dating-apps\/#primaryimage","inLanguage":"cs","url":"http:\/\/elsuperbeasto.com\/wp-content\/uploads\/2022\/08\/find-sex-on-apps.webp","contentUrl":"http:\/\/elsuperbeasto.com\/wp-content\/uploads\/2022\/08\/find-sex-on-apps.webp","width":1125,"height":750},{"@type":"WebPage","@id":"http:\/\/elsuperbeasto.com\/cs\/granny-dating-apps\/#webpage","url":"http:\/\/elsuperbeasto.com\/cs\/granny-dating-apps\/","name":"Granny Dating Apps - Quick Hookup","isPartOf":{"@id":"https:\/\/elsuperbeasto.com\/#website"},"primaryImageOfPage":{"@id":"http:\/\/elsuperbeasto.com\/cs\/granny-dating-apps\/#primaryimage"},"datePublished":"2022-08-18T12:39:47+00:00","dateModified":"2022-08-18T12:39:47+00:00","breadcrumb":{"@id":"http:\/\/elsuperbeasto.com\/cs\/granny-dating-apps\/#breadcrumb"},"inLanguage":"cs","potentialAction":[{"@type":"ReadAction","target":["http:\/\/elsuperbeasto.com\/cs\/granny-dating-apps\/"]}]},{"@type":"BreadcrumbList","@id":"http:\/\/elsuperbeasto.com\/cs\/granny-dating-apps\/#breadcrumb","itemListElement":[{"@type":"ListItem","position":1,"name":"Home","item":"https:\/\/elsuperbeasto.com\/cs\/"},{"@type":"ListItem","position":2,"name":"Granny Dating Apps"}]}]}},"_links":{"self":[{"href":"http:\/\/elsuperbeasto.com\/cs\/wp-json\/wp\/v2\/pages\/296"}],"collection":[{"href":"http:\/\/elsuperbeasto.com\/cs\/wp-json\/wp\/v2\/pages"}],"about":[{"href":"http:\/\/elsuperbeasto.com\/cs\/wp-json\/wp\/v2\/types\/page"}],"author":[{"embeddable":true,"href":"http:\/\/elsuperbeasto.com\/cs\/wp-json\/wp\/v2\/users\/1"}],"replies":[{"embeddable":true,"href":"http:\/\/elsuperbeasto.com\/cs\/wp-json\/wp\/v2\/comments?post=296"}],"version-history":[{"count":0,"href":"http:\/\/elsuperbeasto.com\/cs\/wp-json\/wp\/v2\/pages\/296\/revisions"}],"wp:featuredmedia":[{"embeddable":true,"href":"http:\/\/elsuperbeasto.com\/cs\/wp-json\/wp\/v2\/media\/224"}],"wp:attachment":[{"href":"http:\/\/elsuperbeasto.com\/cs\/wp-json\/wp\/v2\/media?parent=296"}],"curies":[{"name":"wp","href":"https:\/\/api.w.org\/{rel}","templated":true}]}}