{"id":292,"date":"2022-08-18T13:39:07","date_gmt":"2022-08-18T12:39:07","guid":{"rendered":"http:\/\/elsuperbeasto.com\/randeni-se-zralou-maminkou\/"},"modified":"2022-08-18T13:39:07","modified_gmt":"2022-08-18T12:39:07","slug":"randeni-se-zralou-maminkou","status":"publish","type":"page","link":"http:\/\/elsuperbeasto.com\/cs\/randeni-se-zralou-maminkou\/","title":{"rendered":"Rand\u011bn\u00ed se zralou maminkou?"},"content":{"rendered":"<p>Zral\u00ed nezadan\u00ed hledaj\u00ed l\u00e1sku a romantiku. Pokud je chcete naj\u00edt, mus\u00edte b\u00fdt trp\u011bliv\u00ed a po\u010dkat, a\u017e k v\u00e1m p\u0159ijdou. Nejlep\u0161\u00edm zp\u016fsobem, jak se sezn\u00e1mit se zral\u00fdmi singly, jsou seznamovac\u00ed weby jako Match.com, eHarmony, OkCupid atd. Existuje n\u011bkolik m\u00edst, kde m\u016f\u017eete naj\u00edt star\u0161\u00ed \u017eeny hledaj\u00edc\u00ed sex. Nejlep\u0161\u00edm m\u00edstem, kde za\u010d\u00edt, je Craigslist.com. Na t\u00e9to webov\u00e9 str\u00e1nce jsou denn\u011b zve\u0159ej\u0148ov\u00e1ny tis\u00edce inzer\u00e1t\u016f z cel\u00e9ho sv\u011bta. Dal\u0161\u00ed skv\u011blou mo\u017enost\u00ed je Backpage.com. Tato str\u00e1nka m\u00e1 tak\u00e9 miliony nab\u00eddek eskortn\u00edch slu\u017eeb a slu\u017eeb pro dosp\u011bl\u00e9.<\/p>\n<p>O\u010dek\u00e1v\u00e1 se, \u017ee tato statistika bude i nad\u00e1le r\u016fst, proto\u017ee st\u00e1le v\u00edce dosp\u011bl\u00fdch si rozum\u00ed s technologiemi a c\u00edt\u00ed se jist\u011b, \u017ee se mohou vyjad\u0159ovat online. Na internetu je proto k dispozici mnoho seznamek pro dosp\u011bl\u00e9. Tyto str\u00e1nky umo\u017e\u0148uj\u00ed dosp\u011bl\u00fdm setk\u00e1vat se a komunikovat s ostatn\u00edmi \u010dleny na z\u00e1klad\u011b spole\u010dn\u00fdch z\u00e1jm\u016f. Krom\u011b seznamov\u00e1n\u00ed s nov\u00fdmi lidmi poskytuj\u00ed tyto str\u00e1nky u\u017eivatel\u016fm tak\u00e9 p\u0159\u00edstup k exkluzivn\u00edmu obsahu a n\u00e1stroj\u016fm, kter\u00e9 maj\u00ed zlep\u0161it komunikaci a v\u00e9st k trval\u00fdm vztah\u016fm. Zat\u00edmco zral\u00e9 chodit s n\u011bk\u00fdm weby se velmi li\u0161\u00ed, pokud jde o \u010dlensk\u00e9 poplatky, u\u017eivatelsk\u00e9 rozhran\u00ed, a celkov\u00e1 kvalita, n\u00ed\u017ee jsou n\u011bkter\u00e9 z nejlep\u0161\u00edch zral\u00e9 chodit s n\u011bk\u00fdm weby v sou\u010dasn\u00e9 dob\u011b k dispozici na webu.<\/p>\n<h2>Na\u0161e nejlep\u0161\u00ed tipy:<\/h2>\n<p>Existuje <a href=\"http:\/\/elsuperbeasto.com\/cs\/jak-funguji-nsa-hookups\/\">n\u011bkolik webov\u00fdch str\u00e1nek, kter\u00e9<\/a> nab\u00edzej\u00ed senior chodit s n\u011bk\u00fdm weby, jako je Senior Matchmaker, Senior People Meet, a SeniorsMeet. Tyto str\u00e1nky umo\u017e\u0148uj\u00ed u\u017eivatel\u016fm vyhled\u00e1vat ostatn\u00ed \u010dleny na z\u00e1klad\u011b v\u011bku, polohy, z\u00e1jm\u016f a kon\u00ed\u010dk\u016f.<\/p>\n<p>Chceme v\u00e1m v\u0161ak nab\u00eddnout n\u011bkolik alternativ k obl\u00edben\u00fdm mo\u017enostem.<\/p>\n<h3>YourTango<\/h3>\n<p>YourTango je bezplatn\u00e1 online seznamovac\u00ed platforma, kter\u00e1 je ur\u010dena p\u0159edev\u0161\u00edm mlad\u00fdm lidem. To znamen\u00e1, \u017ee YourTango se zam\u011b\u0159uje na spojov\u00e1n\u00ed nezadan\u00fdch ve v\u011bku 20 a 30 let.<\/p>\n<p>Je podobn\u00fd ostatn\u00edm dosp\u011bl\u00fdm seznamk\u00e1m v tom, \u017ee k registraci nevy\u017eaduje placen\u00e9 p\u0159edplatn\u00e9. M\u00e1 v\u0161ak mal\u00fd v\u00fdb\u011br pr\u00e9miov\u00fdch funkc\u00ed, kter\u00e9 stoj\u00ed 9,99 dolaru m\u011bs\u00ed\u010dn\u011b. Zam\u011b\u0159uje se p\u0159edev\u0161\u00edm na vytv\u00e1\u0159en\u00ed dlouhodob\u00fdch spojen\u00ed mezi u\u017eivateli. Za t\u00edmto \u00fa\u010delem poskytuje vysoce interaktivn\u00ed z\u00e1\u017eitek, kde se u\u017eivatel\u00e9 mohou svobodn\u011b vyj\u00e1d\u0159it.<\/p>\n<p>U\u017eivatel\u00e9 mohou na sv\u00e9 profilov\u00e9 str\u00e1nky vkl\u00e1dat \u010dl\u00e1nky, videa a obr\u00e1zky. Mohou tak\u00e9 zanech\u00e1vat koment\u00e1\u0159e k p\u0159\u00edsp\u011bvk\u016fm ostatn\u00edch \u010dlen\u016f. K dispozici pro za\u0159\u00edzen\u00ed se syst\u00e9mem iOS i Android.<\/p>\n<h3>Zoosk<\/h3>\n<p>Zoosk je bezplatn\u00e1 online seznamka, kter\u00e1 je ur\u010dena p\u0159edev\u0161\u00edm pro svobodn\u00e9 profesion\u00e1ly. To znamen\u00e1, \u017ee Zoosk je zam\u011b\u0159en na dosp\u011bl\u00e9, kte\u0159\u00ed cht\u011bj\u00ed randit ve sv\u00e9m oboru. Je podobn\u00fd ostatn\u00edm zral\u00fdm seznamk\u00e1m v tom, \u017ee nevy\u017eaduje \u017e\u00e1dnou platbu za registraci. Na rozd\u00edl od jin\u00fdch zral\u00fdch seznamek si v\u0161ak Zoosk \u00fa\u010dtuje m\u011bs\u00ed\u010dn\u00ed poplatek za pr\u00e9miov\u00e9 \u00fa\u010dty. Z\u00e1kladn\u00ed \u00fa\u010det zahrnuje neomezen\u00e9 mo\u017enosti zas\u00edl\u00e1n\u00ed zpr\u00e1v a proch\u00e1zen\u00ed. Pr\u00e9miov\u00e9 \u010dlenstv\u00ed zahrnuje p\u0159\u00edstup k dal\u0161\u00edm funkc\u00edm, jako jsou roz\u0161\u00ed\u0159en\u00e9 mo\u017enosti vyhled\u00e1v\u00e1n\u00ed a prohl\u00ed\u017een\u00ed.<\/p>\n<h3>ChristianMingle<\/h3>\n<p>ChristianMingle je p\u0159edn\u00ed zral\u00fd chodit s n\u011bk\u00fdm M\u00edsto, kter\u00e9 catalyses v\u00fdhradn\u011b pro k\u0159es\u0165any. A\u010dkoli se to na prvn\u00ed pohled m\u016f\u017ee zd\u00e1t omezuj\u00edc\u00ed, tato aplikace ve skute\u010dnosti podporuje u\u017eivatele, aby si roz\u0161\u00ed\u0159ili obzory i mimo sv\u00e9 n\u00e1bo\u017eensk\u00e9 p\u0159esv\u011bd\u010den\u00ed. Je zcela zdarma a poskytuje u\u017eivatel\u016fm rozs\u00e1hl\u00fd seznam funkc\u00ed. U\u017eivatel\u00e9 si mohou nap\u0159\u00edklad p\u0159e\u010d\u00edst podrobn\u00e9 \u017eivotopisy, prohl\u00ed\u017eet fotografie, p\u0159id\u00e1vat obl\u00edben\u00e9 polo\u017eky a hodnotit \u010dleny.<\/p>\n<p>Mohou tak\u00e9 ps\u00e1t dotazy a \u017e\u00e1dat o radu ostatn\u00ed \u010dleny. Krom\u011b toho nab\u00edz\u00ed funkci soukrom\u00fdch zpr\u00e1v, kter\u00e1 u\u017eivatel\u016fm umo\u017e\u0148uje soukrom\u011b diskutovat o t\u00e9matech bez obav, \u017ee budou souzeni. M\u016f\u017eete si vyzkou\u0161et nab\u00eddku pr\u00e9miov\u00e9ho p\u0159edplatn\u00e9ho, kter\u00e9 zahrnuje p\u0159\u00edstup k exkluzivn\u00edmu obsahu a funkc\u00edm.<\/p>\n<h3>Utk\u00e1n\u00ed<\/h3>\n<p>P\u0159esto\u017ee je Match.com nejstar\u0161\u00ed seznamkou pro dosp\u011bl\u00e9 na trhu, st\u00e1le pat\u0159\u00ed k nejobl\u00edben\u011bj\u0161\u00edm. Tato str\u00e1nka byla zalo\u017eena v roce 1995 a nyn\u00ed m\u00e1 v\u00edce ne\u017e 11 milion\u016f aktivn\u00edch \u010dlen\u016f po cel\u00e9m sv\u011bt\u011b.<\/p>\n<p>Je pova\u017eov\u00e1n za jeden z nejlep\u0161\u00edch zral\u00fdch chodit s n\u011bk\u00fdm weby, proto\u017ee poskytuje u\u017eivatel\u016fm \u0161irokou \u0161k\u00e1lu funkc\u00ed a slu\u017eeb. U\u017eivatel\u00e9 mohou nap\u0159\u00edklad vyhled\u00e1vat potenci\u00e1ln\u00ed prot\u011bj\u0161ky podle v\u011bku, pohlav\u00ed, \u017eivotn\u00edho stylu, povol\u00e1n\u00ed, n\u00e1bo\u017eenstv\u00ed a etnick\u00e9ho p\u016fvodu. Krom\u011b toho nab\u00edz\u00ed \u010dlen\u016fm mo\u017enost sd\u00edlet fotografie a videa, dost\u00e1vat personalizovan\u00e1 doporu\u010den\u00ed a propojovat se prost\u0159ednictv\u00edm soci\u00e1ln\u00edch s\u00edt\u00ed.<\/p>\n<h2>Z\u00e1v\u011br<\/h2>\n<p>Neztr\u00e1cejte \u010das hled\u00e1n\u00edm MILFek, pokud nejste p\u0159ipraveni d\u00e1t jim v\u0161e, co cht\u011bj\u00ed. V\u017edycky se najde n\u011bkdo jin\u00fd, kdo s nimi bude cht\u00edt zach\u00e1zet jako s bohyn\u011bmi sexu, kter\u00fdmi ve skute\u010dnosti jsou.<\/p>\n","protected":false},"excerpt":{"rendered":"<p>Zral\u00ed nezadan\u00ed hledaj\u00ed l\u00e1sku a romantiku. Pokud je chcete naj\u00edt, mus\u00edte b\u00fdt trp\u011bliv\u00ed a po\u010dkat, a\u017e k v\u00e1m p\u0159ijdou. Nejlep\u0161\u00edm zp\u016fsobem, jak se sezn\u00e1mit se zral\u00fdmi singly, jsou seznamovac\u00ed weby jako Match.com, eHarmony, OkCupid atd. Existuje n\u011bkolik m\u00edst, kde m\u016f\u017eete&hellip; <a href=\"http:\/\/elsuperbeasto.com\/cs\/randeni-se-zralou-maminkou\/\" class=\"more-link\">Continue Reading <span class=\"meta-nav\">&rarr;<\/span><\/a><\/p>\n","protected":false},"author":1,"featured_media":196,"parent":0,"menu_order":0,"comment_status":"closed","ping_status":"closed","template":"","meta":[],"yoast_head":"<!-- This site is optimized with the Yoast SEO plugin v17.7.1 - https:\/\/yoast.com\/wordpress\/plugins\/seo\/ -->\n<title>Rand\u011bn\u00ed se zralou maminkou? - Quick Hookup<\/title>\n<meta name=\"robots\" content=\"index, follow, max-snippet:-1, max-image-preview:large, max-video-preview:-1\" \/>\n<link rel=\"canonical\" href=\"http:\/\/elsuperbeasto.com\/cs\/randeni-se-zralou-maminkou\/\" \/>\n<meta property=\"og:locale\" content=\"cs_CZ\" \/>\n<meta property=\"og:type\" content=\"article\" \/>\n<meta property=\"og:title\" content=\"Rand\u011bn\u00ed se zralou maminkou? - Quick Hookup\" \/>\n<meta property=\"og:description\" content=\"Zral\u00ed nezadan\u00ed hledaj\u00ed l\u00e1sku a romantiku. Pokud je chcete naj\u00edt, mus\u00edte b\u00fdt trp\u011bliv\u00ed a po\u010dkat, a\u017e k v\u00e1m p\u0159ijdou. Nejlep\u0161\u00edm zp\u016fsobem, jak se sezn\u00e1mit se zral\u00fdmi singly, jsou seznamovac\u00ed weby jako Match.com, eHarmony, OkCupid atd. Existuje n\u011bkolik m\u00edst, kde m\u016f\u017eete&hellip; Continue Reading &rarr;\" \/>\n<meta property=\"og:url\" content=\"http:\/\/elsuperbeasto.com\/cs\/randeni-se-zralou-maminkou\/\" \/>\n<meta property=\"og:site_name\" content=\"Quick Hookup\" \/>\n<meta property=\"og:image\" content=\"http:\/\/elsuperbeasto.com\/wp-content\/uploads\/2022\/08\/be-mine.jpeg\" \/>\n\t<meta property=\"og:image:width\" content=\"2250\" \/>\n\t<meta property=\"og:image:height\" content=\"1500\" \/>\n<meta name=\"twitter:card\" content=\"summary_large_image\" \/>\n<meta name=\"twitter:label1\" content=\"Odhadovan\u00e1 doba \u010dten\u00ed\" \/>\n\t<meta name=\"twitter:data1\" content=\"5 minut\" \/>\n<script type=\"application\/ld+json\" class=\"yoast-schema-graph\">{\"@context\":\"https:\/\/schema.org\",\"@graph\":[{\"@type\":\"WebSite\",\"@id\":\"https:\/\/elsuperbeasto.com\/#website\",\"url\":\"https:\/\/elsuperbeasto.com\/\",\"name\":\"Quick Hookup\",\"description\":\"Your Guide To Love\",\"potentialAction\":[{\"@type\":\"SearchAction\",\"target\":{\"@type\":\"EntryPoint\",\"urlTemplate\":\"https:\/\/elsuperbeasto.com\/?s={search_term_string}\"},\"query-input\":\"required name=search_term_string\"}],\"inLanguage\":\"cs\"},{\"@type\":\"ImageObject\",\"@id\":\"http:\/\/elsuperbeasto.com\/cs\/randeni-se-zralou-maminkou\/#primaryimage\",\"inLanguage\":\"cs\",\"url\":\"http:\/\/elsuperbeasto.com\/wp-content\/uploads\/2022\/08\/be-mine.jpeg\",\"contentUrl\":\"http:\/\/elsuperbeasto.com\/wp-content\/uploads\/2022\/08\/be-mine.jpeg\",\"width\":2250,\"height\":1500},{\"@type\":\"WebPage\",\"@id\":\"http:\/\/elsuperbeasto.com\/cs\/randeni-se-zralou-maminkou\/#webpage\",\"url\":\"http:\/\/elsuperbeasto.com\/cs\/randeni-se-zralou-maminkou\/\",\"name\":\"Rand\\u011bn\\u00ed se zralou maminkou? - Quick Hookup\",\"isPartOf\":{\"@id\":\"https:\/\/elsuperbeasto.com\/#website\"},\"primaryImageOfPage\":{\"@id\":\"http:\/\/elsuperbeasto.com\/cs\/randeni-se-zralou-maminkou\/#primaryimage\"},\"datePublished\":\"2022-08-18T12:39:07+00:00\",\"dateModified\":\"2022-08-18T12:39:07+00:00\",\"breadcrumb\":{\"@id\":\"http:\/\/elsuperbeasto.com\/cs\/randeni-se-zralou-maminkou\/#breadcrumb\"},\"inLanguage\":\"cs\",\"potentialAction\":[{\"@type\":\"ReadAction\",\"target\":[\"http:\/\/elsuperbeasto.com\/cs\/randeni-se-zralou-maminkou\/\"]}]},{\"@type\":\"BreadcrumbList\",\"@id\":\"http:\/\/elsuperbeasto.com\/cs\/randeni-se-zralou-maminkou\/#breadcrumb\",\"itemListElement\":[{\"@type\":\"ListItem\",\"position\":1,\"name\":\"Home\",\"item\":\"https:\/\/elsuperbeasto.com\/cs\/\"},{\"@type\":\"ListItem\",\"position\":2,\"name\":\"Rand\\u011bn\\u00ed se zralou maminkou?\"}]}]}<\/script>\n<!-- \/ Yoast SEO plugin. -->","yoast_head_json":{"title":"Rand\u011bn\u00ed se zralou maminkou? - Quick Hookup","robots":{"index":"index","follow":"follow","max-snippet":"max-snippet:-1","max-image-preview":"max-image-preview:large","max-video-preview":"max-video-preview:-1"},"canonical":"http:\/\/elsuperbeasto.com\/cs\/randeni-se-zralou-maminkou\/","og_locale":"cs_CZ","og_type":"article","og_title":"Rand\u011bn\u00ed se zralou maminkou? - Quick Hookup","og_description":"Zral\u00ed nezadan\u00ed hledaj\u00ed l\u00e1sku a romantiku. Pokud je chcete naj\u00edt, mus\u00edte b\u00fdt trp\u011bliv\u00ed a po\u010dkat, a\u017e k v\u00e1m p\u0159ijdou. Nejlep\u0161\u00edm zp\u016fsobem, jak se sezn\u00e1mit se zral\u00fdmi singly, jsou seznamovac\u00ed weby jako Match.com, eHarmony, OkCupid atd. Existuje n\u011bkolik m\u00edst, kde m\u016f\u017eete&hellip; Continue Reading &rarr;","og_url":"http:\/\/elsuperbeasto.com\/cs\/randeni-se-zralou-maminkou\/","og_site_name":"Quick Hookup","og_image":[{"width":2250,"height":1500,"url":"http:\/\/elsuperbeasto.com\/wp-content\/uploads\/2022\/08\/be-mine.jpeg","type":"image\/jpeg"}],"twitter_card":"summary_large_image","twitter_misc":{"Odhadovan\u00e1 doba \u010dten\u00ed":"5 minut"},"schema":{"@context":"https:\/\/schema.org","@graph":[{"@type":"WebSite","@id":"https:\/\/elsuperbeasto.com\/#website","url":"https:\/\/elsuperbeasto.com\/","name":"Quick Hookup","description":"Your Guide To Love","potentialAction":[{"@type":"SearchAction","target":{"@type":"EntryPoint","urlTemplate":"https:\/\/elsuperbeasto.com\/?s={search_term_string}"},"query-input":"required name=search_term_string"}],"inLanguage":"cs"},{"@type":"ImageObject","@id":"http:\/\/elsuperbeasto.com\/cs\/randeni-se-zralou-maminkou\/#primaryimage","inLanguage":"cs","url":"http:\/\/elsuperbeasto.com\/wp-content\/uploads\/2022\/08\/be-mine.jpeg","contentUrl":"http:\/\/elsuperbeasto.com\/wp-content\/uploads\/2022\/08\/be-mine.jpeg","width":2250,"height":1500},{"@type":"WebPage","@id":"http:\/\/elsuperbeasto.com\/cs\/randeni-se-zralou-maminkou\/#webpage","url":"http:\/\/elsuperbeasto.com\/cs\/randeni-se-zralou-maminkou\/","name":"Rand\u011bn\u00ed se zralou maminkou? - Quick Hookup","isPartOf":{"@id":"https:\/\/elsuperbeasto.com\/#website"},"primaryImageOfPage":{"@id":"http:\/\/elsuperbeasto.com\/cs\/randeni-se-zralou-maminkou\/#primaryimage"},"datePublished":"2022-08-18T12:39:07+00:00","dateModified":"2022-08-18T12:39:07+00:00","breadcrumb":{"@id":"http:\/\/elsuperbeasto.com\/cs\/randeni-se-zralou-maminkou\/#breadcrumb"},"inLanguage":"cs","potentialAction":[{"@type":"ReadAction","target":["http:\/\/elsuperbeasto.com\/cs\/randeni-se-zralou-maminkou\/"]}]},{"@type":"BreadcrumbList","@id":"http:\/\/elsuperbeasto.com\/cs\/randeni-se-zralou-maminkou\/#breadcrumb","itemListElement":[{"@type":"ListItem","position":1,"name":"Home","item":"https:\/\/elsuperbeasto.com\/cs\/"},{"@type":"ListItem","position":2,"name":"Rand\u011bn\u00ed se zralou maminkou?"}]}]}},"_links":{"self":[{"href":"http:\/\/elsuperbeasto.com\/cs\/wp-json\/wp\/v2\/pages\/292"}],"collection":[{"href":"http:\/\/elsuperbeasto.com\/cs\/wp-json\/wp\/v2\/pages"}],"about":[{"href":"http:\/\/elsuperbeasto.com\/cs\/wp-json\/wp\/v2\/types\/page"}],"author":[{"embeddable":true,"href":"http:\/\/elsuperbeasto.com\/cs\/wp-json\/wp\/v2\/users\/1"}],"replies":[{"embeddable":true,"href":"http:\/\/elsuperbeasto.com\/cs\/wp-json\/wp\/v2\/comments?post=292"}],"version-history":[{"count":0,"href":"http:\/\/elsuperbeasto.com\/cs\/wp-json\/wp\/v2\/pages\/292\/revisions"}],"wp:featuredmedia":[{"embeddable":true,"href":"http:\/\/elsuperbeasto.com\/cs\/wp-json\/wp\/v2\/media\/196"}],"wp:attachment":[{"href":"http:\/\/elsuperbeasto.com\/cs\/wp-json\/wp\/v2\/media?parent=292"}],"curies":[{"name":"wp","href":"https:\/\/api.w.org\/{rel}","templated":true}]}}