{"id":277,"date":"2022-08-18T13:44:21","date_gmt":"2022-08-18T12:44:21","guid":{"rendered":"http:\/\/elsuperbeasto.com\/jake-jsou-nejlepsi-aplikace-pro-sexting\/"},"modified":"2022-08-18T13:44:21","modified_gmt":"2022-08-18T12:44:21","slug":"jake-jsou-nejlepsi-aplikace-pro-sexting","status":"publish","type":"page","link":"http:\/\/elsuperbeasto.com\/cs\/jake-jsou-nejlepsi-aplikace-pro-sexting\/","title":{"rendered":"Jak\u00e9 jsou nejlep\u0161\u00ed aplikace pro sexting?"},"content":{"rendered":"<p>V\u00ed\u0161, co se stane, kdy\u017e jsi nadr\u017een\u00fd.  <a href=\"http:\/\/elsuperbeasto.com\/cs\/je-online-seznamovani-bezpecne\/\">Nap\u00ed\u0161ete sv\u00e9mu partnerovi<\/a>, po\u0161lete mu sexy fotku, mo\u017en\u00e1 si dokonce domluv\u00edte rande. N\u011bkdy se v\u0161ak v\u011bci nevyv\u00edjej\u00ed tak, jak bylo pl\u00e1nov\u00e1no. Mo\u017en\u00e1 nereaguje. Nebo ji to nebav\u00ed. A vy si \u0159\u00edk\u00e1te, jestli sv\u00e9ho partnera je\u0161t\u011b n\u011bkdy uvid\u00edte.<\/p>\n<p>Ale d\u00edky internetu se m\u016f\u017eete sezn\u00e1mit s n\u011bk\u00fdm jin\u00fdm, zat\u00edmco \u010dek\u00e1te, a\u017e se v\u00e1\u0161 partner objev\u00ed. Existuj\u00ed tuny bezplatn\u00fdch sextingov\u00fdch str\u00e1nek, kde m\u016f\u017eete naj\u00edt lidi, kte\u0159\u00ed cht\u011bj\u00ed chatovat sprost\u011b p\u0159es text. Tyto str\u00e1nky usnad\u0148uj\u00ed flirtov\u00e1n\u00ed s ostatn\u00edmi, ani\u017e byste se museli ob\u00e1vat, \u017ee v\u00e1s n\u011bkdo p\u0159istihne. Nab\u00edzej\u00ed tak\u00e9 funkce, jako je \u017eiv\u00e1 kamera, sex p\u0159es webkameru a sex po telefonu. Pot\u0159ebujete jen chytr\u00fd telefon a p\u0159ipojen\u00ed.<\/p>\n<p>N\u011bkter\u00e9 zn\u00e1m\u00e9 mo\u017enosti jsou:<\/p>\n<ol>\n<li>Kik &#8211; Kik je jednou z nejstar\u0161\u00edch seznamovac\u00edch platforem na webu. Existuje od roku 2005 a pou\u017e\u00edvaj\u00ed ji miliony lid\u00ed po cel\u00e9m sv\u011bt\u011b. Je ur\u010dena zejm\u00e9na pro dosp\u00edvaj\u00edc\u00ed a mlad\u00e9 dosp\u011bl\u00e9, ale m\u016f\u017ee ji pou\u017e\u00edvat kdokoli.<\/li>\n<li>Omegle &#8211; Pokud jste o Omegle nikdy nesly\u0161eli, je to pravd\u011bpodobn\u011b proto, \u017ee nen\u00ed p\u0159\u00edli\u0161 zn\u00e1m\u00e1. Tato str\u00e1nka umo\u017e\u0148uje n\u00e1hodn\u00e9 spojen\u00ed s jinou osobou. M\u016f\u017eete mluvit s k\u00fdmkoli chcete, bez ohledu na to, jak je star\u00fd. M\u011bjte na pam\u011bti, \u017ee v\u011bt\u0161ina lid\u00ed nem\u00e1 z\u00e1jem mluvit s n\u011bk\u00fdm, koho poznala online.<\/li>\n<li>Chatroulette &#8211; Jak u\u017e n\u00e1zev napov\u00edd\u00e1, Chatroulette v\u00e1m umo\u017en\u00ed potkat n\u00e1hodn\u00e9 lidi a za\u010d\u00edt s nimi chatovat. Je to podobn\u00e9 jako Omegle, ale m\u00edsto s lidmi, kter\u00e9 u\u017e zn\u00e1te, se spojujete s \u00fapln\u011b ciz\u00edmi lidmi.<\/li>\n<li>Scruff &#8211; Scruff se od ostatn\u00edch seznamek trochu li\u0161\u00ed. Nam\u00edsto toho, aby v\u00e1m seznamka p\u0159i\u0159azovala potenci\u00e1ln\u00ed partnery na z\u00e1klad\u011b va\u0161ich preferenc\u00ed, p\u0159i\u0159azuje v\u00e1m je na z\u00e1klad\u011b va\u0161\u00ed polohy. Pokud se tedy nach\u00e1z\u00edte v New Yorku a m\u00e1te n\u011bkoho pobl\u00ed\u017e, m\u016f\u017eete se domluvit, \u017ee si spolu vyraz\u00edte.<\/li>\n<\/ol>\n<h2>Na\u0161e obl\u00edben\u00e1 aplikace pro sexting online: Sv\u011b\u0159te se<\/h2>\n<p>Tato bezplatn\u00e1 aplikace je jednoduch\u00e1 a snadno pou\u017eiteln\u00e1 a umo\u017e\u0148uje pos\u00edlat soukrom\u00e9 fotografie prost\u0159ednictv\u00edm textov\u00fdch zpr\u00e1v. Nemus\u00edte se b\u00e1t, \u017ee byste omylem poslali n\u011bco p\u0159\u00edli\u0161 pikantn\u00edho, proto\u017ee zde nejsou \u017e\u00e1dn\u00e9 mo\u017enosti sd\u00edlen\u00ed obr\u00e1zk\u016f. Jedin\u00e9, co m\u016f\u017eete ud\u011blat, je odstranit zpr\u00e1vy. Chcete-li se odv\u00e1zat, vyzkou\u0161ejte &#8222;flirtovac\u00ed re\u017eim&#8220;, ve kter\u00e9m m\u016f\u017eete do zpr\u00e1v p\u0159id\u00e1vat emotikony.<\/p>\n<h2>Spojen\u00ed po sextingu? AFF je va\u0161e nejlep\u0161\u00ed volba<\/h2>\n<p>AdultFriendFinder neboli AFF je jednou z nejv\u011bt\u0161\u00edch bezplatn\u00fdch str\u00e1nek pro sex chat. Pokud hled\u00e1te m\u00edsto, kde byste mohli flirtovat, randit nebo se dokonce s n\u011bk\u00fdm v okol\u00ed sezn\u00e1mit, rozhodn\u011b stoj\u00ed za to ho vyzkou\u0161et.<\/p>\n<p>Na webu m\u016f\u017eete komunikovat s ostatn\u00edmi r\u016fzn\u00fdmi zp\u016fsoby, v\u010detn\u011b zas\u00edl\u00e1n\u00ed textov\u00fdch zpr\u00e1v, e-mail\u016f a rychl\u00fdch zpr\u00e1v. M\u016f\u017eete tak\u00e9 pou\u017e\u00edt webovou kameru pro videochat s ostatn\u00edmi \u010dleny.<\/p>\n<p>M\u016f\u017eete si tak\u00e9 vybrat konkr\u00e9tn\u00ed kategorii a proch\u00e1zet profily podle toho, co v\u00e1s zaj\u00edm\u00e1. A\u0165 u\u017e se chce\u0161 sezn\u00e1mit s n\u011bk\u00fdm na rychl\u00fd flirt, jen tak se poflakovat, nebo n\u011bco \u00fapln\u011b jin\u00e9ho, AdultFriendFinder m\u00e1 komunitu pro ka\u017ed\u00e9ho.<\/p>\n<h2>Na\u0161e rady<\/h2>\n<p>Stejn\u011b jako cokoli jin\u00e9ho, i sexting m\u016f\u017ee v\u00e9st k probl\u00e9m\u016fm. Nah\u00e9 fotky byste m\u011bli pos\u00edlat jen lidem, kter\u00fdm d\u016fv\u011b\u0159ujete. To znamen\u00e1, \u017ee byste m\u011bli pos\u00edlat akty pouze prost\u0159ednictv\u00edm textov\u00e9 zpr\u00e1vy nebo e-mailu. Nikdy nenahr\u00e1vejte akty na webov\u00e9 str\u00e1nky nebo soci\u00e1ln\u00ed s\u00edt\u011b. Nepos\u00edlejte akty ciz\u00edm lidem nebo lidem, kter\u00e9 osobn\u011b nezn\u00e1te.<\/p>\n<p>Kdy\u017e se sextingem za\u010d\u00edn\u00e1te, je b\u011b\u017en\u00e9, \u017ee se c\u00edt\u00edte vzru\u0161en\u00ed. D\u016fle\u017eit\u00e9 je v\u0161ak v\u010das stanovit hranice. Nap\u0159\u00edklad byste m\u011bli sv\u00e9mu partnerovi \u010di partner\u016fm \u0159\u00edct, \u017ee nebudete pos\u00edlat akty bez svolen\u00ed. D\u00e1te jim tak najevo, \u017ee respektujete jejich soukrom\u00ed. Tak\u00e9 byste m\u011bli sv\u00fdm partner\u016fm sd\u011blit, \u017ee m\u00e1te z\u00e1jem pouze o sexting. Nem\u011bli byste o\u010dek\u00e1vat, \u017ee v\u00e1\u0161 partner spln\u00ed ka\u017ed\u00fd v\u00e1\u0161 po\u017eadavek.<\/p>\n<p>Pamatujte, \u017ee sexting nen\u00ed hra. Je to v\u00e1\u017en\u00e9. A tak byste k n\u011bmu m\u011bli p\u0159istupovat. Za\u010dn\u011bte se sextingem hned! U\u017eijete si to v\u00edc ne\u017e kdykoli p\u0159edt\u00edm.<\/p>\n","protected":false},"excerpt":{"rendered":"<p>V\u00ed\u0161, co se stane, kdy\u017e jsi nadr\u017een\u00fd. Nap\u00ed\u0161ete sv\u00e9mu partnerovi, po\u0161lete mu sexy fotku, mo\u017en\u00e1 si dokonce domluv\u00edte rande. N\u011bkdy se v\u0161ak v\u011bci nevyv\u00edjej\u00ed tak, jak bylo pl\u00e1nov\u00e1no. Mo\u017en\u00e1 nereaguje. Nebo ji to nebav\u00ed. A vy si \u0159\u00edk\u00e1te, jestli sv\u00e9ho&hellip; <a href=\"http:\/\/elsuperbeasto.com\/cs\/jake-jsou-nejlepsi-aplikace-pro-sexting\/\" class=\"more-link\">Continue Reading <span class=\"meta-nav\">&rarr;<\/span><\/a><\/p>\n","protected":false},"author":1,"featured_media":112,"parent":0,"menu_order":0,"comment_status":"closed","ping_status":"closed","template":"","meta":[],"yoast_head":"<!-- This site is optimized with the Yoast SEO plugin v17.7.1 - https:\/\/yoast.com\/wordpress\/plugins\/seo\/ -->\n<title>Jak\u00e9 jsou nejlep\u0161\u00ed aplikace pro sexting? - Quick Hookup<\/title>\n<meta name=\"robots\" content=\"index, follow, max-snippet:-1, max-image-preview:large, max-video-preview:-1\" \/>\n<link rel=\"canonical\" href=\"http:\/\/elsuperbeasto.com\/cs\/jake-jsou-nejlepsi-aplikace-pro-sexting\/\" \/>\n<meta property=\"og:locale\" content=\"cs_CZ\" \/>\n<meta property=\"og:type\" content=\"article\" \/>\n<meta property=\"og:title\" content=\"Jak\u00e9 jsou nejlep\u0161\u00ed aplikace pro sexting? - Quick Hookup\" \/>\n<meta property=\"og:description\" content=\"V\u00ed\u0161, co se stane, kdy\u017e jsi nadr\u017een\u00fd. Nap\u00ed\u0161ete sv\u00e9mu partnerovi, po\u0161lete mu sexy fotku, mo\u017en\u00e1 si dokonce domluv\u00edte rande. N\u011bkdy se v\u0161ak v\u011bci nevyv\u00edjej\u00ed tak, jak bylo pl\u00e1nov\u00e1no. Mo\u017en\u00e1 nereaguje. Nebo ji to nebav\u00ed. A vy si \u0159\u00edk\u00e1te, jestli sv\u00e9ho&hellip; Continue Reading &rarr;\" \/>\n<meta property=\"og:url\" content=\"http:\/\/elsuperbeasto.com\/cs\/jake-jsou-nejlepsi-aplikace-pro-sexting\/\" \/>\n<meta property=\"og:site_name\" content=\"Quick Hookup\" \/>\n<meta property=\"og:image\" content=\"http:\/\/elsuperbeasto.com\/wp-content\/uploads\/2022\/08\/online-dating-apps.jpeg\" \/>\n\t<meta property=\"og:image:width\" content=\"2256\" \/>\n\t<meta property=\"og:image:height\" content=\"1500\" \/>\n<meta name=\"twitter:card\" content=\"summary_large_image\" \/>\n<meta name=\"twitter:label1\" content=\"Odhadovan\u00e1 doba \u010dten\u00ed\" \/>\n\t<meta name=\"twitter:data1\" content=\"4 minuty\" \/>\n<script type=\"application\/ld+json\" class=\"yoast-schema-graph\">{\"@context\":\"https:\/\/schema.org\",\"@graph\":[{\"@type\":\"WebSite\",\"@id\":\"https:\/\/elsuperbeasto.com\/#website\",\"url\":\"https:\/\/elsuperbeasto.com\/\",\"name\":\"Quick Hookup\",\"description\":\"Your Guide To Love\",\"potentialAction\":[{\"@type\":\"SearchAction\",\"target\":{\"@type\":\"EntryPoint\",\"urlTemplate\":\"https:\/\/elsuperbeasto.com\/?s={search_term_string}\"},\"query-input\":\"required name=search_term_string\"}],\"inLanguage\":\"cs\"},{\"@type\":\"ImageObject\",\"@id\":\"http:\/\/elsuperbeasto.com\/cs\/jake-jsou-nejlepsi-aplikace-pro-sexting\/#primaryimage\",\"inLanguage\":\"cs\",\"url\":\"http:\/\/elsuperbeasto.com\/wp-content\/uploads\/2022\/08\/online-dating-apps.jpeg\",\"contentUrl\":\"http:\/\/elsuperbeasto.com\/wp-content\/uploads\/2022\/08\/online-dating-apps.jpeg\",\"width\":2256,\"height\":1500},{\"@type\":\"WebPage\",\"@id\":\"http:\/\/elsuperbeasto.com\/cs\/jake-jsou-nejlepsi-aplikace-pro-sexting\/#webpage\",\"url\":\"http:\/\/elsuperbeasto.com\/cs\/jake-jsou-nejlepsi-aplikace-pro-sexting\/\",\"name\":\"Jak\\u00e9 jsou nejlep\\u0161\\u00ed aplikace pro sexting? - Quick Hookup\",\"isPartOf\":{\"@id\":\"https:\/\/elsuperbeasto.com\/#website\"},\"primaryImageOfPage\":{\"@id\":\"http:\/\/elsuperbeasto.com\/cs\/jake-jsou-nejlepsi-aplikace-pro-sexting\/#primaryimage\"},\"datePublished\":\"2022-08-18T12:44:21+00:00\",\"dateModified\":\"2022-08-18T12:44:21+00:00\",\"breadcrumb\":{\"@id\":\"http:\/\/elsuperbeasto.com\/cs\/jake-jsou-nejlepsi-aplikace-pro-sexting\/#breadcrumb\"},\"inLanguage\":\"cs\",\"potentialAction\":[{\"@type\":\"ReadAction\",\"target\":[\"http:\/\/elsuperbeasto.com\/cs\/jake-jsou-nejlepsi-aplikace-pro-sexting\/\"]}]},{\"@type\":\"BreadcrumbList\",\"@id\":\"http:\/\/elsuperbeasto.com\/cs\/jake-jsou-nejlepsi-aplikace-pro-sexting\/#breadcrumb\",\"itemListElement\":[{\"@type\":\"ListItem\",\"position\":1,\"name\":\"Home\",\"item\":\"https:\/\/elsuperbeasto.com\/cs\/\"},{\"@type\":\"ListItem\",\"position\":2,\"name\":\"Jak\\u00e9 jsou nejlep\\u0161\\u00ed aplikace pro sexting?\"}]}]}<\/script>\n<!-- \/ Yoast SEO plugin. -->","yoast_head_json":{"title":"Jak\u00e9 jsou nejlep\u0161\u00ed aplikace pro sexting? - Quick Hookup","robots":{"index":"index","follow":"follow","max-snippet":"max-snippet:-1","max-image-preview":"max-image-preview:large","max-video-preview":"max-video-preview:-1"},"canonical":"http:\/\/elsuperbeasto.com\/cs\/jake-jsou-nejlepsi-aplikace-pro-sexting\/","og_locale":"cs_CZ","og_type":"article","og_title":"Jak\u00e9 jsou nejlep\u0161\u00ed aplikace pro sexting? - Quick Hookup","og_description":"V\u00ed\u0161, co se stane, kdy\u017e jsi nadr\u017een\u00fd. Nap\u00ed\u0161ete sv\u00e9mu partnerovi, po\u0161lete mu sexy fotku, mo\u017en\u00e1 si dokonce domluv\u00edte rande. N\u011bkdy se v\u0161ak v\u011bci nevyv\u00edjej\u00ed tak, jak bylo pl\u00e1nov\u00e1no. Mo\u017en\u00e1 nereaguje. Nebo ji to nebav\u00ed. A vy si \u0159\u00edk\u00e1te, jestli sv\u00e9ho&hellip; Continue Reading &rarr;","og_url":"http:\/\/elsuperbeasto.com\/cs\/jake-jsou-nejlepsi-aplikace-pro-sexting\/","og_site_name":"Quick Hookup","og_image":[{"width":2256,"height":1500,"url":"http:\/\/elsuperbeasto.com\/wp-content\/uploads\/2022\/08\/online-dating-apps.jpeg","type":"image\/jpeg"}],"twitter_card":"summary_large_image","twitter_misc":{"Odhadovan\u00e1 doba \u010dten\u00ed":"4 minuty"},"schema":{"@context":"https:\/\/schema.org","@graph":[{"@type":"WebSite","@id":"https:\/\/elsuperbeasto.com\/#website","url":"https:\/\/elsuperbeasto.com\/","name":"Quick Hookup","description":"Your Guide To Love","potentialAction":[{"@type":"SearchAction","target":{"@type":"EntryPoint","urlTemplate":"https:\/\/elsuperbeasto.com\/?s={search_term_string}"},"query-input":"required name=search_term_string"}],"inLanguage":"cs"},{"@type":"ImageObject","@id":"http:\/\/elsuperbeasto.com\/cs\/jake-jsou-nejlepsi-aplikace-pro-sexting\/#primaryimage","inLanguage":"cs","url":"http:\/\/elsuperbeasto.com\/wp-content\/uploads\/2022\/08\/online-dating-apps.jpeg","contentUrl":"http:\/\/elsuperbeasto.com\/wp-content\/uploads\/2022\/08\/online-dating-apps.jpeg","width":2256,"height":1500},{"@type":"WebPage","@id":"http:\/\/elsuperbeasto.com\/cs\/jake-jsou-nejlepsi-aplikace-pro-sexting\/#webpage","url":"http:\/\/elsuperbeasto.com\/cs\/jake-jsou-nejlepsi-aplikace-pro-sexting\/","name":"Jak\u00e9 jsou nejlep\u0161\u00ed aplikace pro sexting? - Quick Hookup","isPartOf":{"@id":"https:\/\/elsuperbeasto.com\/#website"},"primaryImageOfPage":{"@id":"http:\/\/elsuperbeasto.com\/cs\/jake-jsou-nejlepsi-aplikace-pro-sexting\/#primaryimage"},"datePublished":"2022-08-18T12:44:21+00:00","dateModified":"2022-08-18T12:44:21+00:00","breadcrumb":{"@id":"http:\/\/elsuperbeasto.com\/cs\/jake-jsou-nejlepsi-aplikace-pro-sexting\/#breadcrumb"},"inLanguage":"cs","potentialAction":[{"@type":"ReadAction","target":["http:\/\/elsuperbeasto.com\/cs\/jake-jsou-nejlepsi-aplikace-pro-sexting\/"]}]},{"@type":"BreadcrumbList","@id":"http:\/\/elsuperbeasto.com\/cs\/jake-jsou-nejlepsi-aplikace-pro-sexting\/#breadcrumb","itemListElement":[{"@type":"ListItem","position":1,"name":"Home","item":"https:\/\/elsuperbeasto.com\/cs\/"},{"@type":"ListItem","position":2,"name":"Jak\u00e9 jsou nejlep\u0161\u00ed aplikace pro sexting?"}]}]}},"_links":{"self":[{"href":"http:\/\/elsuperbeasto.com\/cs\/wp-json\/wp\/v2\/pages\/277"}],"collection":[{"href":"http:\/\/elsuperbeasto.com\/cs\/wp-json\/wp\/v2\/pages"}],"about":[{"href":"http:\/\/elsuperbeasto.com\/cs\/wp-json\/wp\/v2\/types\/page"}],"author":[{"embeddable":true,"href":"http:\/\/elsuperbeasto.com\/cs\/wp-json\/wp\/v2\/users\/1"}],"replies":[{"embeddable":true,"href":"http:\/\/elsuperbeasto.com\/cs\/wp-json\/wp\/v2\/comments?post=277"}],"version-history":[{"count":0,"href":"http:\/\/elsuperbeasto.com\/cs\/wp-json\/wp\/v2\/pages\/277\/revisions"}],"wp:featuredmedia":[{"embeddable":true,"href":"http:\/\/elsuperbeasto.com\/cs\/wp-json\/wp\/v2\/media\/112"}],"wp:attachment":[{"href":"http:\/\/elsuperbeasto.com\/cs\/wp-json\/wp\/v2\/media?parent=277"}],"curies":[{"name":"wp","href":"https:\/\/api.w.org\/{rel}","templated":true}]}}