{"id":259,"date":"2022-08-18T13:49:33","date_gmt":"2022-08-18T12:49:33","guid":{"rendered":"http:\/\/elsuperbeasto.com\/jak-se-seznamit-s-blizkymi-singly\/"},"modified":"2022-08-18T13:49:33","modified_gmt":"2022-08-18T12:49:33","slug":"jak-se-seznamit-s-blizkymi-singly","status":"publish","type":"page","link":"http:\/\/elsuperbeasto.com\/cs\/jak-se-seznamit-s-blizkymi-singly\/","title":{"rendered":"Jak se sezn\u00e1mit s bl\u00edzk\u00fdmi singly"},"content":{"rendered":"<p>Existuje mnoho r\u016fzn\u00fdch typ\u016f lid\u00ed, kte\u0159\u00ed hledaj\u00ed l\u00e1sku. Jsou lid\u00e9, kte\u0159\u00ed cht\u011bj\u00ed <a href=\"http:\/\/elsuperbeasto.com\/cs\/jak-datovat-mistni-zeny\/\">chodit s n\u011bk\u00fdm, kdo odpov\u00edd\u00e1 jejich n\u00e1bo\u017eenstv\u00ed, etnick\u00e9mu p\u016fvodu, v\u011bkov\u00e9mu rozmez\u00ed<\/a> atd., zat\u00edmco jin\u00ed cht\u011bj\u00ed jen naj\u00edt n\u011bkoho, kdo m\u00e1 podobn\u00e9 z\u00e1jmy. Pokud pat\u0159\u00edte mezi ty, kte\u0159\u00ed se cht\u011bj\u00ed sezn\u00e1mit s n\u011bk\u00fdm v\u00fdjime\u010dn\u00fdm, zde je n\u011bkolik skv\u011bl\u00fdch mo\u017enost\u00ed, jak naj\u00edt podobn\u011b sm\u00fd\u0161lej\u00edc\u00ed nezadan\u00e9.<\/p>\n<h2>Na\u0161e rady<\/h2>\n<p>Online seznamov\u00e1n\u00ed se stalo jednou z nejobl\u00edben\u011bj\u0161\u00edch metod seznamov\u00e1n\u00ed s potenci\u00e1ln\u00edmi milostn\u00fdmi partnery.<\/p>\n<p>S miliony nezadan\u00fdch mu\u017e\u016f a \u017een, kte\u0159\u00ed ka\u017ed\u00fd m\u011bs\u00edc vyu\u017e\u00edvaj\u00ed online seznamky, nen\u00ed divu, \u017ee se st\u00e1le v\u00edce p\u00e1r\u016f obrac\u00ed na online seznamky, aby na\u0161ly sv\u00e9 sp\u0159\u00edzn\u011bn\u00e9 du\u0161e. I p\u0159es svou popularitu v\u0161ak online seznamov\u00e1n\u00ed st\u00e1le p\u0159in\u00e1\u0161\u00ed \u0159adu rizik. M\u016f\u017ee b\u00fdt nap\u0159\u00edklad obt\u00ed\u017en\u00e9 zjistit, zda to osoba, o kterou m\u00e1te z\u00e1jem, mysl\u00ed s v\u00e1mi opravdu v\u00e1\u017en\u011b.<\/p>\n<h3>Vyu\u017eijte bezplatn\u00e9 zku\u0161ebn\u00ed verze p\u0159ed zaplacen\u00edm<\/h3>\n<p>Mnoho lid\u00ed si mysl\u00ed, \u017ee placen\u00ed za online seznamovac\u00ed slu\u017eby je nezbytnou sou\u010d\u00e1st\u00ed tohoto procesu. To v\u0161ak nen\u00ed pravda. Existuje spousta bezplatn\u00fdch online seznamek, kde se m\u016f\u017eete zaregistrovat a prohl\u00ed\u017eet si profily, ani\u017e byste museli utr\u00e1cet pen\u00edze. Nav\u00edc m\u016f\u017eete \u010dasto z\u00edskat shody na z\u00e1klad\u011b sv\u00fdch z\u00e1jm\u016f, polohy a kon\u00ed\u010dk\u016f.<\/p>\n<h3>Ne\u017e se zaregistrujete na jak\u00e9mkoli webu, zjist\u011bte, co chcete<\/h3>\n<p>Ne\u017e se zaregistrujete na jak\u00e9mkoli webu, promyslete si, co od sv\u00e9ho partnera chcete. Bydl\u00ed nap\u0159\u00edklad pobl\u00ed\u017e v\u00e1s? Sd\u00edl\u00ed va\u0161e hodnoty a p\u0159esv\u011bd\u010den\u00ed? M\u00e1te v \u017eivot\u011b podobn\u00e9 c\u00edle? Tyto ot\u00e1zky v\u00e1m pomohou z\u00fa\u017eit hled\u00e1n\u00ed a l\u00e9pe si p\u0159edstavit, co hled\u00e1te.<\/p>\n<h3>Bu\u010fte k sob\u011b up\u0159\u00edmn\u00ed<\/h3>\n<p>A nakonec nezapome\u0148te, \u017ee kl\u00ed\u010dem k \u00fasp\u011bchu je up\u0159\u00edmnost. Bez ohledu na to, jak moc n\u011bkomu d\u016fv\u011b\u0159ujete, nikdy byste si nem\u011bli lh\u00e1t. Pokud si nejste n\u011b\u010d\u00edm jisti, \u0159ekn\u011bte to a nep\u0159edst\u00edrejte, \u017ee je v\u0161e v po\u0159\u00e1dku. Vyhnete se tak pl\u00fdtv\u00e1n\u00ed \u010dasem na \u0161patn\u00fd z\u00e1pas a u\u0161et\u0159\u00edte si pozd\u011bj\u0161\u00ed v\u00fd\u010ditky sv\u011bdom\u00ed.<\/p>\n<h2>Chcete si diskr\u00e9tn\u011b naj\u00edt rande?<\/h2>\n<p>Ashley Madison je jednou z nejobl\u00edben\u011bj\u0161\u00edch seznamek. S v\u00edce ne\u017e 30 miliony \u010dlen\u016f po cel\u00e9m sv\u011bt\u011b nen\u00ed divu. Pokud hled\u00e1te diskr\u00e9tn\u00ed z\u00e1le\u017eitost, m\u016f\u017ee to b\u00fdt pro v\u00e1s ide\u00e1ln\u00ed m\u00edsto. Na webu najdete spoustu r\u016fzn\u00fdch zp\u016fsob\u016f, jak naj\u00edt sexu\u00e1ln\u00ed partnery, v\u010detn\u011b prohl\u00ed\u017een\u00ed profil\u016f, pos\u00edl\u00e1n\u00ed zpr\u00e1v, online chatov\u00e1n\u00ed a dokonce i sexu po telefonu. A i kdy\u017e se to m\u016f\u017ee zd\u00e1t jako podvod, mnoho lid\u00ed se ve skute\u010dnosti r\u00e1do setk\u00e1 s n\u011bk\u00fdm, s k\u00fdm si pov\u00eddali online.<\/p>\n<h2>Bez z\u00e1vazk\u016f<\/h2>\n<p>NoStringsAttached je bezplatn\u00e1 seznamovac\u00ed aplikace, kter\u00e1 se zam\u011b\u0159uje na poskytov\u00e1n\u00ed bezpe\u010dn\u00e9ho prost\u0159ed\u00ed pro sexu\u00e1ln\u00ed aktivity dosp\u011bl\u00fdch, ani\u017e by se museli ob\u00e1vat, \u017ee budou p\u0159isti\u017eeni. Pokud jste n\u011bkdy cht\u011bli vyzkou\u0161et sexting, tady je to spr\u00e1vn\u00e9 m\u00edsto. Tato aplikace je navr\u017eena speci\u00e1ln\u011b pro ty, kte\u0159\u00ed cht\u011bj\u00ed m\u00edt p\u0159\u00edle\u017eitostn\u00e1 setk\u00e1n\u00ed, p\u0159i nich\u017e ob\u011b strany souhlas\u00ed. A\u0165 u\u017e hled\u00e1te n\u011bco perverzn\u00edho, nebo si jen chcete vyzkou\u0161et, jak\u00e9 to je pos\u00edlat n\u011bkomu nah\u00e9 fotky, NSA je ide\u00e1ln\u00edm m\u00edstem, kde za\u010d\u00edt.<\/p>\n<p>Samotn\u00e1 aplikace se pou\u017e\u00edv\u00e1 velmi jednodu\u0161e. Budete po\u017e\u00e1d\u00e1ni o vypln\u011bn\u00ed kr\u00e1tk\u00e9ho dotazn\u00edku, kter\u00fd v\u00e1m polo\u017e\u00ed ot\u00e1zky, jako je nap\u0159\u00edklad kolik je v\u00e1m let, zda hled\u00e1te zn\u00e1most nebo vztah atd. Po dokon\u010den\u00ed odpov\u011bd\u00ed na ot\u00e1zky budete moci proch\u00e1zet profily podle sv\u00fdch preferenc\u00ed. M\u016f\u017eete si vybrat ze t\u0159\u00ed r\u016fzn\u00fdch kategori\u00ed: &#8222;Hetero&#8220;, &#8222;Gay&#8220; a &#8222;Lesba&#8220;. Ka\u017ed\u00e1 kategorie obsahuje podskupiny, kter\u00e9 umo\u017e\u0148uj\u00ed dal\u0161\u00ed z\u00fa\u017een\u00ed vyhled\u00e1v\u00e1n\u00ed.<\/p>\n","protected":false},"excerpt":{"rendered":"<p>Existuje mnoho r\u016fzn\u00fdch typ\u016f lid\u00ed, kte\u0159\u00ed hledaj\u00ed l\u00e1sku. Jsou lid\u00e9, kte\u0159\u00ed cht\u011bj\u00ed chodit s n\u011bk\u00fdm, kdo odpov\u00edd\u00e1 jejich n\u00e1bo\u017eenstv\u00ed, etnick\u00e9mu p\u016fvodu, v\u011bkov\u00e9mu rozmez\u00ed atd., zat\u00edmco jin\u00ed cht\u011bj\u00ed jen naj\u00edt n\u011bkoho, kdo m\u00e1 podobn\u00e9 z\u00e1jmy. Pokud pat\u0159\u00edte mezi ty, kte\u0159\u00ed se&hellip; <a href=\"http:\/\/elsuperbeasto.com\/cs\/jak-se-seznamit-s-blizkymi-singly\/\" class=\"more-link\">Continue Reading <span class=\"meta-nav\">&rarr;<\/span><\/a><\/p>\n","protected":false},"author":1,"featured_media":168,"parent":0,"menu_order":0,"comment_status":"closed","ping_status":"closed","template":"","meta":[],"yoast_head":"<!-- This site is optimized with the Yoast SEO plugin v17.7.1 - https:\/\/yoast.com\/wordpress\/plugins\/seo\/ -->\n<title>Jak se sezn\u00e1mit s bl\u00edzk\u00fdmi singly - Quick Hookup<\/title>\n<meta name=\"robots\" content=\"index, follow, max-snippet:-1, max-image-preview:large, max-video-preview:-1\" \/>\n<link rel=\"canonical\" href=\"http:\/\/elsuperbeasto.com\/cs\/jak-se-seznamit-s-blizkymi-singly\/\" \/>\n<meta property=\"og:locale\" content=\"cs_CZ\" \/>\n<meta property=\"og:type\" content=\"article\" \/>\n<meta property=\"og:title\" content=\"Jak se sezn\u00e1mit s bl\u00edzk\u00fdmi singly - Quick Hookup\" \/>\n<meta property=\"og:description\" content=\"Existuje mnoho r\u016fzn\u00fdch typ\u016f lid\u00ed, kte\u0159\u00ed hledaj\u00ed l\u00e1sku. Jsou lid\u00e9, kte\u0159\u00ed cht\u011bj\u00ed chodit s n\u011bk\u00fdm, kdo odpov\u00edd\u00e1 jejich n\u00e1bo\u017eenstv\u00ed, etnick\u00e9mu p\u016fvodu, v\u011bkov\u00e9mu rozmez\u00ed atd., zat\u00edmco jin\u00ed cht\u011bj\u00ed jen naj\u00edt n\u011bkoho, kdo m\u00e1 podobn\u00e9 z\u00e1jmy. Pokud pat\u0159\u00edte mezi ty, kte\u0159\u00ed se&hellip; Continue Reading &rarr;\" \/>\n<meta property=\"og:url\" content=\"http:\/\/elsuperbeasto.com\/cs\/jak-se-seznamit-s-blizkymi-singly\/\" \/>\n<meta property=\"og:site_name\" content=\"Quick Hookup\" \/>\n<meta property=\"og:image\" content=\"https:\/\/elsuperbeasto.com\/wp-content\/uploads\/2022\/08\/love-apps.jpeg\" \/>\n\t<meta property=\"og:image:width\" content=\"1000\" \/>\n\t<meta property=\"og:image:height\" content=\"1500\" \/>\n<meta name=\"twitter:card\" content=\"summary_large_image\" \/>\n<meta name=\"twitter:label1\" content=\"Odhadovan\u00e1 doba \u010dten\u00ed\" \/>\n\t<meta name=\"twitter:data1\" content=\"4 minuty\" \/>\n<script type=\"application\/ld+json\" class=\"yoast-schema-graph\">{\"@context\":\"https:\/\/schema.org\",\"@graph\":[{\"@type\":\"WebSite\",\"@id\":\"https:\/\/elsuperbeasto.com\/#website\",\"url\":\"https:\/\/elsuperbeasto.com\/\",\"name\":\"Quick Hookup\",\"description\":\"Your Guide To Love\",\"potentialAction\":[{\"@type\":\"SearchAction\",\"target\":{\"@type\":\"EntryPoint\",\"urlTemplate\":\"https:\/\/elsuperbeasto.com\/?s={search_term_string}\"},\"query-input\":\"required name=search_term_string\"}],\"inLanguage\":\"cs\"},{\"@type\":\"ImageObject\",\"@id\":\"http:\/\/elsuperbeasto.com\/cs\/jak-se-seznamit-s-blizkymi-singly\/#primaryimage\",\"inLanguage\":\"cs\",\"url\":\"http:\/\/elsuperbeasto.com\/wp-content\/uploads\/2022\/08\/love-apps.jpeg\",\"contentUrl\":\"http:\/\/elsuperbeasto.com\/wp-content\/uploads\/2022\/08\/love-apps.jpeg\",\"width\":1000,\"height\":1500},{\"@type\":\"WebPage\",\"@id\":\"http:\/\/elsuperbeasto.com\/cs\/jak-se-seznamit-s-blizkymi-singly\/#webpage\",\"url\":\"http:\/\/elsuperbeasto.com\/cs\/jak-se-seznamit-s-blizkymi-singly\/\",\"name\":\"Jak se sezn\\u00e1mit s bl\\u00edzk\\u00fdmi singly - Quick Hookup\",\"isPartOf\":{\"@id\":\"https:\/\/elsuperbeasto.com\/#website\"},\"primaryImageOfPage\":{\"@id\":\"http:\/\/elsuperbeasto.com\/cs\/jak-se-seznamit-s-blizkymi-singly\/#primaryimage\"},\"datePublished\":\"2022-08-18T12:49:33+00:00\",\"dateModified\":\"2022-08-18T12:49:33+00:00\",\"breadcrumb\":{\"@id\":\"http:\/\/elsuperbeasto.com\/cs\/jak-se-seznamit-s-blizkymi-singly\/#breadcrumb\"},\"inLanguage\":\"cs\",\"potentialAction\":[{\"@type\":\"ReadAction\",\"target\":[\"http:\/\/elsuperbeasto.com\/cs\/jak-se-seznamit-s-blizkymi-singly\/\"]}]},{\"@type\":\"BreadcrumbList\",\"@id\":\"http:\/\/elsuperbeasto.com\/cs\/jak-se-seznamit-s-blizkymi-singly\/#breadcrumb\",\"itemListElement\":[{\"@type\":\"ListItem\",\"position\":1,\"name\":\"Home\",\"item\":\"https:\/\/elsuperbeasto.com\/cs\/\"},{\"@type\":\"ListItem\",\"position\":2,\"name\":\"Jak se sezn\\u00e1mit s bl\\u00edzk\\u00fdmi singly\"}]}]}<\/script>\n<!-- \/ Yoast SEO plugin. -->","yoast_head_json":{"title":"Jak se sezn\u00e1mit s bl\u00edzk\u00fdmi singly - Quick Hookup","robots":{"index":"index","follow":"follow","max-snippet":"max-snippet:-1","max-image-preview":"max-image-preview:large","max-video-preview":"max-video-preview:-1"},"canonical":"http:\/\/elsuperbeasto.com\/cs\/jak-se-seznamit-s-blizkymi-singly\/","og_locale":"cs_CZ","og_type":"article","og_title":"Jak se sezn\u00e1mit s bl\u00edzk\u00fdmi singly - Quick Hookup","og_description":"Existuje mnoho r\u016fzn\u00fdch typ\u016f lid\u00ed, kte\u0159\u00ed hledaj\u00ed l\u00e1sku. Jsou lid\u00e9, kte\u0159\u00ed cht\u011bj\u00ed chodit s n\u011bk\u00fdm, kdo odpov\u00edd\u00e1 jejich n\u00e1bo\u017eenstv\u00ed, etnick\u00e9mu p\u016fvodu, v\u011bkov\u00e9mu rozmez\u00ed atd., zat\u00edmco jin\u00ed cht\u011bj\u00ed jen naj\u00edt n\u011bkoho, kdo m\u00e1 podobn\u00e9 z\u00e1jmy. Pokud pat\u0159\u00edte mezi ty, kte\u0159\u00ed se&hellip; Continue Reading &rarr;","og_url":"http:\/\/elsuperbeasto.com\/cs\/jak-se-seznamit-s-blizkymi-singly\/","og_site_name":"Quick Hookup","og_image":[{"width":1000,"height":1500,"url":"https:\/\/elsuperbeasto.com\/wp-content\/uploads\/2022\/08\/love-apps.jpeg","type":"image\/jpeg"}],"twitter_card":"summary_large_image","twitter_misc":{"Odhadovan\u00e1 doba \u010dten\u00ed":"4 minuty"},"schema":{"@context":"https:\/\/schema.org","@graph":[{"@type":"WebSite","@id":"https:\/\/elsuperbeasto.com\/#website","url":"https:\/\/elsuperbeasto.com\/","name":"Quick Hookup","description":"Your Guide To Love","potentialAction":[{"@type":"SearchAction","target":{"@type":"EntryPoint","urlTemplate":"https:\/\/elsuperbeasto.com\/?s={search_term_string}"},"query-input":"required name=search_term_string"}],"inLanguage":"cs"},{"@type":"ImageObject","@id":"http:\/\/elsuperbeasto.com\/cs\/jak-se-seznamit-s-blizkymi-singly\/#primaryimage","inLanguage":"cs","url":"http:\/\/elsuperbeasto.com\/wp-content\/uploads\/2022\/08\/love-apps.jpeg","contentUrl":"http:\/\/elsuperbeasto.com\/wp-content\/uploads\/2022\/08\/love-apps.jpeg","width":1000,"height":1500},{"@type":"WebPage","@id":"http:\/\/elsuperbeasto.com\/cs\/jak-se-seznamit-s-blizkymi-singly\/#webpage","url":"http:\/\/elsuperbeasto.com\/cs\/jak-se-seznamit-s-blizkymi-singly\/","name":"Jak se sezn\u00e1mit s bl\u00edzk\u00fdmi singly - Quick Hookup","isPartOf":{"@id":"https:\/\/elsuperbeasto.com\/#website"},"primaryImageOfPage":{"@id":"http:\/\/elsuperbeasto.com\/cs\/jak-se-seznamit-s-blizkymi-singly\/#primaryimage"},"datePublished":"2022-08-18T12:49:33+00:00","dateModified":"2022-08-18T12:49:33+00:00","breadcrumb":{"@id":"http:\/\/elsuperbeasto.com\/cs\/jak-se-seznamit-s-blizkymi-singly\/#breadcrumb"},"inLanguage":"cs","potentialAction":[{"@type":"ReadAction","target":["http:\/\/elsuperbeasto.com\/cs\/jak-se-seznamit-s-blizkymi-singly\/"]}]},{"@type":"BreadcrumbList","@id":"http:\/\/elsuperbeasto.com\/cs\/jak-se-seznamit-s-blizkymi-singly\/#breadcrumb","itemListElement":[{"@type":"ListItem","position":1,"name":"Home","item":"https:\/\/elsuperbeasto.com\/cs\/"},{"@type":"ListItem","position":2,"name":"Jak se sezn\u00e1mit s bl\u00edzk\u00fdmi singly"}]}]}},"_links":{"self":[{"href":"http:\/\/elsuperbeasto.com\/cs\/wp-json\/wp\/v2\/pages\/259"}],"collection":[{"href":"http:\/\/elsuperbeasto.com\/cs\/wp-json\/wp\/v2\/pages"}],"about":[{"href":"http:\/\/elsuperbeasto.com\/cs\/wp-json\/wp\/v2\/types\/page"}],"author":[{"embeddable":true,"href":"http:\/\/elsuperbeasto.com\/cs\/wp-json\/wp\/v2\/users\/1"}],"replies":[{"embeddable":true,"href":"http:\/\/elsuperbeasto.com\/cs\/wp-json\/wp\/v2\/comments?post=259"}],"version-history":[{"count":0,"href":"http:\/\/elsuperbeasto.com\/cs\/wp-json\/wp\/v2\/pages\/259\/revisions"}],"wp:featuredmedia":[{"embeddable":true,"href":"http:\/\/elsuperbeasto.com\/cs\/wp-json\/wp\/v2\/media\/168"}],"wp:attachment":[{"href":"http:\/\/elsuperbeasto.com\/cs\/wp-json\/wp\/v2\/media?parent=259"}],"curies":[{"name":"wp","href":"https:\/\/api.w.org\/{rel}","templated":true}]}}