{"id":240,"date":"2022-08-18T14:10:21","date_gmt":"2022-08-18T13:10:21","guid":{"rendered":"http:\/\/elsuperbeasto.com\/jak-funguji-nsa-hookups\/"},"modified":"2022-08-18T14:10:21","modified_gmt":"2022-08-18T13:10:21","slug":"jak-funguji-nsa-hookups","status":"publish","type":"page","link":"http:\/\/elsuperbeasto.com\/cs\/jak-funguji-nsa-hookups\/","title":{"rendered":"Jak funguj\u00ed NSA Hookups?"},"content":{"rendered":"<p>Mnoho mu\u017e\u016f se boj\u00ed oslovit \u017eenu, proto\u017ee si mysl\u00ed, \u017ee budou vypadat zoufale nebo stra\u0161ideln\u011b. Ale nen\u00ed d\u016fvod se ob\u00e1vat, \u017ee byste byli p\u0159\u00edli\u0161 panova\u010dn\u00ed nebo agresivn\u00ed &#8211; prost\u011b se sna\u017ete chovat ke ka\u017ed\u00e9 \u017een\u011b jako k v\u00fdjime\u010dn\u00e9. Pokud chcete j\u00edt na rande se \u017eenou, kter\u00e1 se s v\u00e1mi chce vyspat, nemus\u00edte ji p\u0159esv\u011bd\u010dovat, aby se s v\u00e1mi vyspala. Mus\u00edte jen naj\u00edt spr\u00e1vn\u00fd zp\u016fsob, jak to ud\u011blat.<\/p>\n<p>&nbsp;<\/p>\n<h2>A co seznamovac\u00ed aplikace?<\/h2>\n<p>St\u00e1nky na jednu noc jsou z\u00e1bavn\u00e9 a vzru\u0161uj\u00edc\u00ed, <a href=\"http:\/\/elsuperbeasto.com\/cs\/jak-se-seznamit-s-blizkymi-singly\/\">ale m\u016f\u017ee b\u00fdt t\u011b\u017ek\u00e9 naj\u00edt aplikace, kter\u00e9 chcete pou\u017e\u00edvat, aby v\u0161e prob\u011bhlo hladce<\/a>. Existuje spousta aplikac\u00ed, kter\u00e9 tvrd\u00ed, \u017ee lidem pom\u00e1haj\u00ed pl\u00e1novat sex na jednu noc, ale n\u011bkter\u00e9 nefunguj\u00ed p\u0159\u00edli\u0161 dob\u0159e a jin\u00e9 jsou prost\u011b jen otravn\u00e9. Sestavili jsme seznam na\u0161ich obl\u00edben\u00fdch aplikac\u00ed pro sex na jednu noc, v\u010detn\u011b t\u011bch, kter\u00e9 v\u00e1m umo\u017en\u00ed napl\u00e1novat sch\u016fzky, naj\u00edt bl\u00edzk\u00e9 p\u0159\u00edpojky a dokonce se spojit s m\u00edstn\u00edmi singly.<\/p>\n<p>Jste svobodn\u00e1 a nebav\u00ed v\u00e1s chodit ka\u017ed\u00fd v\u00edkend se stejn\u00fdmi nudn\u00fdmi mu\u017ei? Mysl\u00edte si, \u017ee si zaslou\u017e\u00edte v\u00edc ne\u017e jen p\u0159\u00edle\u017eitostn\u00fd sex? Pokud ano, pak m\u00e1te pravd\u011bpodobn\u011b z\u00e1jem o sezn\u00e1men\u00ed se \u017eenou na jednu noc.<\/p>\n<p>Na internetu existuje spousta webov\u00fdch str\u00e1nek, kter\u00e9 nab\u00edzej\u00ed takov\u00e9 slu\u017eby. V\u011bt\u0161ina z nich je v\u0161ak bu\u010f p\u0159\u00edli\u0161 drah\u00e1, nebo nep\u0159in\u00e1\u0161\u00ed \u017e\u00e1dn\u00e9 v\u00fdsledky.<\/p>\n<p>Proto jsem se rozhodl napsat \u010dl\u00e1nek, ve kter\u00e9m uvedu 10 nejlep\u0161\u00edch m\u00edst, kde se d\u00e1 naj\u00edt sex na jednu noc. Doufejme, \u017ee se po p\u0159e\u010dten\u00ed tohoto \u010dl\u00e1nku dozv\u00edte, jak snadno a rychle naj\u00edt jeden no\u010dn\u00ed stolek.<\/p>\n<h3>Craigslist Personals<\/h3>\n<p>Craigslist je jednou z nejstar\u0161\u00edch internetov\u00fdch str\u00e1nek. A\u010dkoli se od sv\u00e9ho vzniku zna\u010dn\u011b zm\u011bnil, st\u00e1le z\u016fst\u00e1v\u00e1 popul\u00e1rn\u00ed mezi t\u011bmi, kdo hledaj\u00ed sex na jednu noc.<\/p>\n<p>Craigslist je ve skute\u010dnosti jedn\u00edm z nejjednodu\u0161\u0161\u00edch zp\u016fsob\u016f, jak naj\u00edt no\u010dn\u00ed stolek, a to d\u00edky sv\u00e9 jednoduchosti. Sta\u010d\u00ed vyhledat inzer\u00e1ty t\u00fdkaj\u00edc\u00ed se &#8222;sexu na jednu noc&#8220;.<\/p>\n<p>Za ka\u017edou reklamu v\u0161ak budete muset zaplatit. Z\u00e1le\u017e\u00ed na tom, zda v\u00e1m osoba, kter\u00e1 inzer\u00e1t zve\u0159ejnila, chce \u00fa\u010dtovat poplatek, nebo ne.<\/p>\n<h3>Vyhled\u00e1va\u010d p\u0159\u00e1tel pro dosp\u011bl\u00e9<\/h3>\n<p>AdultFriendFinder.com je dal\u0161\u00ed webov\u00e1 str\u00e1nka nab\u00edzej\u00edc\u00ed sex na jednu noc. Neumo\u017e\u0148uje sice vyhled\u00e1vat konkr\u00e9tn\u00ed typy \u017een, ale nab\u00edz\u00ed n\u011bkolik funkc\u00ed, kter\u00e9 v\u00e1m pomohou naj\u00edt p\u0159esn\u011b to, co hled\u00e1te.<\/p>\n<p>V\u00fdsledky m\u016f\u017eete filtrovat nap\u0159\u00edklad na z\u00e1klad\u011b polohy, pohlav\u00ed, v\u011bku, etnick\u00e9ho p\u016fvodu, p\u0159\u00edbuzensk\u00e9ho stavu, sexu\u00e1ln\u00ed orientace a mnoha dal\u0161\u00edch.<\/p>\n<p>Potenci\u00e1ln\u00edm prot\u011bj\u0161k\u016fm lze tak\u00e9 pos\u00edlat zpr\u00e1vy prost\u0159ednictv\u00edm e-mailu, rychl\u00fdch zpr\u00e1v, telefonn\u00edch hovor\u016f a videochatu.<\/p>\n<h3>Ashley Madisonov\u00e1<\/h3>\n<p>AshleyMadison.com je str\u00e1nka pro dosp\u011bl\u00e9, kter\u00e1 u\u017eivatel\u016fm umo\u017e\u0148uje vyhled\u00e1vat zn\u00e1mosti na jednu noc. Mu\u017ei na Ashley Madison utrat\u00ed v pr\u016fm\u011bru 50 dolar\u016f m\u011bs\u00ed\u010dn\u011b. P\u0159esto\u017ee webov\u00e9 str\u00e1nky nejsou u\u017eivatelsky p\u0159\u00edli\u0161 p\u0159\u00edv\u011btiv\u00e9, nab\u00edzej\u00ed \u0161irokou \u0161k\u00e1lu funkc\u00ed. M\u016f\u017eete nap\u0159\u00edklad proch\u00e1zet profily, prohl\u00ed\u017eet si fotografie, \u010d\u00edst recenze a dokonce p\u0159\u00edmo kontaktovat \u010dleny.<\/p>\n<p>Sex na jednu noc nen\u00ed nikdy dobr\u00fd pro nikoho ze z\u00fa\u010dastn\u011bn\u00fdch. Pokud hled\u00e1te n\u011bco v\u00e1\u017en\u00e9ho, ned\u011blejte to. Pokud chcete, aby se k v\u00e1m chovali jako ke kr\u00e1lovn\u011b, chovejte se jako kr\u00e1lovna i k ostatn\u00edm. Nespi s n\u011bk\u00fdm jen proto, \u017ee je sexy, pokud mu nechce\u0161 v\u011bnovat ve\u0161kerou pozornost, kterou si zaslou\u017e\u00ed. Ashley Madison je nejlep\u0161\u00ed seznamovac\u00ed aplikace pro sex na jednu noc, proto\u017ee u\u017eivatel\u016fm umo\u017e\u0148uje naj\u00edt nov\u00e9 sexu\u00e1ln\u00ed partnery na z\u00e1klad\u011b spole\u010dn\u00fdch z\u00e1jm\u016f. Aplikace byla sta\u017eena v\u00edce ne\u017e 200 milionkr\u00e1t po cel\u00e9m sv\u011bt\u011b, co\u017e z n\u00ed \u010din\u00ed nejv\u011bt\u0161\u00ed mobiln\u00ed seznamovac\u00ed aplikaci. U\u017eivatel\u00e9 mohou proch\u00e1zet potenci\u00e1ln\u00ed prot\u011bj\u0161ky podle v\u011bku, polohy, pohlav\u00ed a dal\u0161\u00edch krit\u00e9ri\u00ed.<\/p>\n<h3>Jak nejl\u00e9pe naj\u00edt zn\u00e1most na jednu noc?<\/h3>\n<p>Nejlep\u0161\u00ed zp\u016fsob, jak naj\u00edt p\u0159\u00edle\u017eitostnou zn\u00e1most, je prost\u0159ednictv\u00edm aplikac\u00ed, jako je AFF nebo Ashley Madison, kter\u00e9 u\u017eivatel\u016fm umo\u017e\u0148uj\u00ed p\u0159ejet prstem doprava pro &#8222;ano&#8220; nebo doleva pro &#8222;ne&#8220;. Pokud se n\u011bkomu l\u00edb\u00ed, co vid\u00ed, m\u016f\u017ee mu poslat zpr\u00e1vu a pozvat ho na rande. P\u0159\u00edle\u017eitostn\u00fd sex je \u010dasto popisov\u00e1n jako nez\u00e1vazn\u00fd, co\u017e znamen\u00e1, \u017ee se ob\u011b strany dohodnou, \u017ee se n\u011bkdy v budoucnu sejdou.<\/p>\n<h3>Jak si najdu partnera na jednu noc?<\/h3>\n<p>Pokud se chcete s n\u011bk\u00fdm sezn\u00e1mit na jednu noc, zkuste pou\u017e\u00edt Bumble. Tato aplikace umo\u017e\u0148uje u\u017eivatel\u016fm posunout prstem doprava nebo doleva a ozna\u010dit tak, zda se jim jin\u00e1 osoba l\u00edb\u00ed nebo nel\u00edb\u00ed. Aplikace m\u00e1 tak\u00e9 filtry polohy, kter\u00e9 u\u017eivatel\u016fm umo\u017e\u0148uj\u00ed vyhled\u00e1vat dal\u0161\u00ed nezadan\u00e9 v okol\u00ed.<\/p>\n","protected":false},"excerpt":{"rendered":"<p>Mnoho mu\u017e\u016f se boj\u00ed oslovit \u017eenu, proto\u017ee si mysl\u00ed, \u017ee budou vypadat zoufale nebo stra\u0161ideln\u011b. Ale nen\u00ed d\u016fvod se ob\u00e1vat, \u017ee byste byli p\u0159\u00edli\u0161 panova\u010dn\u00ed nebo agresivn\u00ed &#8211; prost\u011b se sna\u017ete chovat ke ka\u017ed\u00e9 \u017een\u011b jako k v\u00fdjime\u010dn\u00e9. Pokud chcete&hellip; <a href=\"http:\/\/elsuperbeasto.com\/cs\/jak-funguji-nsa-hookups\/\" class=\"more-link\">Continue Reading <span class=\"meta-nav\">&rarr;<\/span><\/a><\/p>\n","protected":false},"author":1,"featured_media":182,"parent":0,"menu_order":0,"comment_status":"closed","ping_status":"closed","template":"","meta":[],"yoast_head":"<!-- This site is optimized with the Yoast SEO plugin v17.7.1 - https:\/\/yoast.com\/wordpress\/plugins\/seo\/ -->\n<title>Jak funguj\u00ed NSA Hookups? - Quick Hookup<\/title>\n<meta name=\"robots\" content=\"index, follow, max-snippet:-1, max-image-preview:large, max-video-preview:-1\" \/>\n<link rel=\"canonical\" href=\"http:\/\/elsuperbeasto.com\/cs\/jak-funguji-nsa-hookups\/\" \/>\n<meta property=\"og:locale\" content=\"cs_CZ\" \/>\n<meta property=\"og:type\" content=\"article\" \/>\n<meta property=\"og:title\" content=\"Jak funguj\u00ed NSA Hookups? - Quick Hookup\" \/>\n<meta property=\"og:description\" content=\"Mnoho mu\u017e\u016f se boj\u00ed oslovit \u017eenu, proto\u017ee si mysl\u00ed, \u017ee budou vypadat zoufale nebo stra\u0161ideln\u011b. Ale nen\u00ed d\u016fvod se ob\u00e1vat, \u017ee byste byli p\u0159\u00edli\u0161 panova\u010dn\u00ed nebo agresivn\u00ed &#8211; prost\u011b se sna\u017ete chovat ke ka\u017ed\u00e9 \u017een\u011b jako k v\u00fdjime\u010dn\u00e9. Pokud chcete&hellip; Continue Reading &rarr;\" \/>\n<meta property=\"og:url\" content=\"http:\/\/elsuperbeasto.com\/cs\/jak-funguji-nsa-hookups\/\" \/>\n<meta property=\"og:site_name\" content=\"Quick Hookup\" \/>\n<meta property=\"og:image\" content=\"https:\/\/elsuperbeasto.com\/wp-content\/uploads\/2022\/08\/find-lov.jpeg\" \/>\n\t<meta property=\"og:image:width\" content=\"2398\" \/>\n\t<meta property=\"og:image:height\" content=\"1500\" \/>\n<meta name=\"twitter:card\" content=\"summary_large_image\" \/>\n<meta name=\"twitter:label1\" content=\"Odhadovan\u00e1 doba \u010dten\u00ed\" \/>\n\t<meta name=\"twitter:data1\" content=\"5 minut\" \/>\n<script type=\"application\/ld+json\" class=\"yoast-schema-graph\">{\"@context\":\"https:\/\/schema.org\",\"@graph\":[{\"@type\":\"WebSite\",\"@id\":\"https:\/\/elsuperbeasto.com\/#website\",\"url\":\"https:\/\/elsuperbeasto.com\/\",\"name\":\"Quick Hookup\",\"description\":\"Your Guide To Love\",\"potentialAction\":[{\"@type\":\"SearchAction\",\"target\":{\"@type\":\"EntryPoint\",\"urlTemplate\":\"https:\/\/elsuperbeasto.com\/?s={search_term_string}\"},\"query-input\":\"required name=search_term_string\"}],\"inLanguage\":\"cs\"},{\"@type\":\"ImageObject\",\"@id\":\"http:\/\/elsuperbeasto.com\/cs\/jak-funguji-nsa-hookups\/#primaryimage\",\"inLanguage\":\"cs\",\"url\":\"http:\/\/elsuperbeasto.com\/wp-content\/uploads\/2022\/08\/find-lov.jpeg\",\"contentUrl\":\"http:\/\/elsuperbeasto.com\/wp-content\/uploads\/2022\/08\/find-lov.jpeg\",\"width\":2398,\"height\":1500},{\"@type\":\"WebPage\",\"@id\":\"http:\/\/elsuperbeasto.com\/cs\/jak-funguji-nsa-hookups\/#webpage\",\"url\":\"http:\/\/elsuperbeasto.com\/cs\/jak-funguji-nsa-hookups\/\",\"name\":\"Jak funguj\\u00ed NSA Hookups? - Quick Hookup\",\"isPartOf\":{\"@id\":\"https:\/\/elsuperbeasto.com\/#website\"},\"primaryImageOfPage\":{\"@id\":\"http:\/\/elsuperbeasto.com\/cs\/jak-funguji-nsa-hookups\/#primaryimage\"},\"datePublished\":\"2022-08-18T13:10:21+00:00\",\"dateModified\":\"2022-08-18T13:10:21+00:00\",\"breadcrumb\":{\"@id\":\"http:\/\/elsuperbeasto.com\/cs\/jak-funguji-nsa-hookups\/#breadcrumb\"},\"inLanguage\":\"cs\",\"potentialAction\":[{\"@type\":\"ReadAction\",\"target\":[\"http:\/\/elsuperbeasto.com\/cs\/jak-funguji-nsa-hookups\/\"]}]},{\"@type\":\"BreadcrumbList\",\"@id\":\"http:\/\/elsuperbeasto.com\/cs\/jak-funguji-nsa-hookups\/#breadcrumb\",\"itemListElement\":[{\"@type\":\"ListItem\",\"position\":1,\"name\":\"Home\",\"item\":\"https:\/\/elsuperbeasto.com\/cs\/\"},{\"@type\":\"ListItem\",\"position\":2,\"name\":\"Jak funguj\\u00ed NSA Hookups?\"}]}]}<\/script>\n<!-- \/ Yoast SEO plugin. -->","yoast_head_json":{"title":"Jak funguj\u00ed NSA Hookups? - Quick Hookup","robots":{"index":"index","follow":"follow","max-snippet":"max-snippet:-1","max-image-preview":"max-image-preview:large","max-video-preview":"max-video-preview:-1"},"canonical":"http:\/\/elsuperbeasto.com\/cs\/jak-funguji-nsa-hookups\/","og_locale":"cs_CZ","og_type":"article","og_title":"Jak funguj\u00ed NSA Hookups? - Quick Hookup","og_description":"Mnoho mu\u017e\u016f se boj\u00ed oslovit \u017eenu, proto\u017ee si mysl\u00ed, \u017ee budou vypadat zoufale nebo stra\u0161ideln\u011b. Ale nen\u00ed d\u016fvod se ob\u00e1vat, \u017ee byste byli p\u0159\u00edli\u0161 panova\u010dn\u00ed nebo agresivn\u00ed &#8211; prost\u011b se sna\u017ete chovat ke ka\u017ed\u00e9 \u017een\u011b jako k v\u00fdjime\u010dn\u00e9. Pokud chcete&hellip; Continue Reading &rarr;","og_url":"http:\/\/elsuperbeasto.com\/cs\/jak-funguji-nsa-hookups\/","og_site_name":"Quick Hookup","og_image":[{"width":2398,"height":1500,"url":"https:\/\/elsuperbeasto.com\/wp-content\/uploads\/2022\/08\/find-lov.jpeg","type":"image\/jpeg"}],"twitter_card":"summary_large_image","twitter_misc":{"Odhadovan\u00e1 doba \u010dten\u00ed":"5 minut"},"schema":{"@context":"https:\/\/schema.org","@graph":[{"@type":"WebSite","@id":"https:\/\/elsuperbeasto.com\/#website","url":"https:\/\/elsuperbeasto.com\/","name":"Quick Hookup","description":"Your Guide To Love","potentialAction":[{"@type":"SearchAction","target":{"@type":"EntryPoint","urlTemplate":"https:\/\/elsuperbeasto.com\/?s={search_term_string}"},"query-input":"required name=search_term_string"}],"inLanguage":"cs"},{"@type":"ImageObject","@id":"http:\/\/elsuperbeasto.com\/cs\/jak-funguji-nsa-hookups\/#primaryimage","inLanguage":"cs","url":"http:\/\/elsuperbeasto.com\/wp-content\/uploads\/2022\/08\/find-lov.jpeg","contentUrl":"http:\/\/elsuperbeasto.com\/wp-content\/uploads\/2022\/08\/find-lov.jpeg","width":2398,"height":1500},{"@type":"WebPage","@id":"http:\/\/elsuperbeasto.com\/cs\/jak-funguji-nsa-hookups\/#webpage","url":"http:\/\/elsuperbeasto.com\/cs\/jak-funguji-nsa-hookups\/","name":"Jak funguj\u00ed NSA Hookups? - Quick Hookup","isPartOf":{"@id":"https:\/\/elsuperbeasto.com\/#website"},"primaryImageOfPage":{"@id":"http:\/\/elsuperbeasto.com\/cs\/jak-funguji-nsa-hookups\/#primaryimage"},"datePublished":"2022-08-18T13:10:21+00:00","dateModified":"2022-08-18T13:10:21+00:00","breadcrumb":{"@id":"http:\/\/elsuperbeasto.com\/cs\/jak-funguji-nsa-hookups\/#breadcrumb"},"inLanguage":"cs","potentialAction":[{"@type":"ReadAction","target":["http:\/\/elsuperbeasto.com\/cs\/jak-funguji-nsa-hookups\/"]}]},{"@type":"BreadcrumbList","@id":"http:\/\/elsuperbeasto.com\/cs\/jak-funguji-nsa-hookups\/#breadcrumb","itemListElement":[{"@type":"ListItem","position":1,"name":"Home","item":"https:\/\/elsuperbeasto.com\/cs\/"},{"@type":"ListItem","position":2,"name":"Jak funguj\u00ed NSA Hookups?"}]}]}},"_links":{"self":[{"href":"http:\/\/elsuperbeasto.com\/cs\/wp-json\/wp\/v2\/pages\/240"}],"collection":[{"href":"http:\/\/elsuperbeasto.com\/cs\/wp-json\/wp\/v2\/pages"}],"about":[{"href":"http:\/\/elsuperbeasto.com\/cs\/wp-json\/wp\/v2\/types\/page"}],"author":[{"embeddable":true,"href":"http:\/\/elsuperbeasto.com\/cs\/wp-json\/wp\/v2\/users\/1"}],"replies":[{"embeddable":true,"href":"http:\/\/elsuperbeasto.com\/cs\/wp-json\/wp\/v2\/comments?post=240"}],"version-history":[{"count":0,"href":"http:\/\/elsuperbeasto.com\/cs\/wp-json\/wp\/v2\/pages\/240\/revisions"}],"wp:featuredmedia":[{"embeddable":true,"href":"http:\/\/elsuperbeasto.com\/cs\/wp-json\/wp\/v2\/media\/182"}],"wp:attachment":[{"href":"http:\/\/elsuperbeasto.com\/cs\/wp-json\/wp\/v2\/media?parent=240"}],"curies":[{"name":"wp","href":"https:\/\/api.w.org\/{rel}","templated":true}]}}